{"id":24987,"date":"2024-02-21T08:35:42","date_gmt":"2024-02-21T08:35:42","guid":{"rendered":"https:\/\/toysplusshop.com\/?post_type=product&#038;p=24987"},"modified":"2025-05-19T12:35:47","modified_gmt":"2025-05-19T12:35:47","slug":"baby-clementoni-aktiviteli-pelus-tilki","status":"publish","type":"product","link":"https:\/\/toysplusshop.com\/?product=baby-clementoni-aktiviteli-pelus-tilki","title":{"rendered":"BABY CLEMENTONI  AKT\u0130V\u0130TEL\u0130 PEL\u00dc\u015e T\u0130LK\u0130"},"content":{"rendered":"<p>Bu sevimli k\u00fc\u00e7\u00fck tilki bebe\u011finizin duygular\u0131 tan\u0131ma ve y\u00f6netme yetene\u011fini te\u015fvik etmek i\u00e7in tasarlanm\u0131\u015ft\u0131r.<\/p>\n<p>Yumu\u015fak ve zarif renklere sahip bu sevimli, dost canl\u0131s\u0131 tilki; miniklerin keyifli anlar\u0131n\u0131 desteklemesi i\u00e7in geli\u015ftirilmi\u015ftir.<\/p>\n<p>Bir\u00e7ok aksesuarlar ile birlikte gelen bu oyuncak bebe\u011finizin kendisini g\u00f6rebilece\u011fi ve duygular\u0131n\u0131 tan\u0131yabilece\u011fi bir aynaya sahiptir.<\/p>\n","protected":false},"excerpt":{"rendered":"<p>Bu sevimli k\u00fc\u00e7\u00fck tilki bebe\u011finizin duygular\u0131 tan\u0131ma ve y\u00f6netme yetene\u011fini te\u015fvik etmek i\u00e7in tasarlanm\u0131\u015ft\u0131r. Yumu\u015fak ve zarif renklere sahip bu sevimli, dost canl\u0131s\u0131 tilki; miniklerin keyifli anlar\u0131n\u0131 desteklemesi i\u00e7in geli\u015ftirilmi\u015ftir. Bir\u00e7ok aksesuarlar ile birlikte gelen bu oyuncak bebe\u011finizin kendisini g\u00f6rebilece\u011fi ve duygular\u0131n\u0131 tan\u0131yabilece\u011fi bir aynaya sahiptir.<\/p>\n","protected":false},"featured_media":24988,"comment_status":"open","ping_status":"closed","template":"","meta":[],"product_brand":[],"product_cat":[123],"product_tag":[],"class_list":{"0":"post-24987","1":"product","2":"type-product","3":"status-publish","4":"has-post-thumbnail","6":"product_cat-bebek-oyuncaklari","8":"first","9":"instock","10":"shipping-taxable","11":"purchasable","12":"product-type-simple"},"_links":{"self":[{"href":"https:\/\/toysplusshop.com\/index.php?rest_route=\/wp\/v2\/product\/24987","targetHints":{"allow":["GET"]}}],"collection":[{"href":"https:\/\/toysplusshop.com\/index.php?rest_route=\/wp\/v2\/product"}],"about":[{"href":"https:\/\/toysplusshop.com\/index.php?rest_route=\/wp\/v2\/types\/product"}],"replies":[{"embeddable":true,"href":"https:\/\/toysplusshop.com\/index.php?rest_route=%2Fwp%2Fv2%2Fcomments&post=24987"}],"version-history":[{"count":1,"href":"https:\/\/toysplusshop.com\/index.php?rest_route=\/wp\/v2\/product\/24987\/revisions"}],"predecessor-version":[{"id":24992,"href":"https:\/\/toysplusshop.com\/index.php?rest_route=\/wp\/v2\/product\/24987\/revisions\/24992"}],"wp:featuredmedia":[{"embeddable":true,"href":"https:\/\/toysplusshop.com\/index.php?rest_route=\/wp\/v2\/media\/24988"}],"wp:attachment":[{"href":"https:\/\/toysplusshop.com\/index.php?rest_route=%2Fwp%2Fv2%2Fmedia&parent=24987"}],"wp:term":[{"taxonomy":"product_brand","embeddable":true,"href":"https:\/\/toysplusshop.com\/index.php?rest_route=%2Fwp%2Fv2%2Fproduct_brand&post=24987"},{"taxonomy":"product_cat","embeddable":true,"href":"https:\/\/toysplusshop.com\/index.php?rest_route=%2Fwp%2Fv2%2Fproduct_cat&post=24987"},{"taxonomy":"product_tag","embeddable":true,"href":"https:\/\/toysplusshop.com\/index.php?rest_route=%2Fwp%2Fv2%2Fproduct_tag&post=24987"}],"curies":[{"name":"wp","href":"https:\/\/api.w.org\/{rel}","templated":true}]}}