{"id":25027,"date":"2024-02-21T09:26:00","date_gmt":"2024-02-21T09:26:00","guid":{"rendered":"https:\/\/toysplusshop.com\/?post_type=product&#038;p=25027"},"modified":"2025-01-10T14:15:55","modified_gmt":"2025-01-10T14:15:55","slug":"baby-clementoni-gezgin-donence","status":"publish","type":"product","link":"https:\/\/toysplusshop.com\/?product=baby-clementoni-gezgin-donence","title":{"rendered":"BABY CLEMENTONI &#8211; GEZG\u0130N D\u00d6NENCE"},"content":{"rendered":"<p>Gezgin D\u00f6nence miniklerin gezintisine e\u015flik etmek i\u00e7in sab\u0131rs\u0131zlan\u0131yor!<\/p>\n<p>Bebe\u011finiz bu sevimli fig\u00fcrlerle dolu d\u00f6nencenin birbirinden ne\u015feli \u00f6zellikleriyle keyifli vakit ge\u00e7irirken siz ebeveynler ise bebe\u011finizin fiziksel ve duygusal geli\u015fimine \u015fahit olacaks\u0131n\u0131z.<\/p>\n<p>Farkl\u0131 kuma\u015f dokular\u0131na sahip aksamlar\u0131, salland\u0131k\u00e7a \u015f\u0131k\u0131rdayan \u00e7\u0131ng\u0131rak aksesuar\u0131 ve yumu\u015fak yap\u0131s\u0131 ile bebe\u011finizin dikkatini \u00e7ekecek bu puset oyunca\u011f\u0131 kullan\u0131\u015fl\u0131 klipsi ile; puset, bebek arabas\u0131 ve bebek yata\u011f\u0131 da dahil olmak diledi\u011finiz her yere kolayca tak\u0131l\u0131r ve sizlerle her yere gelerek bebe\u011finizin en yak\u0131n arkada\u015f\u0131 olur!<\/p>\n<p>Bebe\u011fin g\u00f6rme, dokunma ve duyma duyular\u0131na hitap eden \u00e7e\u015fitli malzemelerden yap\u0131lm\u0131\u015f, asma aksesuarlar\u0131yla donat\u0131lm\u0131\u015f ve farkl\u0131 ses efektlerine sahip bu harika sar\u0131lma arkada\u015f\u0131, %100 y\u0131kanabilirdir.<\/p>\n<p>Baby Clementoni Puset Oyunca\u011f\u0131 Gezgin D\u00f6nence bebe\u011finizin; ince motor geli\u015fimine, el-g\u00f6z koordinasyonuna ve i\u015fitsel alg\u0131lar\u0131na katk\u0131da bulunur. Hayal g\u00fcc\u00fcn\u00fcn, duygusal ve bedensel geli\u015fiminin desteklemesine yard\u0131mc\u0131 olur.<\/p>\n<p>\u00dcr\u00fcn; 3 x 1,5V AA pil ile \u00e7al\u0131\u015fmaktad\u0131r.<\/p>\n","protected":false},"excerpt":{"rendered":"<p>Gezgin D\u00f6nence miniklerin gezintisine e\u015flik etmek i\u00e7in sab\u0131rs\u0131zlan\u0131yor! Bebe\u011finiz bu sevimli fig\u00fcrlerle dolu d\u00f6nencenin birbirinden ne\u015feli \u00f6zellikleriyle keyifli vakit ge\u00e7irirken siz ebeveynler ise bebe\u011finizin fiziksel ve duygusal geli\u015fimine \u015fahit olacaks\u0131n\u0131z. Farkl\u0131 kuma\u015f dokular\u0131na sahip aksamlar\u0131, salland\u0131k\u00e7a \u015f\u0131k\u0131rdayan \u00e7\u0131ng\u0131rak aksesuar\u0131 ve yumu\u015fak yap\u0131s\u0131 ile bebe\u011finizin dikkatini \u00e7ekecek bu puset oyunca\u011f\u0131 kullan\u0131\u015fl\u0131 klipsi ile; puset, bebek arabas\u0131 ve bebek yata\u011f\u0131 da dahil olmak diledi\u011finiz her yere kolayca tak\u0131l\u0131r ve sizlerle her yere gelerek bebe\u011finizin en yak\u0131n arkada\u015f\u0131 olur! Bebe\u011fin g\u00f6rme, dokunma ve duyma duyular\u0131na hitap eden \u00e7e\u015fitli malzemelerden yap\u0131lm\u0131\u015f, asma aksesuarlar\u0131yla donat\u0131lm\u0131\u015f ve farkl\u0131 ses efektlerine sahip bu harika sar\u0131lma arkada\u015f\u0131, %100 y\u0131kanabilirdir. Baby Clementoni Puset Oyunca\u011f\u0131 Gezgin D\u00f6nence bebe\u011finizin; ince motor geli\u015fimine, el-g\u00f6z koordinasyonuna ve i\u015fitsel alg\u0131lar\u0131na katk\u0131da bulunur. Hayal g\u00fcc\u00fcn\u00fcn, duygusal ve bedensel geli\u015fiminin desteklemesine yard\u0131mc\u0131 olur. \u00dcr\u00fcn; 3 x 1,5V AA pil ile \u00e7al\u0131\u015fmaktad\u0131r.<\/p>\n","protected":false},"featured_media":25028,"comment_status":"open","ping_status":"closed","template":"","meta":[],"product_brand":[],"product_cat":[123],"product_tag":[],"class_list":{"0":"post-25027","1":"product","2":"type-product","3":"status-publish","4":"has-post-thumbnail","6":"product_cat-bebek-oyuncaklari","8":"first","9":"instock","10":"shipping-taxable","11":"purchasable","12":"product-type-simple"},"_links":{"self":[{"href":"https:\/\/toysplusshop.com\/index.php?rest_route=\/wp\/v2\/product\/25027","targetHints":{"allow":["GET"]}}],"collection":[{"href":"https:\/\/toysplusshop.com\/index.php?rest_route=\/wp\/v2\/product"}],"about":[{"href":"https:\/\/toysplusshop.com\/index.php?rest_route=\/wp\/v2\/types\/product"}],"replies":[{"embeddable":true,"href":"https:\/\/toysplusshop.com\/index.php?rest_route=%2Fwp%2Fv2%2Fcomments&post=25027"}],"version-history":[{"count":1,"href":"https:\/\/toysplusshop.com\/index.php?rest_route=\/wp\/v2\/product\/25027\/revisions"}],"predecessor-version":[{"id":25032,"href":"https:\/\/toysplusshop.com\/index.php?rest_route=\/wp\/v2\/product\/25027\/revisions\/25032"}],"wp:featuredmedia":[{"embeddable":true,"href":"https:\/\/toysplusshop.com\/index.php?rest_route=\/wp\/v2\/media\/25028"}],"wp:attachment":[{"href":"https:\/\/toysplusshop.com\/index.php?rest_route=%2Fwp%2Fv2%2Fmedia&parent=25027"}],"wp:term":[{"taxonomy":"product_brand","embeddable":true,"href":"https:\/\/toysplusshop.com\/index.php?rest_route=%2Fwp%2Fv2%2Fproduct_brand&post=25027"},{"taxonomy":"product_cat","embeddable":true,"href":"https:\/\/toysplusshop.com\/index.php?rest_route=%2Fwp%2Fv2%2Fproduct_cat&post=25027"},{"taxonomy":"product_tag","embeddable":true,"href":"https:\/\/toysplusshop.com\/index.php?rest_route=%2Fwp%2Fv2%2Fproduct_tag&post=25027"}],"curies":[{"name":"wp","href":"https:\/\/api.w.org\/{rel}","templated":true}]}}