{"id":25340,"date":"2024-02-22T11:15:11","date_gmt":"2024-02-22T11:15:11","guid":{"rendered":"https:\/\/toysplusshop.com\/?post_type=product&#038;p=25340"},"modified":"2025-12-29T10:41:58","modified_gmt":"2025-12-29T10:41:58","slug":"barbie-dreamtopia-yeni-prenses-bebekler-serisi-hgr13","status":"publish","type":"product","link":"https:\/\/toysplusshop.com\/?product=barbie-dreamtopia-yeni-prenses-bebekler-serisi-hgr13","title":{"rendered":"BARBIE DREAMTOP\u0130A YEN\u0130 PRENSES BEBEKLER SER\u0130S\u0130 HGR13"},"content":{"rendered":"<ul>\n<li>Barbie\u2122 Dreamtopia prenses bebekler, kraliyet maceras\u0131na uygun masals\u0131 tarzlar\u0131yla hayallerinizdeki peri masallar\u0131n\u0131 ger\u00e7e\u011fe d\u00f6n\u00fc\u015ft\u00fcr\u00fcyor.<\/li>\n<li>Barbie\u00ae prenses bebekler; renkli \u00e7i\u00e7ek desenli, t\u00fcl kaplamal\u0131 uzun prenses etekleri ve \u0131\u015f\u0131lt\u0131l\u0131, renk ge\u00e7i\u015fli b\u00fcstiyerleriyle e\u011flenceli hikayelere ilham verir.<\/li>\n<li>Her bebek, elbisesine uygun bir \u00e7ift ayakkab\u0131 giyer ve de\u011ferli ta\u015flardan ilham alan ayr\u0131nt\u0131lara sahip \u00e7\u0131kar\u0131labilir ta\u00e7lar, asil g\u00f6r\u00fcn\u00fcmlerini tamamlar.<\/li>\n<li>G\u00f6kku\u015fa\u011f\u0131 kadar renkli g\u00f6r\u00fcn\u00fcmleri ve hayaller diyar\u0131n\u0131 and\u0131ran detaylar\u0131yla Barbie\u2122 Dreamtopia prenses bebekler, 3 ya\u015f ve \u00fczeri \u00e7ocuklar\u0131n peri masal\u0131 maceralar\u0131na ilham verir.<\/li>\n<li>Barbie\u2122 Dreamtopia prenses bebekler, g\u00f6kku\u015fa\u011f\u0131 kadar renkli peri masal\u0131 kost\u00fcmleri ile kraliyet maceralar\u0131na ilham verir.<\/li>\n<li>Her Barbie\u00ae prenses bebek \u0131\u015f\u0131lt\u0131l\u0131, renk ge\u00e7i\u015fli bir b\u00fcstiyer ile rengarenk \u00e7i\u00e7ek bask\u0131l\u0131 ve t\u00fcl kaplamal\u0131 uzun etek giyer.<\/li>\n<li>Renkli ta\u00e7lar\u0131 ve k\u0131yafetiyle uyumlu ayakkab\u0131lar prenses tarz\u0131n\u0131 tamamlar.<\/li>\n<li>Renkli g\u00f6r\u00fcn\u00fcmleri ve masals\u0131 ayr\u0131nt\u0131lar\u0131yla Barbie\u2122 Dreamtopia prenses bebekler, 3 ya\u015f ve \u00fczeri \u00e7ocuklar i\u00e7in harika bir hediyedir.<\/li>\n<li>\u00c7ocuklar hikaye anlat\u0131m\u0131n\u0131 daha da b\u00fcy\u00fcl\u00fc hale getirmek i\u00e7in di\u011fer Barbie\u2122 Dreamtopia bebekler ve oyun setleri ile koleksiyon olu\u015fturabilir.<\/li>\n<\/ul>\n","protected":false},"excerpt":{"rendered":"<p>Barbie\u2122 Dreamtopia prenses bebekler, kraliyet maceras\u0131na uygun masals\u0131 tarzlar\u0131yla hayallerinizdeki peri masallar\u0131n\u0131 ger\u00e7e\u011fe d\u00f6n\u00fc\u015ft\u00fcr\u00fcyor. Barbie\u00ae prenses bebekler; renkli \u00e7i\u00e7ek desenli, t\u00fcl kaplamal\u0131 uzun prenses etekleri ve \u0131\u015f\u0131lt\u0131l\u0131, renk ge\u00e7i\u015fli b\u00fcstiyerleriyle e\u011flenceli hikayelere ilham verir. Her bebek, elbisesine uygun bir \u00e7ift ayakkab\u0131 giyer ve de\u011ferli ta\u015flardan ilham alan ayr\u0131nt\u0131lara sahip \u00e7\u0131kar\u0131labilir ta\u00e7lar, asil g\u00f6r\u00fcn\u00fcmlerini tamamlar. G\u00f6kku\u015fa\u011f\u0131 kadar renkli g\u00f6r\u00fcn\u00fcmleri ve hayaller diyar\u0131n\u0131 and\u0131ran detaylar\u0131yla Barbie\u2122 Dreamtopia prenses bebekler, 3 ya\u015f ve \u00fczeri \u00e7ocuklar\u0131n peri masal\u0131 maceralar\u0131na ilham verir. Barbie\u2122 Dreamtopia prenses bebekler, g\u00f6kku\u015fa\u011f\u0131 kadar renkli peri masal\u0131 kost\u00fcmleri ile kraliyet maceralar\u0131na ilham verir. Her Barbie\u00ae prenses bebek \u0131\u015f\u0131lt\u0131l\u0131, renk ge\u00e7i\u015fli bir b\u00fcstiyer ile rengarenk \u00e7i\u00e7ek bask\u0131l\u0131 ve t\u00fcl kaplamal\u0131 uzun etek giyer. Renkli ta\u00e7lar\u0131 ve k\u0131yafetiyle uyumlu ayakkab\u0131lar prenses tarz\u0131n\u0131 tamamlar. Renkli g\u00f6r\u00fcn\u00fcmleri ve masals\u0131 ayr\u0131nt\u0131lar\u0131yla Barbie\u2122 Dreamtopia prenses bebekler, 3 ya\u015f ve \u00fczeri \u00e7ocuklar i\u00e7in harika bir hediyedir. \u00c7ocuklar hikaye anlat\u0131m\u0131n\u0131 daha da b\u00fcy\u00fcl\u00fc hale getirmek i\u00e7in di\u011fer Barbie\u2122 Dreamtopia bebekler ve oyun setleri ile koleksiyon olu\u015fturabilir.<\/p>\n","protected":false},"featured_media":25341,"comment_status":"open","ping_status":"closed","template":"","meta":[],"product_brand":[],"product_cat":[651,550],"product_tag":[653,706],"class_list":{"0":"post-25340","1":"product","2":"type-product","3":"status-publish","4":"has-post-thumbnail","6":"product_cat-barbie","7":"product_cat-kiz-oyuncaklari","8":"product_tag-barbie","9":"product_tag-barbie-hgr13","11":"first","12":"outofstock","13":"shipping-taxable","14":"purchasable","15":"product-type-simple"},"_links":{"self":[{"href":"https:\/\/toysplusshop.com\/index.php?rest_route=\/wp\/v2\/product\/25340","targetHints":{"allow":["GET"]}}],"collection":[{"href":"https:\/\/toysplusshop.com\/index.php?rest_route=\/wp\/v2\/product"}],"about":[{"href":"https:\/\/toysplusshop.com\/index.php?rest_route=\/wp\/v2\/types\/product"}],"replies":[{"embeddable":true,"href":"https:\/\/toysplusshop.com\/index.php?rest_route=%2Fwp%2Fv2%2Fcomments&post=25340"}],"version-history":[{"count":1,"href":"https:\/\/toysplusshop.com\/index.php?rest_route=\/wp\/v2\/product\/25340\/revisions"}],"predecessor-version":[{"id":25343,"href":"https:\/\/toysplusshop.com\/index.php?rest_route=\/wp\/v2\/product\/25340\/revisions\/25343"}],"wp:featuredmedia":[{"embeddable":true,"href":"https:\/\/toysplusshop.com\/index.php?rest_route=\/wp\/v2\/media\/25341"}],"wp:attachment":[{"href":"https:\/\/toysplusshop.com\/index.php?rest_route=%2Fwp%2Fv2%2Fmedia&parent=25340"}],"wp:term":[{"taxonomy":"product_brand","embeddable":true,"href":"https:\/\/toysplusshop.com\/index.php?rest_route=%2Fwp%2Fv2%2Fproduct_brand&post=25340"},{"taxonomy":"product_cat","embeddable":true,"href":"https:\/\/toysplusshop.com\/index.php?rest_route=%2Fwp%2Fv2%2Fproduct_cat&post=25340"},{"taxonomy":"product_tag","embeddable":true,"href":"https:\/\/toysplusshop.com\/index.php?rest_route=%2Fwp%2Fv2%2Fproduct_tag&post=25340"}],"curies":[{"name":"wp","href":"https:\/\/api.w.org\/{rel}","templated":true}]}}