{"id":25358,"date":"2024-02-22T12:21:24","date_gmt":"2024-02-22T12:21:24","guid":{"rendered":"https:\/\/toysplusshop.com\/?post_type=product&#038;p=25358"},"modified":"2025-12-31T14:35:44","modified_gmt":"2025-12-31T14:35:44","slug":"barbie-malibu-deniz-kizi-bebegi-hhg52","status":"publish","type":"product","link":"https:\/\/toysplusshop.com\/?product=barbie-malibu-deniz-kizi-bebegi-hhg52","title":{"rendered":"BARBIE MAL\u0130BU DEN\u0130Z KIZI BEBE\u011e\u0130 HHG52"},"content":{"rendered":"<p>Bu set ile Barbie bu g\u00fcne kadarki en b\u00fcy\u00fcl\u00fc maceras\u0131na at\u0131l\u0131yor. Barbie Malibu Bebek, ge\u00e7irdi\u011fi muhte\u015fem denizk\u0131z\u0131 d\u00f6n\u00fc\u015f\u00fcm\u00fcnden sonra, ekstra uzun g\u00f6z al\u0131c\u0131 sa\u00e7lar\u0131 ve deniz alt\u0131 kraliyet ailesine yara\u015f\u0131r k\u0131yafetleriyle t\u0131pk\u0131 ekrandan tan\u0131d\u0131\u011f\u0131m\u0131z karakteri gibi g\u00f6r\u00fcn\u00fcyor. \u00c7ocuklar s\u0131n\u0131r tan\u0131mayan maceralar i\u00e7in de\u011fi\u015ftirilebilir y\u00fczge\u00e7leri, kolyeleri, ta\u00e7lar\u0131 ve sa\u00e7 f\u0131r\u00e7as\u0131n\u0131 kullanarak bebe\u011fin b\u00fcy\u00fcl\u00fc stilini de\u011fi\u015ftirebilir. Bebekler, 3 ya\u015f ve \u00fczeri \u00e7ocuklara en sevdikleri anlar\u0131 canland\u0131rmalar\u0131 veya kendi masallar\u0131n\u0131 anlatmalar\u0131 i\u00e7in ilham verir. Bebekler tek ba\u015f\u0131na y\u00fczemez veya ayakta duramaz. Renkler ve s\u00fcslemeler \u00e7e\u015fitlilik g\u00f6sterebilir.<\/p>\n<p>Barbie Malibu Bebek ile heyecan dolu maceralara at\u0131l\u0131n.<\/p>\n<p>Bebe\u011fin ekstra uzun mavi sa\u00e7lar\u0131 ve kaliteli dokunu\u015flara ve \u015fekillendirilmi\u015f pullara sahip renk ge\u00e7i\u015fli kuyru\u011fu, b\u00fcy\u00fcl\u00fc denizk\u0131z\u0131 g\u00f6r\u00fcn\u00fcm\u00fcn\u00fc tamamlar.<\/p>\n<p>\u00c7ocuklar s\u0131n\u0131r tan\u0131mayan maceralar i\u00e7in de\u011fi\u015ftirilebilir y\u00fczge\u00e7leri, m\u00fccevherle kapl\u0131 iki tac\u0131, 2 kolyeyi ve sa\u00e7 f\u0131r\u00e7as\u0131n\u0131 kullanarak bebe\u011fin stilini de\u011fi\u015ftirebilir.<\/p>\n<p>Sevimli hayvan dostu denizat\u0131, masals\u0131 arkada\u015fl\u0131k hik\u00e2yelerine ilham verir.<\/p>\n","protected":false},"excerpt":{"rendered":"<p>Bu set ile Barbie bu g\u00fcne kadarki en b\u00fcy\u00fcl\u00fc maceras\u0131na at\u0131l\u0131yor. Barbie Malibu Bebek, ge\u00e7irdi\u011fi muhte\u015fem denizk\u0131z\u0131 d\u00f6n\u00fc\u015f\u00fcm\u00fcnden sonra, ekstra uzun g\u00f6z al\u0131c\u0131 sa\u00e7lar\u0131 ve deniz alt\u0131 kraliyet ailesine yara\u015f\u0131r k\u0131yafetleriyle t\u0131pk\u0131 ekrandan tan\u0131d\u0131\u011f\u0131m\u0131z karakteri gibi g\u00f6r\u00fcn\u00fcyor. \u00c7ocuklar s\u0131n\u0131r tan\u0131mayan maceralar i\u00e7in de\u011fi\u015ftirilebilir y\u00fczge\u00e7leri, kolyeleri, ta\u00e7lar\u0131 ve sa\u00e7 f\u0131r\u00e7as\u0131n\u0131 kullanarak bebe\u011fin b\u00fcy\u00fcl\u00fc stilini de\u011fi\u015ftirebilir. Bebekler, 3 ya\u015f ve \u00fczeri \u00e7ocuklara en sevdikleri anlar\u0131 canland\u0131rmalar\u0131 veya kendi masallar\u0131n\u0131 anlatmalar\u0131 i\u00e7in ilham verir. Bebekler tek ba\u015f\u0131na y\u00fczemez veya ayakta duramaz. Renkler ve s\u00fcslemeler \u00e7e\u015fitlilik g\u00f6sterebilir. Barbie Malibu Bebek ile heyecan dolu maceralara at\u0131l\u0131n. Bebe\u011fin ekstra uzun mavi sa\u00e7lar\u0131 ve kaliteli dokunu\u015flara ve \u015fekillendirilmi\u015f pullara sahip renk ge\u00e7i\u015fli kuyru\u011fu, b\u00fcy\u00fcl\u00fc denizk\u0131z\u0131 g\u00f6r\u00fcn\u00fcm\u00fcn\u00fc tamamlar. \u00c7ocuklar s\u0131n\u0131r tan\u0131mayan maceralar i\u00e7in de\u011fi\u015ftirilebilir y\u00fczge\u00e7leri, m\u00fccevherle kapl\u0131 iki tac\u0131, 2 kolyeyi ve sa\u00e7 f\u0131r\u00e7as\u0131n\u0131 kullanarak bebe\u011fin stilini de\u011fi\u015ftirebilir. Sevimli hayvan dostu denizat\u0131, masals\u0131 arkada\u015fl\u0131k hik\u00e2yelerine ilham verir.<\/p>\n","protected":false},"featured_media":25359,"comment_status":"open","ping_status":"closed","template":"","meta":[],"product_brand":[],"product_cat":[651,550],"product_tag":[653,703],"class_list":{"0":"post-25358","1":"product","2":"type-product","3":"status-publish","4":"has-post-thumbnail","6":"product_cat-barbie","7":"product_cat-kiz-oyuncaklari","8":"product_tag-barbie","9":"product_tag-barbie-hhg52","11":"first","12":"outofstock","13":"shipping-taxable","14":"purchasable","15":"product-type-simple"},"_links":{"self":[{"href":"https:\/\/toysplusshop.com\/index.php?rest_route=\/wp\/v2\/product\/25358","targetHints":{"allow":["GET"]}}],"collection":[{"href":"https:\/\/toysplusshop.com\/index.php?rest_route=\/wp\/v2\/product"}],"about":[{"href":"https:\/\/toysplusshop.com\/index.php?rest_route=\/wp\/v2\/types\/product"}],"replies":[{"embeddable":true,"href":"https:\/\/toysplusshop.com\/index.php?rest_route=%2Fwp%2Fv2%2Fcomments&post=25358"}],"version-history":[{"count":1,"href":"https:\/\/toysplusshop.com\/index.php?rest_route=\/wp\/v2\/product\/25358\/revisions"}],"predecessor-version":[{"id":25364,"href":"https:\/\/toysplusshop.com\/index.php?rest_route=\/wp\/v2\/product\/25358\/revisions\/25364"}],"wp:featuredmedia":[{"embeddable":true,"href":"https:\/\/toysplusshop.com\/index.php?rest_route=\/wp\/v2\/media\/25359"}],"wp:attachment":[{"href":"https:\/\/toysplusshop.com\/index.php?rest_route=%2Fwp%2Fv2%2Fmedia&parent=25358"}],"wp:term":[{"taxonomy":"product_brand","embeddable":true,"href":"https:\/\/toysplusshop.com\/index.php?rest_route=%2Fwp%2Fv2%2Fproduct_brand&post=25358"},{"taxonomy":"product_cat","embeddable":true,"href":"https:\/\/toysplusshop.com\/index.php?rest_route=%2Fwp%2Fv2%2Fproduct_cat&post=25358"},{"taxonomy":"product_tag","embeddable":true,"href":"https:\/\/toysplusshop.com\/index.php?rest_route=%2Fwp%2Fv2%2Fproduct_tag&post=25358"}],"curies":[{"name":"wp","href":"https:\/\/api.w.org\/{rel}","templated":true}]}}