{"id":25685,"date":"2024-02-23T13:15:28","date_gmt":"2024-02-23T13:15:28","guid":{"rendered":"https:\/\/toysplusshop.com\/?post_type=product&#038;p=25685"},"modified":"2026-01-28T13:22:36","modified_gmt":"2026-01-28T13:22:36","slug":"barbie-wellness-barbie-nefes-aliyor-bebegi-gnk01","status":"publish","type":"product","link":"https:\/\/toysplusshop.com\/?product=barbie-wellness-barbie-nefes-aliyor-bebegi-gnk01","title":{"rendered":"BARBIE WELLNESS BARBIE NEFES ALIYOR BEBE\u011e\u0130 GNK01"},"content":{"rendered":"<p>Barbie\u00ae bebek kendine en iyi \u00f6zeni g\u00f6stermen i\u00e7in en iyi arkada\u015f\u0131n olacak! Meditasyon temal\u0131 bebek, \u0131\u015f\u0131klar ve sesler kullanarak enerji depolamay\u0131, fark\u0131ndal\u0131k meditasyonu yapmay\u0131 \u00e7ok seviyor. Sete Barbie\u00ae bebek, bir k\u00f6pek ve bulut \u015feklinde d\u00f6rt emoji dahildir. K\u0131zlar Barbie\u00ae bebe\u011fin kolyesindeki d\u00fc\u011fmeye basarak be\u015f rehberli meditasyon egzersizinden birini ba\u015flat\u0131r, \u0131\u015f\u0131k ve ses efektlerinden ilham alarak kendi meditasyonlar\u0131n\u0131 yapar. K\u00f6pek g\u00f6rsellik sa\u011flamaya yard\u0131m eder. Bulut emojilerden birini ba\u015f\u0131na yerle\u015ftirerek meditasyon d\u00fc\u015f\u00fcncesi bulutu olu\u015ftur, farkl\u0131 bir meditasyon ilham\u0131 i\u00e7in di\u011fer emojilere ge\u00e7. Barbie Nefes Egzersizi Bebe\u011fi rahat ev k\u0131yafetleri giyer. Ger\u00e7ek\u00e7i pozlar verir ve aktif bir oyun deneyimi i\u00e7in ekstra esnektir. K\u0131zlar kendilerine bak\u0131m yapmak ve d\u00fcnyalar\u0131n\u0131 geni\u015fletmek i\u00e7in t\u00fcm Barbie\u00ae sa\u011fl\u0131k bebeklerini<br \/>\nkoleksiyonlar\u0131na ekleyebilir \u00e7\u00fcnk\u00fc k\u0131zlar Barbie\u00ae ile oynarken istedikleri her \u015feyi hayal edebilir! Her biri ayr\u0131 olarak sat\u0131l\u0131r ve stoklarla s\u0131n\u0131rl\u0131d\u0131r.<br \/>\nK\u0131zlar Barbie Nefes Egzersizi Bebe\u011fi&#8217;nin rahatlamas\u0131na yard\u0131m ederken kendilerine \u00f6zen g\u00f6stermeyi \u00f6\u011frenir.<br \/>\nBarbie\u00ae bebekte fark\u0131ndal\u0131k i\u00e7in ilham veren \u0131\u015f\u0131klar ve sesler bulunur. Kolyesindeki d\u00fc\u011fmeye basarak be\u015f rehberli meditasyon egzersizinden birini ba\u015flatt\u0131\u011f\u0131n\u0131zda \u00e7ocu\u011funuz buna e\u015flik edebilir.<br \/>\nK\u00f6pek Barbie\u00ae bebe\u011fin g\u00f6rsel olarak odaklanmas\u0131na yard\u0131mc\u0131 olur: Sevgi G\u00f6kku\u015fa\u011f\u0131, H\u00fcz\u00fcnl\u00fc Ya\u011fmur, Mutlu G\u00fcn I\u015f\u0131\u011f\u0131 ve Somurtkan K\u0131rm\u0131z\u0131dan olu\u015fan d\u00f6rt bulut emojisini ba\u015f\u0131n\u0131n \u00fczerine yerle\u015ftir; farkl\u0131 bir his i\u00e7in di\u011fer emojilere ge\u00e7.<br \/>\nBarbie\u00ae bebek ilham veren ev k\u0131yafetleri giymi\u015ftir; \u00fcst k\u0131yafetinde bulut ve g\u00f6kku\u015fa\u011f\u0131 grafi\u011fi, alt k\u0131yafetinde bulut bask\u0131s\u0131 yer al\u0131r. Ayr\u0131ca daha ger\u00e7ek\u00e7i hareket ve pozlar i\u00e7in 15 adet ekleme sahiptir. Boynunda, omuzlar\u0131nda, dirseklerinde, el bileklerinde, uyluklar\u0131nda, kal\u00e7alar\u0131nda, dizlerinde ve ayak bileklerinde eklemler bulunur.<br \/>\nHepsini koleksiyonunuza ekleyerek 3-8 ya\u015f aras\u0131 \u00e7ocu\u011funuzun oyun arac\u0131l\u0131\u011f\u0131yla d\u00fcnyay\u0131 ke\u015ffetmesini sa\u011flayabilirsiniz!<br \/>\n\u00c7ocuklar kendilerine daha iyi bakmalar\u0131na ilham veren Barbie\u00ae sa\u011fl\u0131k bebekleri ile bir s\u00fcr\u00fc hikaye yaratabilir \u00e7\u00fcnk\u00fc k\u0131zlar Barbie\u00ae ile oynarken istedikleri her \u015feyi hayal edebilir!<\/p>\n","protected":false},"excerpt":{"rendered":"<p>Barbie\u00ae bebek kendine en iyi \u00f6zeni g\u00f6stermen i\u00e7in en iyi arkada\u015f\u0131n olacak! Meditasyon temal\u0131 bebek, \u0131\u015f\u0131klar ve sesler kullanarak enerji depolamay\u0131, fark\u0131ndal\u0131k meditasyonu yapmay\u0131 \u00e7ok seviyor. Sete Barbie\u00ae bebek, bir k\u00f6pek ve bulut \u015feklinde d\u00f6rt emoji dahildir. K\u0131zlar Barbie\u00ae bebe\u011fin kolyesindeki d\u00fc\u011fmeye basarak be\u015f rehberli meditasyon egzersizinden birini ba\u015flat\u0131r, \u0131\u015f\u0131k ve ses efektlerinden ilham alarak kendi meditasyonlar\u0131n\u0131 yapar. K\u00f6pek g\u00f6rsellik sa\u011flamaya yard\u0131m eder. Bulut emojilerden birini ba\u015f\u0131na yerle\u015ftirerek meditasyon d\u00fc\u015f\u00fcncesi bulutu olu\u015ftur, farkl\u0131 bir meditasyon ilham\u0131 i\u00e7in di\u011fer emojilere ge\u00e7. Barbie Nefes Egzersizi Bebe\u011fi rahat ev k\u0131yafetleri giyer. Ger\u00e7ek\u00e7i pozlar verir ve aktif bir oyun deneyimi i\u00e7in ekstra esnektir. K\u0131zlar kendilerine bak\u0131m yapmak ve d\u00fcnyalar\u0131n\u0131 geni\u015fletmek i\u00e7in t\u00fcm Barbie\u00ae sa\u011fl\u0131k bebeklerini koleksiyonlar\u0131na ekleyebilir \u00e7\u00fcnk\u00fc k\u0131zlar Barbie\u00ae ile oynarken istedikleri her \u015feyi hayal edebilir! Her biri ayr\u0131 olarak sat\u0131l\u0131r ve stoklarla s\u0131n\u0131rl\u0131d\u0131r. K\u0131zlar Barbie Nefes Egzersizi Bebe\u011fi&#8217;nin rahatlamas\u0131na yard\u0131m ederken kendilerine \u00f6zen g\u00f6stermeyi \u00f6\u011frenir. Barbie\u00ae bebekte fark\u0131ndal\u0131k i\u00e7in ilham veren \u0131\u015f\u0131klar ve sesler bulunur. Kolyesindeki d\u00fc\u011fmeye basarak be\u015f rehberli meditasyon egzersizinden birini ba\u015flatt\u0131\u011f\u0131n\u0131zda \u00e7ocu\u011funuz buna e\u015flik edebilir. K\u00f6pek Barbie\u00ae bebe\u011fin g\u00f6rsel olarak odaklanmas\u0131na yard\u0131mc\u0131 olur: Sevgi G\u00f6kku\u015fa\u011f\u0131, H\u00fcz\u00fcnl\u00fc Ya\u011fmur, Mutlu G\u00fcn I\u015f\u0131\u011f\u0131 ve Somurtkan K\u0131rm\u0131z\u0131dan olu\u015fan d\u00f6rt bulut emojisini ba\u015f\u0131n\u0131n \u00fczerine yerle\u015ftir; farkl\u0131 bir his i\u00e7in di\u011fer emojilere ge\u00e7. Barbie\u00ae bebek ilham veren ev k\u0131yafetleri giymi\u015ftir; \u00fcst k\u0131yafetinde bulut ve g\u00f6kku\u015fa\u011f\u0131 grafi\u011fi, alt k\u0131yafetinde bulut bask\u0131s\u0131 yer al\u0131r. Ayr\u0131ca daha ger\u00e7ek\u00e7i hareket ve pozlar i\u00e7in 15 adet ekleme sahiptir. Boynunda, omuzlar\u0131nda, dirseklerinde, el bileklerinde, uyluklar\u0131nda, kal\u00e7alar\u0131nda, dizlerinde ve ayak bileklerinde eklemler bulunur. Hepsini koleksiyonunuza ekleyerek 3-8 ya\u015f aras\u0131 \u00e7ocu\u011funuzun oyun arac\u0131l\u0131\u011f\u0131yla d\u00fcnyay\u0131 ke\u015ffetmesini sa\u011flayabilirsiniz! \u00c7ocuklar kendilerine daha iyi bakmalar\u0131na ilham veren Barbie\u00ae sa\u011fl\u0131k bebekleri ile bir s\u00fcr\u00fc hikaye yaratabilir \u00e7\u00fcnk\u00fc k\u0131zlar Barbie\u00ae ile oynarken istedikleri her \u015feyi hayal edebilir!<\/p>\n","protected":false},"featured_media":25686,"comment_status":"open","ping_status":"closed","template":"","meta":[],"product_brand":[],"product_cat":[651,550],"product_tag":[653,655],"class_list":{"0":"post-25685","1":"product","2":"type-product","3":"status-publish","4":"has-post-thumbnail","6":"product_cat-barbie","7":"product_cat-kiz-oyuncaklari","8":"product_tag-barbie","9":"product_tag-barbie-gnk01","11":"first","12":"instock","13":"shipping-taxable","14":"purchasable","15":"product-type-simple"},"_links":{"self":[{"href":"https:\/\/toysplusshop.com\/index.php?rest_route=\/wp\/v2\/product\/25685","targetHints":{"allow":["GET"]}}],"collection":[{"href":"https:\/\/toysplusshop.com\/index.php?rest_route=\/wp\/v2\/product"}],"about":[{"href":"https:\/\/toysplusshop.com\/index.php?rest_route=\/wp\/v2\/types\/product"}],"replies":[{"embeddable":true,"href":"https:\/\/toysplusshop.com\/index.php?rest_route=%2Fwp%2Fv2%2Fcomments&post=25685"}],"version-history":[{"count":1,"href":"https:\/\/toysplusshop.com\/index.php?rest_route=\/wp\/v2\/product\/25685\/revisions"}],"predecessor-version":[{"id":25690,"href":"https:\/\/toysplusshop.com\/index.php?rest_route=\/wp\/v2\/product\/25685\/revisions\/25690"}],"wp:featuredmedia":[{"embeddable":true,"href":"https:\/\/toysplusshop.com\/index.php?rest_route=\/wp\/v2\/media\/25686"}],"wp:attachment":[{"href":"https:\/\/toysplusshop.com\/index.php?rest_route=%2Fwp%2Fv2%2Fmedia&parent=25685"}],"wp:term":[{"taxonomy":"product_brand","embeddable":true,"href":"https:\/\/toysplusshop.com\/index.php?rest_route=%2Fwp%2Fv2%2Fproduct_brand&post=25685"},{"taxonomy":"product_cat","embeddable":true,"href":"https:\/\/toysplusshop.com\/index.php?rest_route=%2Fwp%2Fv2%2Fproduct_cat&post=25685"},{"taxonomy":"product_tag","embeddable":true,"href":"https:\/\/toysplusshop.com\/index.php?rest_route=%2Fwp%2Fv2%2Fproduct_tag&post=25685"}],"curies":[{"name":"wp","href":"https:\/\/api.w.org\/{rel}","templated":true}]}}