{"id":26392,"date":"2024-03-05T14:11:13","date_gmt":"2024-03-05T14:11:13","guid":{"rendered":"https:\/\/toysplusshop.com\/?post_type=product&#038;p=26392"},"modified":"2025-05-28T12:29:11","modified_gmt":"2025-05-28T12:29:11","slug":"lego-classic-yesil-plaka-zemin-11023","status":"publish","type":"product","link":"https:\/\/toysplusshop.com\/?product=lego-classic-yesil-plaka-zemin-11023","title":{"rendered":"LEGO 11023 CLASSIC YE\u015e\u0130L PLAKA ZEM\u0130N"},"content":{"rendered":"<p>Bu 32&#215;32 \u00e7\u0131k\u0131nt\u0131l\u0131 ye\u015fil plaka, yarat\u0131c\u0131 olas\u0131l\u0131klarla dolu bir d\u00fcnyan\u0131n kap\u0131lar\u0131n\u0131 a\u00e7ar. Bah\u00e7elerden ormanlara ve uzayl\u0131lar\u0131n ya\u015fad\u0131\u011f\u0131 gezegenlere kadar bu ye\u015fil plaka, \u00e7ocuklara hayal edebildikleri her \u015feyi \u00fczerine in\u015fa edebilecekleri sa\u011flam bir zemin sunar. Sa\u011flam kavray\u0131c\u0131 y\u00fczeyi, yap\u0131m durdu\u011funda \u00e7ocuklara harika eserlerini ta\u015f\u0131man\u0131n ve sergilemenin g\u00fcvenli bir yolunu sa\u011flar.;<br \/>\n\u2022 Yarat\u0131c\u0131 oyunlar i\u00e7in bir temel \u2013 Bu 32&#215;32 \u00e7\u0131k\u0131nt\u0131l\u0131 plaka, her t\u00fcr LEGO eseri i\u00e7in a\u00e7\u0131k bir zemin sa\u011flar;<br \/>\n\u2022 Sa\u011flam ve dayan\u0131kl\u0131 \u2013 1024 adet s\u0131ral\u0131 \u00e7\u0131k\u0131nt\u0131, LEGO yap\u0131m par\u00e7alar\u0131n\u0131 s\u0131k\u0131 ve sa\u011flam bir \u015fekilde tutar;<br \/>\n\u2022 A\u00e7\u0131k u\u00e7lu yarat\u0131c\u0131 olas\u0131l\u0131klar d\u00fcnyas\u0131 \u2013 \u00c7ocuklar, bah\u00e7elerden ve ormanlardan uzayl\u0131 arazilere kadar hayal edebildikleri her \u015feyi yapabilir;<br \/>\n\u2022 Her duruma uygun bir hediye \u2013 LEGO Classic Ye\u015fil Plaka (11023), 4 ya\u015f ve \u00fczeri \u00e7ocuklara do\u011fum g\u00fcn\u00fc, y\u0131lba\u015f\u0131 ya da ba\u015fka bir g\u00fcnde hediye olarak verilebilir;<br \/>\n\u2022 Yarat\u0131c\u0131 oyunlar i\u00e7in tasarland\u0131 \u2013 25 cm kare b\u00fcy\u00fckl\u00fc\u011f\u00fcyle \u00e7ocuklar\u0131n yap\u0131m projeleri ve sergileme modelleri i\u00e7in bol bol yer bulunur;<br \/>\n\u2022 Pilsiz oyuncak \u2013 \u00c7ocuklar\u0131n hayal g\u00fc\u00e7leriyle \u00e7al\u0131\u015f\u0131r;<br \/>\n\u2022 Talimat gerekmez \u2013 Plaka, kutudan \u00e7\u0131kar\u0131r \u00e7\u0131karmaz saatlerce yarat\u0131c\u0131 oyunlara olanak tan\u0131r;<br \/>\n\u2022 \u00c7ocuklar oynarken \u00f6\u011frenir \u2013 LEGO Classic setleri, \u00e7ocuklar\u0131n fiziksel ve yarat\u0131c\u0131 d\u00fc\u015f\u00fcnme becerilerini geli\u015ftirmek i\u00e7in tasarlanm\u0131\u015ft\u0131r;<br \/>\n\u2022 Kaliteye odaklanma \u2013 Kat\u0131 sekt\u00f6r standartlar\u0131na uygun LEGO setleri tutarl\u0131, birbiriyle uyumlu ve yap\u0131m\u0131 e\u011flencelidir;<br \/>\n\u2022 Oda\u011f\u0131m\u0131z g\u00fcvenlik \u2013 LEGO Classic oyun setleri, her birinin global g\u00fcvenlik ve kalite standartlar\u0131na uydu\u011fundan emin olmak i\u00e7in titizlikle test edilir<\/p>\n","protected":false},"excerpt":{"rendered":"<p>Bu 32&#215;32 \u00e7\u0131k\u0131nt\u0131l\u0131 ye\u015fil plaka, yarat\u0131c\u0131 olas\u0131l\u0131klarla dolu bir d\u00fcnyan\u0131n kap\u0131lar\u0131n\u0131 a\u00e7ar. Bah\u00e7elerden ormanlara ve uzayl\u0131lar\u0131n ya\u015fad\u0131\u011f\u0131 gezegenlere kadar bu ye\u015fil plaka, \u00e7ocuklara hayal edebildikleri her \u015feyi \u00fczerine in\u015fa edebilecekleri sa\u011flam bir zemin sunar. Sa\u011flam kavray\u0131c\u0131 y\u00fczeyi, yap\u0131m durdu\u011funda \u00e7ocuklara harika eserlerini ta\u015f\u0131man\u0131n ve sergilemenin g\u00fcvenli bir yolunu sa\u011flar.; \u2022 Yarat\u0131c\u0131 oyunlar i\u00e7in bir temel \u2013 Bu 32&#215;32 \u00e7\u0131k\u0131nt\u0131l\u0131 plaka, her t\u00fcr LEGO eseri i\u00e7in a\u00e7\u0131k bir zemin sa\u011flar; \u2022 Sa\u011flam ve dayan\u0131kl\u0131 \u2013 1024 adet s\u0131ral\u0131 \u00e7\u0131k\u0131nt\u0131, LEGO yap\u0131m par\u00e7alar\u0131n\u0131 s\u0131k\u0131 ve sa\u011flam bir \u015fekilde tutar; \u2022 A\u00e7\u0131k u\u00e7lu yarat\u0131c\u0131 olas\u0131l\u0131klar d\u00fcnyas\u0131 \u2013 \u00c7ocuklar, bah\u00e7elerden ve ormanlardan uzayl\u0131 arazilere kadar hayal edebildikleri her \u015feyi yapabilir; \u2022 Her duruma uygun bir hediye \u2013 LEGO Classic Ye\u015fil Plaka (11023), 4 ya\u015f ve \u00fczeri \u00e7ocuklara do\u011fum g\u00fcn\u00fc, y\u0131lba\u015f\u0131 ya da ba\u015fka bir g\u00fcnde hediye olarak verilebilir; \u2022 Yarat\u0131c\u0131 oyunlar i\u00e7in tasarland\u0131 \u2013 25 cm kare b\u00fcy\u00fckl\u00fc\u011f\u00fcyle \u00e7ocuklar\u0131n yap\u0131m projeleri ve sergileme modelleri i\u00e7in bol bol yer bulunur; \u2022 Pilsiz oyuncak \u2013 \u00c7ocuklar\u0131n hayal g\u00fc\u00e7leriyle \u00e7al\u0131\u015f\u0131r; \u2022 Talimat gerekmez \u2013 Plaka, kutudan \u00e7\u0131kar\u0131r \u00e7\u0131karmaz saatlerce yarat\u0131c\u0131 oyunlara olanak tan\u0131r; \u2022 \u00c7ocuklar oynarken \u00f6\u011frenir \u2013 LEGO Classic setleri, \u00e7ocuklar\u0131n fiziksel ve yarat\u0131c\u0131 d\u00fc\u015f\u00fcnme becerilerini geli\u015ftirmek i\u00e7in tasarlanm\u0131\u015ft\u0131r; \u2022 Kaliteye odaklanma \u2013 Kat\u0131 sekt\u00f6r standartlar\u0131na uygun LEGO setleri tutarl\u0131, birbiriyle uyumlu ve yap\u0131m\u0131 e\u011flencelidir; \u2022 Oda\u011f\u0131m\u0131z g\u00fcvenlik \u2013 LEGO Classic oyun setleri, her birinin global g\u00fcvenlik ve kalite standartlar\u0131na uydu\u011fundan emin olmak i\u00e7in titizlikle test edilir<\/p>\n","protected":false},"featured_media":26393,"comment_status":"open","ping_status":"closed","template":"","meta":[],"product_brand":[],"product_cat":[853,555],"product_tag":[864,878],"class_list":{"0":"post-26392","1":"product","2":"type-product","3":"status-publish","4":"has-post-thumbnail","6":"product_cat-classic","7":"product_cat-lego","8":"product_tag-lego","9":"product_tag-lego-11023","11":"first","12":"instock","13":"shipping-taxable","14":"purchasable","15":"product-type-simple"},"_links":{"self":[{"href":"https:\/\/toysplusshop.com\/index.php?rest_route=\/wp\/v2\/product\/26392","targetHints":{"allow":["GET"]}}],"collection":[{"href":"https:\/\/toysplusshop.com\/index.php?rest_route=\/wp\/v2\/product"}],"about":[{"href":"https:\/\/toysplusshop.com\/index.php?rest_route=\/wp\/v2\/types\/product"}],"replies":[{"embeddable":true,"href":"https:\/\/toysplusshop.com\/index.php?rest_route=%2Fwp%2Fv2%2Fcomments&post=26392"}],"version-history":[{"count":2,"href":"https:\/\/toysplusshop.com\/index.php?rest_route=\/wp\/v2\/product\/26392\/revisions"}],"predecessor-version":[{"id":33292,"href":"https:\/\/toysplusshop.com\/index.php?rest_route=\/wp\/v2\/product\/26392\/revisions\/33292"}],"wp:featuredmedia":[{"embeddable":true,"href":"https:\/\/toysplusshop.com\/index.php?rest_route=\/wp\/v2\/media\/26393"}],"wp:attachment":[{"href":"https:\/\/toysplusshop.com\/index.php?rest_route=%2Fwp%2Fv2%2Fmedia&parent=26392"}],"wp:term":[{"taxonomy":"product_brand","embeddable":true,"href":"https:\/\/toysplusshop.com\/index.php?rest_route=%2Fwp%2Fv2%2Fproduct_brand&post=26392"},{"taxonomy":"product_cat","embeddable":true,"href":"https:\/\/toysplusshop.com\/index.php?rest_route=%2Fwp%2Fv2%2Fproduct_cat&post=26392"},{"taxonomy":"product_tag","embeddable":true,"href":"https:\/\/toysplusshop.com\/index.php?rest_route=%2Fwp%2Fv2%2Fproduct_tag&post=26392"}],"curies":[{"name":"wp","href":"https:\/\/api.w.org\/{rel}","templated":true}]}}