{"id":26417,"date":"2024-03-05T14:23:34","date_gmt":"2024-03-05T14:23:34","guid":{"rendered":"https:\/\/toysplusshop.com\/?post_type=product&#038;p=26417"},"modified":"2025-01-10T14:17:51","modified_gmt":"2025-01-10T14:17:51","slug":"lego-classic-yaratici-parti-kutusu-11029","status":"publish","type":"product","link":"https:\/\/toysplusshop.com\/?product=lego-classic-yaratici-parti-kutusu-11029","title":{"rendered":"LEGO 11029 CLASS\u0130C YARATICI PART\u0130 KUTUSU"},"content":{"rendered":"<p>LEGO\u00ae Classic Yarat\u0131c\u0131 Parti Kutusu (11029) i\u00e7indeki e\u011flenceli yap\u0131m aktiviteleriyle arkada\u015flar\u0131n\u0131z\u0131 ve ailenizi bir araya getirin. 5 ya\u015f ve \u00fczerine y\u00f6nelik bu renkli yap\u0131m par\u00e7alar\u0131 kar\u0131\u015f\u0131m\u0131, her durumda harika bir birlikte oyun deneyimi sunar. 900 par\u00e7al\u0131 e\u011flence kutusuyla birlikte in\u015fa edin Bu renkli yap\u0131m par\u00e7alar\u0131 koleksiyonuyla yarat\u0131c\u0131 e\u011flenceyi payla\u015f\u0131n. Par\u00e7alar, yap\u0131m\u0131 kolay 2 model in\u015fa etmek i\u00e7in her biri yap\u0131m par\u00e7alar\u0131 ve kolay anla\u015f\u0131l\u0131r bask\u0131l\u0131 yap\u0131m talimatlar\u0131n\u0131 i\u00e7eren 6 po\u015fette grupland\u0131r\u0131lm\u0131\u015ft\u0131r. Modeller aras\u0131nda oyuncak ay\u0131, palya\u00e7o, tek boynuzlu at, pinyata, g\u00f6kku\u015fa\u011f\u0131, kek, patlam\u0131\u015f m\u0131s\u0131r, balonlar ve k\u00fc\u00e7\u00fck hediyeler bulunur. Bu set, herhangi bir kutlama i\u00e7in harika bir grup etkinli\u011fidir ve etkinlik sona erdi\u011finde yarat\u0131c\u0131 yap\u0131m deneyimi sona ermez! Setin yap\u0131m talimatlar\u0131n\u0131n dijital versiyonuna da LEGO\u00a0Builder uygulamas\u0131ndan ula\u015fabilirsiniz. T\u00fcm aile i\u00e7in harika Classic 5+ oyuncaklar\u0131, \u00e7ocuklara ilham verici fikirler sunar ve yeti\u015fkinlerin, yap\u0131m e\u011flencesini ve geli\u015fimsel a\u015famalar\u0131 \u00e7ocuklar\u0131yla payla\u015fmalar\u0131 i\u00e7in m\u00fckemmel bir f\u0131rsat sunar.;<br \/>\nBirlikte in\u015fa etmesi e\u011flenceli modeller &#8211; Aileniz ve arkada\u015flar\u0131n\u0131z, 5 ya\u015f ve \u00fczeri \u00e7ocuklara g\u00f6re tasarlanm\u0131\u015f renkli, yarat\u0131c\u0131 bir yap\u0131m seti olan LEGO\u00ae Classic Yarat\u0131c\u0131 Parti Kutusu (11029) ile yap\u0131m zorluklar\u0131n\u0131 payla\u015fabilir;<br \/>\nAktivite dolu set \u2013 900 parlak renkli par\u00e7a, her biri 2 yap\u0131m\u0131 kolay modeli in\u015fa etmek i\u00e7in gerekli yap\u0131m talimatlar\u0131n\u0131 ve yap\u0131m par\u00e7alar\u0131n\u0131 i\u00e7eren 6 po\u015fette grupland\u0131r\u0131lm\u0131\u015ft\u0131r;<br \/>\nE\u011flenceli parti oyunlar\u0131 \u2013 Kat\u0131l\u0131mc\u0131lar, bir oyuncak ay\u0131, palya\u00e7o, tek boynuzlu at, pinyata, g\u00f6kku\u015fa\u011f\u0131, pasta, patlam\u0131\u015f m\u0131s\u0131r, balon ve daha fazlas\u0131n\u0131 yaparken gruplar halinde yap\u0131m yar\u0131\u015fmas\u0131 d\u00fczenleyebilir;<br \/>\nE\u011flence hi\u00e7 bitmez \u2013 12 model ve ke\u015ffedilecek sonsuz serbest yap\u0131m e\u011flencesiyle bu yarat\u0131c\u0131 yap\u0131m seti, 5 ya\u015f ve \u00fczeri \u00e7ocuklar i\u00e7in kal\u0131c\u0131 bir do\u011fum g\u00fcn\u00fc, y\u0131lba\u015f\u0131 veya s\u0131radan bir g\u00fcn hediyesidir;<br \/>\nEkstra aktiviteler dahildir \u2013 Set, ek oyun olanaklar\u0131 i\u00e7in \u00f6neriler i\u00e7erir ve \u00e7evrimi\u00e7i daha fazla oyun olana\u011f\u0131 bulunur;<br \/>\nK\u00fc\u00e7\u00fck model severler i\u00e7in yap\u0131ld\u0131 \u2013 Kolay anla\u015f\u0131l\u0131r resimli rehberle yap\u0131m\u0131 kolay ve e\u011flencelidir. Setin yap\u0131m talimatlar\u0131n\u0131n dijital versiyonuna LEGO\u00ae Builder uygulamas\u0131ndan da ula\u015f\u0131labilir;<br \/>\nBeceri geli\u015ftiren yap\u0131m par\u00e7alar\u0131 \u2013 LEGO\u00ae Classic setleri, a\u00e7\u0131k u\u00e7lu oyunlar\u0131 ve yarat\u0131c\u0131 kendini ifadeyi k\u00fc\u00e7\u00fck model severlerin ellerine verir;<br \/>\nKalite garantili \u2013 Dayan\u0131kl\u0131, birbiriyle uyumlu ve kolayca model yap\u0131labilen LEGO\u00ae par\u00e7alar\u0131, sekt\u00f6r\u00fcn kat\u0131 kalite standartlar\u0131na uygundur;<br \/>\nG\u00fcvenlik garantili \u2013 LEGO\u00ae Classic yap\u0131m par\u00e7alar\u0131, titiz global g\u00fcvenlik standartlar\u0131na uygun oldu\u011fundan emin olmak i\u00e7in d\u00fc\u015f\u00fcr\u00fcl\u00fcr, \u0131s\u0131t\u0131l\u0131r, ezilir, b\u00fck\u00fcl\u00fcr ve analiz edilir<\/p>\n","protected":false},"excerpt":{"rendered":"<p>LEGO\u00ae Classic Yarat\u0131c\u0131 Parti Kutusu (11029) i\u00e7indeki e\u011flenceli yap\u0131m aktiviteleriyle arkada\u015flar\u0131n\u0131z\u0131 ve ailenizi bir araya getirin. 5 ya\u015f ve \u00fczerine y\u00f6nelik bu renkli yap\u0131m par\u00e7alar\u0131 kar\u0131\u015f\u0131m\u0131, her durumda harika bir birlikte oyun deneyimi sunar. 900 par\u00e7al\u0131 e\u011flence kutusuyla birlikte in\u015fa edin Bu renkli yap\u0131m par\u00e7alar\u0131 koleksiyonuyla yarat\u0131c\u0131 e\u011flenceyi payla\u015f\u0131n. Par\u00e7alar, yap\u0131m\u0131 kolay 2 model in\u015fa etmek i\u00e7in her biri yap\u0131m par\u00e7alar\u0131 ve kolay anla\u015f\u0131l\u0131r bask\u0131l\u0131 yap\u0131m talimatlar\u0131n\u0131 i\u00e7eren 6 po\u015fette grupland\u0131r\u0131lm\u0131\u015ft\u0131r. Modeller aras\u0131nda oyuncak ay\u0131, palya\u00e7o, tek boynuzlu at, pinyata, g\u00f6kku\u015fa\u011f\u0131, kek, patlam\u0131\u015f m\u0131s\u0131r, balonlar ve k\u00fc\u00e7\u00fck hediyeler bulunur. Bu set, herhangi bir kutlama i\u00e7in harika bir grup etkinli\u011fidir ve etkinlik sona erdi\u011finde yarat\u0131c\u0131 yap\u0131m deneyimi sona ermez! Setin yap\u0131m talimatlar\u0131n\u0131n dijital versiyonuna da LEGO\u00a0Builder uygulamas\u0131ndan ula\u015fabilirsiniz. T\u00fcm aile i\u00e7in harika Classic 5+ oyuncaklar\u0131, \u00e7ocuklara ilham verici fikirler sunar ve yeti\u015fkinlerin, yap\u0131m e\u011flencesini ve geli\u015fimsel a\u015famalar\u0131 \u00e7ocuklar\u0131yla payla\u015fmalar\u0131 i\u00e7in m\u00fckemmel bir f\u0131rsat sunar.; Birlikte in\u015fa etmesi e\u011flenceli modeller &#8211; Aileniz ve arkada\u015flar\u0131n\u0131z, 5 ya\u015f ve \u00fczeri \u00e7ocuklara g\u00f6re tasarlanm\u0131\u015f renkli, yarat\u0131c\u0131 bir yap\u0131m seti olan LEGO\u00ae Classic Yarat\u0131c\u0131 Parti Kutusu (11029) ile yap\u0131m zorluklar\u0131n\u0131 payla\u015fabilir; Aktivite dolu set \u2013 900 parlak renkli par\u00e7a, her biri 2 yap\u0131m\u0131 kolay modeli in\u015fa etmek i\u00e7in gerekli yap\u0131m talimatlar\u0131n\u0131 ve yap\u0131m par\u00e7alar\u0131n\u0131 i\u00e7eren 6 po\u015fette grupland\u0131r\u0131lm\u0131\u015ft\u0131r; E\u011flenceli parti oyunlar\u0131 \u2013 Kat\u0131l\u0131mc\u0131lar, bir oyuncak ay\u0131, palya\u00e7o, tek boynuzlu at, pinyata, g\u00f6kku\u015fa\u011f\u0131, pasta, patlam\u0131\u015f m\u0131s\u0131r, balon ve daha fazlas\u0131n\u0131 yaparken gruplar halinde yap\u0131m yar\u0131\u015fmas\u0131 d\u00fczenleyebilir; E\u011flence hi\u00e7 bitmez \u2013 12 model ve ke\u015ffedilecek sonsuz serbest yap\u0131m e\u011flencesiyle bu yarat\u0131c\u0131 yap\u0131m seti, 5 ya\u015f ve \u00fczeri \u00e7ocuklar i\u00e7in kal\u0131c\u0131 bir do\u011fum g\u00fcn\u00fc, y\u0131lba\u015f\u0131 veya s\u0131radan bir g\u00fcn hediyesidir; Ekstra aktiviteler dahildir \u2013 Set, ek oyun olanaklar\u0131 i\u00e7in \u00f6neriler i\u00e7erir ve \u00e7evrimi\u00e7i daha fazla oyun olana\u011f\u0131 bulunur; K\u00fc\u00e7\u00fck model severler i\u00e7in yap\u0131ld\u0131 \u2013 Kolay anla\u015f\u0131l\u0131r resimli rehberle yap\u0131m\u0131 kolay ve e\u011flencelidir. Setin yap\u0131m talimatlar\u0131n\u0131n dijital versiyonuna LEGO\u00ae Builder uygulamas\u0131ndan da ula\u015f\u0131labilir; Beceri geli\u015ftiren yap\u0131m par\u00e7alar\u0131 \u2013 LEGO\u00ae Classic setleri, a\u00e7\u0131k u\u00e7lu oyunlar\u0131 ve yarat\u0131c\u0131 kendini ifadeyi k\u00fc\u00e7\u00fck model severlerin ellerine verir; Kalite garantili \u2013 Dayan\u0131kl\u0131, birbiriyle uyumlu ve kolayca model yap\u0131labilen LEGO\u00ae par\u00e7alar\u0131, sekt\u00f6r\u00fcn kat\u0131 kalite standartlar\u0131na uygundur; G\u00fcvenlik garantili \u2013 LEGO\u00ae Classic yap\u0131m par\u00e7alar\u0131, titiz global g\u00fcvenlik standartlar\u0131na uygun oldu\u011fundan emin olmak i\u00e7in d\u00fc\u015f\u00fcr\u00fcl\u00fcr, \u0131s\u0131t\u0131l\u0131r, ezilir, b\u00fck\u00fcl\u00fcr ve analiz edilir<\/p>\n","protected":false},"featured_media":28441,"comment_status":"open","ping_status":"closed","template":"","meta":[],"product_brand":[],"product_cat":[853,555],"product_tag":[864,881],"class_list":{"0":"post-26417","1":"product","2":"type-product","3":"status-publish","4":"has-post-thumbnail","6":"product_cat-classic","7":"product_cat-lego","8":"product_tag-lego","9":"product_tag-lego-11029","11":"first","12":"instock","13":"shipping-taxable","14":"purchasable","15":"product-type-simple"},"_links":{"self":[{"href":"https:\/\/toysplusshop.com\/index.php?rest_route=\/wp\/v2\/product\/26417","targetHints":{"allow":["GET"]}}],"collection":[{"href":"https:\/\/toysplusshop.com\/index.php?rest_route=\/wp\/v2\/product"}],"about":[{"href":"https:\/\/toysplusshop.com\/index.php?rest_route=\/wp\/v2\/types\/product"}],"replies":[{"embeddable":true,"href":"https:\/\/toysplusshop.com\/index.php?rest_route=%2Fwp%2Fv2%2Fcomments&post=26417"}],"version-history":[{"count":2,"href":"https:\/\/toysplusshop.com\/index.php?rest_route=\/wp\/v2\/product\/26417\/revisions"}],"predecessor-version":[{"id":33295,"href":"https:\/\/toysplusshop.com\/index.php?rest_route=\/wp\/v2\/product\/26417\/revisions\/33295"}],"wp:featuredmedia":[{"embeddable":true,"href":"https:\/\/toysplusshop.com\/index.php?rest_route=\/wp\/v2\/media\/28441"}],"wp:attachment":[{"href":"https:\/\/toysplusshop.com\/index.php?rest_route=%2Fwp%2Fv2%2Fmedia&parent=26417"}],"wp:term":[{"taxonomy":"product_brand","embeddable":true,"href":"https:\/\/toysplusshop.com\/index.php?rest_route=%2Fwp%2Fv2%2Fproduct_brand&post=26417"},{"taxonomy":"product_cat","embeddable":true,"href":"https:\/\/toysplusshop.com\/index.php?rest_route=%2Fwp%2Fv2%2Fproduct_cat&post=26417"},{"taxonomy":"product_tag","embeddable":true,"href":"https:\/\/toysplusshop.com\/index.php?rest_route=%2Fwp%2Fv2%2Fproduct_tag&post=26417"}],"curies":[{"name":"wp","href":"https:\/\/api.w.org\/{rel}","templated":true}]}}