{"id":26864,"date":"2024-03-14T14:39:32","date_gmt":"2024-03-14T14:39:32","guid":{"rendered":"https:\/\/toysplusshop.com\/?post_type=product&#038;p=26864"},"modified":"2024-07-04T14:39:54","modified_gmt":"2024-07-04T14:39:54","slug":"lego-ninjago-kainin-ates-ejderhasi-71762","status":"publish","type":"product","link":"https:\/\/toysplusshop.com\/?product=lego-ninjago-kainin-ates-ejderhasi-71762","title":{"rendered":"LEGO 71762 NINJAGO KA\u0130&#8217;N\u0130N ATE\u015e EJDERHASI"},"content":{"rendered":"<p>Kai ve Ate\u015f Ejderhas\u0131 ile iki k\u00f6t\u00fc y\u0131lan sava\u015f\u00e7\u0131ya kar\u015f\u0131 sava\u015fmak i\u00e7in g\u00f6ky\u00fcz\u00fcne y\u00fckselin ama dikkatli olun! Birisi at\u0131\u015f yapan insans\u0131z hava arac\u0131n\u0131 kontrol ederken, \u00f6b\u00fcr\u00fcn\u00fcn de bir jet \u00e7antas\u0131 ve zincirli tabancas\u0131 var. Ejderhay\u0131 daha b\u00fcy\u00fck, daha g\u00fc\u00e7l\u00fc ve daha h\u0131zl\u0131 yapmak i\u00e7in iki kez y\u00fckseltme yap\u0131n \u00e7\u00fcnk\u00fc NINJAGO\u00ae City\u2019yi korumak i\u00e7in bu sava\u015f\u0131 mutlaka kazanmal\u0131s\u0131n\u0131z. G\u00f6revinizi tamamlad\u0131\u011f\u0131n\u0131z i\u00e7in koleksiyonluk bir Cesaret bayra\u011f\u0131yla \u00f6d\u00fcllendirileceksiniz.<br \/>\n\u2022 Dinamik ejderha oyunca\u011f\u0131 \u2013 \u00c7ocuklar, daha b\u00fcy\u00fck, daha g\u00fc\u00e7l\u00fc ve daha h\u0131zl\u0131 olmas\u0131 i\u00e7in alt\u0131n z\u0131rhla iki kez y\u00fckseltilebilen bu LEGO\u00ae NINJAGO\u00ae Kai\u2019nin Ate\u015f Ejderhas\u0131 EVO (71762) ile ninja hikayelerini canland\u0131rabilir\u2022 3 minifig\u00fcr \u2013 Bu ninja sava\u015f oyunca\u011f\u0131nda k\u0131l\u0131\u00e7l\u0131 Kai, at\u0131\u015f yapan insans\u0131z hava arac\u0131 olan Boa Yok Edici, jet \u00e7antas\u0131 ve zincir f\u0131rlatan bir tabancas\u0131 olan Kobra Tamirci bulunur\u2022 G\u00f6ky\u00fcz\u00fcnde sava\u015flar \u2013 Bu ejderha oyunca\u011f\u0131n\u0131n hareketli ba\u015f\u0131, kuyru\u011fu, a\u011fz\u0131, bacaklar\u0131 ve \u00e7ocuklar\u0131nhavada y\u0131lan sava\u015f\u00e7\u0131larla \u00e7arp\u0131\u015f\u0131rken Kai\u2019yi oturtmas\u0131 i\u00e7in eyeri bulunur\u2022 Koleksiyonluk bayrak \u2013 Ocak 2022\u2019de yeni \u00e7\u0131kan bu \u00f6zellikle \u00e7ocuklar g\u00f6revlerini tamamlay\u0131p y\u0131lanlar\u0131 yendiklerinde, ejderhan\u0131n \u00fczerinde sergileyebilecekleri bir Cesaret bayra\u011f\u0131 ile \u00f6d\u00fcllendirilir\u2022 Daha fazla \u00f6d\u00fcl \u2013 Jay\u2019in G\u00f6k G\u00fcr\u00fclt\u00fcs\u00fc Ejderhas\u0131 EVO (71760), Zane\u2019in G\u00fc\u00e7lendirici Robotu EVO (71761) ve Lloyd\u2019un Yar\u0131\u015f Arabas\u0131 EVO (71763) dahil di\u011fer 7 NINJAGO\u00ae setindeki bayraklar\u0131 bulun\u2022 Yap\u0131n ve oynay\u0131n \u2013 Bu 204 par\u00e7al\u0131 ninja oyun seti, 6 ya\u015f ve \u00fczeri \u00e7ocuklar\u0131n ninja kahramanlar\u0131yla maceralar oynarken model yapmalar\u0131na olanak tan\u0131r\u2022 Ta\u015f\u0131nabilen oyun \u2013 Bu oyuncak ejderha, 32 cm uzunlu\u011fuyla \u00e7ocuklar\u0131n gittikleri her yerde oynamalar\u0131 i\u00e7in ideal boyuttad\u0131r\u2022 Fantastik e\u011flence \u2013 LEGO\u00ae NINJAGO\u00ae oyuncaklar\u0131, \u00e7ocuklar\u0131n k\u00f6t\u00fclere kar\u015f\u0131 sava\u015fmak i\u00e7in ninjalara kat\u0131labilecekleri fantastik bir d\u00fcnyaya girerken hayal g\u00fc\u00e7lerini kullanmalar\u0131na olanak tan\u0131r\u2022 Y\u00fcksek kalite \u2013 Altm\u0131\u015f y\u0131l\u0131 a\u015fk\u0131n s\u00fcredir LEGO\u00ae yap\u0131m par\u00e7alar\u0131, her seferinde tutarl\u0131 bir \u015fekilde tak\u0131l\u0131p \u00e7\u0131kar\u0131lacak \u015fekilde \u00fcretilmektedir\u2022 Her zaman g\u00fcvenli ellerde \u2013 LEGO\u00ae yap\u0131m par\u00e7alar\u0131, kat\u0131 global g\u00fcvenlik standartlar\u0131na uygundur<\/p>\n","protected":false},"excerpt":{"rendered":"<p>Kai ve Ate\u015f Ejderhas\u0131 ile iki k\u00f6t\u00fc y\u0131lan sava\u015f\u00e7\u0131ya kar\u015f\u0131 sava\u015fmak i\u00e7in g\u00f6ky\u00fcz\u00fcne y\u00fckselin ama dikkatli olun! Birisi at\u0131\u015f yapan insans\u0131z hava arac\u0131n\u0131 kontrol ederken, \u00f6b\u00fcr\u00fcn\u00fcn de bir jet \u00e7antas\u0131 ve zincirli tabancas\u0131 var. Ejderhay\u0131 daha b\u00fcy\u00fck, daha g\u00fc\u00e7l\u00fc ve daha h\u0131zl\u0131 yapmak i\u00e7in iki kez y\u00fckseltme yap\u0131n \u00e7\u00fcnk\u00fc NINJAGO\u00ae City\u2019yi korumak i\u00e7in bu sava\u015f\u0131 mutlaka kazanmal\u0131s\u0131n\u0131z. G\u00f6revinizi tamamlad\u0131\u011f\u0131n\u0131z i\u00e7in koleksiyonluk bir Cesaret bayra\u011f\u0131yla \u00f6d\u00fcllendirileceksiniz. \u2022 Dinamik ejderha oyunca\u011f\u0131 \u2013 \u00c7ocuklar, daha b\u00fcy\u00fck, daha g\u00fc\u00e7l\u00fc ve daha h\u0131zl\u0131 olmas\u0131 i\u00e7in alt\u0131n z\u0131rhla iki kez y\u00fckseltilebilen bu LEGO\u00ae NINJAGO\u00ae Kai\u2019nin Ate\u015f Ejderhas\u0131 EVO (71762) ile ninja hikayelerini canland\u0131rabilir\u2022 3 minifig\u00fcr \u2013 Bu ninja sava\u015f oyunca\u011f\u0131nda k\u0131l\u0131\u00e7l\u0131 Kai, at\u0131\u015f yapan insans\u0131z hava arac\u0131 olan Boa Yok Edici, jet \u00e7antas\u0131 ve zincir f\u0131rlatan bir tabancas\u0131 olan Kobra Tamirci bulunur\u2022 G\u00f6ky\u00fcz\u00fcnde sava\u015flar \u2013 Bu ejderha oyunca\u011f\u0131n\u0131n hareketli ba\u015f\u0131, kuyru\u011fu, a\u011fz\u0131, bacaklar\u0131 ve \u00e7ocuklar\u0131nhavada y\u0131lan sava\u015f\u00e7\u0131larla \u00e7arp\u0131\u015f\u0131rken Kai\u2019yi oturtmas\u0131 i\u00e7in eyeri bulunur\u2022 Koleksiyonluk bayrak \u2013 Ocak 2022\u2019de yeni \u00e7\u0131kan bu \u00f6zellikle \u00e7ocuklar g\u00f6revlerini tamamlay\u0131p y\u0131lanlar\u0131 yendiklerinde, ejderhan\u0131n \u00fczerinde sergileyebilecekleri bir Cesaret bayra\u011f\u0131 ile \u00f6d\u00fcllendirilir\u2022 Daha fazla \u00f6d\u00fcl \u2013 Jay\u2019in G\u00f6k G\u00fcr\u00fclt\u00fcs\u00fc Ejderhas\u0131 EVO (71760), Zane\u2019in G\u00fc\u00e7lendirici Robotu EVO (71761) ve Lloyd\u2019un Yar\u0131\u015f Arabas\u0131 EVO (71763) dahil di\u011fer 7 NINJAGO\u00ae setindeki bayraklar\u0131 bulun\u2022 Yap\u0131n ve oynay\u0131n \u2013 Bu 204 par\u00e7al\u0131 ninja oyun seti, 6 ya\u015f ve \u00fczeri \u00e7ocuklar\u0131n ninja kahramanlar\u0131yla maceralar oynarken model yapmalar\u0131na olanak tan\u0131r\u2022 Ta\u015f\u0131nabilen oyun \u2013 Bu oyuncak ejderha, 32 cm uzunlu\u011fuyla \u00e7ocuklar\u0131n gittikleri her yerde oynamalar\u0131 i\u00e7in ideal boyuttad\u0131r\u2022 Fantastik e\u011flence \u2013 LEGO\u00ae NINJAGO\u00ae oyuncaklar\u0131, \u00e7ocuklar\u0131n k\u00f6t\u00fclere kar\u015f\u0131 sava\u015fmak i\u00e7in ninjalara kat\u0131labilecekleri fantastik bir d\u00fcnyaya girerken hayal g\u00fc\u00e7lerini kullanmalar\u0131na olanak tan\u0131r\u2022 Y\u00fcksek kalite \u2013 Altm\u0131\u015f y\u0131l\u0131 a\u015fk\u0131n s\u00fcredir LEGO\u00ae yap\u0131m par\u00e7alar\u0131, her seferinde tutarl\u0131 bir \u015fekilde tak\u0131l\u0131p \u00e7\u0131kar\u0131lacak \u015fekilde \u00fcretilmektedir\u2022 Her zaman g\u00fcvenli ellerde \u2013 LEGO\u00ae yap\u0131m par\u00e7alar\u0131, kat\u0131 global g\u00fcvenlik standartlar\u0131na uygundur<\/p>\n","protected":false},"featured_media":26865,"comment_status":"open","ping_status":"closed","template":"","meta":[],"product_brand":[],"product_cat":[555,847],"product_tag":[864,931],"class_list":{"0":"post-26864","1":"product","2":"type-product","3":"status-publish","4":"has-post-thumbnail","6":"product_cat-lego","7":"product_cat-ninjago","8":"product_tag-lego","9":"product_tag-lego-71762","11":"first","12":"instock","13":"shipping-taxable","14":"purchasable","15":"product-type-simple"},"_links":{"self":[{"href":"https:\/\/toysplusshop.com\/index.php?rest_route=\/wp\/v2\/product\/26864","targetHints":{"allow":["GET"]}}],"collection":[{"href":"https:\/\/toysplusshop.com\/index.php?rest_route=\/wp\/v2\/product"}],"about":[{"href":"https:\/\/toysplusshop.com\/index.php?rest_route=\/wp\/v2\/types\/product"}],"replies":[{"embeddable":true,"href":"https:\/\/toysplusshop.com\/index.php?rest_route=%2Fwp%2Fv2%2Fcomments&post=26864"}],"version-history":[{"count":2,"href":"https:\/\/toysplusshop.com\/index.php?rest_route=\/wp\/v2\/product\/26864\/revisions"}],"predecessor-version":[{"id":33259,"href":"https:\/\/toysplusshop.com\/index.php?rest_route=\/wp\/v2\/product\/26864\/revisions\/33259"}],"wp:featuredmedia":[{"embeddable":true,"href":"https:\/\/toysplusshop.com\/index.php?rest_route=\/wp\/v2\/media\/26865"}],"wp:attachment":[{"href":"https:\/\/toysplusshop.com\/index.php?rest_route=%2Fwp%2Fv2%2Fmedia&parent=26864"}],"wp:term":[{"taxonomy":"product_brand","embeddable":true,"href":"https:\/\/toysplusshop.com\/index.php?rest_route=%2Fwp%2Fv2%2Fproduct_brand&post=26864"},{"taxonomy":"product_cat","embeddable":true,"href":"https:\/\/toysplusshop.com\/index.php?rest_route=%2Fwp%2Fv2%2Fproduct_cat&post=26864"},{"taxonomy":"product_tag","embeddable":true,"href":"https:\/\/toysplusshop.com\/index.php?rest_route=%2Fwp%2Fv2%2Fproduct_tag&post=26864"}],"curies":[{"name":"wp","href":"https:\/\/api.w.org\/{rel}","templated":true}]}}