{"id":27164,"date":"2024-03-15T14:16:13","date_gmt":"2024-03-15T14:16:13","guid":{"rendered":"https:\/\/toysplusshop.com\/?post_type=product&#038;p=27164"},"modified":"2025-01-10T14:18:33","modified_gmt":"2025-01-10T14:18:33","slug":"lego-duplo-kasabasi-tekerlekli-aile-evi-10986","status":"publish","type":"product","link":"https:\/\/toysplusshop.com\/?product=lego-duplo-kasabasi-tekerlekli-aile-evi-10986","title":{"rendered":"LEGO 10986 DUPLO KASABASI TEKERLEKL\u0130 A\u0130LE EV\u0130"},"content":{"rendered":"<p>LEGO\u00ae DUPLO\u00ae Kasabas\u0131 Tekerlekli Aile Evi (10986) ile macerac\u0131 mini\u011finizle birlikte b\u00fcy\u00fck bir maceraya at\u0131l\u0131n. Minik model severinizin, arabaya tak\u0131lan sevimli bir oyuncak karavan yapmas\u0131na yard\u0131m edin. 2 ya\u015f ve \u00fczeri okul \u00f6ncesi \u00e7a\u011fdaki \u00e7ocuklar, evi arabaya tak\u0131p istedikleri yeni yere gidebilirler. Kim bilir hangi yeni ve ilgin\u00e7 insanlarla tan\u0131\u015facaklar! Yarat\u0131c\u0131 oyunlar i\u00e7in kemerleri ba\u011flay\u0131n K\u00fc\u00e7\u00fck \u00e7ocuklar, ikisi de arabaya s\u0131\u011fan 2 fig\u00fcrle ailece seyahati canland\u0131r\u0131r. Kamp ate\u015finin etraf\u0131nda grup olarak toplan\u0131p s\u0131cak \u00e7ikolata i\u00e7erek hikayeler anlat\u0131rken mutlu tatilleri canland\u0131rabilirler. Hik\u00e2ye anlatmay\u0131 te\u015fvik eder LEGO DUPLO Kasabas\u0131 oyun setleri, a\u00e7\u0131k u\u00e7lu oyunlar\u0131 ve kendini ifadeyi, minik model severlerin ellerine verir. Al\u0131\u015f\u0131lm\u0131\u015f ortamlar, \u00e7e\u015fitli karakterler ve k\u00fc\u00e7\u00fck \u00e7ocuklara uygun yap\u0131m par\u00e7alar\u0131yla, okul \u00f6ncesi ya\u015ftaki \u00e7ocuklar\u0131 yarat\u0131c\u0131 aktivitelerle me\u015fgul eder.;<br \/>\nA\u00e7\u0131k yolda a\u00e7\u0131k u\u00e7lu oyun \u2013 LEGO\u00ae DUPLO\u00ae Kasabas\u0131 Tekerlekli Aile Evi (10986) setiyle e\u011flenceli maceralara at\u0131l\u0131rken k\u00fc\u00e7\u00fck \u00e7ocuklar\u0131n kendilerini ifade etmelerini te\u015fvik edin;<br \/>\nMini bir macera i\u00e7in her \u015fey var \u2013 Yeti\u015fkin ve \u00e7ocuk fig\u00fcrlerinin s\u0131\u011fd\u0131\u011f\u0131 s\u00fcr\u00fclebilen bir araba, oyuncak arabadan ayr\u0131labilen k\u00fc\u00e7\u00fck bir tekerlekli ev, kamp ate\u015fi, fincan ve \u00e7aydanl\u0131k;<br \/>\nE\u011flenceli yarat\u0131c\u0131 oyun \u2013 2 ya\u015f ve \u00fczeri okul \u00f6ncesi \u00e7a\u011fdaki \u00e7ocuklar, arabay\u0131 s\u00fcrmekten ve hayal edebildikleri her yerde kamp yaparken ailece ge\u00e7irilen zamanlar\u0131 canland\u0131rmaktan keyif al\u0131r;<br \/>\nAileler e\u011flencenin keyfini \u00e7\u0131kar\u0131r \u2013 Bak\u0131c\u0131lar ve anne babalar, nesiller aras\u0131nda grup oyunlar\u0131n\u0131 te\u015fvik eden bu yarat\u0131c\u0131 oyuncak hediyesiyle k\u00fc\u00e7\u00fck \u00e7ocuklara kat\u0131larak ailece mutlu kamp gezilerini canland\u0131r\u0131r;<br \/>\nBoyutu k\u00fc\u00e7\u00fck, e\u011flencesi b\u00fcy\u00fck \u2013 Araba ve evin boyu birlikte 18 cm, uzunlu\u011fu 30 cm, geni\u015fli\u011fi 10 cm\u2019dir;<br \/>\nAd\u0131m ad\u0131m rehberler \u2013 Bu set kolay anla\u015f\u0131l\u0131r resimli talimatlar i\u00e7erir, dijital LEGO\u00ae Builder uygulamas\u0131nda da LEGO yap\u0131m\u0131yla yeni tan\u0131\u015fanlar\u0131n harika bir ba\u015flang\u0131\u00e7 yapmas\u0131 i\u00e7in dijital bir versiyonu bulunur;<br \/>\nGer\u00e7ek d\u00fcnyada oyunlar \u2013 LEGO\u00ae DUPLO\u00ae Kasabas\u0131 setleri, okul \u00f6ncesi ya\u015ftaki \u00e7ocuklar\u0131n ger\u00e7ek kahramanlarla ve k\u00fc\u00e7\u00fck \u00e7ocuk dostu par\u00e7alarla ailece sahneleri canland\u0131r\u0131rken, etraflar\u0131nda g\u00f6rd\u00fckleri d\u00fcnyada roller oynamalar\u0131n\u0131 sa\u011flar;<br \/>\nKaliteli bir \u00fcr\u00fcn \u2013 LEGO\u00ae DUPLO\u00ae yap\u0131m setleri, 1969\u2019dan beri titiz sekt\u00f6r standartlar\u0131na uygun olarak k\u00fc\u00e7\u00fck parmaklar\u0131n kolayca tutup takabilece\u011fi ve \u00e7\u0131karabilece\u011fi \u015fekilde \u00fcretilmektedir;<br \/>\nG\u00fcvenli bir deneyim \u2013 LEGO\u00ae DUPLO\u00ae oyun setlerini olu\u015fturan yap\u0131m par\u00e7alar\u0131, t\u00fcm miniklerin oyuncaklar\u0131n\u0131n en kat\u0131 global g\u00fcvenlik standartlar\u0131na uygun oldu\u011fundan emin olmak i\u00e7in maksimum test edilir<\/p>\n","protected":false},"excerpt":{"rendered":"<p>LEGO\u00ae DUPLO\u00ae Kasabas\u0131 Tekerlekli Aile Evi (10986) ile macerac\u0131 mini\u011finizle birlikte b\u00fcy\u00fck bir maceraya at\u0131l\u0131n. Minik model severinizin, arabaya tak\u0131lan sevimli bir oyuncak karavan yapmas\u0131na yard\u0131m edin. 2 ya\u015f ve \u00fczeri okul \u00f6ncesi \u00e7a\u011fdaki \u00e7ocuklar, evi arabaya tak\u0131p istedikleri yeni yere gidebilirler. Kim bilir hangi yeni ve ilgin\u00e7 insanlarla tan\u0131\u015facaklar! Yarat\u0131c\u0131 oyunlar i\u00e7in kemerleri ba\u011flay\u0131n K\u00fc\u00e7\u00fck \u00e7ocuklar, ikisi de arabaya s\u0131\u011fan 2 fig\u00fcrle ailece seyahati canland\u0131r\u0131r. Kamp ate\u015finin etraf\u0131nda grup olarak toplan\u0131p s\u0131cak \u00e7ikolata i\u00e7erek hikayeler anlat\u0131rken mutlu tatilleri canland\u0131rabilirler. Hik\u00e2ye anlatmay\u0131 te\u015fvik eder LEGO DUPLO Kasabas\u0131 oyun setleri, a\u00e7\u0131k u\u00e7lu oyunlar\u0131 ve kendini ifadeyi, minik model severlerin ellerine verir. Al\u0131\u015f\u0131lm\u0131\u015f ortamlar, \u00e7e\u015fitli karakterler ve k\u00fc\u00e7\u00fck \u00e7ocuklara uygun yap\u0131m par\u00e7alar\u0131yla, okul \u00f6ncesi ya\u015ftaki \u00e7ocuklar\u0131 yarat\u0131c\u0131 aktivitelerle me\u015fgul eder.; A\u00e7\u0131k yolda a\u00e7\u0131k u\u00e7lu oyun \u2013 LEGO\u00ae DUPLO\u00ae Kasabas\u0131 Tekerlekli Aile Evi (10986) setiyle e\u011flenceli maceralara at\u0131l\u0131rken k\u00fc\u00e7\u00fck \u00e7ocuklar\u0131n kendilerini ifade etmelerini te\u015fvik edin; Mini bir macera i\u00e7in her \u015fey var \u2013 Yeti\u015fkin ve \u00e7ocuk fig\u00fcrlerinin s\u0131\u011fd\u0131\u011f\u0131 s\u00fcr\u00fclebilen bir araba, oyuncak arabadan ayr\u0131labilen k\u00fc\u00e7\u00fck bir tekerlekli ev, kamp ate\u015fi, fincan ve \u00e7aydanl\u0131k; E\u011flenceli yarat\u0131c\u0131 oyun \u2013 2 ya\u015f ve \u00fczeri okul \u00f6ncesi \u00e7a\u011fdaki \u00e7ocuklar, arabay\u0131 s\u00fcrmekten ve hayal edebildikleri her yerde kamp yaparken ailece ge\u00e7irilen zamanlar\u0131 canland\u0131rmaktan keyif al\u0131r; Aileler e\u011flencenin keyfini \u00e7\u0131kar\u0131r \u2013 Bak\u0131c\u0131lar ve anne babalar, nesiller aras\u0131nda grup oyunlar\u0131n\u0131 te\u015fvik eden bu yarat\u0131c\u0131 oyuncak hediyesiyle k\u00fc\u00e7\u00fck \u00e7ocuklara kat\u0131larak ailece mutlu kamp gezilerini canland\u0131r\u0131r; Boyutu k\u00fc\u00e7\u00fck, e\u011flencesi b\u00fcy\u00fck \u2013 Araba ve evin boyu birlikte 18 cm, uzunlu\u011fu 30 cm, geni\u015fli\u011fi 10 cm\u2019dir; Ad\u0131m ad\u0131m rehberler \u2013 Bu set kolay anla\u015f\u0131l\u0131r resimli talimatlar i\u00e7erir, dijital LEGO\u00ae Builder uygulamas\u0131nda da LEGO yap\u0131m\u0131yla yeni tan\u0131\u015fanlar\u0131n harika bir ba\u015flang\u0131\u00e7 yapmas\u0131 i\u00e7in dijital bir versiyonu bulunur; Ger\u00e7ek d\u00fcnyada oyunlar \u2013 LEGO\u00ae DUPLO\u00ae Kasabas\u0131 setleri, okul \u00f6ncesi ya\u015ftaki \u00e7ocuklar\u0131n ger\u00e7ek kahramanlarla ve k\u00fc\u00e7\u00fck \u00e7ocuk dostu par\u00e7alarla ailece sahneleri canland\u0131r\u0131rken, etraflar\u0131nda g\u00f6rd\u00fckleri d\u00fcnyada roller oynamalar\u0131n\u0131 sa\u011flar; Kaliteli bir \u00fcr\u00fcn \u2013 LEGO\u00ae DUPLO\u00ae yap\u0131m setleri, 1969\u2019dan beri titiz sekt\u00f6r standartlar\u0131na uygun olarak k\u00fc\u00e7\u00fck parmaklar\u0131n kolayca tutup takabilece\u011fi ve \u00e7\u0131karabilece\u011fi \u015fekilde \u00fcretilmektedir; G\u00fcvenli bir deneyim \u2013 LEGO\u00ae DUPLO\u00ae oyun setlerini olu\u015fturan yap\u0131m par\u00e7alar\u0131, t\u00fcm miniklerin oyuncaklar\u0131n\u0131n en kat\u0131 global g\u00fcvenlik standartlar\u0131na uygun oldu\u011fundan emin olmak i\u00e7in maksimum test edilir<\/p>\n","protected":false},"featured_media":27165,"comment_status":"open","ping_status":"closed","template":"","meta":[],"product_brand":[],"product_cat":[851,555],"product_tag":[864,960],"class_list":{"0":"post-27164","1":"product","2":"type-product","3":"status-publish","4":"has-post-thumbnail","6":"product_cat-duplo","7":"product_cat-lego","8":"product_tag-lego","9":"product_tag-lego-10986","11":"first","12":"outofstock","13":"shipping-taxable","14":"purchasable","15":"product-type-simple"},"_links":{"self":[{"href":"https:\/\/toysplusshop.com\/index.php?rest_route=\/wp\/v2\/product\/27164","targetHints":{"allow":["GET"]}}],"collection":[{"href":"https:\/\/toysplusshop.com\/index.php?rest_route=\/wp\/v2\/product"}],"about":[{"href":"https:\/\/toysplusshop.com\/index.php?rest_route=\/wp\/v2\/types\/product"}],"replies":[{"embeddable":true,"href":"https:\/\/toysplusshop.com\/index.php?rest_route=%2Fwp%2Fv2%2Fcomments&post=27164"}],"version-history":[{"count":2,"href":"https:\/\/toysplusshop.com\/index.php?rest_route=\/wp\/v2\/product\/27164\/revisions"}],"predecessor-version":[{"id":33231,"href":"https:\/\/toysplusshop.com\/index.php?rest_route=\/wp\/v2\/product\/27164\/revisions\/33231"}],"wp:featuredmedia":[{"embeddable":true,"href":"https:\/\/toysplusshop.com\/index.php?rest_route=\/wp\/v2\/media\/27165"}],"wp:attachment":[{"href":"https:\/\/toysplusshop.com\/index.php?rest_route=%2Fwp%2Fv2%2Fmedia&parent=27164"}],"wp:term":[{"taxonomy":"product_brand","embeddable":true,"href":"https:\/\/toysplusshop.com\/index.php?rest_route=%2Fwp%2Fv2%2Fproduct_brand&post=27164"},{"taxonomy":"product_cat","embeddable":true,"href":"https:\/\/toysplusshop.com\/index.php?rest_route=%2Fwp%2Fv2%2Fproduct_cat&post=27164"},{"taxonomy":"product_tag","embeddable":true,"href":"https:\/\/toysplusshop.com\/index.php?rest_route=%2Fwp%2Fv2%2Fproduct_tag&post=27164"}],"curies":[{"name":"wp","href":"https:\/\/api.w.org\/{rel}","templated":true}]}}