{"id":27323,"date":"2024-03-16T09:06:29","date_gmt":"2024-03-16T09:06:29","guid":{"rendered":"https:\/\/toysplusshop.com\/?post_type=product&#038;p=27323"},"modified":"2024-07-04T14:40:49","modified_gmt":"2024-07-04T14:40:49","slug":"lego-super-mario-conkdorun-kafa-tokmagi-ek-macera-seti-71414","status":"publish","type":"product","link":"https:\/\/toysplusshop.com\/?product=lego-super-mario-conkdorun-kafa-tokmagi-ek-macera-seti-71414","title":{"rendered":"LEGO 71414 SUPER MARIO CONKDOR&#8217;UN KAFA TOKMA\u011eI EK MACERA SET\u0130"},"content":{"rendered":"<p>LEGO\u00ae Super Mario\u2122 hayranlar\u0131, bu Conkdor&#8217;un Kafa Tokma\u011f\u0131 Ek Macera Seti (71414) ile b\u00fcy\u00fck bir karakterin kar\u015f\u0131s\u0131na \u00e7\u0131kabilir. \u0130nteraktif bir LEGO\u00ae Mario\u2122, LEGO\u00ae Luigi\u2122 veya LEGO\u00ae Peach\u2122 fig\u00fcr\u00fcn\u00fcn (dahil de\u011fildir) kar\u015f\u0131s\u0131na \u00e7\u0131k\u0131p sava\u015fmas\u0131 i\u00e7in b\u00fcy\u00fck, in\u015fa edilebilen bir d\u00fc\u015fman Conkdor fig\u00fcr\u00fc i\u00e7erir. Teti\u011fin \u00fczerine atlay\u0131n ve sald\u0131ran Conkdor\u2019un b\u00fcy\u00fck gagas\u0131ndan ve uzun boynundan ka\u00e7\u0131n, sonra ba\u015f\u0131na basarak onu yenin. Conkdor\u2019u tekrar kald\u0131rmak i\u00e7in atlama tahtas\u0131na z\u0131play\u0131n. Yard\u0131mc\u0131 uygulama Bu yarat\u0131c\u0131 oyuncak seti, bir LEGO Super Mario Ba\u015flang\u0131\u00e7 Seti\u2019ne sahip (71360, 71387 veya 71403 \u2013 oyun i\u00e7in gereklidir) 6 ya\u015f ve \u00fczeri \u00e7ocuklar i\u00e7in harika bir hediyedir. Yarat\u0131c\u0131 deneyimlerini geli\u015ftirmek i\u00e7in yap\u0131m talimatlar\u0131, ilham verici fikirler ve daha fazlas\u0131n\u0131 bulabilece\u011finiz LEGO Super Mario uygulamas\u0131n\u0131 indirin. Seviye atlay\u0131n Koleksiyonluk LEGO Super Mario Ba\u015flang\u0131\u00e7 Setleri ve Ek Macera Setleri, hayranlar\u0131n dijital madeni para toplama oyunlar\u0131 i\u00e7in kendi benzersiz seviyelerini geni\u015fletmelerine, yeniden in\u015fa etmelerine ve ki\u015fiselle\u015ftirmelerine olanak tan\u0131r.;<br \/>\nConkdor\u2019u yenin yoksa kafa atar \u2013 Hayranlar, bu 71414 Ek Macera Seti ile LEGO\u00ae Super Mario\u2122 d\u00fcnyalar\u0131na Conkdor\u2019un Kafa Tokma\u011f\u0131 engelini ekleyebilir;<br \/>\nBir LEGO\u00ae Super Mario\u2122 d\u00fc\u015fman Conkdor fig\u00fcr\u00fc \u2013 LEGO yap\u0131m par\u00e7alar\u0131yla, ba\u015f\u0131nda bir Aksiyon Etiketi olan Conkdor fig\u00fcr\u00fcn\u00fc yap\u0131n;<br \/>\nE\u011flenceli oyun \u00f6zellikleri \u2013 Teti\u011fe atlay\u0131n ve d\u00fc\u015fen Conkdor\u2019dan ka\u00e7\u0131n, sonra yenmek i\u00e7in ba\u015f\u0131na bas\u0131n. Conkdor\u2019un tekrar y\u00fckselmesi i\u00e7in atlama tahtas\u0131na z\u0131play\u0131n;<br \/>\nBir Ba\u015flang\u0131\u00e7 Seti ekleyin \u2013 \u0130nteraktif oyun i\u00e7in bir LEGO\u00ae Super Mario\u2122 Ba\u015flang\u0131\u00e7 Seti (LEGO\u00ae Mario\u2122\u2019lu 71360, LEGO\u00ae Luigi\u2122\u2019li 71387 veya LEGO\u00ae Peach\u2122\u2019li 71403) gereklidir;<br \/>\n6 ya\u015f ve \u00fczeri i\u00e7in hediye \u2013 Bu 130 par\u00e7al\u0131 set, bir LEGO\u00ae Super Mario\u2122 Ba\u015flang\u0131\u00e7 Seti olan \u00e7ocuklar i\u00e7in e\u011flenceli bir do\u011fum g\u00fcn\u00fc, y\u0131lba\u015f\u0131 hediyesi veya \u00f6d\u00fcl olacakt\u0131r;<br \/>\nE\u011flenceli karakter \u2013 Bu in\u015fa edilebilen mod\u00fcl\u00fcn y\u00fcksekli\u011fi 14 cm, geni\u015fli\u011fi 6 cm, derinli\u011fi 15 cm\u2019dir ve di\u011fer LEGO\u00ae Super Mario\u2122 oyuncaklar\u0131yla birle\u015ftirilebilir;<br \/>\nYard\u0131mc\u0131 uygulama \u2013 Yap\u0131m talimatlar\u0131, yarat\u0131c\u0131 fikirler ve daha fazlas\u0131 i\u00e7in LEGO\u00ae Super Mario\u2122 yard\u0131mc\u0131 uygulamas\u0131n\u0131 indirin. Uyumlu Android ve iOS cihazlar\u0131n bir listesini LEGO.com\/devicecheck adresinde bulabilirsiniz;<br \/>\nS\u0131n\u0131rs\u0131z yarat\u0131c\u0131l\u0131k \u2013 Koleksiyonluk Mod\u00fcler LEGO\u00ae Super Mario\u2122 oyuncak yap\u0131m setleri, Super Mario\u2122 karakterlerini ger\u00e7ek d\u00fcnyaya ta\u015f\u0131r ve hayranlar\u0131na benzersiz seviyeler yapman\u0131n s\u0131n\u0131rs\u0131z yolunu sunar;<br \/>\nY\u00fcksek kalite \u2013 LEGO\u00ae yap\u0131m par\u00e7alar\u0131, uyumlu olmalar\u0131n\u0131, basit ve sa\u011flam bir \u015fekilde tak\u0131l\u0131p \u00e7\u0131kar\u0131labilmelerini garanti etmek i\u00e7in titiz sekt\u00f6r standartlar\u0131na uygundur;<br \/>\nG\u00fcvenlik garantisi \u2013 LEGO\u00ae yap\u0131m par\u00e7alar\u0131, kat\u0131 global g\u00fcvenlik standartlar\u0131na uygun oldu\u011fundan emin olmak i\u00e7in d\u00fc\u015f\u00fcr\u00fcl\u00fcr, \u0131s\u0131t\u0131l\u0131r, ezilir, b\u00fck\u00fcl\u00fcr ve analiz edilir<\/p>\n","protected":false},"excerpt":{"rendered":"<p>LEGO\u00ae Super Mario\u2122 hayranlar\u0131, bu Conkdor&#8217;un Kafa Tokma\u011f\u0131 Ek Macera Seti (71414) ile b\u00fcy\u00fck bir karakterin kar\u015f\u0131s\u0131na \u00e7\u0131kabilir. \u0130nteraktif bir LEGO\u00ae Mario\u2122, LEGO\u00ae Luigi\u2122 veya LEGO\u00ae Peach\u2122 fig\u00fcr\u00fcn\u00fcn (dahil de\u011fildir) kar\u015f\u0131s\u0131na \u00e7\u0131k\u0131p sava\u015fmas\u0131 i\u00e7in b\u00fcy\u00fck, in\u015fa edilebilen bir d\u00fc\u015fman Conkdor fig\u00fcr\u00fc i\u00e7erir. Teti\u011fin \u00fczerine atlay\u0131n ve sald\u0131ran Conkdor\u2019un b\u00fcy\u00fck gagas\u0131ndan ve uzun boynundan ka\u00e7\u0131n, sonra ba\u015f\u0131na basarak onu yenin. Conkdor\u2019u tekrar kald\u0131rmak i\u00e7in atlama tahtas\u0131na z\u0131play\u0131n. Yard\u0131mc\u0131 uygulama Bu yarat\u0131c\u0131 oyuncak seti, bir LEGO Super Mario Ba\u015flang\u0131\u00e7 Seti\u2019ne sahip (71360, 71387 veya 71403 \u2013 oyun i\u00e7in gereklidir) 6 ya\u015f ve \u00fczeri \u00e7ocuklar i\u00e7in harika bir hediyedir. Yarat\u0131c\u0131 deneyimlerini geli\u015ftirmek i\u00e7in yap\u0131m talimatlar\u0131, ilham verici fikirler ve daha fazlas\u0131n\u0131 bulabilece\u011finiz LEGO Super Mario uygulamas\u0131n\u0131 indirin. Seviye atlay\u0131n Koleksiyonluk LEGO Super Mario Ba\u015flang\u0131\u00e7 Setleri ve Ek Macera Setleri, hayranlar\u0131n dijital madeni para toplama oyunlar\u0131 i\u00e7in kendi benzersiz seviyelerini geni\u015fletmelerine, yeniden in\u015fa etmelerine ve ki\u015fiselle\u015ftirmelerine olanak tan\u0131r.; Conkdor\u2019u yenin yoksa kafa atar \u2013 Hayranlar, bu 71414 Ek Macera Seti ile LEGO\u00ae Super Mario\u2122 d\u00fcnyalar\u0131na Conkdor\u2019un Kafa Tokma\u011f\u0131 engelini ekleyebilir; Bir LEGO\u00ae Super Mario\u2122 d\u00fc\u015fman Conkdor fig\u00fcr\u00fc \u2013 LEGO yap\u0131m par\u00e7alar\u0131yla, ba\u015f\u0131nda bir Aksiyon Etiketi olan Conkdor fig\u00fcr\u00fcn\u00fc yap\u0131n; E\u011flenceli oyun \u00f6zellikleri \u2013 Teti\u011fe atlay\u0131n ve d\u00fc\u015fen Conkdor\u2019dan ka\u00e7\u0131n, sonra yenmek i\u00e7in ba\u015f\u0131na bas\u0131n. Conkdor\u2019un tekrar y\u00fckselmesi i\u00e7in atlama tahtas\u0131na z\u0131play\u0131n; Bir Ba\u015flang\u0131\u00e7 Seti ekleyin \u2013 \u0130nteraktif oyun i\u00e7in bir LEGO\u00ae Super Mario\u2122 Ba\u015flang\u0131\u00e7 Seti (LEGO\u00ae Mario\u2122\u2019lu 71360, LEGO\u00ae Luigi\u2122\u2019li 71387 veya LEGO\u00ae Peach\u2122\u2019li 71403) gereklidir; 6 ya\u015f ve \u00fczeri i\u00e7in hediye \u2013 Bu 130 par\u00e7al\u0131 set, bir LEGO\u00ae Super Mario\u2122 Ba\u015flang\u0131\u00e7 Seti olan \u00e7ocuklar i\u00e7in e\u011flenceli bir do\u011fum g\u00fcn\u00fc, y\u0131lba\u015f\u0131 hediyesi veya \u00f6d\u00fcl olacakt\u0131r; E\u011flenceli karakter \u2013 Bu in\u015fa edilebilen mod\u00fcl\u00fcn y\u00fcksekli\u011fi 14 cm, geni\u015fli\u011fi 6 cm, derinli\u011fi 15 cm\u2019dir ve di\u011fer LEGO\u00ae Super Mario\u2122 oyuncaklar\u0131yla birle\u015ftirilebilir; Yard\u0131mc\u0131 uygulama \u2013 Yap\u0131m talimatlar\u0131, yarat\u0131c\u0131 fikirler ve daha fazlas\u0131 i\u00e7in LEGO\u00ae Super Mario\u2122 yard\u0131mc\u0131 uygulamas\u0131n\u0131 indirin. Uyumlu Android ve iOS cihazlar\u0131n bir listesini LEGO.com\/devicecheck adresinde bulabilirsiniz; S\u0131n\u0131rs\u0131z yarat\u0131c\u0131l\u0131k \u2013 Koleksiyonluk Mod\u00fcler LEGO\u00ae Super Mario\u2122 oyuncak yap\u0131m setleri, Super Mario\u2122 karakterlerini ger\u00e7ek d\u00fcnyaya ta\u015f\u0131r ve hayranlar\u0131na benzersiz seviyeler yapman\u0131n s\u0131n\u0131rs\u0131z yolunu sunar; Y\u00fcksek kalite \u2013 LEGO\u00ae yap\u0131m par\u00e7alar\u0131, uyumlu olmalar\u0131n\u0131, basit ve sa\u011flam bir \u015fekilde tak\u0131l\u0131p \u00e7\u0131kar\u0131labilmelerini garanti etmek i\u00e7in titiz sekt\u00f6r standartlar\u0131na uygundur; G\u00fcvenlik garantisi \u2013 LEGO\u00ae yap\u0131m par\u00e7alar\u0131, kat\u0131 global g\u00fcvenlik standartlar\u0131na uygun oldu\u011fundan emin olmak i\u00e7in d\u00fc\u015f\u00fcr\u00fcl\u00fcr, \u0131s\u0131t\u0131l\u0131r, ezilir, b\u00fck\u00fcl\u00fcr ve analiz edilir<\/p>\n","protected":false},"featured_media":27324,"comment_status":"open","ping_status":"closed","template":"","meta":[],"product_brand":[],"product_cat":[555,850],"product_tag":[864,977],"class_list":{"0":"post-27323","1":"product","2":"type-product","3":"status-publish","4":"has-post-thumbnail","6":"product_cat-lego","7":"product_cat-super-mario","8":"product_tag-lego","9":"product_tag-lego-71414","11":"first","12":"instock","13":"shipping-taxable","14":"purchasable","15":"product-type-simple"},"_links":{"self":[{"href":"https:\/\/toysplusshop.com\/index.php?rest_route=\/wp\/v2\/product\/27323","targetHints":{"allow":["GET"]}}],"collection":[{"href":"https:\/\/toysplusshop.com\/index.php?rest_route=\/wp\/v2\/product"}],"about":[{"href":"https:\/\/toysplusshop.com\/index.php?rest_route=\/wp\/v2\/types\/product"}],"replies":[{"embeddable":true,"href":"https:\/\/toysplusshop.com\/index.php?rest_route=%2Fwp%2Fv2%2Fcomments&post=27323"}],"version-history":[{"count":2,"href":"https:\/\/toysplusshop.com\/index.php?rest_route=\/wp\/v2\/product\/27323\/revisions"}],"predecessor-version":[{"id":33214,"href":"https:\/\/toysplusshop.com\/index.php?rest_route=\/wp\/v2\/product\/27323\/revisions\/33214"}],"wp:featuredmedia":[{"embeddable":true,"href":"https:\/\/toysplusshop.com\/index.php?rest_route=\/wp\/v2\/media\/27324"}],"wp:attachment":[{"href":"https:\/\/toysplusshop.com\/index.php?rest_route=%2Fwp%2Fv2%2Fmedia&parent=27323"}],"wp:term":[{"taxonomy":"product_brand","embeddable":true,"href":"https:\/\/toysplusshop.com\/index.php?rest_route=%2Fwp%2Fv2%2Fproduct_brand&post=27323"},{"taxonomy":"product_cat","embeddable":true,"href":"https:\/\/toysplusshop.com\/index.php?rest_route=%2Fwp%2Fv2%2Fproduct_cat&post=27323"},{"taxonomy":"product_tag","embeddable":true,"href":"https:\/\/toysplusshop.com\/index.php?rest_route=%2Fwp%2Fv2%2Fproduct_tag&post=27323"}],"curies":[{"name":"wp","href":"https:\/\/api.w.org\/{rel}","templated":true}]}}