{"id":27529,"date":"2024-03-16T11:50:27","date_gmt":"2024-03-16T11:50:27","guid":{"rendered":"https:\/\/toysplusshop.com\/?post_type=product&#038;p=27529"},"modified":"2024-07-04T15:15:47","modified_gmt":"2024-07-04T15:15:47","slug":"lego-technic-peugeot-9x8-24h-le-mans-hybrid-hypercar-42156","status":"publish","type":"product","link":"https:\/\/toysplusshop.com\/?product=lego-technic-peugeot-9x8-24h-le-mans-hybrid-hypercar-42156","title":{"rendered":"LEGO 42156 TECHNIC PEUGEOT 9&#215;8 24H LE MANS HYBRID HYPERCAR"},"content":{"rendered":"<p>Yeti\u015fkinler i\u00e7in bu LEGO\u00ae Technic\u2122 PEUGEOT 9X8 24H Le Mans Hybrid Hypercar (42156) setiyle 2023\u2019te Le Mans\u2019ta yar\u0131\u015f\u0131n 100. y\u0131l\u0131n\u0131 kutlay\u0131n. Araba, D\u00fcnya Dayan\u0131kl\u0131l\u0131k \u015eampiyonas\u0131\u2019n\u0131n LMH klasman\u0131nda ilk kez yar\u0131\u015f\u0131rken, siz de yar\u0131\u015f teknolojisindeki en son inovasyonlar\u0131 yakalayan detaylar\u0131 canland\u0131rarak tatmin edici bir projenin keyfini \u00e7\u0131kar\u0131n. Asl\u0131na uygun detaylar 1:10 \u00f6l\u00e7ekli model araban\u0131z\u0131 in\u015fa ederken detaylar\u0131na hayran kalacaks\u0131n\u0131z. Arka tekerleklere ba\u011flanan V6 pistonlu motor, elektrikli motor ve ona ba\u011fl\u0131 bataryan\u0131n model versiyonundan olu\u015fan hibrit sistemi inceleyin. \u00d6zellikle bu model i\u00e7in tasarlanan s\u00fcspansiyona ve direksiyonu ya da araban\u0131n \u00fcst\u00fcndeki di\u015fli \u00e7ark\u0131n\u0131 kullanarak \u00e7al\u0131\u015fan y\u00f6nlendirmeye yak\u0131ndan bak\u0131n. Karanl\u0131kta parlayan par\u00e7alar, ger\u00e7ek bir 24 saatlik yar\u0131\u015f\u0131n atmosferini yakalar. Resmin tamam\u0131n\u0131 g\u00f6r\u00fcn LEGO Builder uygulamas\u0131, talimatlar\u0131 d\u00fczenli tutman\u0131n kolay bir yoludur Uygulamay\u0131 kullanarak modelleri 3 boyutlu yak\u0131nla\u015ft\u0131rabilir ve d\u00f6nd\u00fcrebilir, setleri kaydedebilir, ilerlemeyi takip edebilir ve yeni modeller i\u00e7in ilham verici fikirler bulabilirsiniz.;<\/p>\n<ul>\n<li>Yar\u0131\u015f arabas\u0131 hayranlar\u0131 i\u00e7in bir kutlama \u2013 Yeti\u015fkinler i\u00e7in bu orijinal LEGO\u00ae Technic PEUGEOT 9X8 24H Le Mans Hybrid Hypercar (42156) model yap\u0131m setiyle 2023\u2019te Le Mans\u2019ta yar\u0131\u015f\u0131n 100. y\u0131l\u0131n\u0131 kutlay\u0131n;<\/li>\n<li>Motorlar\u0131n\u0131z\u0131 \u00e7al\u0131\u015ft\u0131r\u0131n \u2013 V6 pistonlu motor dahil hibrit sistemi in\u015fa edin. A\u00e7\u0131lan kap\u0131lara, direksiyona ve \u00f6zellikle bu model i\u00e7in tasarlanan \u00f6n ve arka s\u00fcspansiyona yak\u0131ndan bak\u0131n.;<\/li>\n<li>Detaylar\u0131 canland\u0131r\u0131n \u2013 Grafik \u00e7\u0131kartmalar\u0131, PEUGEOT ve sponsor logolar\u0131yla modelinize son dokunu\u015flar\u0131 ekleyin;<\/li>\n<li>Gece boyunca araba s\u00fcr\u00fcn \u2013 Bu set, ger\u00e7ek bir 24 saatlik yar\u0131\u015f\u0131n atmosferini yakalamak i\u00e7in karanl\u0131kta parlayan LEGO\u00ae Technic\u2122 \u0131\u015f\u0131kl\u0131 yap\u0131m par\u00e7alar\u0131 i\u00e7erir;<\/li>\n<li>Araba tutkunlar\u0131 i\u00e7in bir hediye \u2013 Sergilenebilecek, koleksiyonluk bir hiper araba modeliyle yarat\u0131c\u0131 bir yap\u0131m projesi sunan bu setle kendinizi ya da hayat\u0131n\u0131zdaki araba merakl\u0131s\u0131n\u0131 \u00f6d\u00fcllendirin;<\/li>\n<li>Boyutlar \u2013 Bu LEGO\u00ae Technic in\u015fa edilebilen modelin y\u00fcksekli\u011fi 13 cm, uzunlu\u011fu 50 cm, geni\u015fli\u011fi 22 cm\u2019dir;<\/li>\n<li>B\u00fcy\u00fck resmi g\u00f6r\u00fcn \u2013 LEGO\u00ae Builder uygulamas\u0131, yap\u0131m talimatlar\u0131n\u0131z\u0131 saklaman\u0131n ve modellerinizi takip etmenin yollar\u0131n\u0131, ayr\u0131ca modelleri 3 boyutlu yak\u0131nla\u015ft\u0131rma ve d\u00f6nd\u00fcrme ara\u00e7lar\u0131n\u0131 sunar;<\/li>\n<li>Yolculuk sizi nereye g\u00f6t\u00fcrecek? \u2013 LEGO\u00ae Technic evreni, \u00f6zellikle yeti\u015fkinler i\u00e7in tasarlanan \u00e7ok say\u0131da in\u015fa edilebilen modelle ileri d\u00fczey bir yap\u0131m deneyimi sunar;<\/li>\n<li>Y\u00fcksek kalite \u2013 Dayan\u0131kl\u0131, birbiriyle uyumlu ve her seferinde g\u00fcvenle birle\u015ftirilebilen LEGO\u00ae Technic yap\u0131m par\u00e7alar\u0131, titiz sekt\u00f6r standartlar\u0131na uygundur;<\/li>\n<li>\u00d6nce g\u00fcvenlik \u2013 LEGO\u00ae Technic par\u00e7alar\u0131, kat\u0131 global g\u00fcvenlik standartlar\u0131n\u0131 kar\u015f\u0131lad\u0131\u011f\u0131ndan emin olmak i\u00e7in d\u00fc\u015f\u00fcr\u00fcl\u00fcr, \u0131s\u0131t\u0131l\u0131r, ezilir, b\u00fck\u00fcl\u00fcr ve analiz edilir<\/li>\n<\/ul>\n","protected":false},"excerpt":{"rendered":"<p>Yeti\u015fkinler i\u00e7in bu LEGO\u00ae Technic\u2122 PEUGEOT 9X8 24H Le Mans Hybrid Hypercar (42156) setiyle 2023\u2019te Le Mans\u2019ta yar\u0131\u015f\u0131n 100. y\u0131l\u0131n\u0131 kutlay\u0131n. Araba, D\u00fcnya Dayan\u0131kl\u0131l\u0131k \u015eampiyonas\u0131\u2019n\u0131n LMH klasman\u0131nda ilk kez yar\u0131\u015f\u0131rken, siz de yar\u0131\u015f teknolojisindeki en son inovasyonlar\u0131 yakalayan detaylar\u0131 canland\u0131rarak tatmin edici bir projenin keyfini \u00e7\u0131kar\u0131n. Asl\u0131na uygun detaylar 1:10 \u00f6l\u00e7ekli model araban\u0131z\u0131 in\u015fa ederken detaylar\u0131na hayran kalacaks\u0131n\u0131z. Arka tekerleklere ba\u011flanan V6 pistonlu motor, elektrikli motor ve ona ba\u011fl\u0131 bataryan\u0131n model versiyonundan olu\u015fan hibrit sistemi inceleyin. \u00d6zellikle bu model i\u00e7in tasarlanan s\u00fcspansiyona ve direksiyonu ya da araban\u0131n \u00fcst\u00fcndeki di\u015fli \u00e7ark\u0131n\u0131 kullanarak \u00e7al\u0131\u015fan y\u00f6nlendirmeye yak\u0131ndan bak\u0131n. Karanl\u0131kta parlayan par\u00e7alar, ger\u00e7ek bir 24 saatlik yar\u0131\u015f\u0131n atmosferini yakalar. Resmin tamam\u0131n\u0131 g\u00f6r\u00fcn LEGO Builder uygulamas\u0131, talimatlar\u0131 d\u00fczenli tutman\u0131n kolay bir yoludur Uygulamay\u0131 kullanarak modelleri 3 boyutlu yak\u0131nla\u015ft\u0131rabilir ve d\u00f6nd\u00fcrebilir, setleri kaydedebilir, ilerlemeyi takip edebilir ve yeni modeller i\u00e7in ilham verici fikirler bulabilirsiniz.; Yar\u0131\u015f arabas\u0131 hayranlar\u0131 i\u00e7in bir kutlama \u2013 Yeti\u015fkinler i\u00e7in bu orijinal LEGO\u00ae Technic PEUGEOT 9X8 24H Le Mans Hybrid Hypercar (42156) model yap\u0131m setiyle 2023\u2019te Le Mans\u2019ta yar\u0131\u015f\u0131n 100. y\u0131l\u0131n\u0131 kutlay\u0131n; Motorlar\u0131n\u0131z\u0131 \u00e7al\u0131\u015ft\u0131r\u0131n \u2013 V6 pistonlu motor dahil hibrit sistemi in\u015fa edin. A\u00e7\u0131lan kap\u0131lara, direksiyona ve \u00f6zellikle bu model i\u00e7in tasarlanan \u00f6n ve arka s\u00fcspansiyona yak\u0131ndan bak\u0131n.; Detaylar\u0131 canland\u0131r\u0131n \u2013 Grafik \u00e7\u0131kartmalar\u0131, PEUGEOT ve sponsor logolar\u0131yla modelinize son dokunu\u015flar\u0131 ekleyin; Gece boyunca araba s\u00fcr\u00fcn \u2013 Bu set, ger\u00e7ek bir 24 saatlik yar\u0131\u015f\u0131n atmosferini yakalamak i\u00e7in karanl\u0131kta parlayan LEGO\u00ae Technic\u2122 \u0131\u015f\u0131kl\u0131 yap\u0131m par\u00e7alar\u0131 i\u00e7erir; Araba tutkunlar\u0131 i\u00e7in bir hediye \u2013 Sergilenebilecek, koleksiyonluk bir hiper araba modeliyle yarat\u0131c\u0131 bir yap\u0131m projesi sunan bu setle kendinizi ya da hayat\u0131n\u0131zdaki araba merakl\u0131s\u0131n\u0131 \u00f6d\u00fcllendirin; Boyutlar \u2013 Bu LEGO\u00ae Technic in\u015fa edilebilen modelin y\u00fcksekli\u011fi 13 cm, uzunlu\u011fu 50 cm, geni\u015fli\u011fi 22 cm\u2019dir; B\u00fcy\u00fck resmi g\u00f6r\u00fcn \u2013 LEGO\u00ae Builder uygulamas\u0131, yap\u0131m talimatlar\u0131n\u0131z\u0131 saklaman\u0131n ve modellerinizi takip etmenin yollar\u0131n\u0131, ayr\u0131ca modelleri 3 boyutlu yak\u0131nla\u015ft\u0131rma ve d\u00f6nd\u00fcrme ara\u00e7lar\u0131n\u0131 sunar; Yolculuk sizi nereye g\u00f6t\u00fcrecek? \u2013 LEGO\u00ae Technic evreni, \u00f6zellikle yeti\u015fkinler i\u00e7in tasarlanan \u00e7ok say\u0131da in\u015fa edilebilen modelle ileri d\u00fczey bir yap\u0131m deneyimi sunar; Y\u00fcksek kalite \u2013 Dayan\u0131kl\u0131, birbiriyle uyumlu ve her seferinde g\u00fcvenle birle\u015ftirilebilen LEGO\u00ae Technic yap\u0131m par\u00e7alar\u0131, titiz sekt\u00f6r standartlar\u0131na uygundur; \u00d6nce g\u00fcvenlik \u2013 LEGO\u00ae Technic par\u00e7alar\u0131, kat\u0131 global g\u00fcvenlik standartlar\u0131n\u0131 kar\u015f\u0131lad\u0131\u011f\u0131ndan emin olmak i\u00e7in d\u00fc\u015f\u00fcr\u00fcl\u00fcr, \u0131s\u0131t\u0131l\u0131r, ezilir, b\u00fck\u00fcl\u00fcr ve analiz edilir<\/p>\n","protected":false},"featured_media":28472,"comment_status":"open","ping_status":"closed","template":"","meta":[],"product_brand":[],"product_cat":[555,845],"product_tag":[864,1000],"class_list":{"0":"post-27529","1":"product","2":"type-product","3":"status-publish","4":"has-post-thumbnail","6":"product_cat-lego","7":"product_cat-technic","8":"product_tag-lego","9":"product_tag-lego-42156","11":"first","12":"outofstock","13":"shipping-taxable","14":"purchasable","15":"product-type-simple"},"_links":{"self":[{"href":"https:\/\/toysplusshop.com\/index.php?rest_route=\/wp\/v2\/product\/27529","targetHints":{"allow":["GET"]}}],"collection":[{"href":"https:\/\/toysplusshop.com\/index.php?rest_route=\/wp\/v2\/product"}],"about":[{"href":"https:\/\/toysplusshop.com\/index.php?rest_route=\/wp\/v2\/types\/product"}],"replies":[{"embeddable":true,"href":"https:\/\/toysplusshop.com\/index.php?rest_route=%2Fwp%2Fv2%2Fcomments&post=27529"}],"version-history":[{"count":2,"href":"https:\/\/toysplusshop.com\/index.php?rest_route=\/wp\/v2\/product\/27529\/revisions"}],"predecessor-version":[{"id":33190,"href":"https:\/\/toysplusshop.com\/index.php?rest_route=\/wp\/v2\/product\/27529\/revisions\/33190"}],"wp:featuredmedia":[{"embeddable":true,"href":"https:\/\/toysplusshop.com\/index.php?rest_route=\/wp\/v2\/media\/28472"}],"wp:attachment":[{"href":"https:\/\/toysplusshop.com\/index.php?rest_route=%2Fwp%2Fv2%2Fmedia&parent=27529"}],"wp:term":[{"taxonomy":"product_brand","embeddable":true,"href":"https:\/\/toysplusshop.com\/index.php?rest_route=%2Fwp%2Fv2%2Fproduct_brand&post=27529"},{"taxonomy":"product_cat","embeddable":true,"href":"https:\/\/toysplusshop.com\/index.php?rest_route=%2Fwp%2Fv2%2Fproduct_cat&post=27529"},{"taxonomy":"product_tag","embeddable":true,"href":"https:\/\/toysplusshop.com\/index.php?rest_route=%2Fwp%2Fv2%2Fproduct_tag&post=27529"}],"curies":[{"name":"wp","href":"https:\/\/api.w.org\/{rel}","templated":true}]}}