{"id":27729,"date":"2024-03-17T09:46:04","date_gmt":"2024-03-17T09:46:04","guid":{"rendered":"https:\/\/toysplusshop.com\/?post_type=product&#038;p=27729"},"modified":"2025-07-07T14:09:30","modified_gmt":"2025-07-07T14:09:30","slug":"lego-marvel-kaptan-amerika-yapim-figuru-76258","status":"publish","type":"product","link":"https:\/\/toysplusshop.com\/?product=lego-marvel-kaptan-amerika-yapim-figuru-76258","title":{"rendered":"LEGO 76258 MARVEL KAPTAN AMER\u0130KA YAPIM F\u0130G\u00dcR\u00dc"},"content":{"rendered":"<p>Marvel Sinema Evreni\u2019nin en \u00fcnl\u00fc s\u00fcper askerini, 8 ya\u015f ve \u00fczeri gen\u00e7 S\u00fcper Kahramanlar\u0131n ellerine verin. 25 cm boyundaki bu LEGO\u00ae Marvel Kaptan Amerika Yap\u0131m Fig\u00fcr\u00fc (76258), s\u0131n\u0131rs\u0131z yarat\u0131c\u0131 oyunlar\u0131 te\u015fvik etmek i\u00e7in tam eklemlidir ve orijinal detaylarla doludur. \u0130konik Marvel fig\u00fcr\u00fc Bu koleksiyonluk Marvel Avengers karakterini in\u015fa etmek e\u011flencelidir, oynamak ve sergilemek i\u00e7in s\u0131n\u0131rs\u0131z olas\u0131l\u0131k sunar. Fig\u00fcr\u00fcn hareketli omuz, kol, kal\u00e7a ve bacak eklemleri, \u00e7ocuklar\u0131n bitmek bilmeyen heyecan verici g\u00f6revlere \u00e7\u0131karken haval\u0131 aksiyon pozlar\u0131 olu\u015fturmalar\u0131n\u0131 sa\u011flar. Ta\u015f\u0131nabilir oyun fig\u00fcr\u00fc, aksiyonun gerektirdi\u011fi \u015fekilde eline veya s\u0131rt\u0131na tak\u0131labilen \u00fcnl\u00fc kalkan gibi orijinal detaylara sahiptir. Ekstra dijital e\u011flence i\u00e7in model severler, sezgisel LEGO Builder uygulamas\u0131yla setleri 3 boyutlu yak\u0131nla\u015ft\u0131rabilir, d\u00f6nd\u00fcrebilir ve ilerlemelerini takip edebilir.;<\/p>\n<ul>\n<li>Kaptan Amerika oyun fig\u00fcr\u00fc \u2013 Tam eklemli LEGO\u00ae Marvel Kaptan Amerika Yap\u0131m Fig\u00fcr\u00fc (76258), s\u0131n\u0131rs\u0131z yarat\u0131c\u0131 maceray\u0131 gen\u00e7 S\u00fcper Kahramanlar\u0131n ellerine verir;<\/li>\n<li>Marvel\u2019\u0131n s\u00fcper askeri \u2013 310 par\u00e7al\u0131 fig\u00fcr\u00fcn hareketli omuz, kol, kal\u00e7a ve bacak eklemleri ile karakterin ellerine veya s\u0131rt\u0131na tak\u0131labilen \u00fcnl\u00fc kalkan\u0131 bulunur;<\/li>\n<li>Aksiyon i\u00e7in ayarlan\u0131r \u2013 \u00c7ocuklar, Marvel filmlerinden g\u00f6revleri canland\u0131r\u0131rken ve kendi bitmeyen maceralar\u0131n\u0131 ya\u015farken fig\u00fcr\u00fc hareket ettirir ve poz verdirir;<\/li>\n<li>\u00c7ocuklar i\u00e7in hediye \u2013 Bu uygulamal\u0131 oyun fig\u00fcr\u00fcn\u00fc, 8 ya\u015f ve \u00fczeri k\u00fc\u00e7\u00fck bir S\u00fcper Kahramana do\u011fum g\u00fcn\u00fc, y\u0131lba\u015f\u0131 ya da \u201ci\u00e7imden geldi\u201d hediyesi olarak verin;<\/li>\n<li>Ta\u015f\u0131nabilir oyun \u2013 25 cm boyundaki bu kullan\u0131\u015fl\u0131 fig\u00fcr, \u00e7ocuklar\u0131n maceralar\u0131n\u0131 her yere ta\u015f\u0131yabilmelerini sa\u011flar;<\/li>\n<li>Sezgisel yap\u0131m talimatlar\u0131 \u2013 S\u00fcr\u00fckleyici bir yap\u0131m deneyimi i\u00e7in \u00e7ocuklar modelleri 3 boyutlu olarak yak\u0131nla\u015ft\u0131r\u0131p d\u00f6nd\u00fcrmelerine, setleri kaydetmelerine ve ilerlemeyi takip etmelerine olanak tan\u0131yan dijital ara\u00e7lar i\u00e7eren LEGO\u00ae Builder uygulamas\u0131n\u0131 indirebilir;<\/li>\n<li>S\u00fcper Kahraman e\u011flencesini geni\u015fletin \u2013 Seride Wolverine (76257), \u00d6r\u00fcmcek Adam (76226) ve Venom (76230) setleri gibi koleksiyona eklenebilecek daha fazla LEGO\u00ae Marvel yap\u0131m fig\u00fcr\u00fc var;<\/li>\n<li>Kalite garantili \u2013 Tutarl\u0131, uyumlu ve kolayca model yap\u0131labilen LEGO\u00ae par\u00e7alar\u0131, sekt\u00f6r\u00fcn kat\u0131 kalite standartlar\u0131na uygundur;<\/li>\n<li>G\u00fcvenlik garantili \u2013 LEGO\u00ae yap\u0131m par\u00e7alar\u0131, titiz global g\u00fcvenlik standartlar\u0131na uygun oldu\u011fundan emin olmak i\u00e7in d\u00fc\u015f\u00fcr\u00fcl\u00fcr, \u0131s\u0131t\u0131l\u0131r, ezilir, b\u00fck\u00fcl\u00fcr veanaliz edilir;<\/li>\n<\/ul>\n","protected":false},"excerpt":{"rendered":"<p>Marvel Sinema Evreni\u2019nin en \u00fcnl\u00fc s\u00fcper askerini, 8 ya\u015f ve \u00fczeri gen\u00e7 S\u00fcper Kahramanlar\u0131n ellerine verin. 25 cm boyundaki bu LEGO\u00ae Marvel Kaptan Amerika Yap\u0131m Fig\u00fcr\u00fc (76258), s\u0131n\u0131rs\u0131z yarat\u0131c\u0131 oyunlar\u0131 te\u015fvik etmek i\u00e7in tam eklemlidir ve orijinal detaylarla doludur. \u0130konik Marvel fig\u00fcr\u00fc Bu koleksiyonluk Marvel Avengers karakterini in\u015fa etmek e\u011flencelidir, oynamak ve sergilemek i\u00e7in s\u0131n\u0131rs\u0131z olas\u0131l\u0131k sunar. Fig\u00fcr\u00fcn hareketli omuz, kol, kal\u00e7a ve bacak eklemleri, \u00e7ocuklar\u0131n bitmek bilmeyen heyecan verici g\u00f6revlere \u00e7\u0131karken haval\u0131 aksiyon pozlar\u0131 olu\u015fturmalar\u0131n\u0131 sa\u011flar. Ta\u015f\u0131nabilir oyun fig\u00fcr\u00fc, aksiyonun gerektirdi\u011fi \u015fekilde eline veya s\u0131rt\u0131na tak\u0131labilen \u00fcnl\u00fc kalkan gibi orijinal detaylara sahiptir. Ekstra dijital e\u011flence i\u00e7in model severler, sezgisel LEGO Builder uygulamas\u0131yla setleri 3 boyutlu yak\u0131nla\u015ft\u0131rabilir, d\u00f6nd\u00fcrebilir ve ilerlemelerini takip edebilir.; Kaptan Amerika oyun fig\u00fcr\u00fc \u2013 Tam eklemli LEGO\u00ae Marvel Kaptan Amerika Yap\u0131m Fig\u00fcr\u00fc (76258), s\u0131n\u0131rs\u0131z yarat\u0131c\u0131 maceray\u0131 gen\u00e7 S\u00fcper Kahramanlar\u0131n ellerine verir; Marvel\u2019\u0131n s\u00fcper askeri \u2013 310 par\u00e7al\u0131 fig\u00fcr\u00fcn hareketli omuz, kol, kal\u00e7a ve bacak eklemleri ile karakterin ellerine veya s\u0131rt\u0131na tak\u0131labilen \u00fcnl\u00fc kalkan\u0131 bulunur; Aksiyon i\u00e7in ayarlan\u0131r \u2013 \u00c7ocuklar, Marvel filmlerinden g\u00f6revleri canland\u0131r\u0131rken ve kendi bitmeyen maceralar\u0131n\u0131 ya\u015farken fig\u00fcr\u00fc hareket ettirir ve poz verdirir; \u00c7ocuklar i\u00e7in hediye \u2013 Bu uygulamal\u0131 oyun fig\u00fcr\u00fcn\u00fc, 8 ya\u015f ve \u00fczeri k\u00fc\u00e7\u00fck bir S\u00fcper Kahramana do\u011fum g\u00fcn\u00fc, y\u0131lba\u015f\u0131 ya da \u201ci\u00e7imden geldi\u201d hediyesi olarak verin; Ta\u015f\u0131nabilir oyun \u2013 25 cm boyundaki bu kullan\u0131\u015fl\u0131 fig\u00fcr, \u00e7ocuklar\u0131n maceralar\u0131n\u0131 her yere ta\u015f\u0131yabilmelerini sa\u011flar; Sezgisel yap\u0131m talimatlar\u0131 \u2013 S\u00fcr\u00fckleyici bir yap\u0131m deneyimi i\u00e7in \u00e7ocuklar modelleri 3 boyutlu olarak yak\u0131nla\u015ft\u0131r\u0131p d\u00f6nd\u00fcrmelerine, setleri kaydetmelerine ve ilerlemeyi takip etmelerine olanak tan\u0131yan dijital ara\u00e7lar i\u00e7eren LEGO\u00ae Builder uygulamas\u0131n\u0131 indirebilir; S\u00fcper Kahraman e\u011flencesini geni\u015fletin \u2013 Seride Wolverine (76257), \u00d6r\u00fcmcek Adam (76226) ve Venom (76230) setleri gibi koleksiyona eklenebilecek daha fazla LEGO\u00ae Marvel yap\u0131m fig\u00fcr\u00fc var; Kalite garantili \u2013 Tutarl\u0131, uyumlu ve kolayca model yap\u0131labilen LEGO\u00ae par\u00e7alar\u0131, sekt\u00f6r\u00fcn kat\u0131 kalite standartlar\u0131na uygundur; G\u00fcvenlik garantili \u2013 LEGO\u00ae yap\u0131m par\u00e7alar\u0131, titiz global g\u00fcvenlik standartlar\u0131na uygun oldu\u011fundan emin olmak i\u00e7in d\u00fc\u015f\u00fcr\u00fcl\u00fcr, \u0131s\u0131t\u0131l\u0131r, ezilir, b\u00fck\u00fcl\u00fcr veanaliz edilir;<\/p>\n","protected":false},"featured_media":28385,"comment_status":"open","ping_status":"closed","template":"","meta":[],"product_brand":[],"product_cat":[555,855],"product_tag":[864,1021],"class_list":{"0":"post-27729","1":"product","2":"type-product","3":"status-publish","4":"has-post-thumbnail","6":"product_cat-lego","7":"product_cat-marvel","8":"product_tag-lego","9":"product_tag-lego-76258","11":"first","12":"instock","13":"sale","14":"featured","15":"shipping-taxable","16":"purchasable","17":"product-type-simple"},"_links":{"self":[{"href":"https:\/\/toysplusshop.com\/index.php?rest_route=\/wp\/v2\/product\/27729","targetHints":{"allow":["GET"]}}],"collection":[{"href":"https:\/\/toysplusshop.com\/index.php?rest_route=\/wp\/v2\/product"}],"about":[{"href":"https:\/\/toysplusshop.com\/index.php?rest_route=\/wp\/v2\/types\/product"}],"replies":[{"embeddable":true,"href":"https:\/\/toysplusshop.com\/index.php?rest_route=%2Fwp%2Fv2%2Fcomments&post=27729"}],"version-history":[{"count":2,"href":"https:\/\/toysplusshop.com\/index.php?rest_route=\/wp\/v2\/product\/27729\/revisions"}],"predecessor-version":[{"id":32976,"href":"https:\/\/toysplusshop.com\/index.php?rest_route=\/wp\/v2\/product\/27729\/revisions\/32976"}],"wp:featuredmedia":[{"embeddable":true,"href":"https:\/\/toysplusshop.com\/index.php?rest_route=\/wp\/v2\/media\/28385"}],"wp:attachment":[{"href":"https:\/\/toysplusshop.com\/index.php?rest_route=%2Fwp%2Fv2%2Fmedia&parent=27729"}],"wp:term":[{"taxonomy":"product_brand","embeddable":true,"href":"https:\/\/toysplusshop.com\/index.php?rest_route=%2Fwp%2Fv2%2Fproduct_brand&post=27729"},{"taxonomy":"product_cat","embeddable":true,"href":"https:\/\/toysplusshop.com\/index.php?rest_route=%2Fwp%2Fv2%2Fproduct_cat&post=27729"},{"taxonomy":"product_tag","embeddable":true,"href":"https:\/\/toysplusshop.com\/index.php?rest_route=%2Fwp%2Fv2%2Fproduct_tag&post=27729"}],"curies":[{"name":"wp","href":"https:\/\/api.w.org\/{rel}","templated":true}]}}