{"id":27911,"date":"2024-03-17T11:01:50","date_gmt":"2024-03-17T11:01:50","guid":{"rendered":"https:\/\/toysplusshop.com\/?post_type=product&#038;p=27911"},"modified":"2025-01-10T14:19:28","modified_gmt":"2025-01-10T14:19:28","slug":"lego-gabbys-dollhouse-kekedi-ile-pasta-eglencesi-10785","status":"publish","type":"product","link":"https:\/\/toysplusshop.com\/?product=lego-gabbys-dollhouse-kekedi-ile-pasta-eglencesi-10785","title":{"rendered":"LEGO 10785 GABBY&#8217;S DOLLHOUSE KEKED\u0130 \u0130LE PASTA E\u011eLENCES\u0130"},"content":{"rendered":"<p>DreamWorks Animation Gabby&#8217;s Dollhouse hayranlar\u0131n\u0131, 4 ya\u015f ve \u00fczeri \u00e7ocuklar i\u00e7in e\u011flenceli karakterler ve aksesuarlar i\u00e7eren LEGO\u00ae Kekedi ile Pasta E\u011flencesi (10785) setiyle \u00f6d\u00fcllendirin. Gabby\u2019nin mutfa\u011f\u0131nda yarat\u0131c\u0131 pastalar \u00c7ocuklar, aktivite dolu bir mutfakta Gabby ve Kekedi\u2019ye kat\u0131labilir. Bir mikserin yan\u0131 s\u0131ra krem \u015fanti, meyve ve \u00e7ikolata gibi malzemeler, ayr\u0131ca bir \u015fef kedi f\u0131r\u0131n\u0131 var. B\u00fcy\u00fck \u00e7ok katl\u0131 pastan\u0131n d\u00f6nen en \u00fcst k\u0131sm\u0131n\u0131 \u00e7ocuklar \u015fekilli kremalar, meyveler, \u00e7ikolata ve 2 alt\u0131n y\u0131ld\u0131zla s\u00fcsleyebilir. Pasta kal\u0131b\u0131 Ba\u015flang\u0131\u00e7 Yap\u0131m Par\u00e7as\u0131 ile \u00e7ocuklar k\u0131sa s\u00fcrede yarat\u0131c\u0131 yap\u0131m\u0131n co\u015fkusunu ke\u015ffeder. O g\u00fcnk\u00fc oyunlar bitti\u011finde, t\u00fcm aksesuarlar bir dahaki sefere kadar b\u00fcy\u00fck pastan\u0131n i\u00e7inde saklanabilir. Kutuda renkli resimli, hikayeli bir rehberin yan\u0131 s\u0131ra LEGO Builder uygulamas\u0131nda sezgisel yak\u0131nla\u015ft\u0131rma ve d\u00f6nd\u00fcrme ara\u00e7lar\u0131 bulunur. Ailece payla\u015fmas\u0131 e\u011flenceli 4+ setleri, ister deneyimli bir LEGO hayran\u0131, ister LEGO yap\u0131m par\u00e7alar\u0131yla ilk kez tan\u0131\u015f\u0131yor olsun, yeti\u015fkinlerin yap\u0131m e\u011flencesini k\u00fc\u00e7\u00fcklerle payla\u015fmas\u0131n\u0131n m\u00fckemmel bir yoludur.;<\/p>\n<ul>\n<li>Gabby&#8217;s Dollhouse oyun seti \u2013 LEGO\u00ae Kekedi ile Pasta E\u011flencesi (10785), 4 ya\u015f ve \u00fczeri \u00e7ocuklar i\u00e7in yarat\u0131c\u0131 mutfak e\u011flencesiyle doludur;<\/li>\n<li>Pop\u00fcler karakterler \u2013 Bir Gabby minibebekf ig\u00fcr\u00fc, Kekedi fig\u00fcr\u00fc, kar\u0131\u015ft\u0131rma kasesi, malzemeler ve daha fazlas\u0131, ayr\u0131ca s\u00fcslemeleri ve d\u00f6nen \u00fcst k\u0131sm\u0131 olan devasa bir kapkek i\u00e7erir;<\/li>\n<li>Yarat\u0131c\u0131 pasta yap\u0131m\u0131 \u2013 Kar\u0131\u015ft\u0131racak malzemeler, \u015fef kedi f\u0131r\u0131n\u0131 ve lezzetli yiyeceklerle s\u00fcsleyecek dev bir pastayla \u00e7ocuklar, Gabby\u2019nin e\u011flence dolu mutfa\u011f\u0131nda hayali hikayeleri canland\u0131rmaya bay\u0131lacak;<\/li>\n<li>\u00c7ocuklar i\u00e7in e\u011flence dolu \u00f6d\u00fcller \u2013 Bir Ba\u015flang\u0131\u00e7 Yap\u0131m Par\u00e7as\u0131 ve basit yap\u0131m ad\u0131mlar\u0131yla LEGO\u00ae 4+ setleri, \u00e7ocuklar\u0131n geli\u015fimsel becerilerini g\u00fc\u00e7lendirir ve onlar\u0131 yarat\u0131c\u0131 yap\u0131mla tan\u0131\u015ft\u0131r\u0131r;<\/li>\n<li>Ta\u015f\u0131nabilir oyun \u2013 B\u00fcy\u00fck kapkekin y\u00fcksekli\u011fi 6 cm, geni\u015fli\u011fi 6,5 cm, derinli\u011fi 6,5 cm\u2019dir ve a\u00e7\u0131larak setin b\u00fct\u00fcn aksesuarlar\u0131 i\u00e7inde saklanabilir;<\/li>\n<li>Yap\u0131m\u0131 e\u011flenceli \u2013 Bas\u0131l\u0131 resimli bir rehber, her yap\u0131m a\u015famas\u0131n\u0131n amac\u0131n\u0131 g\u00f6sterir ve LEGO\u00ae Builder uygulamas\u0131, \u00e7ocuklar\u0131n modeli yaparken g\u00f6rselle\u015ftirebilmeleri i\u00e7in dijital yak\u0131nla\u015ft\u0131rma ve d\u00f6nd\u00fcrme ara\u00e7lar\u0131 sunar;<\/li>\n<li>E\u011flenceyi geni\u015fletin \u2013 Geni\u015f \u00e7e\u015fitlilikte LEGO\u00ae 4+ setleri, \u00e7ocuklar\u0131 en sevdikleri filmlerin, televizyon karakterlerinin ve s\u0131radan kahramanlar\u0131n oldu\u011fu bir evrenle tan\u0131\u015ft\u0131r\u0131r;<\/li>\n<li>Kalite garantili \u2013 Dayan\u0131kl\u0131, birbiriyle uyumlu ve her seferinde rahat\u00e7a tak\u0131labilen LEGO\u00ae par\u00e7alar\u0131, sekt\u00f6r\u00fcn kat\u0131 kalite standartlar\u0131na uygundur;<\/li>\n<li>G\u00fcvenlik garantili \u2013 LEGO\u00ae par\u00e7alar\u0131, kat\u0131 global g\u00fcvenlik standartlar\u0131n\u0131 kar\u015f\u0131lad\u0131\u011f\u0131ndan emin olmak i\u00e7in d\u00fc\u015f\u00fcr\u00fcl\u00fcr, \u0131s\u0131t\u0131l\u0131r, ezilir, b\u00fck\u00fcl\u00fcr ve analiz edilir;<\/li>\n<\/ul>\n","protected":false},"excerpt":{"rendered":"<p>DreamWorks Animation Gabby&#8217;s Dollhouse hayranlar\u0131n\u0131, 4 ya\u015f ve \u00fczeri \u00e7ocuklar i\u00e7in e\u011flenceli karakterler ve aksesuarlar i\u00e7eren LEGO\u00ae Kekedi ile Pasta E\u011flencesi (10785) setiyle \u00f6d\u00fcllendirin. Gabby\u2019nin mutfa\u011f\u0131nda yarat\u0131c\u0131 pastalar \u00c7ocuklar, aktivite dolu bir mutfakta Gabby ve Kekedi\u2019ye kat\u0131labilir. Bir mikserin yan\u0131 s\u0131ra krem \u015fanti, meyve ve \u00e7ikolata gibi malzemeler, ayr\u0131ca bir \u015fef kedi f\u0131r\u0131n\u0131 var. B\u00fcy\u00fck \u00e7ok katl\u0131 pastan\u0131n d\u00f6nen en \u00fcst k\u0131sm\u0131n\u0131 \u00e7ocuklar \u015fekilli kremalar, meyveler, \u00e7ikolata ve 2 alt\u0131n y\u0131ld\u0131zla s\u00fcsleyebilir. Pasta kal\u0131b\u0131 Ba\u015flang\u0131\u00e7 Yap\u0131m Par\u00e7as\u0131 ile \u00e7ocuklar k\u0131sa s\u00fcrede yarat\u0131c\u0131 yap\u0131m\u0131n co\u015fkusunu ke\u015ffeder. O g\u00fcnk\u00fc oyunlar bitti\u011finde, t\u00fcm aksesuarlar bir dahaki sefere kadar b\u00fcy\u00fck pastan\u0131n i\u00e7inde saklanabilir. Kutuda renkli resimli, hikayeli bir rehberin yan\u0131 s\u0131ra LEGO Builder uygulamas\u0131nda sezgisel yak\u0131nla\u015ft\u0131rma ve d\u00f6nd\u00fcrme ara\u00e7lar\u0131 bulunur. Ailece payla\u015fmas\u0131 e\u011flenceli 4+ setleri, ister deneyimli bir LEGO hayran\u0131, ister LEGO yap\u0131m par\u00e7alar\u0131yla ilk kez tan\u0131\u015f\u0131yor olsun, yeti\u015fkinlerin yap\u0131m e\u011flencesini k\u00fc\u00e7\u00fcklerle payla\u015fmas\u0131n\u0131n m\u00fckemmel bir yoludur.; Gabby&#8217;s Dollhouse oyun seti \u2013 LEGO\u00ae Kekedi ile Pasta E\u011flencesi (10785), 4 ya\u015f ve \u00fczeri \u00e7ocuklar i\u00e7in yarat\u0131c\u0131 mutfak e\u011flencesiyle doludur; Pop\u00fcler karakterler \u2013 Bir Gabby minibebekf ig\u00fcr\u00fc, Kekedi fig\u00fcr\u00fc, kar\u0131\u015ft\u0131rma kasesi, malzemeler ve daha fazlas\u0131, ayr\u0131ca s\u00fcslemeleri ve d\u00f6nen \u00fcst k\u0131sm\u0131 olan devasa bir kapkek i\u00e7erir; Yarat\u0131c\u0131 pasta yap\u0131m\u0131 \u2013 Kar\u0131\u015ft\u0131racak malzemeler, \u015fef kedi f\u0131r\u0131n\u0131 ve lezzetli yiyeceklerle s\u00fcsleyecek dev bir pastayla \u00e7ocuklar, Gabby\u2019nin e\u011flence dolu mutfa\u011f\u0131nda hayali hikayeleri canland\u0131rmaya bay\u0131lacak; \u00c7ocuklar i\u00e7in e\u011flence dolu \u00f6d\u00fcller \u2013 Bir Ba\u015flang\u0131\u00e7 Yap\u0131m Par\u00e7as\u0131 ve basit yap\u0131m ad\u0131mlar\u0131yla LEGO\u00ae 4+ setleri, \u00e7ocuklar\u0131n geli\u015fimsel becerilerini g\u00fc\u00e7lendirir ve onlar\u0131 yarat\u0131c\u0131 yap\u0131mla tan\u0131\u015ft\u0131r\u0131r; Ta\u015f\u0131nabilir oyun \u2013 B\u00fcy\u00fck kapkekin y\u00fcksekli\u011fi 6 cm, geni\u015fli\u011fi 6,5 cm, derinli\u011fi 6,5 cm\u2019dir ve a\u00e7\u0131larak setin b\u00fct\u00fcn aksesuarlar\u0131 i\u00e7inde saklanabilir; Yap\u0131m\u0131 e\u011flenceli \u2013 Bas\u0131l\u0131 resimli bir rehber, her yap\u0131m a\u015famas\u0131n\u0131n amac\u0131n\u0131 g\u00f6sterir ve LEGO\u00ae Builder uygulamas\u0131, \u00e7ocuklar\u0131n modeli yaparken g\u00f6rselle\u015ftirebilmeleri i\u00e7in dijital yak\u0131nla\u015ft\u0131rma ve d\u00f6nd\u00fcrme ara\u00e7lar\u0131 sunar; E\u011flenceyi geni\u015fletin \u2013 Geni\u015f \u00e7e\u015fitlilikte LEGO\u00ae 4+ setleri, \u00e7ocuklar\u0131 en sevdikleri filmlerin, televizyon karakterlerinin ve s\u0131radan kahramanlar\u0131n oldu\u011fu bir evrenle tan\u0131\u015ft\u0131r\u0131r; Kalite garantili \u2013 Dayan\u0131kl\u0131, birbiriyle uyumlu ve her seferinde rahat\u00e7a tak\u0131labilen LEGO\u00ae par\u00e7alar\u0131, sekt\u00f6r\u00fcn kat\u0131 kalite standartlar\u0131na uygundur; G\u00fcvenlik garantili \u2013 LEGO\u00ae par\u00e7alar\u0131, kat\u0131 global g\u00fcvenlik standartlar\u0131n\u0131 kar\u015f\u0131lad\u0131\u011f\u0131ndan emin olmak i\u00e7in d\u00fc\u015f\u00fcr\u00fcl\u00fcr, \u0131s\u0131t\u0131l\u0131r, ezilir, b\u00fck\u00fcl\u00fcr ve analiz edilir;<\/p>\n","protected":false},"featured_media":28370,"comment_status":"open","ping_status":"closed","template":"","meta":[],"product_brand":[],"product_cat":[1042,555],"product_tag":[864,1043],"class_list":{"0":"post-27911","1":"product","2":"type-product","3":"status-publish","4":"has-post-thumbnail","6":"product_cat-gabby-dollhouse","7":"product_cat-lego","8":"product_tag-lego","9":"product_tag-lego-10785","11":"first","12":"outofstock","13":"shipping-taxable","14":"purchasable","15":"product-type-simple"},"_links":{"self":[{"href":"https:\/\/toysplusshop.com\/index.php?rest_route=\/wp\/v2\/product\/27911","targetHints":{"allow":["GET"]}}],"collection":[{"href":"https:\/\/toysplusshop.com\/index.php?rest_route=\/wp\/v2\/product"}],"about":[{"href":"https:\/\/toysplusshop.com\/index.php?rest_route=\/wp\/v2\/types\/product"}],"replies":[{"embeddable":true,"href":"https:\/\/toysplusshop.com\/index.php?rest_route=%2Fwp%2Fv2%2Fcomments&post=27911"}],"version-history":[{"count":2,"href":"https:\/\/toysplusshop.com\/index.php?rest_route=\/wp\/v2\/product\/27911\/revisions"}],"predecessor-version":[{"id":32955,"href":"https:\/\/toysplusshop.com\/index.php?rest_route=\/wp\/v2\/product\/27911\/revisions\/32955"}],"wp:featuredmedia":[{"embeddable":true,"href":"https:\/\/toysplusshop.com\/index.php?rest_route=\/wp\/v2\/media\/28370"}],"wp:attachment":[{"href":"https:\/\/toysplusshop.com\/index.php?rest_route=%2Fwp%2Fv2%2Fmedia&parent=27911"}],"wp:term":[{"taxonomy":"product_brand","embeddable":true,"href":"https:\/\/toysplusshop.com\/index.php?rest_route=%2Fwp%2Fv2%2Fproduct_brand&post=27911"},{"taxonomy":"product_cat","embeddable":true,"href":"https:\/\/toysplusshop.com\/index.php?rest_route=%2Fwp%2Fv2%2Fproduct_cat&post=27911"},{"taxonomy":"product_tag","embeddable":true,"href":"https:\/\/toysplusshop.com\/index.php?rest_route=%2Fwp%2Fv2%2Fproduct_tag&post=27911"}],"curies":[{"name":"wp","href":"https:\/\/api.w.org\/{rel}","templated":true}]}}