{"id":27920,"date":"2024-03-17T11:05:18","date_gmt":"2024-03-17T11:05:18","guid":{"rendered":"https:\/\/toysplusshop.com\/?post_type=product&#038;p=27920"},"modified":"2026-02-05T11:21:31","modified_gmt":"2026-02-05T11:21:31","slug":"lego-gabbys-dollhouse-peri-kedinin-bahce-partisi-10787","status":"publish","type":"product","link":"https:\/\/toysplusshop.com\/?product=lego-gabbys-dollhouse-peri-kedinin-bahce-partisi-10787","title":{"rendered":"LEGO 10787 GABBY&#8217;S DOLLHOUSE PER\u0130 KED\u0130N\u0130N BAH\u00c7E PART\u0130S\u0130"},"content":{"rendered":"<p>LEGO\u00ae Peri Kedi\u2019nin Bah\u00e7e Partisi (10787) ile 4 ya\u015f ve \u00fczeri Gabby&#8217;s Dollhouse hayranlar\u0131n\u0131 e\u011flence, arkada\u015flar ve s\u0131n\u0131rs\u0131z oyun olas\u0131l\u0131\u011f\u0131yla dolu sihirli bir yere g\u00f6t\u00fcr\u00fcn. Aktivite dolu a\u011fa\u00e7 ev oyunca\u011f\u0131 Pop\u00fcler TV dizisinden Gabby, Pandi Pati ve Peri Kedi, Peri Kedi\u2019nin yata\u011f\u0131n\u0131n ve \u00e7ileklerinin oldu\u011fu a\u011fa\u00e7 evde \u00e7ay i\u00e7iyor. K\u00fc\u00e7\u00fck bah\u00e7\u0131vanlar\u0131n yeti\u015ftirebilece\u011fi \u00e7i\u00e7ekler, ayr\u0131ca arkada\u015flar\u0131n oynamas\u0131 i\u00e7in kayd\u0131rak, sal\u0131ncak ve atl\u0131kar\u0131nca var. Elma, sulama kab\u0131, \u00e7aydanl\u0131k, fincanlar ve kelebekler, \u00e7ocuklar\u0131 yarat\u0131c\u0131 rol yapma faaliyetlerini ke\u015ffetmeye te\u015fvik eder. Elma, sulama kab\u0131, \u00e7aydanl\u0131k, fincan ve kelebek gibi aksesuarlar, \u00e7ocuklar\u0131 yarat\u0131c\u0131 rol yapma faaliyetlerini ke\u015ffetmeye te\u015fvik eder. Renkli resimli hikayeli yap\u0131m rehberinin yan\u0131 s\u0131ra dijital LEGO Builder uygulamas\u0131nda sezgisel yak\u0131nla\u015ft\u0131rma ve d\u00f6nd\u00fcrme ara\u00e7lar\u0131 bulunur. T\u00fcm LEGO 4+ setlerinde oldu\u011fu gibi, yap\u0131m e\u011flencesinin hemen ba\u015flamas\u0131 i\u00e7in b\u00fcy\u00fck bir Ba\u015flang\u0131\u00e7 Yap\u0131m Par\u00e7as\u0131 dahildir. Ailece payla\u015fmas\u0131 e\u011flenceli 4+ setleri, ister deneyimli bir LEGO hayran\u0131, ister LEGO yap\u0131m par\u00e7alar\u0131yla ilk kez tan\u0131\u015f\u0131yor olsun, yeti\u015fkinlerin yap\u0131m e\u011flencesini k\u00fc\u00e7\u00fcklerle payla\u015fmas\u0131n\u0131n m\u00fckemmel yoludur.;<\/p>\n<ul>\n<li>Sihirli bah\u00e7e oyun seti \u2013 LEGO\u00ae Peri Kedi\u2019nin Bah\u00e7e Partisi (10787), 4 ya\u015f ve \u00fczeri \u00e7ocuklar\u0131, DreamWorks Animation Gabby&#8217;s Dollhouse&#8217;tan pop\u00fcler karakterlerle dolu sihirli bir yere g\u00f6t\u00fcr\u00fcr;<\/li>\n<li>\u0130konik karakterler \u2013 Bir Gabby mini bebek fig\u00fcr\u00fc ve Pandi Pati ve Peri Kedi fig\u00fcrleri, ayr\u0131ca bir yata\u011f\u0131n ve at\u0131\u015ft\u0131rmal\u0131klar\u0131n oldu\u011fu in\u015fa edilebilen bir a\u011fa\u00e7 ev ve kayd\u0131rak, sal\u0131ncak ve atl\u0131kar\u0131ncan\u0131n oldu\u011fu bir bah\u00e7e i\u00e7erir;<\/li>\n<li>Aktiviteler ve maceralar \u2013 \u00c7ocuklar \u00e7i\u00e7ekleri sulay\u0131p b\u00fcy\u00fct\u00fcrken, sal\u0131ncakta, atl\u0131kar\u0131ncada ve kayd\u0131rakta oynarken ve a\u011fa\u00e7 evde \u00e7ay i\u00e7erken arkada\u015flara kat\u0131l\u0131r;<\/li>\n<li>\u00c7ocuklar i\u00e7in bah\u00e7e hediyesi \u2013 Bir Ba\u015flang\u0131\u00e7 Yap\u0131m Par\u00e7as\u0131 ve basit yap\u0131m ad\u0131mlar\u0131yla bu kullan\u0131\u015fl\u0131 LEGO\u00ae 4+ oyun seti, temel becerileri geli\u015ftirmenin ve \u00e7ocuklar\u0131 yarat\u0131c\u0131 yap\u0131mla tan\u0131\u015ft\u0131rman\u0131n keyifli bir yoludur;<\/li>\n<li>Bah\u00e7ede uygulamal\u0131 e\u011flence \u2013 A\u011fa\u00e7 ev ve kayd\u0131ra\u011f\u0131n y\u00fcksekli\u011fi 13 cm, geni\u015fli\u011fi 17 cm, derinli\u011fi 11 cm\u2019dir;<\/li>\n<li>E\u011flenceli yap\u0131m rehberi \u2013 Bas\u0131l\u0131 resimli bir rehber, her yap\u0131m a\u015famas\u0131n\u0131n amac\u0131n\u0131 g\u00f6sterir ve LEGO\u00ae Builder uygulamas\u0131, \u00e7ocuklar\u0131n modeli yaparken g\u00f6rselle\u015ftirebilmeleri i\u00e7in dijital yak\u0131nla\u015ft\u0131rma ve d\u00f6nd\u00fcrme ara\u00e7lar\u0131 sunar;<\/li>\n<li>E\u011flenceyi geni\u015fletin \u2013 Geni\u015f \u00e7e\u015fitlilikte LEGO\u00ae 4+ setleri, \u00e7ocuklar\u0131 en sevdikleri filmlerin, televizyon karakterlerinin ve s\u0131radan kahramanlar\u0131n oldu\u011fu bir evrenle tan\u0131\u015ft\u0131r\u0131r;<\/li>\n<li>Kalite garantili \u2013 Dayan\u0131kl\u0131, birbiriyle uyumlu ve her seferinde rahat\u00e7a tak\u0131labilen LEGO\u00ae par\u00e7alar\u0131, sekt\u00f6r\u00fcn kat\u0131 kalite standartlar\u0131na uygundur;<\/li>\n<li>G\u00fcvenlik garantili \u2013 LEGO\u00ae par\u00e7alar\u0131, kat\u0131 global g\u00fcvenlik standartlar\u0131n\u0131 kar\u015f\u0131lad\u0131\u011f\u0131ndan emin olmak i\u00e7in d\u00fc\u015f\u00fcr\u00fcl\u00fcr, \u0131s\u0131t\u0131l\u0131r, ezilir, b\u00fck\u00fcl\u00fcr ve analiz edilir;<\/li>\n<\/ul>\n","protected":false},"excerpt":{"rendered":"<p>LEGO\u00ae Peri Kedi\u2019nin Bah\u00e7e Partisi (10787) ile 4 ya\u015f ve \u00fczeri Gabby&#8217;s Dollhouse hayranlar\u0131n\u0131 e\u011flence, arkada\u015flar ve s\u0131n\u0131rs\u0131z oyun olas\u0131l\u0131\u011f\u0131yla dolu sihirli bir yere g\u00f6t\u00fcr\u00fcn. Aktivite dolu a\u011fa\u00e7 ev oyunca\u011f\u0131 Pop\u00fcler TV dizisinden Gabby, Pandi Pati ve Peri Kedi, Peri Kedi\u2019nin yata\u011f\u0131n\u0131n ve \u00e7ileklerinin oldu\u011fu a\u011fa\u00e7 evde \u00e7ay i\u00e7iyor. K\u00fc\u00e7\u00fck bah\u00e7\u0131vanlar\u0131n yeti\u015ftirebilece\u011fi \u00e7i\u00e7ekler, ayr\u0131ca arkada\u015flar\u0131n oynamas\u0131 i\u00e7in kayd\u0131rak, sal\u0131ncak ve atl\u0131kar\u0131nca var. Elma, sulama kab\u0131, \u00e7aydanl\u0131k, fincanlar ve kelebekler, \u00e7ocuklar\u0131 yarat\u0131c\u0131 rol yapma faaliyetlerini ke\u015ffetmeye te\u015fvik eder. Elma, sulama kab\u0131, \u00e7aydanl\u0131k, fincan ve kelebek gibi aksesuarlar, \u00e7ocuklar\u0131 yarat\u0131c\u0131 rol yapma faaliyetlerini ke\u015ffetmeye te\u015fvik eder. Renkli resimli hikayeli yap\u0131m rehberinin yan\u0131 s\u0131ra dijital LEGO Builder uygulamas\u0131nda sezgisel yak\u0131nla\u015ft\u0131rma ve d\u00f6nd\u00fcrme ara\u00e7lar\u0131 bulunur. T\u00fcm LEGO 4+ setlerinde oldu\u011fu gibi, yap\u0131m e\u011flencesinin hemen ba\u015flamas\u0131 i\u00e7in b\u00fcy\u00fck bir Ba\u015flang\u0131\u00e7 Yap\u0131m Par\u00e7as\u0131 dahildir. Ailece payla\u015fmas\u0131 e\u011flenceli 4+ setleri, ister deneyimli bir LEGO hayran\u0131, ister LEGO yap\u0131m par\u00e7alar\u0131yla ilk kez tan\u0131\u015f\u0131yor olsun, yeti\u015fkinlerin yap\u0131m e\u011flencesini k\u00fc\u00e7\u00fcklerle payla\u015fmas\u0131n\u0131n m\u00fckemmel yoludur.; Sihirli bah\u00e7e oyun seti \u2013 LEGO\u00ae Peri Kedi\u2019nin Bah\u00e7e Partisi (10787), 4 ya\u015f ve \u00fczeri \u00e7ocuklar\u0131, DreamWorks Animation Gabby&#8217;s Dollhouse&#8217;tan pop\u00fcler karakterlerle dolu sihirli bir yere g\u00f6t\u00fcr\u00fcr; \u0130konik karakterler \u2013 Bir Gabby mini bebek fig\u00fcr\u00fc ve Pandi Pati ve Peri Kedi fig\u00fcrleri, ayr\u0131ca bir yata\u011f\u0131n ve at\u0131\u015ft\u0131rmal\u0131klar\u0131n oldu\u011fu in\u015fa edilebilen bir a\u011fa\u00e7 ev ve kayd\u0131rak, sal\u0131ncak ve atl\u0131kar\u0131ncan\u0131n oldu\u011fu bir bah\u00e7e i\u00e7erir; Aktiviteler ve maceralar \u2013 \u00c7ocuklar \u00e7i\u00e7ekleri sulay\u0131p b\u00fcy\u00fct\u00fcrken, sal\u0131ncakta, atl\u0131kar\u0131ncada ve kayd\u0131rakta oynarken ve a\u011fa\u00e7 evde \u00e7ay i\u00e7erken arkada\u015flara kat\u0131l\u0131r; \u00c7ocuklar i\u00e7in bah\u00e7e hediyesi \u2013 Bir Ba\u015flang\u0131\u00e7 Yap\u0131m Par\u00e7as\u0131 ve basit yap\u0131m ad\u0131mlar\u0131yla bu kullan\u0131\u015fl\u0131 LEGO\u00ae 4+ oyun seti, temel becerileri geli\u015ftirmenin ve \u00e7ocuklar\u0131 yarat\u0131c\u0131 yap\u0131mla tan\u0131\u015ft\u0131rman\u0131n keyifli bir yoludur; Bah\u00e7ede uygulamal\u0131 e\u011flence \u2013 A\u011fa\u00e7 ev ve kayd\u0131ra\u011f\u0131n y\u00fcksekli\u011fi 13 cm, geni\u015fli\u011fi 17 cm, derinli\u011fi 11 cm\u2019dir; E\u011flenceli yap\u0131m rehberi \u2013 Bas\u0131l\u0131 resimli bir rehber, her yap\u0131m a\u015famas\u0131n\u0131n amac\u0131n\u0131 g\u00f6sterir ve LEGO\u00ae Builder uygulamas\u0131, \u00e7ocuklar\u0131n modeli yaparken g\u00f6rselle\u015ftirebilmeleri i\u00e7in dijital yak\u0131nla\u015ft\u0131rma ve d\u00f6nd\u00fcrme ara\u00e7lar\u0131 sunar; E\u011flenceyi geni\u015fletin \u2013 Geni\u015f \u00e7e\u015fitlilikte LEGO\u00ae 4+ setleri, \u00e7ocuklar\u0131 en sevdikleri filmlerin, televizyon karakterlerinin ve s\u0131radan kahramanlar\u0131n oldu\u011fu bir evrenle tan\u0131\u015ft\u0131r\u0131r; Kalite garantili \u2013 Dayan\u0131kl\u0131, birbiriyle uyumlu ve her seferinde rahat\u00e7a tak\u0131labilen LEGO\u00ae par\u00e7alar\u0131, sekt\u00f6r\u00fcn kat\u0131 kalite standartlar\u0131na uygundur; G\u00fcvenlik garantili \u2013 LEGO\u00ae par\u00e7alar\u0131, kat\u0131 global g\u00fcvenlik standartlar\u0131n\u0131 kar\u015f\u0131lad\u0131\u011f\u0131ndan emin olmak i\u00e7in d\u00fc\u015f\u00fcr\u00fcl\u00fcr, \u0131s\u0131t\u0131l\u0131r, ezilir, b\u00fck\u00fcl\u00fcr ve analiz edilir;<\/p>\n","protected":false},"featured_media":28369,"comment_status":"open","ping_status":"closed","template":"","meta":[],"product_brand":[],"product_cat":[1042,555],"product_tag":[864,1044],"class_list":{"0":"post-27920","1":"product","2":"type-product","3":"status-publish","4":"has-post-thumbnail","6":"product_cat-gabby-dollhouse","7":"product_cat-lego","8":"product_tag-lego","9":"product_tag-lego-10787","11":"first","12":"outofstock","13":"shipping-taxable","14":"purchasable","15":"product-type-simple"},"_links":{"self":[{"href":"https:\/\/toysplusshop.com\/index.php?rest_route=\/wp\/v2\/product\/27920","targetHints":{"allow":["GET"]}}],"collection":[{"href":"https:\/\/toysplusshop.com\/index.php?rest_route=\/wp\/v2\/product"}],"about":[{"href":"https:\/\/toysplusshop.com\/index.php?rest_route=\/wp\/v2\/types\/product"}],"replies":[{"embeddable":true,"href":"https:\/\/toysplusshop.com\/index.php?rest_route=%2Fwp%2Fv2%2Fcomments&post=27920"}],"version-history":[{"count":2,"href":"https:\/\/toysplusshop.com\/index.php?rest_route=\/wp\/v2\/product\/27920\/revisions"}],"predecessor-version":[{"id":32954,"href":"https:\/\/toysplusshop.com\/index.php?rest_route=\/wp\/v2\/product\/27920\/revisions\/32954"}],"wp:featuredmedia":[{"embeddable":true,"href":"https:\/\/toysplusshop.com\/index.php?rest_route=\/wp\/v2\/media\/28369"}],"wp:attachment":[{"href":"https:\/\/toysplusshop.com\/index.php?rest_route=%2Fwp%2Fv2%2Fmedia&parent=27920"}],"wp:term":[{"taxonomy":"product_brand","embeddable":true,"href":"https:\/\/toysplusshop.com\/index.php?rest_route=%2Fwp%2Fv2%2Fproduct_brand&post=27920"},{"taxonomy":"product_cat","embeddable":true,"href":"https:\/\/toysplusshop.com\/index.php?rest_route=%2Fwp%2Fv2%2Fproduct_cat&post=27920"},{"taxonomy":"product_tag","embeddable":true,"href":"https:\/\/toysplusshop.com\/index.php?rest_route=%2Fwp%2Fv2%2Fproduct_tag&post=27920"}],"curies":[{"name":"wp","href":"https:\/\/api.w.org\/{rel}","templated":true}]}}