{"id":27929,"date":"2024-03-17T11:09:47","date_gmt":"2024-03-17T11:09:47","guid":{"rendered":"https:\/\/toysplusshop.com\/?post_type=product&#038;p=27929"},"modified":"2025-04-30T12:15:43","modified_gmt":"2025-04-30T12:15:43","slug":"lego-gabbys-dollhouse-gabbys-dollhouse-10788","status":"publish","type":"product","link":"https:\/\/toysplusshop.com\/?product=lego-gabbys-dollhouse-gabbys-dollhouse-10788","title":{"rendered":"LEGO 10788 GABBY&#8217;S DOLLHOUSE GABBY&#8217;S DOLLHOUSE"},"content":{"rendered":"<p>LEGO\u00ae Gabby\u2019s Dollhouse (10788), 4 ya\u015f ve \u00fczeri \u00e7ocuklar i\u00e7in \u00e7at\u0131s\u0131na kadar aktivitelerle ve e\u011flenceyle doludur. DreamWorks Animation\u2019\u0131n TV dizisinin bir hayran\u0131n\u0131, 8 odal\u0131 bir evle \u00f6d\u00fcllendirin. Her katta ke\u015ffedecek bir s\u00fcr\u00fc \u015fey Gabby\u2019nin Hayal Evi\u2019nde kayan bir asans\u00f6rle birbirine ba\u011flanan 8 adet renkli oda bulunur. Her oda aktivitelerle doludur. \u00d6rne\u011fin \u00e7ocuklar mutfakta kek yapabilir, oyun odas\u0131nda kayd\u0131raktan kayabilir, resim odas\u0131nda yarat\u0131c\u0131 olabilir, m\u00fczik odas\u0131nda piyano \u00e7alabilir, banyoda bak\u0131mlar\u0131n\u0131 yapabilir, yatak odas\u0131nda uyuyabilir ya da d\u00f6nen dans pistinde parti yapmak i\u00e7in \u00e7at\u0131ya \u00e7\u0131kabilirler. \u00c7ocuklar, diziden 4 pop\u00fcler karakterle maceralar\u0131n\u0131 payla\u015f\u0131r: Gabby, Pandi Pati, Kekedi ve S\u00fcsl\u00fc Kedi. Resimli hikayeli bir yap\u0131m rehberi, ayr\u0131ca LEGO Builder uygulamas\u0131nda sezgisel yak\u0131nla\u015ft\u0131rma ve d\u00f6nd\u00fcrme ara\u00e7lar\u0131 bulunur. B\u00fcy\u00fck bir Ba\u015flang\u0131\u00e7 Yap\u0131m Par\u00e7as\u0131, yap\u0131m e\u011flencesinin hemen ba\u015flamas\u0131n\u0131 sa\u011flar. Ailece payla\u015fmas\u0131 e\u011flenceli 4+ setleri, yeti\u015fkinlerin yap\u0131m ve oyun e\u011flencesini ve geli\u015fimsel a\u015famalar\u0131 \u00e7ocuklarla payla\u015fmas\u0131n\u0131n m\u00fckemmel yoludur.;<\/p>\n<ul>\n<li>8 odal\u0131 oyun evi \u2013 DreamWorks Animation TV dizisinin 4 ya\u015f ve \u00fczeri hayranlar\u0131, pop\u00fcler karakterler ve orijinal aksesuarlarla dolu LEGO\u00ae Gabby\u2019s Dollhouse (10788) ile kendi evlerini ke\u015ffedebilir.;<\/li>\n<li>4 ikonik karakter \u2013 \u00c7ocuklar Gabby mini bebek fig\u00fcr\u00fc, ayr\u0131ca Pandi Pati, S\u00fcsl\u00fc Kedi ve Kekedi fig\u00fcrleriyle e\u011flenceye kat\u0131labilir;<\/li>\n<li>Orijinal aksesuarlar \u2013 Muz, \u00e7ilek, kapkek, fincan, kase, \u015fi\u015fe, makas, boya f\u0131r\u00e7as\u0131, palet, sa\u00e7 f\u0131r\u00e7as\u0131, \u015fampuan \u015fi\u015fesi, kitap, \u00e7i\u00e7ek, mikrofon, gitar, saksafon ve \u00e7ok daha fazlas\u0131n\u0131 i\u00e7erir;<\/li>\n<li>Ke\u015ffedecek bir s\u00fcr\u00fc \u015fey \u2013 \u00c7ocuklar mutfakta kek yapabilir, oyun odas\u0131nda kayd\u0131raktan kayabilir, resim odas\u0131nda sanatlar\u0131n\u0131 konu\u015fturabilir, m\u00fczik odas\u0131nda m\u00fczik aletleri \u00e7alabilir, banyoda dinlenebilir, yatak odas\u0131nda uyuyabilir ve \u00e7at\u0131da parti yapabilir;<\/li>\n<li>Gabby hayranlar\u0131 i\u00e7in hediye \u2013 Gabby\u2019s Dollhouse&#8217;u seven \u00e7ocuklar, Ba\u015flang\u0131\u00e7 Yap\u0131m Par\u00e7as\u0131 ve basit yap\u0131m ad\u0131mlar\u0131yla s\u0131n\u0131rs\u0131z yarat\u0131c\u0131 oyunun keyfini \u00e7\u0131kar\u0131rken \u00f6nemli beceriler edinecek;<\/li>\n<li>\u00c7at\u0131s\u0131na kadar e\u011flence dolu \u2013 Hayal evinin y\u00fcksekli\u011fi 34 cm, geni\u015fli\u011fi 31 cm, derinli\u011fi 9 cm\u2019dir;<\/li>\n<li>E\u011flenceli yap\u0131m rehberi \u2013 Bas\u0131l\u0131 resimli bir rehber, her yap\u0131m a\u015famas\u0131n\u0131n amac\u0131n\u0131 g\u00f6sterir ve LEGO\u00ae Builder uygulamas\u0131, \u00e7ocuklar\u0131n modeli yaparken g\u00f6rselle\u015ftirebilmeleri i\u00e7in dijital yak\u0131nla\u015ft\u0131rma ve d\u00f6nd\u00fcrme ara\u00e7lar\u0131 sunar;<\/li>\n<li>E\u011flenceyi geni\u015fletin \u2013 Geni\u015f \u00e7e\u015fitlilikte LEGO\u00ae 4+ setleri, \u00e7ocuklar\u0131 en sevdikleri filmlerin, televizyon karakterlerinin ve s\u0131radan kahramanlar\u0131n oldu\u011fu bir evrenle tan\u0131\u015ft\u0131r\u0131r;<\/li>\n<li>Kalite garantili \u2013 Dayan\u0131kl\u0131, birbiriyle uyumlu ve her seferinde rahat\u00e7a tak\u0131labilen LEGO\u00ae par\u00e7alar\u0131, sekt\u00f6r\u00fcn kat\u0131 kalite standartlar\u0131na uygundur;<\/li>\n<li>G\u00fcvenlik garantili \u2013 LEGO\u00ae par\u00e7alar\u0131, kat\u0131 global g\u00fcvenlik standartlar\u0131n\u0131 kar\u015f\u0131lad\u0131\u011f\u0131ndan emin olmak i\u00e7in d\u00fc\u015f\u00fcr\u00fcl\u00fcr, \u0131s\u0131t\u0131l\u0131r, ezilir, b\u00fck\u00fcl\u00fcr ve analiz edilir<\/li>\n<\/ul>\n","protected":false},"excerpt":{"rendered":"<p>LEGO\u00ae Gabby\u2019s Dollhouse (10788), 4 ya\u015f ve \u00fczeri \u00e7ocuklar i\u00e7in \u00e7at\u0131s\u0131na kadar aktivitelerle ve e\u011flenceyle doludur. DreamWorks Animation\u2019\u0131n TV dizisinin bir hayran\u0131n\u0131, 8 odal\u0131 bir evle \u00f6d\u00fcllendirin. Her katta ke\u015ffedecek bir s\u00fcr\u00fc \u015fey Gabby\u2019nin Hayal Evi\u2019nde kayan bir asans\u00f6rle birbirine ba\u011flanan 8 adet renkli oda bulunur. Her oda aktivitelerle doludur. \u00d6rne\u011fin \u00e7ocuklar mutfakta kek yapabilir, oyun odas\u0131nda kayd\u0131raktan kayabilir, resim odas\u0131nda yarat\u0131c\u0131 olabilir, m\u00fczik odas\u0131nda piyano \u00e7alabilir, banyoda bak\u0131mlar\u0131n\u0131 yapabilir, yatak odas\u0131nda uyuyabilir ya da d\u00f6nen dans pistinde parti yapmak i\u00e7in \u00e7at\u0131ya \u00e7\u0131kabilirler. \u00c7ocuklar, diziden 4 pop\u00fcler karakterle maceralar\u0131n\u0131 payla\u015f\u0131r: Gabby, Pandi Pati, Kekedi ve S\u00fcsl\u00fc Kedi. Resimli hikayeli bir yap\u0131m rehberi, ayr\u0131ca LEGO Builder uygulamas\u0131nda sezgisel yak\u0131nla\u015ft\u0131rma ve d\u00f6nd\u00fcrme ara\u00e7lar\u0131 bulunur. B\u00fcy\u00fck bir Ba\u015flang\u0131\u00e7 Yap\u0131m Par\u00e7as\u0131, yap\u0131m e\u011flencesinin hemen ba\u015flamas\u0131n\u0131 sa\u011flar. Ailece payla\u015fmas\u0131 e\u011flenceli 4+ setleri, yeti\u015fkinlerin yap\u0131m ve oyun e\u011flencesini ve geli\u015fimsel a\u015famalar\u0131 \u00e7ocuklarla payla\u015fmas\u0131n\u0131n m\u00fckemmel yoludur.; 8 odal\u0131 oyun evi \u2013 DreamWorks Animation TV dizisinin 4 ya\u015f ve \u00fczeri hayranlar\u0131, pop\u00fcler karakterler ve orijinal aksesuarlarla dolu LEGO\u00ae Gabby\u2019s Dollhouse (10788) ile kendi evlerini ke\u015ffedebilir.; 4 ikonik karakter \u2013 \u00c7ocuklar Gabby mini bebek fig\u00fcr\u00fc, ayr\u0131ca Pandi Pati, S\u00fcsl\u00fc Kedi ve Kekedi fig\u00fcrleriyle e\u011flenceye kat\u0131labilir; Orijinal aksesuarlar \u2013 Muz, \u00e7ilek, kapkek, fincan, kase, \u015fi\u015fe, makas, boya f\u0131r\u00e7as\u0131, palet, sa\u00e7 f\u0131r\u00e7as\u0131, \u015fampuan \u015fi\u015fesi, kitap, \u00e7i\u00e7ek, mikrofon, gitar, saksafon ve \u00e7ok daha fazlas\u0131n\u0131 i\u00e7erir; Ke\u015ffedecek bir s\u00fcr\u00fc \u015fey \u2013 \u00c7ocuklar mutfakta kek yapabilir, oyun odas\u0131nda kayd\u0131raktan kayabilir, resim odas\u0131nda sanatlar\u0131n\u0131 konu\u015fturabilir, m\u00fczik odas\u0131nda m\u00fczik aletleri \u00e7alabilir, banyoda dinlenebilir, yatak odas\u0131nda uyuyabilir ve \u00e7at\u0131da parti yapabilir; Gabby hayranlar\u0131 i\u00e7in hediye \u2013 Gabby\u2019s Dollhouse&#8217;u seven \u00e7ocuklar, Ba\u015flang\u0131\u00e7 Yap\u0131m Par\u00e7as\u0131 ve basit yap\u0131m ad\u0131mlar\u0131yla s\u0131n\u0131rs\u0131z yarat\u0131c\u0131 oyunun keyfini \u00e7\u0131kar\u0131rken \u00f6nemli beceriler edinecek; \u00c7at\u0131s\u0131na kadar e\u011flence dolu \u2013 Hayal evinin y\u00fcksekli\u011fi 34 cm, geni\u015fli\u011fi 31 cm, derinli\u011fi 9 cm\u2019dir; E\u011flenceli yap\u0131m rehberi \u2013 Bas\u0131l\u0131 resimli bir rehber, her yap\u0131m a\u015famas\u0131n\u0131n amac\u0131n\u0131 g\u00f6sterir ve LEGO\u00ae Builder uygulamas\u0131, \u00e7ocuklar\u0131n modeli yaparken g\u00f6rselle\u015ftirebilmeleri i\u00e7in dijital yak\u0131nla\u015ft\u0131rma ve d\u00f6nd\u00fcrme ara\u00e7lar\u0131 sunar; E\u011flenceyi geni\u015fletin \u2013 Geni\u015f \u00e7e\u015fitlilikte LEGO\u00ae 4+ setleri, \u00e7ocuklar\u0131 en sevdikleri filmlerin, televizyon karakterlerinin ve s\u0131radan kahramanlar\u0131n oldu\u011fu bir evrenle tan\u0131\u015ft\u0131r\u0131r; Kalite garantili \u2013 Dayan\u0131kl\u0131, birbiriyle uyumlu ve her seferinde rahat\u00e7a tak\u0131labilen LEGO\u00ae par\u00e7alar\u0131, sekt\u00f6r\u00fcn kat\u0131 kalite standartlar\u0131na uygundur; G\u00fcvenlik garantili \u2013 LEGO\u00ae par\u00e7alar\u0131, kat\u0131 global g\u00fcvenlik standartlar\u0131n\u0131 kar\u015f\u0131lad\u0131\u011f\u0131ndan emin olmak i\u00e7in d\u00fc\u015f\u00fcr\u00fcl\u00fcr, \u0131s\u0131t\u0131l\u0131r, ezilir, b\u00fck\u00fcl\u00fcr ve analiz edilir<\/p>\n","protected":false},"featured_media":28368,"comment_status":"open","ping_status":"closed","template":"","meta":[],"product_brand":[],"product_cat":[1042,555],"product_tag":[864,1045],"class_list":{"0":"post-27929","1":"product","2":"type-product","3":"status-publish","4":"has-post-thumbnail","6":"product_cat-gabby-dollhouse","7":"product_cat-lego","8":"product_tag-lego","9":"product_tag-lego-10788","11":"first","12":"outofstock","13":"shipping-taxable","14":"purchasable","15":"product-type-simple"},"_links":{"self":[{"href":"https:\/\/toysplusshop.com\/index.php?rest_route=\/wp\/v2\/product\/27929","targetHints":{"allow":["GET"]}}],"collection":[{"href":"https:\/\/toysplusshop.com\/index.php?rest_route=\/wp\/v2\/product"}],"about":[{"href":"https:\/\/toysplusshop.com\/index.php?rest_route=\/wp\/v2\/types\/product"}],"replies":[{"embeddable":true,"href":"https:\/\/toysplusshop.com\/index.php?rest_route=%2Fwp%2Fv2%2Fcomments&post=27929"}],"version-history":[{"count":2,"href":"https:\/\/toysplusshop.com\/index.php?rest_route=\/wp\/v2\/product\/27929\/revisions"}],"predecessor-version":[{"id":32953,"href":"https:\/\/toysplusshop.com\/index.php?rest_route=\/wp\/v2\/product\/27929\/revisions\/32953"}],"wp:featuredmedia":[{"embeddable":true,"href":"https:\/\/toysplusshop.com\/index.php?rest_route=\/wp\/v2\/media\/28368"}],"wp:attachment":[{"href":"https:\/\/toysplusshop.com\/index.php?rest_route=%2Fwp%2Fv2%2Fmedia&parent=27929"}],"wp:term":[{"taxonomy":"product_brand","embeddable":true,"href":"https:\/\/toysplusshop.com\/index.php?rest_route=%2Fwp%2Fv2%2Fproduct_brand&post=27929"},{"taxonomy":"product_cat","embeddable":true,"href":"https:\/\/toysplusshop.com\/index.php?rest_route=%2Fwp%2Fv2%2Fproduct_cat&post=27929"},{"taxonomy":"product_tag","embeddable":true,"href":"https:\/\/toysplusshop.com\/index.php?rest_route=%2Fwp%2Fv2%2Fproduct_tag&post=27929"}],"curies":[{"name":"wp","href":"https:\/\/api.w.org\/{rel}","templated":true}]}}