{"id":27974,"date":"2024-03-17T11:26:45","date_gmt":"2024-03-17T11:26:45","guid":{"rendered":"https:\/\/toysplusshop.com\/?post_type=product&#038;p=27974"},"modified":"2024-04-23T14:08:35","modified_gmt":"2024-04-23T14:08:35","slug":"lego-marvel-iron-man-hulkbuster-thanosa-karsi-76263","status":"publish","type":"product","link":"https:\/\/toysplusshop.com\/?product=lego-marvel-iron-man-hulkbuster-thanosa-karsi-76263","title":{"rendered":"LEGO 76263 MARVEL IRON MAN HULKBUSTER THANOS&#8217;A KAR\u015eI"},"content":{"rendered":"<p>LEGO\u00ae Marvel Iron Man Hulkbuster Thanos&#8217;a Kar\u015f\u0131 (76263), 4 ya\u015f ve \u00fczeri \u00e7ocuklar i\u00e7in tasarlanm\u0131\u015f in\u015fa edilebilen oyun setinde, simgele\u015fmi\u015f karakterleri ve onlar\u0131n harika teknolojilerini i\u00e7erir. \u00c7ocuklar i\u00e7in en iyi ba\u015flang\u0131\u00e7 Marvel Studios&#8217;un Avengers: Sonsuzluk Sava\u015f\u0131&#8217;na dayanan bu oyun seti, S\u00fcper Kahraman Iron Man ve z\u0131rh\u0131n\u0131, s\u00fcper k\u00f6t\u00fc Thanos ve u\u00e7a\u011f\u0131yla bir araya getiriyor. Hulkbuster z\u0131rh\u0131n\u0131n duru\u015fu tamamen ayarlanabilir ve Iron Man minifig\u00fcr\u00fc i\u00e7in bir koltuk i\u00e7erir. U\u00e7a\u011fa bir disk at\u0131c\u0131 tak\u0131l\u0131r ve Thanos minifig\u00fcr\u00fc i\u00e7in bir koltuk bulunur. Kutunun i\u00e7indeki her bir yap\u0131m par\u00e7as\u0131 paketi, \u00e7ocuklar\u0131n hemen oynamak i\u00e7in bir araya getirebilecekleri eksiksiz bir model ve karakter i\u00e7erir. Renkli resimli hikaye, yap\u0131m ve oyun k\u0131lavuzu i\u015flevi g\u00f6r\u00fcr ve 2 robot ayakl\u0131 Ba\u015flang\u0131\u00e7 Yap\u0131m Par\u00e7as\u0131, yap\u0131m\u0131 kolayla\u015ft\u0131r\u0131r. Daha fazla dijital e\u011flence i\u00e7in model severler, sezgisel LEGO Builder uygulamas\u0131yla modelleri 3 boyutlu yak\u0131nla\u015ft\u0131rabilir, d\u00f6nd\u00fcrebilir ve ilerlemelerini takip edebilir. Aile boyu e\u011flence 4+ setler, yeti\u015fkinlerin yap\u0131m e\u011flencesini \u00e7ocuklarla payla\u015fmas\u0131n\u0131n m\u00fckemmel bir yoludur.;<\/p>\n<ul>\n<li>Gen\u00e7 S\u00fcper Kahramanlar i\u00e7in yarat\u0131c\u0131 oyunlar \u2013 LEGO\u00ae Marvel Iron Man Hulkbuster Thanos&#8217;a Kar\u015f\u0131 (76263), 4 ya\u015f ve \u00fczeri \u00e7ocuklara klasik s\u00fcper kahraman aksiyonu sunar;<\/li>\n<li>Simgele\u015fmi\u015f karakterler \u2013 Hulkbuster z\u0131rh\u0131yla Iron Man ve u\u00e7a\u011f\u0131yla Thanos dahildir. Ba\u015flang\u0131\u00e7 Yap\u0131m Par\u00e7as\u0131, yap\u0131m ve oyun e\u011flencesinin hemen ba\u015flamas\u0131n\u0131 sa\u011flar;<\/li>\n<li>Sava\u015f aksiyonu \u2013 Hulkbuster z\u0131rh\u0131n\u0131n duru\u015fu tamamen ayarlanabilir ve Iron Man minifig\u00fcr\u00fc i\u00e7in bir koltuk i\u00e7erir. U\u00e7a\u011fa bir disk at\u0131c\u0131 tak\u0131l\u0131r ve Thanos minifig\u00fcr\u00fc i\u00e7in bir koltuk bulunur;<\/li>\n<li>4 ya\u015f ve \u00fczeri \u00e7ocuklara hediye \u2013 Bu do\u011fum g\u00fcn\u00fc, y\u0131lba\u015f\u0131 veya s\u0131radan bir g\u00fcn hediyesi, temel geli\u015fim becerilerini desteklemek ve g\u00fc\u00e7lendirmek i\u00e7in Ba\u015flang\u0131\u00e7 Yap\u0131m Par\u00e7alar\u0131 ve basit yap\u0131m ad\u0131mlar\u0131 i\u00e7erir;<\/li>\n<li>Ta\u015f\u0131nabilir e\u011flence \u2013 Hulkbuster&#8217;\u0131n boyu 11 cm\u2019dir ve u\u00e7a\u011f\u0131n geni\u015fli\u011fi 9 cm\u2019dir; b\u00f6ylece \u00e7ocuklar aksiyonu kolayca istedikleri yere ta\u015f\u0131yabilir;<\/li>\n<li>Gen\u00e7 zihinlere ilham verin \u2013 LEGO\u00ae 4+ setleri, \u00e7ocuklar\u0131 en sevdi\u011fi filmlerin, televizyon karakterlerinin ve s\u0131radan kahramanlar\u0131n oldu\u011fu geni\u015f bir evrenle tan\u0131\u015ft\u0131r\u0131r;<\/li>\n<li>Kalite garantili \u2013 Dayan\u0131kl\u0131, birbiriyle uyumlu ve her seferinde kolayca tak\u0131l\u0131p \u00e7\u0131kar\u0131labilen LEGO\u00ae par\u00e7alar\u0131, sekt\u00f6r\u00fcn kat\u0131 kalite standartlar\u0131na uygundur;<\/li>\n<li>G\u00fcvenlik garantili \u2013 LEGO\u00ae par\u00e7alar\u0131, kat\u0131 global g\u00fcvenlik standartlar\u0131n\u0131 kar\u015f\u0131lad\u0131\u011f\u0131ndan emin olmak i\u00e7in d\u00fc\u015f\u00fcr\u00fcl\u00fcr, \u0131s\u0131t\u0131l\u0131r, ezilir, b\u00fck\u00fcl\u00fcr ve analiz edilir<\/li>\n<\/ul>\n","protected":false},"excerpt":{"rendered":"<p>LEGO\u00ae Marvel Iron Man Hulkbuster Thanos&#8217;a Kar\u015f\u0131 (76263), 4 ya\u015f ve \u00fczeri \u00e7ocuklar i\u00e7in tasarlanm\u0131\u015f in\u015fa edilebilen oyun setinde, simgele\u015fmi\u015f karakterleri ve onlar\u0131n harika teknolojilerini i\u00e7erir. \u00c7ocuklar i\u00e7in en iyi ba\u015flang\u0131\u00e7 Marvel Studios&#8217;un Avengers: Sonsuzluk Sava\u015f\u0131&#8217;na dayanan bu oyun seti, S\u00fcper Kahraman Iron Man ve z\u0131rh\u0131n\u0131, s\u00fcper k\u00f6t\u00fc Thanos ve u\u00e7a\u011f\u0131yla bir araya getiriyor. Hulkbuster z\u0131rh\u0131n\u0131n duru\u015fu tamamen ayarlanabilir ve Iron Man minifig\u00fcr\u00fc i\u00e7in bir koltuk i\u00e7erir. U\u00e7a\u011fa bir disk at\u0131c\u0131 tak\u0131l\u0131r ve Thanos minifig\u00fcr\u00fc i\u00e7in bir koltuk bulunur. Kutunun i\u00e7indeki her bir yap\u0131m par\u00e7as\u0131 paketi, \u00e7ocuklar\u0131n hemen oynamak i\u00e7in bir araya getirebilecekleri eksiksiz bir model ve karakter i\u00e7erir. Renkli resimli hikaye, yap\u0131m ve oyun k\u0131lavuzu i\u015flevi g\u00f6r\u00fcr ve 2 robot ayakl\u0131 Ba\u015flang\u0131\u00e7 Yap\u0131m Par\u00e7as\u0131, yap\u0131m\u0131 kolayla\u015ft\u0131r\u0131r. Daha fazla dijital e\u011flence i\u00e7in model severler, sezgisel LEGO Builder uygulamas\u0131yla modelleri 3 boyutlu yak\u0131nla\u015ft\u0131rabilir, d\u00f6nd\u00fcrebilir ve ilerlemelerini takip edebilir. Aile boyu e\u011flence 4+ setler, yeti\u015fkinlerin yap\u0131m e\u011flencesini \u00e7ocuklarla payla\u015fmas\u0131n\u0131n m\u00fckemmel bir yoludur.; Gen\u00e7 S\u00fcper Kahramanlar i\u00e7in yarat\u0131c\u0131 oyunlar \u2013 LEGO\u00ae Marvel Iron Man Hulkbuster Thanos&#8217;a Kar\u015f\u0131 (76263), 4 ya\u015f ve \u00fczeri \u00e7ocuklara klasik s\u00fcper kahraman aksiyonu sunar; Simgele\u015fmi\u015f karakterler \u2013 Hulkbuster z\u0131rh\u0131yla Iron Man ve u\u00e7a\u011f\u0131yla Thanos dahildir. Ba\u015flang\u0131\u00e7 Yap\u0131m Par\u00e7as\u0131, yap\u0131m ve oyun e\u011flencesinin hemen ba\u015flamas\u0131n\u0131 sa\u011flar; Sava\u015f aksiyonu \u2013 Hulkbuster z\u0131rh\u0131n\u0131n duru\u015fu tamamen ayarlanabilir ve Iron Man minifig\u00fcr\u00fc i\u00e7in bir koltuk i\u00e7erir. U\u00e7a\u011fa bir disk at\u0131c\u0131 tak\u0131l\u0131r ve Thanos minifig\u00fcr\u00fc i\u00e7in bir koltuk bulunur; 4 ya\u015f ve \u00fczeri \u00e7ocuklara hediye \u2013 Bu do\u011fum g\u00fcn\u00fc, y\u0131lba\u015f\u0131 veya s\u0131radan bir g\u00fcn hediyesi, temel geli\u015fim becerilerini desteklemek ve g\u00fc\u00e7lendirmek i\u00e7in Ba\u015flang\u0131\u00e7 Yap\u0131m Par\u00e7alar\u0131 ve basit yap\u0131m ad\u0131mlar\u0131 i\u00e7erir; Ta\u015f\u0131nabilir e\u011flence \u2013 Hulkbuster&#8217;\u0131n boyu 11 cm\u2019dir ve u\u00e7a\u011f\u0131n geni\u015fli\u011fi 9 cm\u2019dir; b\u00f6ylece \u00e7ocuklar aksiyonu kolayca istedikleri yere ta\u015f\u0131yabilir; Gen\u00e7 zihinlere ilham verin \u2013 LEGO\u00ae 4+ setleri, \u00e7ocuklar\u0131 en sevdi\u011fi filmlerin, televizyon karakterlerinin ve s\u0131radan kahramanlar\u0131n oldu\u011fu geni\u015f bir evrenle tan\u0131\u015ft\u0131r\u0131r; Kalite garantili \u2013 Dayan\u0131kl\u0131, birbiriyle uyumlu ve her seferinde kolayca tak\u0131l\u0131p \u00e7\u0131kar\u0131labilen LEGO\u00ae par\u00e7alar\u0131, sekt\u00f6r\u00fcn kat\u0131 kalite standartlar\u0131na uygundur; G\u00fcvenlik garantili \u2013 LEGO\u00ae par\u00e7alar\u0131, kat\u0131 global g\u00fcvenlik standartlar\u0131n\u0131 kar\u015f\u0131lad\u0131\u011f\u0131ndan emin olmak i\u00e7in d\u00fc\u015f\u00fcr\u00fcl\u00fcr, \u0131s\u0131t\u0131l\u0131r, ezilir, b\u00fck\u00fcl\u00fcr ve analiz edilir<\/p>\n","protected":false},"featured_media":27975,"comment_status":"open","ping_status":"closed","template":"","meta":[],"product_brand":[],"product_cat":[555,855],"product_tag":[864,1050],"class_list":{"0":"post-27974","1":"product","2":"type-product","3":"status-publish","4":"has-post-thumbnail","6":"product_cat-lego","7":"product_cat-marvel","8":"product_tag-lego","9":"product_tag-lego-76263","11":"first","12":"instock","13":"shipping-taxable","14":"purchasable","15":"product-type-simple"},"_links":{"self":[{"href":"https:\/\/toysplusshop.com\/index.php?rest_route=\/wp\/v2\/product\/27974","targetHints":{"allow":["GET"]}}],"collection":[{"href":"https:\/\/toysplusshop.com\/index.php?rest_route=\/wp\/v2\/product"}],"about":[{"href":"https:\/\/toysplusshop.com\/index.php?rest_route=\/wp\/v2\/types\/product"}],"replies":[{"embeddable":true,"href":"https:\/\/toysplusshop.com\/index.php?rest_route=%2Fwp%2Fv2%2Fcomments&post=27974"}],"version-history":[{"count":2,"href":"https:\/\/toysplusshop.com\/index.php?rest_route=\/wp\/v2\/product\/27974\/revisions"}],"predecessor-version":[{"id":32948,"href":"https:\/\/toysplusshop.com\/index.php?rest_route=\/wp\/v2\/product\/27974\/revisions\/32948"}],"wp:featuredmedia":[{"embeddable":true,"href":"https:\/\/toysplusshop.com\/index.php?rest_route=\/wp\/v2\/media\/27975"}],"wp:attachment":[{"href":"https:\/\/toysplusshop.com\/index.php?rest_route=%2Fwp%2Fv2%2Fmedia&parent=27974"}],"wp:term":[{"taxonomy":"product_brand","embeddable":true,"href":"https:\/\/toysplusshop.com\/index.php?rest_route=%2Fwp%2Fv2%2Fproduct_brand&post=27974"},{"taxonomy":"product_cat","embeddable":true,"href":"https:\/\/toysplusshop.com\/index.php?rest_route=%2Fwp%2Fv2%2Fproduct_cat&post=27974"},{"taxonomy":"product_tag","embeddable":true,"href":"https:\/\/toysplusshop.com\/index.php?rest_route=%2Fwp%2Fv2%2Fproduct_tag&post=27974"}],"curies":[{"name":"wp","href":"https:\/\/api.w.org\/{rel}","templated":true}]}}