{"id":28024,"date":"2024-03-17T21:11:29","date_gmt":"2024-03-17T21:11:29","guid":{"rendered":"https:\/\/toysplusshop.com\/?post_type=product&#038;p=28024"},"modified":"2026-01-28T15:02:09","modified_gmt":"2026-01-28T15:02:09","slug":"jenga","status":"publish","type":"product","link":"https:\/\/toysplusshop.com\/?product=jenga","title":{"rendered":"JENGA"},"content":{"rendered":"<p>Arkada\u015flar\u0131, yetene\u011fi, gizemi, kahkahay\u0131 ve biraz da \u015fans\u0131 bir araya getiren bir oyun deneyimi ister misiniz? O zaman Jenga oyununu deneyin!<\/p>\n<p>Bu, oynayan herkesin heyecandan yerinde duramayaca\u011f\u0131, yer\u00e7ekimine meydan okuyan harika bir oyun. Jenga\u2019da ama\u00e7 tahta bloklar\u0131 \u00e7ekerek kulenin \u00fcst\u00fcne koymak, tabii kuleyi devirmeden! \u015eamatal\u0131, bol kahkahal\u0131, oynamas\u0131 da son derece kolay.<\/p>\n<p>Jenga zamana meydan okuyor! \u015eamatal\u0131, bol kahkahal\u0131, oynamas\u0131 da son derece kolay. Kulenin devrilmesini \u00f6nleyin! Bunun i\u00e7in yetenek, strateji ve \u015fans gerekli! Kendi ba\u015f\u0131n\u0131za veya arkada\u015flar\u0131n\u0131zla birlikte oynay\u0131n.<\/p>\n<p>Orijinal ah\u015fap bloklar: basit, sa\u011flam ve klasik!<\/p>\n<p>\u0130\u00e7indekiler: 54 Jenga ah\u015fap blok, d\u00fczeltme kal\u0131b\u0131 ve oyun k\u0131lavuzu<\/p>\n<p>Oyuncu say\u0131s\u0131: 1 veya daha fazla<\/p>\n<p>Kutu \u00f6l\u00e7\u00fcs\u00fc: 8 x 11 x 28 cm<\/p>\n<p>A\u011f\u0131rl\u0131k: 1,030 kg<\/p>\n","protected":false},"excerpt":{"rendered":"<p>Arkada\u015flar\u0131, yetene\u011fi, gizemi, kahkahay\u0131 ve biraz da \u015fans\u0131 bir araya getiren bir oyun deneyimi ister misiniz? O zaman Jenga oyununu deneyin! Bu, oynayan herkesin heyecandan yerinde duramayaca\u011f\u0131, yer\u00e7ekimine meydan okuyan harika bir oyun. Jenga\u2019da ama\u00e7 tahta bloklar\u0131 \u00e7ekerek kulenin \u00fcst\u00fcne koymak, tabii kuleyi devirmeden! \u015eamatal\u0131, bol kahkahal\u0131, oynamas\u0131 da son derece kolay. Jenga zamana meydan okuyor! \u015eamatal\u0131, bol kahkahal\u0131, oynamas\u0131 da son derece kolay. Kulenin devrilmesini \u00f6nleyin! Bunun i\u00e7in yetenek, strateji ve \u015fans gerekli! Kendi ba\u015f\u0131n\u0131za veya arkada\u015flar\u0131n\u0131zla birlikte oynay\u0131n. Orijinal ah\u015fap bloklar: basit, sa\u011flam ve klasik! \u0130\u00e7indekiler: 54 Jenga ah\u015fap blok, d\u00fczeltme kal\u0131b\u0131 ve oyun k\u0131lavuzu Oyuncu say\u0131s\u0131: 1 veya daha fazla Kutu \u00f6l\u00e7\u00fcs\u00fc: 8 x 11 x 28 cm A\u011f\u0131rl\u0131k: 1,030 kg<\/p>\n","protected":false},"featured_media":28025,"comment_status":"open","ping_status":"closed","template":"","meta":[],"product_brand":[],"product_cat":[1055],"product_tag":[1959,1058],"class_list":{"0":"post-28024","1":"product","2":"type-product","3":"status-publish","4":"has-post-thumbnail","6":"product_cat-kutu-oyunlari","7":"product_tag-hasbro","8":"product_tag-jenga","10":"first","11":"instock","12":"shipping-taxable","13":"purchasable","14":"product-type-simple"},"_links":{"self":[{"href":"https:\/\/toysplusshop.com\/index.php?rest_route=\/wp\/v2\/product\/28024","targetHints":{"allow":["GET"]}}],"collection":[{"href":"https:\/\/toysplusshop.com\/index.php?rest_route=\/wp\/v2\/product"}],"about":[{"href":"https:\/\/toysplusshop.com\/index.php?rest_route=\/wp\/v2\/types\/product"}],"replies":[{"embeddable":true,"href":"https:\/\/toysplusshop.com\/index.php?rest_route=%2Fwp%2Fv2%2Fcomments&post=28024"}],"version-history":[{"count":1,"href":"https:\/\/toysplusshop.com\/index.php?rest_route=\/wp\/v2\/product\/28024\/revisions"}],"predecessor-version":[{"id":28028,"href":"https:\/\/toysplusshop.com\/index.php?rest_route=\/wp\/v2\/product\/28024\/revisions\/28028"}],"wp:featuredmedia":[{"embeddable":true,"href":"https:\/\/toysplusshop.com\/index.php?rest_route=\/wp\/v2\/media\/28025"}],"wp:attachment":[{"href":"https:\/\/toysplusshop.com\/index.php?rest_route=%2Fwp%2Fv2%2Fmedia&parent=28024"}],"wp:term":[{"taxonomy":"product_brand","embeddable":true,"href":"https:\/\/toysplusshop.com\/index.php?rest_route=%2Fwp%2Fv2%2Fproduct_brand&post=28024"},{"taxonomy":"product_cat","embeddable":true,"href":"https:\/\/toysplusshop.com\/index.php?rest_route=%2Fwp%2Fv2%2Fproduct_cat&post=28024"},{"taxonomy":"product_tag","embeddable":true,"href":"https:\/\/toysplusshop.com\/index.php?rest_route=%2Fwp%2Fv2%2Fproduct_tag&post=28024"}],"curies":[{"name":"wp","href":"https:\/\/api.w.org\/{rel}","templated":true}]}}