{"id":28036,"date":"2024-03-18T08:22:10","date_gmt":"2024-03-18T08:22:10","guid":{"rendered":"https:\/\/toysplusshop.com\/?post_type=product&#038;p=28036"},"modified":"2024-11-13T15:55:12","modified_gmt":"2024-11-13T15:55:12","slug":"cluedo-kart-oyunu","status":"publish","type":"product","link":"https:\/\/toysplusshop.com\/?product=cluedo-kart-oyunu","title":{"rendered":"CLUEDO KART OYUNU HASBRO E7589"},"content":{"rendered":"<p style=\"font-weight: 400\">Hasbro Gam\u0131ng Kart Oyunlar\u0131 \u00dcr\u00fcn \u00d6zellikleri<\/p>\n<p style=\"font-weight: 400\">Hasbro Gaming\u2019in en sevilen kutu oyunlar\u0131, \u015fimdi h\u0131zl\u0131 ve e\u011flenceli birer kart oyununa d\u00f6n\u00fc\u015ft\u00fc.<\/p>\n<p style=\"font-weight: 400\">Bu kart oyunlar\u0131n\u0131 cebinize ya da \u00e7antan\u0131za at\u0131p istedi\u011finiz yere ta\u015f\u0131y\u0131n ve her yerde oyun keyfini ya\u015fay\u0131n.<\/p>\n<p style=\"font-weight: 400\">Cluedo kart oyunuyla gizemi \u00e7\u00f6zmek ve su\u00e7u kimin, neyle ve nerede i\u015fledi\u011fini i\u00e7eren bir su\u00e7lamada bulunmak i\u00e7in dedektiflik becerilerinizden yararlan\u0131n.<\/p>\n<p style=\"font-weight: 400\">Paket \u00d6l\u00e7\u00fcs\u00fc:\u00a02 x 9 x 14 cm<\/p>\n<p style=\"font-weight: 400\">Ya\u015f Grubu:8 Ya\u015f ve \u00dczeri<\/p>\n","protected":false},"excerpt":{"rendered":"<p>Hasbro Gam\u0131ng Kart Oyunlar\u0131 \u00dcr\u00fcn \u00d6zellikleri Hasbro Gaming\u2019in en sevilen kutu oyunlar\u0131, \u015fimdi h\u0131zl\u0131 ve e\u011flenceli birer kart oyununa d\u00f6n\u00fc\u015ft\u00fc. Bu kart oyunlar\u0131n\u0131 cebinize ya da \u00e7antan\u0131za at\u0131p istedi\u011finiz yere ta\u015f\u0131y\u0131n ve her yerde oyun keyfini ya\u015fay\u0131n. Cluedo kart oyunuyla gizemi \u00e7\u00f6zmek ve su\u00e7u kimin, neyle ve nerede i\u015fledi\u011fini i\u00e7eren bir su\u00e7lamada bulunmak i\u00e7in dedektiflik becerilerinizden yararlan\u0131n. Paket \u00d6l\u00e7\u00fcs\u00fc:\u00a02 x 9 x 14 cm Ya\u015f Grubu:8 Ya\u015f ve \u00dczeri<\/p>\n","protected":false},"featured_media":28037,"comment_status":"open","ping_status":"closed","template":"","meta":[],"product_brand":[],"product_cat":[1055],"product_tag":[1060],"class_list":{"0":"post-28036","1":"product","2":"type-product","3":"status-publish","4":"has-post-thumbnail","6":"product_cat-kutu-oyunlari","7":"product_tag-cluedo-kart-oyunu","9":"first","10":"instock","11":"shipping-taxable","12":"purchasable","13":"product-type-simple"},"_links":{"self":[{"href":"https:\/\/toysplusshop.com\/index.php?rest_route=\/wp\/v2\/product\/28036","targetHints":{"allow":["GET"]}}],"collection":[{"href":"https:\/\/toysplusshop.com\/index.php?rest_route=\/wp\/v2\/product"}],"about":[{"href":"https:\/\/toysplusshop.com\/index.php?rest_route=\/wp\/v2\/types\/product"}],"replies":[{"embeddable":true,"href":"https:\/\/toysplusshop.com\/index.php?rest_route=%2Fwp%2Fv2%2Fcomments&post=28036"}],"version-history":[{"count":3,"href":"https:\/\/toysplusshop.com\/index.php?rest_route=\/wp\/v2\/product\/28036\/revisions"}],"predecessor-version":[{"id":36868,"href":"https:\/\/toysplusshop.com\/index.php?rest_route=\/wp\/v2\/product\/28036\/revisions\/36868"}],"wp:featuredmedia":[{"embeddable":true,"href":"https:\/\/toysplusshop.com\/index.php?rest_route=\/wp\/v2\/media\/28037"}],"wp:attachment":[{"href":"https:\/\/toysplusshop.com\/index.php?rest_route=%2Fwp%2Fv2%2Fmedia&parent=28036"}],"wp:term":[{"taxonomy":"product_brand","embeddable":true,"href":"https:\/\/toysplusshop.com\/index.php?rest_route=%2Fwp%2Fv2%2Fproduct_brand&post=28036"},{"taxonomy":"product_cat","embeddable":true,"href":"https:\/\/toysplusshop.com\/index.php?rest_route=%2Fwp%2Fv2%2Fproduct_cat&post=28036"},{"taxonomy":"product_tag","embeddable":true,"href":"https:\/\/toysplusshop.com\/index.php?rest_route=%2Fwp%2Fv2%2Fproduct_tag&post=28036"}],"curies":[{"name":"wp","href":"https:\/\/api.w.org\/{rel}","templated":true}]}}