{"id":28113,"date":"2024-03-18T09:59:39","date_gmt":"2024-03-18T09:59:39","guid":{"rendered":"https:\/\/toysplusshop.com\/?post_type=product&#038;p=28113"},"modified":"2025-01-10T14:19:29","modified_gmt":"2025-01-10T14:19:29","slug":"lego-sonic-amynin-hayvan-kurtarma-adasi-76992","status":"publish","type":"product","link":"https:\/\/toysplusshop.com\/?product=lego-sonic-amynin-hayvan-kurtarma-adasi-76992","title":{"rendered":"LEGO 76992 SON\u0130C AMY&#8217;N\u0130N HAYVAN KURTARMA ADASI"},"content":{"rendered":"<p>Sonic\u2019i veya hayvanlara bakmay\u0131 seven 7 ya\u015f ve \u00fczeri \u00e7ocuklar, LEGO\u00ae Sonic the Hedgehog\u2122 Amy\u2019nin Hayvan Kurtarma Adas\u0131 (76992) oyuncak setiyle bol bol e\u011flenebilir. \u00c7ocuklar ada sahnesini ke\u015ffederken ve Amy ile Tails\u2019in hayvan dostlar\u0131na bakmalar\u0131na yard\u0131m ederken yarat\u0131c\u0131 oyunlar \u00e7ok kolayd\u0131r. Karakterler kayd\u0131raktan havuza kayarken, kumdan kaleler yaparken ya da atl\u0131kar\u0131ncaya binerken e\u011flenecek \u00e7ok \u015fey var. Ke\u015ffedilecek \u00e7ok \u015fey var \u00c7ocuklar, hayvanlar\u0131 \u00e7almaya \u00e7al\u0131\u015fan Badnik\u2019i yenmek i\u00e7in a\u00e7\u0131lan k\u00f6pr\u00fcy\u00fc ve \u015felale tuza\u011f\u0131n\u0131 kullanabilir. Ayr\u0131ca \u00e7ocuklar\u0131n kurtar\u0131lan hayvanlar\u0131n bak\u0131m\u0131n\u0131 yapabilece\u011fi mutfa\u011fa ve uyuma alanlar\u0131na giden gizli bir ge\u00e7it bulunur. Oynaman\u0131n bir\u00e7ok yolu LEGO Sonic the Hedgehog\u2122 oyun setlerinde h\u0131zl\u0131 aksiyon maceralar\u0131, yarat\u0131c\u0131 oyunla bulu\u015fuyor. Blue Blur hayranlar\u0131, en sevdikleri Sonic maceralar\u0131ndan esinlenen sahneleri canland\u0131rmaya bay\u0131lacak. H\u0131z de\u011fi\u015fikli\u011fi zaman\u0131 geldi\u011finde, \u00e7ocuklar Sonic\u2019in hayvan dostlar\u0131na bakarken hayali oyunlar\u0131n keyfini \u00e7\u0131karabilir.;<\/p>\n<ul>\n<li>Sonic hayranlar\u0131 i\u00e7in yarat\u0131c\u0131 oyun \u2013 7 ya\u015f ve \u00fczeri \u00e7ocuklar i\u00e7in LEGO\u00ae Sonic the Hedgehog\u2122 Amy\u2019nin Hayvan Kurtarma Adas\u0131 (76992) oyuncak setiyle \u00e7ocuklar\u0131 hayvan kurtarma maceralar\u0131 ya\u015famaya te\u015fvik edin;<\/li>\n<li>6 karakter ve aksesuar \u2013 Sette Amy, Tails, Crabmeat, Picky, Pocky ve Flicky karakterleri, ayr\u0131ca yarat\u0131c\u0131 oyunlar i\u00e7in aksesuarlar bulunur;<\/li>\n<li>Oynaman\u0131n 2 yolu \u2013 \u00c7ocuklar, Badnik\u2019i alt etmek i\u00e7in tuzaklar kurabilir ve Amy ile Tails\u2019in adadaki hayvanlara bakmas\u0131na yard\u0131m ederken hayvan bak\u0131m oyunlar\u0131n\u0131n keyfini \u00e7\u0131karabilir;<\/li>\n<li>Oyuncular i\u00e7in hediye \u2013 Bu LEGO\u00ae Sonic the Hedgehog\u2122 oyuncak seti, Sonic\u2019i, bilgisayar oyunu oyuncaklar\u0131n\u0131 ve hayvanlar\u0131 seven 7 ya\u015f ve \u00fczeri \u00e7ocuklar i\u00e7in e\u011flenceli bir do\u011fum g\u00fcn\u00fc, y\u0131lba\u015f\u0131 veya s\u0131radan bir g\u00fcn hediyesidir;<\/li>\n<li>Boyutlar \u2013 Adan\u0131n y\u00fcksekli\u011fi 12 cm, geni\u015fli\u011fi 24 cm, derinli\u011fi 17 cm\u2019dir;<\/li>\n<li>Sezgisel talimatlar \u2013 LEGO\u00ae Builder uygulamas\u0131, modelleri 3 boyutlu yak\u0131nla\u015ft\u0131rma ve d\u00f6nd\u00fcrme, setleri kaydetme ve ilerlemeyi takip etme ara\u00e7lar\u0131yla sezgisel bir yap\u0131m maceras\u0131nda \u00e7ocu\u011funuza yol g\u00f6sterir;<\/li>\n<li>Sonic\u2019in arkada\u015flar\u0131yla yarat\u0131c\u0131 oyun \u2013 H\u0131zl\u0131 aksiyon, e\u011flenceli karakterler ve yarat\u0131c\u0131 rol yapma faaliyeti, LEGO\u00ae Sonic the Hedgehog\u2122 oyun setlerinde bir araya geliyor;<\/li>\n<li>Kaliteli bir \u00fcr\u00fcn \u2013 T\u00fcm LEGO\u00ae yap\u0131m par\u00e7alar\u0131 tutarl\u0131 ve uyumlu olmalar\u0131n\u0131 ve kolayca yap\u0131labilmelerini sa\u011flamak i\u00e7in kat\u0131 sekt\u00f6r standartlar\u0131na uygundur ve 1958\u2019den beri bu hi\u00e7 de\u011fi\u015fmedi;<\/li>\n<li>\u00d6nce g\u00fcvenlik \u2013 LEGO\u00ae yap\u0131m par\u00e7alar\u0131, kat\u0131 global g\u00fcvenlik standartlar\u0131n\u0131 kar\u015f\u0131lad\u0131\u011f\u0131ndan emin olmak i\u00e7in d\u00fc\u015f\u00fcr\u00fcl\u00fcr, \u0131s\u0131t\u0131l\u0131r, ezilir, b\u00fck\u00fcl\u00fcr ve analiz edilir;<\/li>\n<\/ul>\n","protected":false},"excerpt":{"rendered":"<p>Sonic\u2019i veya hayvanlara bakmay\u0131 seven 7 ya\u015f ve \u00fczeri \u00e7ocuklar, LEGO\u00ae Sonic the Hedgehog\u2122 Amy\u2019nin Hayvan Kurtarma Adas\u0131 (76992) oyuncak setiyle bol bol e\u011flenebilir. \u00c7ocuklar ada sahnesini ke\u015ffederken ve Amy ile Tails\u2019in hayvan dostlar\u0131na bakmalar\u0131na yard\u0131m ederken yarat\u0131c\u0131 oyunlar \u00e7ok kolayd\u0131r. Karakterler kayd\u0131raktan havuza kayarken, kumdan kaleler yaparken ya da atl\u0131kar\u0131ncaya binerken e\u011flenecek \u00e7ok \u015fey var. Ke\u015ffedilecek \u00e7ok \u015fey var \u00c7ocuklar, hayvanlar\u0131 \u00e7almaya \u00e7al\u0131\u015fan Badnik\u2019i yenmek i\u00e7in a\u00e7\u0131lan k\u00f6pr\u00fcy\u00fc ve \u015felale tuza\u011f\u0131n\u0131 kullanabilir. Ayr\u0131ca \u00e7ocuklar\u0131n kurtar\u0131lan hayvanlar\u0131n bak\u0131m\u0131n\u0131 yapabilece\u011fi mutfa\u011fa ve uyuma alanlar\u0131na giden gizli bir ge\u00e7it bulunur. Oynaman\u0131n bir\u00e7ok yolu LEGO Sonic the Hedgehog\u2122 oyun setlerinde h\u0131zl\u0131 aksiyon maceralar\u0131, yarat\u0131c\u0131 oyunla bulu\u015fuyor. Blue Blur hayranlar\u0131, en sevdikleri Sonic maceralar\u0131ndan esinlenen sahneleri canland\u0131rmaya bay\u0131lacak. H\u0131z de\u011fi\u015fikli\u011fi zaman\u0131 geldi\u011finde, \u00e7ocuklar Sonic\u2019in hayvan dostlar\u0131na bakarken hayali oyunlar\u0131n keyfini \u00e7\u0131karabilir.; Sonic hayranlar\u0131 i\u00e7in yarat\u0131c\u0131 oyun \u2013 7 ya\u015f ve \u00fczeri \u00e7ocuklar i\u00e7in LEGO\u00ae Sonic the Hedgehog\u2122 Amy\u2019nin Hayvan Kurtarma Adas\u0131 (76992) oyuncak setiyle \u00e7ocuklar\u0131 hayvan kurtarma maceralar\u0131 ya\u015famaya te\u015fvik edin; 6 karakter ve aksesuar \u2013 Sette Amy, Tails, Crabmeat, Picky, Pocky ve Flicky karakterleri, ayr\u0131ca yarat\u0131c\u0131 oyunlar i\u00e7in aksesuarlar bulunur; Oynaman\u0131n 2 yolu \u2013 \u00c7ocuklar, Badnik\u2019i alt etmek i\u00e7in tuzaklar kurabilir ve Amy ile Tails\u2019in adadaki hayvanlara bakmas\u0131na yard\u0131m ederken hayvan bak\u0131m oyunlar\u0131n\u0131n keyfini \u00e7\u0131karabilir; Oyuncular i\u00e7in hediye \u2013 Bu LEGO\u00ae Sonic the Hedgehog\u2122 oyuncak seti, Sonic\u2019i, bilgisayar oyunu oyuncaklar\u0131n\u0131 ve hayvanlar\u0131 seven 7 ya\u015f ve \u00fczeri \u00e7ocuklar i\u00e7in e\u011flenceli bir do\u011fum g\u00fcn\u00fc, y\u0131lba\u015f\u0131 veya s\u0131radan bir g\u00fcn hediyesidir; Boyutlar \u2013 Adan\u0131n y\u00fcksekli\u011fi 12 cm, geni\u015fli\u011fi 24 cm, derinli\u011fi 17 cm\u2019dir; Sezgisel talimatlar \u2013 LEGO\u00ae Builder uygulamas\u0131, modelleri 3 boyutlu yak\u0131nla\u015ft\u0131rma ve d\u00f6nd\u00fcrme, setleri kaydetme ve ilerlemeyi takip etme ara\u00e7lar\u0131yla sezgisel bir yap\u0131m maceras\u0131nda \u00e7ocu\u011funuza yol g\u00f6sterir; Sonic\u2019in arkada\u015flar\u0131yla yarat\u0131c\u0131 oyun \u2013 H\u0131zl\u0131 aksiyon, e\u011flenceli karakterler ve yarat\u0131c\u0131 rol yapma faaliyeti, LEGO\u00ae Sonic the Hedgehog\u2122 oyun setlerinde bir araya geliyor; Kaliteli bir \u00fcr\u00fcn \u2013 T\u00fcm LEGO\u00ae yap\u0131m par\u00e7alar\u0131 tutarl\u0131 ve uyumlu olmalar\u0131n\u0131 ve kolayca yap\u0131labilmelerini sa\u011flamak i\u00e7in kat\u0131 sekt\u00f6r standartlar\u0131na uygundur ve 1958\u2019den beri bu hi\u00e7 de\u011fi\u015fmedi; \u00d6nce g\u00fcvenlik \u2013 LEGO\u00ae yap\u0131m par\u00e7alar\u0131, kat\u0131 global g\u00fcvenlik standartlar\u0131n\u0131 kar\u015f\u0131lad\u0131\u011f\u0131ndan emin olmak i\u00e7in d\u00fc\u015f\u00fcr\u00fcl\u00fcr, \u0131s\u0131t\u0131l\u0131r, ezilir, b\u00fck\u00fcl\u00fcr ve analiz edilir;<\/p>\n","protected":false},"featured_media":28354,"comment_status":"open","ping_status":"closed","template":"","meta":[],"product_brand":[],"product_cat":[555,854],"product_tag":[864,1072],"class_list":{"0":"post-28113","1":"product","2":"type-product","3":"status-publish","4":"has-post-thumbnail","6":"product_cat-lego","7":"product_cat-sonic","8":"product_tag-lego","9":"product_tag-lego-76992","11":"first","12":"instock","13":"shipping-taxable","14":"purchasable","15":"product-type-simple"},"_links":{"self":[{"href":"https:\/\/toysplusshop.com\/index.php?rest_route=\/wp\/v2\/product\/28113","targetHints":{"allow":["GET"]}}],"collection":[{"href":"https:\/\/toysplusshop.com\/index.php?rest_route=\/wp\/v2\/product"}],"about":[{"href":"https:\/\/toysplusshop.com\/index.php?rest_route=\/wp\/v2\/types\/product"}],"replies":[{"embeddable":true,"href":"https:\/\/toysplusshop.com\/index.php?rest_route=%2Fwp%2Fv2%2Fcomments&post=28113"}],"version-history":[{"count":2,"href":"https:\/\/toysplusshop.com\/index.php?rest_route=\/wp\/v2\/product\/28113\/revisions"}],"predecessor-version":[{"id":32936,"href":"https:\/\/toysplusshop.com\/index.php?rest_route=\/wp\/v2\/product\/28113\/revisions\/32936"}],"wp:featuredmedia":[{"embeddable":true,"href":"https:\/\/toysplusshop.com\/index.php?rest_route=\/wp\/v2\/media\/28354"}],"wp:attachment":[{"href":"https:\/\/toysplusshop.com\/index.php?rest_route=%2Fwp%2Fv2%2Fmedia&parent=28113"}],"wp:term":[{"taxonomy":"product_brand","embeddable":true,"href":"https:\/\/toysplusshop.com\/index.php?rest_route=%2Fwp%2Fv2%2Fproduct_brand&post=28113"},{"taxonomy":"product_cat","embeddable":true,"href":"https:\/\/toysplusshop.com\/index.php?rest_route=%2Fwp%2Fv2%2Fproduct_cat&post=28113"},{"taxonomy":"product_tag","embeddable":true,"href":"https:\/\/toysplusshop.com\/index.php?rest_route=%2Fwp%2Fv2%2Fproduct_tag&post=28113"}],"curies":[{"name":"wp","href":"https:\/\/api.w.org\/{rel}","templated":true}]}}