{"id":28122,"date":"2024-03-18T10:03:02","date_gmt":"2024-03-18T10:03:02","guid":{"rendered":"https:\/\/toysplusshop.com\/?post_type=product&#038;p=28122"},"modified":"2025-09-02T14:02:06","modified_gmt":"2025-09-02T14:02:06","slug":"lego-sonic-hiz-kuresi-meydan-okumasi-76990","status":"publish","type":"product","link":"https:\/\/toysplusshop.com\/?product=lego-sonic-hiz-kuresi-meydan-okumasi-76990","title":{"rendered":"LEGO 76990 SON\u0130C HIZ K\u00dcRES\u0130 MEYDAN OKUMASI"},"content":{"rendered":"<p>6 ya\u015f ve \u00fczeri Sonic\u2019i seven \u00e7ocuklar, Sonic H\u0131z K\u00fcresi Meydan Okumas\u0131 (76990) ile g\u00fcn\u00fc kurtarabilir. Oyun setinde, Moto bug Badnik\u2019i yenmek ve Sonic\u2019in arkada\u015f\u0131 Flicky\u2019yi kurtarmak i\u00e7in Sonic\u2019i parkurda ileri f\u0131rlatmak \u00fczere bir h\u0131z k\u00fcresi ve bir f\u0131rlat\u0131c\u0131 bulunur. \u00c7ocuklar, Sonic\u2019in Y\u00fcz\u00fckleri toplamas\u0131na, ge\u00e7itten ge\u00e7mesine ve rampadan yukar\u0131 \u00e7\u0131karak Kaos Z\u00fcmr\u00fcd\u00fc\u2019ne ula\u015fmas\u0131na yard\u0131m etmek i\u00e7in h\u0131z k\u00fcresi f\u0131rlat\u0131c\u0131y\u0131 kullan\u0131rken bu meydan okumaya bay\u0131lacak. Hikaye anlatmay\u0131 te\u015fvik edin Bu oyuncak seti h\u0131zl\u0131 aksiyonlu oyunlarla doludur ama bu kadar\u0131yla kalmaz, Flicky\u2019ye bakarken \u00e7ocuklara rol yapma faaliyeti f\u0131rsatlar\u0131 da sunar. \u00c7ocuklar Badnik\u2019i yendikten sonra Sonic en sevdi\u011fi sosisli sandvi\u00e7 ile keyif \u00e7atarken ve DJ kabininde oynarken hikayeyi canland\u0131rabilir. LEGO\u00ae Sonic d\u00fcnyas\u0131n\u0131 ke\u015ffedin LEGO Sonic the Hedgehog\u2122 oyun setlerinde h\u0131zl\u0131 aksiyon, yarat\u0131c\u0131 oyunla bulu\u015fuyor. Blue Blur hayranlar\u0131, en sevdikleri Sonic maceralar\u0131ndan esinlenen sahneleri canland\u0131rabilir. H\u0131z de\u011fi\u015fikli\u011fi zaman\u0131 geldi\u011finde, \u00e7ocuklar Sonic\u2019in hayvan dostlar\u0131na bakarken hayali oyunlar\u0131n keyfini \u00e7\u0131karabilir.;<\/p>\n<ul>\n<li>Sonic hayranlar\u0131 i\u00e7in aksiyon oyunu \u2013 6 ya\u015f ve \u00fczeri \u00e7ocuklar i\u00e7in bu LEGO\u00ae Sonic the Hedgehog\u2122 \u00a0Sonic H\u0131z K\u00fcresi Meydan Okumas\u0131 (76990) oyun setiyle \u00e7ocuklar\u0131, Sonic the Hedgehog\u2122 i\u00e7in bir parkur in\u015fa etmeye te\u015fvik edin;<\/li>\n<li>Sonic\u2019in h\u0131z k\u00fcresi dahildir \u2013 Sonic\u2019i parkurda ileri f\u0131rlatmak i\u00e7in h\u0131z k\u00fcresi ve f\u0131rlat\u0131c\u0131 i\u00e7erir. \u00c7ocuklar k\u00fcreyi d\u00f6nd\u00fcrerek, hayvanlar\u0131 kurtarmak i\u00e7in engelleri devirebilir;<\/li>\n<li>3 karakter ve aksesuar \u2013 Sette Sonic the Hedgehog\u2122, ikonik Moto bug Badnik, Sonic\u2019in arkada\u015f\u0131 Flicky ve rol yapma faaliyetleri i\u00e7in bir s\u00fcr\u00fc aksesuar bulunur;<\/li>\n<li>Yarat\u0131c\u0131 oyun \u2013 Sonic\u2019i parkurdan ge\u00e7irdikten sonra \u00e7ocuklar, h\u0131z de\u011fi\u015ftirerek Sonic ve Flicky\u2019nin bir \u015feyler i\u00e7ip dinlendi\u011fi ve DJ kabiniyle oynad\u0131\u011f\u0131 hikayeler geli\u015ftirebilir;<\/li>\n<li>Sonic hayranlar\u0131 i\u00e7in hediye \u2013 Bu LEGO\u00ae Sonic the Hedgehog\u2122 oyuncak seti, hayali aksiyon oyunlar\u0131n\u0131 ve bilgisayar oyunu oyuncaklar\u0131n\u0131 seven 6 ya\u015f ve \u00fczeri \u00e7ocuklar i\u00e7in e\u011flenceli bir do\u011fum g\u00fcn\u00fc, y\u0131lba\u015f\u0131 veya s\u0131radan bir g\u00fcn hediyesidir;<\/li>\n<li>Boyutlar \u2013 H\u0131z k\u00fcresi f\u0131rlat\u0131c\u0131n\u0131n y\u00fcksekli\u011fi 4 cm, geni\u015fli\u011fi 14 cm, derinli\u011fi 5 cm\u2019dir;<\/li>\n<li>Sezgisel talimatlar \u2013 LEGO\u00ae Builder uygulamas\u0131, modelleri 3 boyutlu yak\u0131nla\u015ft\u0131rma ve d\u00f6nd\u00fcrme, setleri kaydetme ve ilerlemeyi takip etme ara\u00e7lar\u0131yla sezgisel bir yap\u0131m maceras\u0131nda \u00e7ocu\u011funuza yol g\u00f6sterir;<\/li>\n<li>Sonic ile yarat\u0131c\u0131 oyun \u2013 LEGO\u00ae Sonic the Hedgehog\u2122 oyun setlerinde h\u0131zl\u0131 aksiyon e\u011flencesi, yarat\u0131c\u0131 oyunlarla bulu\u015fuyor;<\/li>\n<li>Kaliteli bir \u00fcr\u00fcn \u2013 T\u00fcm LEGO\u00ae yap\u0131m par\u00e7alar\u0131 tutarl\u0131 ve uyumlu olmalar\u0131n\u0131 ve kolayca yap\u0131labilmelerini sa\u011flamak i\u00e7in kat\u0131 sekt\u00f6r standartlar\u0131na uygundur ve 1958\u2019den beri bu hi\u00e7 de\u011fi\u015fmedi;<\/li>\n<li>\u00d6nce g\u00fcvenlik \u2013 LEGO\u00ae yap\u0131m par\u00e7alar\u0131, kat\u0131 global g\u00fcvenlik standartlar\u0131n\u0131 kar\u015f\u0131lad\u0131\u011f\u0131ndan emin olmak i\u00e7in d\u00fc\u015f\u00fcr\u00fcl\u00fcr, \u0131s\u0131t\u0131l\u0131r, ezilir, b\u00fck\u00fcl\u00fcr ve analiz edilir<\/li>\n<\/ul>\n","protected":false},"excerpt":{"rendered":"<p>6 ya\u015f ve \u00fczeri Sonic\u2019i seven \u00e7ocuklar, Sonic H\u0131z K\u00fcresi Meydan Okumas\u0131 (76990) ile g\u00fcn\u00fc kurtarabilir. Oyun setinde, Moto bug Badnik\u2019i yenmek ve Sonic\u2019in arkada\u015f\u0131 Flicky\u2019yi kurtarmak i\u00e7in Sonic\u2019i parkurda ileri f\u0131rlatmak \u00fczere bir h\u0131z k\u00fcresi ve bir f\u0131rlat\u0131c\u0131 bulunur. \u00c7ocuklar, Sonic\u2019in Y\u00fcz\u00fckleri toplamas\u0131na, ge\u00e7itten ge\u00e7mesine ve rampadan yukar\u0131 \u00e7\u0131karak Kaos Z\u00fcmr\u00fcd\u00fc\u2019ne ula\u015fmas\u0131na yard\u0131m etmek i\u00e7in h\u0131z k\u00fcresi f\u0131rlat\u0131c\u0131y\u0131 kullan\u0131rken bu meydan okumaya bay\u0131lacak. Hikaye anlatmay\u0131 te\u015fvik edin Bu oyuncak seti h\u0131zl\u0131 aksiyonlu oyunlarla doludur ama bu kadar\u0131yla kalmaz, Flicky\u2019ye bakarken \u00e7ocuklara rol yapma faaliyeti f\u0131rsatlar\u0131 da sunar. \u00c7ocuklar Badnik\u2019i yendikten sonra Sonic en sevdi\u011fi sosisli sandvi\u00e7 ile keyif \u00e7atarken ve DJ kabininde oynarken hikayeyi canland\u0131rabilir. LEGO\u00ae Sonic d\u00fcnyas\u0131n\u0131 ke\u015ffedin LEGO Sonic the Hedgehog\u2122 oyun setlerinde h\u0131zl\u0131 aksiyon, yarat\u0131c\u0131 oyunla bulu\u015fuyor. Blue Blur hayranlar\u0131, en sevdikleri Sonic maceralar\u0131ndan esinlenen sahneleri canland\u0131rabilir. H\u0131z de\u011fi\u015fikli\u011fi zaman\u0131 geldi\u011finde, \u00e7ocuklar Sonic\u2019in hayvan dostlar\u0131na bakarken hayali oyunlar\u0131n keyfini \u00e7\u0131karabilir.; Sonic hayranlar\u0131 i\u00e7in aksiyon oyunu \u2013 6 ya\u015f ve \u00fczeri \u00e7ocuklar i\u00e7in bu LEGO\u00ae Sonic the Hedgehog\u2122 \u00a0Sonic H\u0131z K\u00fcresi Meydan Okumas\u0131 (76990) oyun setiyle \u00e7ocuklar\u0131, Sonic the Hedgehog\u2122 i\u00e7in bir parkur in\u015fa etmeye te\u015fvik edin; Sonic\u2019in h\u0131z k\u00fcresi dahildir \u2013 Sonic\u2019i parkurda ileri f\u0131rlatmak i\u00e7in h\u0131z k\u00fcresi ve f\u0131rlat\u0131c\u0131 i\u00e7erir. \u00c7ocuklar k\u00fcreyi d\u00f6nd\u00fcrerek, hayvanlar\u0131 kurtarmak i\u00e7in engelleri devirebilir; 3 karakter ve aksesuar \u2013 Sette Sonic the Hedgehog\u2122, ikonik Moto bug Badnik, Sonic\u2019in arkada\u015f\u0131 Flicky ve rol yapma faaliyetleri i\u00e7in bir s\u00fcr\u00fc aksesuar bulunur; Yarat\u0131c\u0131 oyun \u2013 Sonic\u2019i parkurdan ge\u00e7irdikten sonra \u00e7ocuklar, h\u0131z de\u011fi\u015ftirerek Sonic ve Flicky\u2019nin bir \u015feyler i\u00e7ip dinlendi\u011fi ve DJ kabiniyle oynad\u0131\u011f\u0131 hikayeler geli\u015ftirebilir; Sonic hayranlar\u0131 i\u00e7in hediye \u2013 Bu LEGO\u00ae Sonic the Hedgehog\u2122 oyuncak seti, hayali aksiyon oyunlar\u0131n\u0131 ve bilgisayar oyunu oyuncaklar\u0131n\u0131 seven 6 ya\u015f ve \u00fczeri \u00e7ocuklar i\u00e7in e\u011flenceli bir do\u011fum g\u00fcn\u00fc, y\u0131lba\u015f\u0131 veya s\u0131radan bir g\u00fcn hediyesidir; Boyutlar \u2013 H\u0131z k\u00fcresi f\u0131rlat\u0131c\u0131n\u0131n y\u00fcksekli\u011fi 4 cm, geni\u015fli\u011fi 14 cm, derinli\u011fi 5 cm\u2019dir; Sezgisel talimatlar \u2013 LEGO\u00ae Builder uygulamas\u0131, modelleri 3 boyutlu yak\u0131nla\u015ft\u0131rma ve d\u00f6nd\u00fcrme, setleri kaydetme ve ilerlemeyi takip etme ara\u00e7lar\u0131yla sezgisel bir yap\u0131m maceras\u0131nda \u00e7ocu\u011funuza yol g\u00f6sterir; Sonic ile yarat\u0131c\u0131 oyun \u2013 LEGO\u00ae Sonic the Hedgehog\u2122 oyun setlerinde h\u0131zl\u0131 aksiyon e\u011flencesi, yarat\u0131c\u0131 oyunlarla bulu\u015fuyor; Kaliteli bir \u00fcr\u00fcn \u2013 T\u00fcm LEGO\u00ae yap\u0131m par\u00e7alar\u0131 tutarl\u0131 ve uyumlu olmalar\u0131n\u0131 ve kolayca yap\u0131labilmelerini sa\u011flamak i\u00e7in kat\u0131 sekt\u00f6r standartlar\u0131na uygundur ve 1958\u2019den beri bu hi\u00e7 de\u011fi\u015fmedi; \u00d6nce g\u00fcvenlik \u2013 LEGO\u00ae yap\u0131m par\u00e7alar\u0131, kat\u0131 global g\u00fcvenlik standartlar\u0131n\u0131 kar\u015f\u0131lad\u0131\u011f\u0131ndan emin olmak i\u00e7in d\u00fc\u015f\u00fcr\u00fcl\u00fcr, \u0131s\u0131t\u0131l\u0131r, ezilir, b\u00fck\u00fcl\u00fcr ve analiz edilir<\/p>\n","protected":false},"featured_media":28353,"comment_status":"open","ping_status":"closed","template":"","meta":[],"product_brand":[],"product_cat":[555,854],"product_tag":[864,1073],"class_list":{"0":"post-28122","1":"product","2":"type-product","3":"status-publish","4":"has-post-thumbnail","6":"product_cat-lego","7":"product_cat-sonic","8":"product_tag-lego","9":"product_tag-lego-76990","11":"first","12":"outofstock","13":"shipping-taxable","14":"purchasable","15":"product-type-simple"},"_links":{"self":[{"href":"https:\/\/toysplusshop.com\/index.php?rest_route=\/wp\/v2\/product\/28122","targetHints":{"allow":["GET"]}}],"collection":[{"href":"https:\/\/toysplusshop.com\/index.php?rest_route=\/wp\/v2\/product"}],"about":[{"href":"https:\/\/toysplusshop.com\/index.php?rest_route=\/wp\/v2\/types\/product"}],"replies":[{"embeddable":true,"href":"https:\/\/toysplusshop.com\/index.php?rest_route=%2Fwp%2Fv2%2Fcomments&post=28122"}],"version-history":[{"count":3,"href":"https:\/\/toysplusshop.com\/index.php?rest_route=\/wp\/v2\/product\/28122\/revisions"}],"predecessor-version":[{"id":32935,"href":"https:\/\/toysplusshop.com\/index.php?rest_route=\/wp\/v2\/product\/28122\/revisions\/32935"}],"wp:featuredmedia":[{"embeddable":true,"href":"https:\/\/toysplusshop.com\/index.php?rest_route=\/wp\/v2\/media\/28353"}],"wp:attachment":[{"href":"https:\/\/toysplusshop.com\/index.php?rest_route=%2Fwp%2Fv2%2Fmedia&parent=28122"}],"wp:term":[{"taxonomy":"product_brand","embeddable":true,"href":"https:\/\/toysplusshop.com\/index.php?rest_route=%2Fwp%2Fv2%2Fproduct_brand&post=28122"},{"taxonomy":"product_cat","embeddable":true,"href":"https:\/\/toysplusshop.com\/index.php?rest_route=%2Fwp%2Fv2%2Fproduct_cat&post=28122"},{"taxonomy":"product_tag","embeddable":true,"href":"https:\/\/toysplusshop.com\/index.php?rest_route=%2Fwp%2Fv2%2Fproduct_tag&post=28122"}],"curies":[{"name":"wp","href":"https:\/\/api.w.org\/{rel}","templated":true}]}}