{"id":28393,"date":"2024-03-18T15:48:46","date_gmt":"2024-03-18T15:48:46","guid":{"rendered":"https:\/\/toysplusshop.com\/?post_type=product&#038;p=28393"},"modified":"2026-01-23T13:55:07","modified_gmt":"2026-01-23T13:55:07","slug":"monopoly","status":"publish","type":"product","link":"https:\/\/toysplusshop.com\/?product=monopoly","title":{"rendered":"MONOPOLY HASBRO C1009"},"content":{"rendered":"<p>Oyun partilerinin vazge\u00e7ilmezi Monopoly sizlerle!<\/p>\n<p>Kazanan\u0131n da kaybedenin de \u00e7ok e\u011flendi\u011fi Monopoly, herkese oyunda bile olsa emlak kral\u0131 olma \u015fans\u0131 veriyor. M\u00fclkleri sat\u0131n al, anla\u015fmalar yap ve hayallerindeki servete kavu\u015f!<\/p>\n<p>Kutu i\u00e7erisinde; oyun alan\u0131, 8 piyon, 28 tapu senedi kart\u0131, 16 \u015fans kart\u0131, 16 kamu fonu kart\u0131, 32 ev, 12 otel, 2 zar, 1 pakey monopoly paras\u0131 ve oyun k\u0131lavuzu yer almaktad\u0131r.<\/p>\n<p>Oyuncu say\u0131s\u0131: 2-6<\/p>\n<p>Kutu \u00f6l\u00e7\u00fcs\u00fc: 40 x 5 x 27 cm.<\/p>\n<p>T\u00fcm kredi kartlar\u0131na taksit ve ayn\u0131 g\u00fcn kargo avantajlar\u0131yla sat\u0131n alabilirsiniz.<\/p>\n","protected":false},"excerpt":{"rendered":"<p>Oyun partilerinin vazge\u00e7ilmezi Monopoly sizlerle! Kazanan\u0131n da kaybedenin de \u00e7ok e\u011flendi\u011fi Monopoly, herkese oyunda bile olsa emlak kral\u0131 olma \u015fans\u0131 veriyor. M\u00fclkleri sat\u0131n al, anla\u015fmalar yap ve hayallerindeki servete kavu\u015f! Kutu i\u00e7erisinde; oyun alan\u0131, 8 piyon, 28 tapu senedi kart\u0131, 16 \u015fans kart\u0131, 16 kamu fonu kart\u0131, 32 ev, 12 otel, 2 zar, 1 pakey monopoly paras\u0131 ve oyun k\u0131lavuzu yer almaktad\u0131r. Oyuncu say\u0131s\u0131: 2-6 Kutu \u00f6l\u00e7\u00fcs\u00fc: 40 x 5 x 27 cm. T\u00fcm kredi kartlar\u0131na taksit ve ayn\u0131 g\u00fcn kargo avantajlar\u0131yla sat\u0131n alabilirsiniz.<\/p>\n","protected":false},"featured_media":28395,"comment_status":"open","ping_status":"closed","template":"","meta":[],"product_brand":[],"product_cat":[1055],"product_tag":[1959,3343,1096],"class_list":{"0":"post-28393","1":"product","2":"type-product","3":"status-publish","4":"has-post-thumbnail","6":"product_cat-kutu-oyunlari","7":"product_tag-hasbro","8":"product_tag-hasbro-c1009","9":"product_tag-monopoly","11":"first","12":"outofstock","13":"shipping-taxable","14":"purchasable","15":"product-type-simple"},"_links":{"self":[{"href":"https:\/\/toysplusshop.com\/index.php?rest_route=\/wp\/v2\/product\/28393","targetHints":{"allow":["GET"]}}],"collection":[{"href":"https:\/\/toysplusshop.com\/index.php?rest_route=\/wp\/v2\/product"}],"about":[{"href":"https:\/\/toysplusshop.com\/index.php?rest_route=\/wp\/v2\/types\/product"}],"replies":[{"embeddable":true,"href":"https:\/\/toysplusshop.com\/index.php?rest_route=%2Fwp%2Fv2%2Fcomments&post=28393"}],"version-history":[{"count":5,"href":"https:\/\/toysplusshop.com\/index.php?rest_route=\/wp\/v2\/product\/28393\/revisions"}],"predecessor-version":[{"id":39475,"href":"https:\/\/toysplusshop.com\/index.php?rest_route=\/wp\/v2\/product\/28393\/revisions\/39475"}],"wp:featuredmedia":[{"embeddable":true,"href":"https:\/\/toysplusshop.com\/index.php?rest_route=\/wp\/v2\/media\/28395"}],"wp:attachment":[{"href":"https:\/\/toysplusshop.com\/index.php?rest_route=%2Fwp%2Fv2%2Fmedia&parent=28393"}],"wp:term":[{"taxonomy":"product_brand","embeddable":true,"href":"https:\/\/toysplusshop.com\/index.php?rest_route=%2Fwp%2Fv2%2Fproduct_brand&post=28393"},{"taxonomy":"product_cat","embeddable":true,"href":"https:\/\/toysplusshop.com\/index.php?rest_route=%2Fwp%2Fv2%2Fproduct_cat&post=28393"},{"taxonomy":"product_tag","embeddable":true,"href":"https:\/\/toysplusshop.com\/index.php?rest_route=%2Fwp%2Fv2%2Fproduct_tag&post=28393"}],"curies":[{"name":"wp","href":"https:\/\/api.w.org\/{rel}","templated":true}]}}