{"id":28402,"date":"2024-03-18T15:55:40","date_gmt":"2024-03-18T15:55:40","guid":{"rendered":"https:\/\/toysplusshop.com\/?post_type=product&#038;p=28402"},"modified":"2026-01-28T15:05:17","modified_gmt":"2026-01-28T15:05:17","slug":"monopoly-cheaters-edition","status":"publish","type":"product","link":"https:\/\/toysplusshop.com\/?product=monopoly-cheaters-edition","title":{"rendered":"MONOPOLY CHEATER&#8217;S EDITION"},"content":{"rendered":"<p>Monopoly Cheaters Edition ile ailenizle, \u00e7ocuklar\u0131n\u0131zla ve arkada\u015flar\u0131n\u0131zla birlikte e\u011flenceli dakikalar ge\u00e7irin!<\/p>\n<p>Monopoly Cheaters ile m\u00fclkler sat\u0131n al\u0131p satarken,\u00a0 \u00a0anla\u015fmalar yap\u0131p hayallerinizdeki servete ko\u015farken ister\u00a0 \u00a0kural\u0131na g\u00f6re isterseniz de kendi kurallar\u0131n\u0131za g\u00f6re\u00a0 \u00a0oynay\u0131n.<\/p>\n<p>Ba\u015flang\u0131\u00e7 noktas\u0131ndan ge\u00e7erken daha fazla para almaya \u00e7al\u0131\u015f\u0131n ya da gizlice m\u00fclk\u00fcn\u00fcz\u00fc ba\u015fka bir oyuncununkiyle de\u011fi\u015ftirmeye \u00e7al\u0131\u015f\u0131n. Bakal\u0131m kurallara uymad\u0131\u011f\u0131n\u0131z\u0131 kimseye fark ettirmeden ka\u00e7abilecek misiniz yoksa yakalan\u0131p cezaland\u0131r\u0131lacak m\u0131s\u0131n\u0131z?<\/p>\n<p>Evlerin de\u011fil sadece otellerin oldu\u011fu, ceza alan\u00a0 \u00a0oyuncular\u0131n oyun alan\u0131na &#8220;kelep\u00e7elendi\u011fi&#8221; bu oyunda\u00a0 \u00a0hem \u00e7ok e\u011flenecek hem de s\u0131n\u0131rlar\u0131 zorlayacaks\u0131n\u0131z!<\/p>\n<p>Kutu i\u00e7erisinde; oyun alan\u0131, plastik kelep\u00e7e \u00fcnitesi, 6 piyon, 15 Kural Bozan kart\u0131, 22 Tapu Senedi kart\u0131, 16 \u015eans kart\u0131, 16 Kamu Fonu kart\u0131, 16 otel, 2 zar, para destesi, banka kasas\u0131 ve oyun k\u0131lavuzu yer almaktad\u0131r.<\/p>\n<p>Oyuncu say\u0131s\u0131: 2-6<\/p>\n<p>Kutu \u00f6l\u00e7\u00fcs\u00fc: 4 x 40 x 27 cm<\/p>\n<p>A\u011f\u0131rl\u0131k: 0,945 kg<\/p>\n<p>&nbsp;<\/p>\n","protected":false},"excerpt":{"rendered":"<p>Monopoly Cheaters Edition ile ailenizle, \u00e7ocuklar\u0131n\u0131zla ve arkada\u015flar\u0131n\u0131zla birlikte e\u011flenceli dakikalar ge\u00e7irin! Monopoly Cheaters ile m\u00fclkler sat\u0131n al\u0131p satarken,\u00a0 \u00a0anla\u015fmalar yap\u0131p hayallerinizdeki servete ko\u015farken ister\u00a0 \u00a0kural\u0131na g\u00f6re isterseniz de kendi kurallar\u0131n\u0131za g\u00f6re\u00a0 \u00a0oynay\u0131n. Ba\u015flang\u0131\u00e7 noktas\u0131ndan ge\u00e7erken daha fazla para almaya \u00e7al\u0131\u015f\u0131n ya da gizlice m\u00fclk\u00fcn\u00fcz\u00fc ba\u015fka bir oyuncununkiyle de\u011fi\u015ftirmeye \u00e7al\u0131\u015f\u0131n. Bakal\u0131m kurallara uymad\u0131\u011f\u0131n\u0131z\u0131 kimseye fark ettirmeden ka\u00e7abilecek misiniz yoksa yakalan\u0131p cezaland\u0131r\u0131lacak m\u0131s\u0131n\u0131z? Evlerin de\u011fil sadece otellerin oldu\u011fu, ceza alan\u00a0 \u00a0oyuncular\u0131n oyun alan\u0131na &#8220;kelep\u00e7elendi\u011fi&#8221; bu oyunda\u00a0 \u00a0hem \u00e7ok e\u011flenecek hem de s\u0131n\u0131rlar\u0131 zorlayacaks\u0131n\u0131z! Kutu i\u00e7erisinde; oyun alan\u0131, plastik kelep\u00e7e \u00fcnitesi, 6 piyon, 15 Kural Bozan kart\u0131, 22 Tapu Senedi kart\u0131, 16 \u015eans kart\u0131, 16 Kamu Fonu kart\u0131, 16 otel, 2 zar, para destesi, banka kasas\u0131 ve oyun k\u0131lavuzu yer almaktad\u0131r. Oyuncu say\u0131s\u0131: 2-6 Kutu \u00f6l\u00e7\u00fcs\u00fc: 4 x 40 x 27 cm A\u011f\u0131rl\u0131k: 0,945 kg &nbsp;<\/p>\n","protected":false},"featured_media":28403,"comment_status":"open","ping_status":"closed","template":"","meta":[],"product_brand":[],"product_cat":[1055],"product_tag":[1959,1097],"class_list":{"0":"post-28402","1":"product","2":"type-product","3":"status-publish","4":"has-post-thumbnail","6":"product_cat-kutu-oyunlari","7":"product_tag-hasbro","8":"product_tag-monopoly-cheaters-edition","10":"first","11":"instock","12":"shipping-taxable","13":"purchasable","14":"product-type-simple"},"_links":{"self":[{"href":"https:\/\/toysplusshop.com\/index.php?rest_route=\/wp\/v2\/product\/28402","targetHints":{"allow":["GET"]}}],"collection":[{"href":"https:\/\/toysplusshop.com\/index.php?rest_route=\/wp\/v2\/product"}],"about":[{"href":"https:\/\/toysplusshop.com\/index.php?rest_route=\/wp\/v2\/types\/product"}],"replies":[{"embeddable":true,"href":"https:\/\/toysplusshop.com\/index.php?rest_route=%2Fwp%2Fv2%2Fcomments&post=28402"}],"version-history":[{"count":1,"href":"https:\/\/toysplusshop.com\/index.php?rest_route=\/wp\/v2\/product\/28402\/revisions"}],"predecessor-version":[{"id":28406,"href":"https:\/\/toysplusshop.com\/index.php?rest_route=\/wp\/v2\/product\/28402\/revisions\/28406"}],"wp:featuredmedia":[{"embeddable":true,"href":"https:\/\/toysplusshop.com\/index.php?rest_route=\/wp\/v2\/media\/28403"}],"wp:attachment":[{"href":"https:\/\/toysplusshop.com\/index.php?rest_route=%2Fwp%2Fv2%2Fmedia&parent=28402"}],"wp:term":[{"taxonomy":"product_brand","embeddable":true,"href":"https:\/\/toysplusshop.com\/index.php?rest_route=%2Fwp%2Fv2%2Fproduct_brand&post=28402"},{"taxonomy":"product_cat","embeddable":true,"href":"https:\/\/toysplusshop.com\/index.php?rest_route=%2Fwp%2Fv2%2Fproduct_cat&post=28402"},{"taxonomy":"product_tag","embeddable":true,"href":"https:\/\/toysplusshop.com\/index.php?rest_route=%2Fwp%2Fv2%2Fproduct_tag&post=28402"}],"curies":[{"name":"wp","href":"https:\/\/api.w.org\/{rel}","templated":true}]}}