{"id":28450,"date":"2024-03-19T15:21:08","date_gmt":"2024-03-19T15:21:08","guid":{"rendered":"https:\/\/toysplusshop.com\/?post_type=product&#038;p=28450"},"modified":"2026-01-28T15:05:40","modified_gmt":"2026-01-28T15:05:40","slug":"monopoly-deal-kart-oyunu","status":"publish","type":"product","link":"https:\/\/toysplusshop.com\/?product=monopoly-deal-kart-oyunu","title":{"rendered":"MONOPOLY DEAL KART OYUNU"},"content":{"rendered":"<p>\u0130\u015fte her an, her yerde oynaman\u0131z i\u00e7in en h\u0131zl\u0131 Monopoly e\u011flencesi: Monopoly Deal. Bu oyunda 110 kart var ve amac\u0131n\u0131z 3 farkl\u0131 renk grubuna ait arsalar\u0131 toplamak&#8230; Yaln\u0131z dikkat, bu oyunda \u00f6yle kartlar var ki aniden servetiniz el de\u011fi\u015ftirebilir. Temposu y\u00fcksek, e\u011flencesi bol bu oyunun ba\u011f\u0131ml\u0131s\u0131 olacaks\u0131n\u0131z!<\/p>\n<p>Ya\u015f: 8 ya\u015f ve \u00fczeri<\/p>\n","protected":false},"excerpt":{"rendered":"<p>\u0130\u015fte her an, her yerde oynaman\u0131z i\u00e7in en h\u0131zl\u0131 Monopoly e\u011flencesi: Monopoly Deal. Bu oyunda 110 kart var ve amac\u0131n\u0131z 3 farkl\u0131 renk grubuna ait arsalar\u0131 toplamak&#8230; Yaln\u0131z dikkat, bu oyunda \u00f6yle kartlar var ki aniden servetiniz el de\u011fi\u015ftirebilir. Temposu y\u00fcksek, e\u011flencesi bol bu oyunun ba\u011f\u0131ml\u0131s\u0131 olacaks\u0131n\u0131z! Ya\u015f: 8 ya\u015f ve \u00fczeri<\/p>\n","protected":false},"featured_media":28451,"comment_status":"open","ping_status":"closed","template":"","meta":[],"product_brand":[],"product_cat":[1055],"product_tag":[1959,1098],"class_list":{"0":"post-28450","1":"product","2":"type-product","3":"status-publish","4":"has-post-thumbnail","6":"product_cat-kutu-oyunlari","7":"product_tag-hasbro","8":"product_tag-monopoly-deal-kart-oyunu","10":"first","11":"instock","12":"shipping-taxable","13":"purchasable","14":"product-type-simple"},"_links":{"self":[{"href":"https:\/\/toysplusshop.com\/index.php?rest_route=\/wp\/v2\/product\/28450","targetHints":{"allow":["GET"]}}],"collection":[{"href":"https:\/\/toysplusshop.com\/index.php?rest_route=\/wp\/v2\/product"}],"about":[{"href":"https:\/\/toysplusshop.com\/index.php?rest_route=\/wp\/v2\/types\/product"}],"replies":[{"embeddable":true,"href":"https:\/\/toysplusshop.com\/index.php?rest_route=%2Fwp%2Fv2%2Fcomments&post=28450"}],"version-history":[{"count":1,"href":"https:\/\/toysplusshop.com\/index.php?rest_route=\/wp\/v2\/product\/28450\/revisions"}],"predecessor-version":[{"id":28453,"href":"https:\/\/toysplusshop.com\/index.php?rest_route=\/wp\/v2\/product\/28450\/revisions\/28453"}],"wp:featuredmedia":[{"embeddable":true,"href":"https:\/\/toysplusshop.com\/index.php?rest_route=\/wp\/v2\/media\/28451"}],"wp:attachment":[{"href":"https:\/\/toysplusshop.com\/index.php?rest_route=%2Fwp%2Fv2%2Fmedia&parent=28450"}],"wp:term":[{"taxonomy":"product_brand","embeddable":true,"href":"https:\/\/toysplusshop.com\/index.php?rest_route=%2Fwp%2Fv2%2Fproduct_brand&post=28450"},{"taxonomy":"product_cat","embeddable":true,"href":"https:\/\/toysplusshop.com\/index.php?rest_route=%2Fwp%2Fv2%2Fproduct_cat&post=28450"},{"taxonomy":"product_tag","embeddable":true,"href":"https:\/\/toysplusshop.com\/index.php?rest_route=%2Fwp%2Fv2%2Fproduct_tag&post=28450"}],"curies":[{"name":"wp","href":"https:\/\/api.w.org\/{rel}","templated":true}]}}