{"id":28454,"date":"2024-03-19T15:27:02","date_gmt":"2024-03-19T15:27:02","guid":{"rendered":"https:\/\/toysplusshop.com\/?post_type=product&#038;p=28454"},"modified":"2026-01-28T15:06:01","modified_gmt":"2026-01-28T15:06:01","slug":"monopoly-dunya-turu","status":"publish","type":"product","link":"https:\/\/toysplusshop.com\/?product=monopoly-dunya-turu","title":{"rendered":"MONOPOLY D\u00dcNYA TURU"},"content":{"rendered":"<p>Oyuncular\u0131n ilgi \u00e7ekici var\u0131\u015f noktalar\u0131n\u0131 ke\u015ffetti\u011fi ve ziyaret etti\u011fi Monopoly D\u00fcnya Turu kutu oyunu klasik Monopoly oyununa farkl\u0131l\u0131k kat\u0131yor.<\/p>\n<p>Bu oyunda d\u00fcnya \u00e7ap\u0131ndaki turistik yerlerden olu\u015fan var\u0131\u015f noktalar\u0131 sat\u0131n al\u0131n, seyahat hedeflerinizi tamamlay\u0131n ve oyunu kazanabilmek i\u00e7in kendinden damgal\u0131 piyonlarla kuru silinebilir oyun alan\u0131n\u0131 damgalay\u0131n. Seyahat G\u00fcnl\u00fc\u011f\u00fc kartlar\u0131yla sonraki oyunlar\u0131n bir par\u00e7as\u0131 haline gelecek an\u0131lar biriktirin ve d\u00fcnya \u00fczerindeki yerler hakk\u0131nda e\u011flenceli bilgiler \u00f6\u011frenin. Seyahat etmeye ilgi duyanlar i\u00e7in harika bir oyun! Monopoly oyununun bu seyahat versiyonu, ailecek bir araya geldi\u011finiz oyun geceleri i\u00e7in e\u011flenceli bir oyundur ve 8 ya\u015f ve \u00fczeri ya\u015ftaki \u00e7ocuklar i\u00e7in idealdir.<\/p>\n<p>Oyuncular, Monopoly D\u00fcnya Turu ile seyahat hedefleri belirleyip e\u011flenceli bilgiler \u00f6\u011frenecek, kazanmak i\u00e7in oyun alan\u0131nda dola\u015f\u0131rken farkl\u0131 yerleri ziyaret ettiklerini hayal edebilecek.<\/p>\n<p>Kuru silinebilir oyun alan\u0131na damgan\u0131z\u0131 bas\u0131n! Oyuncular ziyaret ettikleri farkl\u0131 yerleri takip etmek i\u00e7in kendinden m\u00fcrekkepli damgalar\u0131 olan piyonlar\u0131 kullanabilecek.<\/p>\n<p>\u015eans kartlar\u0131, oyuncular\u0131n seyahatlerini kaydedebilmesini sa\u011flar. Ne kadar \u00e7ok seyahat ederlerse oyunu o kadar de\u011fi\u015ftirebilirler.<\/p>\n<p>Bir oyuncu Seyahat G\u00fcnl\u00fc\u011f\u00fc kart\u0131 \u00e7ekti\u011finde onu damgalar. Bu damga oyunda kal\u0131c\u0131 hale gelir ve sonraki oyunlarda birilerinin \u015fans\u0131n\u0131 etkileyebilir.<\/p>\n<p>M\u00fclklerin d\u00fcnyan\u0131n \u00e7e\u015fitli yerlerindeki turistik noktalar oldu\u011fu bu Monopoly oyununu oynamak i\u00e7in ailenizle bir araya gelin.<\/p>\n<p>\u0130\u00e7indekiler: Kuru silinebilir oyun alan\u0131, kendinden m\u00fcrekkepli damgalar\u0131 olan 4 piyon, 22 Var\u0131\u015f Noktas\u0131 kart\u0131, 10 \u015eans Kart\u0131, 10 Seyahat G\u00fcnl\u00fc\u011f\u00fc Kart\u0131, 2 zar, karton para ve oyun k\u0131lavuzu.<\/p>\n<p>Kutu \u00f6l\u00e7\u00fcs\u00fc: 27 x 40 x 4 cm<\/p>\n<p>A\u011f\u0131rl\u0131k: 1,000 kg<\/p>\n","protected":false},"excerpt":{"rendered":"<p>Oyuncular\u0131n ilgi \u00e7ekici var\u0131\u015f noktalar\u0131n\u0131 ke\u015ffetti\u011fi ve ziyaret etti\u011fi Monopoly D\u00fcnya Turu kutu oyunu klasik Monopoly oyununa farkl\u0131l\u0131k kat\u0131yor. Bu oyunda d\u00fcnya \u00e7ap\u0131ndaki turistik yerlerden olu\u015fan var\u0131\u015f noktalar\u0131 sat\u0131n al\u0131n, seyahat hedeflerinizi tamamlay\u0131n ve oyunu kazanabilmek i\u00e7in kendinden damgal\u0131 piyonlarla kuru silinebilir oyun alan\u0131n\u0131 damgalay\u0131n. Seyahat G\u00fcnl\u00fc\u011f\u00fc kartlar\u0131yla sonraki oyunlar\u0131n bir par\u00e7as\u0131 haline gelecek an\u0131lar biriktirin ve d\u00fcnya \u00fczerindeki yerler hakk\u0131nda e\u011flenceli bilgiler \u00f6\u011frenin. Seyahat etmeye ilgi duyanlar i\u00e7in harika bir oyun! Monopoly oyununun bu seyahat versiyonu, ailecek bir araya geldi\u011finiz oyun geceleri i\u00e7in e\u011flenceli bir oyundur ve 8 ya\u015f ve \u00fczeri ya\u015ftaki \u00e7ocuklar i\u00e7in idealdir. Oyuncular, Monopoly D\u00fcnya Turu ile seyahat hedefleri belirleyip e\u011flenceli bilgiler \u00f6\u011frenecek, kazanmak i\u00e7in oyun alan\u0131nda dola\u015f\u0131rken farkl\u0131 yerleri ziyaret ettiklerini hayal edebilecek. Kuru silinebilir oyun alan\u0131na damgan\u0131z\u0131 bas\u0131n! Oyuncular ziyaret ettikleri farkl\u0131 yerleri takip etmek i\u00e7in kendinden m\u00fcrekkepli damgalar\u0131 olan piyonlar\u0131 kullanabilecek. \u015eans kartlar\u0131, oyuncular\u0131n seyahatlerini kaydedebilmesini sa\u011flar. Ne kadar \u00e7ok seyahat ederlerse oyunu o kadar de\u011fi\u015ftirebilirler. Bir oyuncu Seyahat G\u00fcnl\u00fc\u011f\u00fc kart\u0131 \u00e7ekti\u011finde onu damgalar. Bu damga oyunda kal\u0131c\u0131 hale gelir ve sonraki oyunlarda birilerinin \u015fans\u0131n\u0131 etkileyebilir. M\u00fclklerin d\u00fcnyan\u0131n \u00e7e\u015fitli yerlerindeki turistik noktalar oldu\u011fu bu Monopoly oyununu oynamak i\u00e7in ailenizle bir araya gelin. \u0130\u00e7indekiler: Kuru silinebilir oyun alan\u0131, kendinden m\u00fcrekkepli damgalar\u0131 olan 4 piyon, 22 Var\u0131\u015f Noktas\u0131 kart\u0131, 10 \u015eans Kart\u0131, 10 Seyahat G\u00fcnl\u00fc\u011f\u00fc Kart\u0131, 2 zar, karton para ve oyun k\u0131lavuzu. Kutu \u00f6l\u00e7\u00fcs\u00fc: 27 x 40 x 4 cm A\u011f\u0131rl\u0131k: 1,000 kg<\/p>\n","protected":false},"featured_media":29459,"comment_status":"open","ping_status":"closed","template":"","meta":[],"product_brand":[],"product_cat":[1055],"product_tag":[1959,1960,1099],"class_list":{"0":"post-28454","1":"product","2":"type-product","3":"status-publish","4":"has-post-thumbnail","6":"product_cat-kutu-oyunlari","7":"product_tag-hasbro","8":"product_tag-hasbro-monopoly","9":"product_tag-monopoly-dunya-turu","11":"first","12":"instock","13":"shipping-taxable","14":"purchasable","15":"product-type-simple"},"_links":{"self":[{"href":"https:\/\/toysplusshop.com\/index.php?rest_route=\/wp\/v2\/product\/28454","targetHints":{"allow":["GET"]}}],"collection":[{"href":"https:\/\/toysplusshop.com\/index.php?rest_route=\/wp\/v2\/product"}],"about":[{"href":"https:\/\/toysplusshop.com\/index.php?rest_route=\/wp\/v2\/types\/product"}],"replies":[{"embeddable":true,"href":"https:\/\/toysplusshop.com\/index.php?rest_route=%2Fwp%2Fv2%2Fcomments&post=28454"}],"version-history":[{"count":1,"href":"https:\/\/toysplusshop.com\/index.php?rest_route=\/wp\/v2\/product\/28454\/revisions"}],"predecessor-version":[{"id":28459,"href":"https:\/\/toysplusshop.com\/index.php?rest_route=\/wp\/v2\/product\/28454\/revisions\/28459"}],"wp:featuredmedia":[{"embeddable":true,"href":"https:\/\/toysplusshop.com\/index.php?rest_route=\/wp\/v2\/media\/29459"}],"wp:attachment":[{"href":"https:\/\/toysplusshop.com\/index.php?rest_route=%2Fwp%2Fv2%2Fmedia&parent=28454"}],"wp:term":[{"taxonomy":"product_brand","embeddable":true,"href":"https:\/\/toysplusshop.com\/index.php?rest_route=%2Fwp%2Fv2%2Fproduct_brand&post=28454"},{"taxonomy":"product_cat","embeddable":true,"href":"https:\/\/toysplusshop.com\/index.php?rest_route=%2Fwp%2Fv2%2Fproduct_cat&post=28454"},{"taxonomy":"product_tag","embeddable":true,"href":"https:\/\/toysplusshop.com\/index.php?rest_route=%2Fwp%2Fv2%2Fproduct_tag&post=28454"}],"curies":[{"name":"wp","href":"https:\/\/api.w.org\/{rel}","templated":true}]}}