{"id":28460,"date":"2024-03-19T15:33:56","date_gmt":"2024-03-19T15:33:56","guid":{"rendered":"https:\/\/toysplusshop.com\/?post_type=product&#038;p=28460"},"modified":"2026-01-28T15:06:28","modified_gmt":"2026-01-28T15:06:28","slug":"monopoly-odullu-bankacilik","status":"publish","type":"product","link":"https:\/\/toysplusshop.com\/?product=monopoly-odullu-bankacilik","title":{"rendered":"MONOPOLY \u00d6D\u00dcLL\u00dc BANKACILIK"},"content":{"rendered":"<p>Monopoly \u00d6d\u00fcll\u00fc Bankac\u0131l\u0131k, oyun s\u0131ras\u0131nda t\u00fcm i\u015flemleri yapabilece\u011finiz bir elektronik bankac\u0131l\u0131k \u00fcnitesi i\u00e7eriyor ve benzersiz \u00f6d\u00fcllerle heyecan\u0131 art\u0131r\u0131yor!<\/p>\n<p>Bu oyunda her oyuncunun piyonuyla e\u015fle\u015fen ve para \u00f6d\u00fcl\u00fc i\u00e7eren bir Banka kart\u0131 bulunuyor. Zarda belirli bir say\u0131 att\u0131\u011f\u0131n\u0131zda, belirli bir haneye geldi\u011finizde veya belirli bir m\u00fclk\u00fc sat\u0131n ald\u0131\u011f\u0131n\u0131zda, se\u00e7ti\u011finiz piyona g\u00f6re bir \u00f6d\u00fcl kazan\u0131yorsunuz. Oyuncular, oyun alan\u0131ndaki herhangi bir m\u00fclke atlamay\u0131 veya ba\u015fka bir oyuncuyu de\u011ferli m\u00fclklerinden birini satmaya zorlamay\u0131 da se\u00e7ebilir.<\/p>\n<p>Bu oyunda ka\u011f\u0131t para yok. Kartlar ve bankac\u0131l\u0131k \u00fcnitesi, her oyuncunu servetinin hesab\u0131n\u0131 tutuyor. Oyunun sonunda en \u00e7ok paraya sahip olan oyuncu oyunu kazan\u0131yor.<\/p>\n<p>Monopoly \u00d6d\u00fcll\u00fc Bankac\u0131l\u0131k, oyuncular\u0131n m\u00fclk sat\u0131n alaca\u011f\u0131, kira toplayaca\u011f\u0131 ve bunlar i\u00e7in \u00f6d\u00fcller kazanaca\u011f\u0131 heyecan verici bir oyun!<\/p>\n<p>Kutu i\u00e7erisinde; oyun alan\u0131, bankac\u0131l\u0131k \u00fcnitesi, 4 plastik piyon, 4 Banka kart\u0131, 16 Tapu Senedi kart\u0131, 20 \u015eans kart\u0131, 4 Referans kart\u0131, 1 zar ve oyun k\u0131lavuzu yer almaktad\u0131r.<\/p>\n<p>Bankac\u0131l\u0131k \u00dcnitesi: Monopoly \u00d6d\u00fcll\u00fc Bankac\u0131l\u0131k kutu oyunu, klasik Monopoly oyununa g\u00f6re oyunu daha h\u0131zland\u0131ran, dokunma teknolojisine sahip hepsi bir arada Bankac\u0131l\u0131k \u00fcnitesi i\u00e7eriyor.<\/p>\n<p><strong>U\u00e7u\u015f Haneleri<\/strong>: Bu haneye geldi\u011finizde istasyon veya iskele sat\u0131n almak yerine \u00f6deme yap\u0131p oyun alan\u0131nda diledi\u011finiz m\u00fclke u\u00e7abilirsiniz!<\/p>\n<p><strong>Zorunlu Takas Hanesi<\/strong>: Zorunlu Takas hanesine mi geldiniz? M\u00fclklerinizden birini ve ba\u015fka bir oyuncunun m\u00fclklerinden diledi\u011finizi se\u00e7erek an\u0131nda ikisini de\u011fi\u015f toku\u015f yap\u0131n.<\/p>\n<p><strong>Harika Aile Oyunu<\/strong>: Monopoly \u00d6d\u00fcll\u00fc Bankac\u0131l\u0131k, ailelerle 8 ya\u015f ve \u00fczeri \u00e7ocuklar i\u00e7in e\u011flenceli bir oyundur. Ailenin oyun gecesi i\u00e7in bir araya geldi\u011finizde \u00e7ocuklar\u0131n banka kartlar\u0131n\u0131 kullan\u0131rken ne kadar e\u011flendi\u011fini g\u00f6receksiniz.<\/p>\n<p>Ya\u015f: 8 ya\u015f ve \u00fczeri<\/p>\n<p>Oyuncu Say\u0131s\u0131: 2-4<\/p>\n<p>3 x 1,5V AAA pil ile \u00e7al\u0131\u015fmaktad\u0131r. Piller kutuya dahil de\u011fildir.<\/p>\n<p>Kutu \u00f6l\u00e7\u00fcs\u00fc: 40 x 4 x 27 cm.<\/p>\n","protected":false},"excerpt":{"rendered":"<p>Monopoly \u00d6d\u00fcll\u00fc Bankac\u0131l\u0131k, oyun s\u0131ras\u0131nda t\u00fcm i\u015flemleri yapabilece\u011finiz bir elektronik bankac\u0131l\u0131k \u00fcnitesi i\u00e7eriyor ve benzersiz \u00f6d\u00fcllerle heyecan\u0131 art\u0131r\u0131yor! Bu oyunda her oyuncunun piyonuyla e\u015fle\u015fen ve para \u00f6d\u00fcl\u00fc i\u00e7eren bir Banka kart\u0131 bulunuyor. Zarda belirli bir say\u0131 att\u0131\u011f\u0131n\u0131zda, belirli bir haneye geldi\u011finizde veya belirli bir m\u00fclk\u00fc sat\u0131n ald\u0131\u011f\u0131n\u0131zda, se\u00e7ti\u011finiz piyona g\u00f6re bir \u00f6d\u00fcl kazan\u0131yorsunuz. Oyuncular, oyun alan\u0131ndaki herhangi bir m\u00fclke atlamay\u0131 veya ba\u015fka bir oyuncuyu de\u011ferli m\u00fclklerinden birini satmaya zorlamay\u0131 da se\u00e7ebilir. Bu oyunda ka\u011f\u0131t para yok. Kartlar ve bankac\u0131l\u0131k \u00fcnitesi, her oyuncunu servetinin hesab\u0131n\u0131 tutuyor. Oyunun sonunda en \u00e7ok paraya sahip olan oyuncu oyunu kazan\u0131yor. Monopoly \u00d6d\u00fcll\u00fc Bankac\u0131l\u0131k, oyuncular\u0131n m\u00fclk sat\u0131n alaca\u011f\u0131, kira toplayaca\u011f\u0131 ve bunlar i\u00e7in \u00f6d\u00fcller kazanaca\u011f\u0131 heyecan verici bir oyun! Kutu i\u00e7erisinde; oyun alan\u0131, bankac\u0131l\u0131k \u00fcnitesi, 4 plastik piyon, 4 Banka kart\u0131, 16 Tapu Senedi kart\u0131, 20 \u015eans kart\u0131, 4 Referans kart\u0131, 1 zar ve oyun k\u0131lavuzu yer almaktad\u0131r. Bankac\u0131l\u0131k \u00dcnitesi: Monopoly \u00d6d\u00fcll\u00fc Bankac\u0131l\u0131k kutu oyunu, klasik Monopoly oyununa g\u00f6re oyunu daha h\u0131zland\u0131ran, dokunma teknolojisine sahip hepsi bir arada Bankac\u0131l\u0131k \u00fcnitesi i\u00e7eriyor. U\u00e7u\u015f Haneleri: Bu haneye geldi\u011finizde istasyon veya iskele sat\u0131n almak yerine \u00f6deme yap\u0131p oyun alan\u0131nda diledi\u011finiz m\u00fclke u\u00e7abilirsiniz! Zorunlu Takas Hanesi: Zorunlu Takas hanesine mi geldiniz? M\u00fclklerinizden birini ve ba\u015fka bir oyuncunun m\u00fclklerinden diledi\u011finizi se\u00e7erek an\u0131nda ikisini de\u011fi\u015f toku\u015f yap\u0131n. Harika Aile Oyunu: Monopoly \u00d6d\u00fcll\u00fc Bankac\u0131l\u0131k, ailelerle 8 ya\u015f ve \u00fczeri \u00e7ocuklar i\u00e7in e\u011flenceli bir oyundur. Ailenin oyun gecesi i\u00e7in bir araya geldi\u011finizde \u00e7ocuklar\u0131n banka kartlar\u0131n\u0131 kullan\u0131rken ne kadar e\u011flendi\u011fini g\u00f6receksiniz. Ya\u015f: 8 ya\u015f ve \u00fczeri Oyuncu Say\u0131s\u0131: 2-4 3 x 1,5V AAA pil ile \u00e7al\u0131\u015fmaktad\u0131r. Piller kutuya dahil de\u011fildir. Kutu \u00f6l\u00e7\u00fcs\u00fc: 40 x 4 x 27 cm.<\/p>\n","protected":false},"featured_media":28461,"comment_status":"open","ping_status":"closed","template":"","meta":[],"product_brand":[],"product_cat":[1055],"product_tag":[1959,1100],"class_list":{"0":"post-28460","1":"product","2":"type-product","3":"status-publish","4":"has-post-thumbnail","6":"product_cat-kutu-oyunlari","7":"product_tag-hasbro","8":"product_tag-monopoly-odullu-bankacilik","10":"first","11":"outofstock","12":"shipping-taxable","13":"purchasable","14":"product-type-simple"},"_links":{"self":[{"href":"https:\/\/toysplusshop.com\/index.php?rest_route=\/wp\/v2\/product\/28460","targetHints":{"allow":["GET"]}}],"collection":[{"href":"https:\/\/toysplusshop.com\/index.php?rest_route=\/wp\/v2\/product"}],"about":[{"href":"https:\/\/toysplusshop.com\/index.php?rest_route=\/wp\/v2\/types\/product"}],"replies":[{"embeddable":true,"href":"https:\/\/toysplusshop.com\/index.php?rest_route=%2Fwp%2Fv2%2Fcomments&post=28460"}],"version-history":[{"count":1,"href":"https:\/\/toysplusshop.com\/index.php?rest_route=\/wp\/v2\/product\/28460\/revisions"}],"predecessor-version":[{"id":28464,"href":"https:\/\/toysplusshop.com\/index.php?rest_route=\/wp\/v2\/product\/28460\/revisions\/28464"}],"wp:featuredmedia":[{"embeddable":true,"href":"https:\/\/toysplusshop.com\/index.php?rest_route=\/wp\/v2\/media\/28461"}],"wp:attachment":[{"href":"https:\/\/toysplusshop.com\/index.php?rest_route=%2Fwp%2Fv2%2Fmedia&parent=28460"}],"wp:term":[{"taxonomy":"product_brand","embeddable":true,"href":"https:\/\/toysplusshop.com\/index.php?rest_route=%2Fwp%2Fv2%2Fproduct_brand&post=28460"},{"taxonomy":"product_cat","embeddable":true,"href":"https:\/\/toysplusshop.com\/index.php?rest_route=%2Fwp%2Fv2%2Fproduct_cat&post=28460"},{"taxonomy":"product_tag","embeddable":true,"href":"https:\/\/toysplusshop.com\/index.php?rest_route=%2Fwp%2Fv2%2Fproduct_tag&post=28460"}],"curies":[{"name":"wp","href":"https:\/\/api.w.org\/{rel}","templated":true}]}}