{"id":28490,"date":"2024-03-20T14:35:52","date_gmt":"2024-03-20T14:35:52","guid":{"rendered":"https:\/\/toysplusshop.com\/?post_type=product&#038;p=28490"},"modified":"2025-05-19T12:31:28","modified_gmt":"2025-05-19T12:31:28","slug":"clementoni-bilim-ve-oyun-cilgin-anatomi","status":"publish","type":"product","link":"https:\/\/toysplusshop.com\/?product=clementoni-bilim-ve-oyun-cilgin-anatomi","title":{"rendered":"CLEMENTONI B\u0130L\u0130M VE OYUN &#8211; \u00c7ILGIN ANATOM\u0130"},"content":{"rendered":"<div class=\"descrizione\">\n<p class=\"descrizione_1\">Bir beyine dokunmak nas\u0131l bir his verir? Neden denemeyesiniz? \u00c7\u0131lg\u0131n Anatomi ile bunu \u00f6\u011frenebilirsiniz! \u0130nsan kafatas\u0131n\u0131 t\u00fcm par\u00e7alar\u0131yla birle\u015ftirin ve inan\u0131lmaz ger\u00e7ekleri ke\u015ffederken e\u011flenin!<\/p>\n<p class=\"descrizione_2\">Al\u00e7\u0131 d\u00f6kmeden birle\u015ftirme a\u015famas\u0131na: insan v\u00fccudunun bir par\u00e7as\u0131n\u0131 olu\u015fturman\u0131n zevkiyle kafataslar\u0131m\u0131z\u0131n yap\u0131s\u0131n\u0131 dokunarak anlaman\u0131n heyecan\u0131n\u0131 birle\u015ftiren bir oyun.<\/p>\n<p class=\"descrizione_3\">Bilimsel bir konuyu e\u011flenceli ve \u0131\u015f\u0131lt\u0131l\u0131 bir bi\u00e7imde, anatominin karma\u015f\u0131kl\u0131\u011f\u0131n\u0131 zihin a\u00e7\u0131c\u0131 ve e\u011flenceli bir oyun deneyimine d\u00f6n\u00fc\u015ft\u00fcrerek ele alan bir oyun.<\/p>\n<p class=\"descrizione_4\">Se\u00e7ilen malzemeler ger\u00e7ek\u00e7i bir hissi emniyetle birle\u015ftirmektedir. Kitin i\u00e7erdi\u011fi t\u00fcm maddeler, cilt ve g\u00f6zle temas durumunda tehlikeli reaksiyonlar\u0131n \u00f6nlenmesi i\u00e7in kontrol edilmi\u015f ve onaylanm\u0131\u015ft\u0131r.<\/p>\n<p class=\"descrizione_5\">Ultra ger\u00e7ek\u00e7i bir oyun deneyimi i\u00e7in birle\u015ftirilecek bir kafatas\u0131, iki beyin yar\u0131m k\u00fcresi, di\u015fler ve g\u00f6z yuvarlaklar\u0131, ger\u00e7ek organm\u0131\u015f gibi dokunulacak ve ele al\u0131nacak bir\u00e7ok malzeme i\u00e7erir.<\/p>\n<p class=\"descrizione_6\">\u00c7\u0131lg\u0131n bir bilim adam\u0131n\u0131n maceralar\u0131n\u0131 heyecan verici bir \u00f6yk\u00fcde izleyin ve resimli el kitab\u0131 sayesinde bir\u00e7ok bilimsel ger\u00e7ek \u00f6\u011frenin.<\/p>\n<\/div>\n","protected":false},"excerpt":{"rendered":"<p>Bir beyine dokunmak nas\u0131l bir his verir? Neden denemeyesiniz? \u00c7\u0131lg\u0131n Anatomi ile bunu \u00f6\u011frenebilirsiniz! \u0130nsan kafatas\u0131n\u0131 t\u00fcm par\u00e7alar\u0131yla birle\u015ftirin ve inan\u0131lmaz ger\u00e7ekleri ke\u015ffederken e\u011flenin! Al\u00e7\u0131 d\u00f6kmeden birle\u015ftirme a\u015famas\u0131na: insan v\u00fccudunun bir par\u00e7as\u0131n\u0131 olu\u015fturman\u0131n zevkiyle kafataslar\u0131m\u0131z\u0131n yap\u0131s\u0131n\u0131 dokunarak anlaman\u0131n heyecan\u0131n\u0131 birle\u015ftiren bir oyun. Bilimsel bir konuyu e\u011flenceli ve \u0131\u015f\u0131lt\u0131l\u0131 bir bi\u00e7imde, anatominin karma\u015f\u0131kl\u0131\u011f\u0131n\u0131 zihin a\u00e7\u0131c\u0131 ve e\u011flenceli bir oyun deneyimine d\u00f6n\u00fc\u015ft\u00fcrerek ele alan bir oyun. Se\u00e7ilen malzemeler ger\u00e7ek\u00e7i bir hissi emniyetle birle\u015ftirmektedir. Kitin i\u00e7erdi\u011fi t\u00fcm maddeler, cilt ve g\u00f6zle temas durumunda tehlikeli reaksiyonlar\u0131n \u00f6nlenmesi i\u00e7in kontrol edilmi\u015f ve onaylanm\u0131\u015ft\u0131r. Ultra ger\u00e7ek\u00e7i bir oyun deneyimi i\u00e7in birle\u015ftirilecek bir kafatas\u0131, iki beyin yar\u0131m k\u00fcresi, di\u015fler ve g\u00f6z yuvarlaklar\u0131, ger\u00e7ek organm\u0131\u015f gibi dokunulacak ve ele al\u0131nacak bir\u00e7ok malzeme i\u00e7erir. \u00c7\u0131lg\u0131n bir bilim adam\u0131n\u0131n maceralar\u0131n\u0131 heyecan verici bir \u00f6yk\u00fcde izleyin ve resimli el kitab\u0131 sayesinde bir\u00e7ok bilimsel ger\u00e7ek \u00f6\u011frenin.<\/p>\n","protected":false},"featured_media":28820,"comment_status":"open","ping_status":"closed","template":"","meta":[],"product_brand":[],"product_cat":[551,550],"product_tag":[1109,1108],"class_list":{"0":"post-28490","1":"product","2":"type-product","3":"status-publish","4":"has-post-thumbnail","6":"product_cat-erkek-oyuncaklari","7":"product_cat-kiz-oyuncaklari","8":"product_tag-cilgin-anatomi","9":"product_tag-clementoni","11":"first","12":"instock","13":"shipping-taxable","14":"purchasable","15":"product-type-simple"},"_links":{"self":[{"href":"https:\/\/toysplusshop.com\/index.php?rest_route=\/wp\/v2\/product\/28490","targetHints":{"allow":["GET"]}}],"collection":[{"href":"https:\/\/toysplusshop.com\/index.php?rest_route=\/wp\/v2\/product"}],"about":[{"href":"https:\/\/toysplusshop.com\/index.php?rest_route=\/wp\/v2\/types\/product"}],"replies":[{"embeddable":true,"href":"https:\/\/toysplusshop.com\/index.php?rest_route=%2Fwp%2Fv2%2Fcomments&post=28490"}],"version-history":[{"count":2,"href":"https:\/\/toysplusshop.com\/index.php?rest_route=\/wp\/v2\/product\/28490\/revisions"}],"predecessor-version":[{"id":28819,"href":"https:\/\/toysplusshop.com\/index.php?rest_route=\/wp\/v2\/product\/28490\/revisions\/28819"}],"wp:featuredmedia":[{"embeddable":true,"href":"https:\/\/toysplusshop.com\/index.php?rest_route=\/wp\/v2\/media\/28820"}],"wp:attachment":[{"href":"https:\/\/toysplusshop.com\/index.php?rest_route=%2Fwp%2Fv2%2Fmedia&parent=28490"}],"wp:term":[{"taxonomy":"product_brand","embeddable":true,"href":"https:\/\/toysplusshop.com\/index.php?rest_route=%2Fwp%2Fv2%2Fproduct_brand&post=28490"},{"taxonomy":"product_cat","embeddable":true,"href":"https:\/\/toysplusshop.com\/index.php?rest_route=%2Fwp%2Fv2%2Fproduct_cat&post=28490"},{"taxonomy":"product_tag","embeddable":true,"href":"https:\/\/toysplusshop.com\/index.php?rest_route=%2Fwp%2Fv2%2Fproduct_tag&post=28490"}],"curies":[{"name":"wp","href":"https:\/\/api.w.org\/{rel}","templated":true}]}}