{"id":28513,"date":"2024-03-20T14:57:22","date_gmt":"2024-03-20T14:57:22","guid":{"rendered":"https:\/\/toysplusshop.com\/?post_type=product&#038;p=28513"},"modified":"2025-05-19T12:31:29","modified_gmt":"2025-05-19T12:31:29","slug":"clementoni-bilim-ve-oyun-minik-kasif","status":"publish","type":"product","link":"https:\/\/toysplusshop.com\/?product=clementoni-bilim-ve-oyun-minik-kasif","title":{"rendered":"CLEMENTONI B\u0130L\u0130M VE OYUN &#8211; M\u0130N\u0130K KA\u015e\u0130F"},"content":{"rendered":"<p class=\"descrizione_1\">Gelece\u011fin k\u00fc\u00e7\u00fck ka\u015fifleri i\u00e7in do\u011fan\u0131n i\u00e7erisinde bitmeyen e\u011flence ve s\u0131n\u0131rs\u0131z oyunlar sunan harika bir oyun!<\/p>\n<p class=\"descrizione_2\">\u00c7ocuklar\u0131 do\u011fa g\u00f6zlemiyle bulu\u015fturmak i\u00e7in gereken t\u00fcm aksesuarlara sahip bir \u00e7antad\u0131r.<\/p>\n<p class=\"descrizione_3\">\u0130\u00e7erisindekiler: bir \u00e7ift ku\u015f g\u00f6zlemi d\u00fcrb\u00fcn\u00fc, \u00f6zel bir b\u00f6cek b\u00fcy\u00fcteci, hayvanlar\u0131n ayak izini almakta kullan\u0131lan al\u00e7\u0131dan kal\u0131plar ve do\u011fayla ilgili bilgilerin yer ald\u0131\u011f\u0131 kartlar.<\/p>\n<p class=\"descrizione_4\">\u00c7ocuklar\u0131n ger\u00e7ek ka\u015fiflerin yerini ald\u0131\u011f\u0131, basit ancak \u00f6\u011fretici bir a\u00e7\u0131k alan e\u011flencesi!<\/p>\n","protected":false},"excerpt":{"rendered":"<p>Gelece\u011fin k\u00fc\u00e7\u00fck ka\u015fifleri i\u00e7in do\u011fan\u0131n i\u00e7erisinde bitmeyen e\u011flence ve s\u0131n\u0131rs\u0131z oyunlar sunan harika bir oyun! \u00c7ocuklar\u0131 do\u011fa g\u00f6zlemiyle bulu\u015fturmak i\u00e7in gereken t\u00fcm aksesuarlara sahip bir \u00e7antad\u0131r. \u0130\u00e7erisindekiler: bir \u00e7ift ku\u015f g\u00f6zlemi d\u00fcrb\u00fcn\u00fc, \u00f6zel bir b\u00f6cek b\u00fcy\u00fcteci, hayvanlar\u0131n ayak izini almakta kullan\u0131lan al\u00e7\u0131dan kal\u0131plar ve do\u011fayla ilgili bilgilerin yer ald\u0131\u011f\u0131 kartlar. \u00c7ocuklar\u0131n ger\u00e7ek ka\u015fiflerin yerini ald\u0131\u011f\u0131, basit ancak \u00f6\u011fretici bir a\u00e7\u0131k alan e\u011flencesi!<\/p>\n","protected":false},"featured_media":28818,"comment_status":"open","ping_status":"closed","template":"","meta":[],"product_brand":[],"product_cat":[551,550],"product_tag":[1108,1113],"class_list":{"0":"post-28513","1":"product","2":"type-product","3":"status-publish","4":"has-post-thumbnail","6":"product_cat-erkek-oyuncaklari","7":"product_cat-kiz-oyuncaklari","8":"product_tag-clementoni","9":"product_tag-minik-kasif","11":"first","12":"instock","13":"shipping-taxable","14":"purchasable","15":"product-type-simple"},"_links":{"self":[{"href":"https:\/\/toysplusshop.com\/index.php?rest_route=\/wp\/v2\/product\/28513","targetHints":{"allow":["GET"]}}],"collection":[{"href":"https:\/\/toysplusshop.com\/index.php?rest_route=\/wp\/v2\/product"}],"about":[{"href":"https:\/\/toysplusshop.com\/index.php?rest_route=\/wp\/v2\/types\/product"}],"replies":[{"embeddable":true,"href":"https:\/\/toysplusshop.com\/index.php?rest_route=%2Fwp%2Fv2%2Fcomments&post=28513"}],"version-history":[{"count":1,"href":"https:\/\/toysplusshop.com\/index.php?rest_route=\/wp\/v2\/product\/28513\/revisions"}],"predecessor-version":[{"id":28517,"href":"https:\/\/toysplusshop.com\/index.php?rest_route=\/wp\/v2\/product\/28513\/revisions\/28517"}],"wp:featuredmedia":[{"embeddable":true,"href":"https:\/\/toysplusshop.com\/index.php?rest_route=\/wp\/v2\/media\/28818"}],"wp:attachment":[{"href":"https:\/\/toysplusshop.com\/index.php?rest_route=%2Fwp%2Fv2%2Fmedia&parent=28513"}],"wp:term":[{"taxonomy":"product_brand","embeddable":true,"href":"https:\/\/toysplusshop.com\/index.php?rest_route=%2Fwp%2Fv2%2Fproduct_brand&post=28513"},{"taxonomy":"product_cat","embeddable":true,"href":"https:\/\/toysplusshop.com\/index.php?rest_route=%2Fwp%2Fv2%2Fproduct_cat&post=28513"},{"taxonomy":"product_tag","embeddable":true,"href":"https:\/\/toysplusshop.com\/index.php?rest_route=%2Fwp%2Fv2%2Fproduct_tag&post=28513"}],"curies":[{"name":"wp","href":"https:\/\/api.w.org\/{rel}","templated":true}]}}