{"id":28518,"date":"2024-03-20T15:01:35","date_gmt":"2024-03-20T15:01:35","guid":{"rendered":"https:\/\/toysplusshop.com\/?post_type=product&#038;p=28518"},"modified":"2026-01-09T11:13:09","modified_gmt":"2026-01-09T11:13:09","slug":"clementoni-bilim-ve-oyun-minik-veteriner","status":"publish","type":"product","link":"https:\/\/toysplusshop.com\/?product=clementoni-bilim-ve-oyun-minik-veteriner","title":{"rendered":"CLEMENTONI B\u0130L\u0130M VE OYUN &#8211; M\u0130N\u0130K VETER\u0130NER"},"content":{"rendered":"<p class=\"descrizione_1\">Veteriner olmak isteyen t\u00fcm \u00e7ocuklar\u0131n bu ola\u011fan\u00fcst\u00fc mesle\u011fi tan\u0131malar\u0131na yard\u0131mc\u0131 olacak \u015fahane bir set!<\/p>\n<p class=\"descrizione_2\">Kit i\u00e7erisinde ayr\u0131ca \u00e7ocu\u011fun bak\u0131m\u0131n\u0131 yapaca\u011f\u0131 bir pelu\u015f oyuncak ve bunu en iyi \u015fekilde ger\u00e7ekle\u015ftirmesini sa\u011flayan temel aletler bulunur: stetoskop, sarg\u0131lar, gazl\u0131 bez, ve \u00f6zel bir boyunluk.<\/p>\n<p class=\"descrizione_4\">Dahas\u0131, komik veteriner bu harika videoda \u00e7ocuklara y\u00f6nelik \u00e7e\u015fitli oyun aktiviteleri hakk\u0131nda bilgiler verir.<\/p>\n","protected":false},"excerpt":{"rendered":"<p>Veteriner olmak isteyen t\u00fcm \u00e7ocuklar\u0131n bu ola\u011fan\u00fcst\u00fc mesle\u011fi tan\u0131malar\u0131na yard\u0131mc\u0131 olacak \u015fahane bir set! Kit i\u00e7erisinde ayr\u0131ca \u00e7ocu\u011fun bak\u0131m\u0131n\u0131 yapaca\u011f\u0131 bir pelu\u015f oyuncak ve bunu en iyi \u015fekilde ger\u00e7ekle\u015ftirmesini sa\u011flayan temel aletler bulunur: stetoskop, sarg\u0131lar, gazl\u0131 bez, ve \u00f6zel bir boyunluk. Dahas\u0131, komik veteriner bu harika videoda \u00e7ocuklara y\u00f6nelik \u00e7e\u015fitli oyun aktiviteleri hakk\u0131nda bilgiler verir.<\/p>\n","protected":false},"featured_media":28519,"comment_status":"open","ping_status":"closed","template":"","meta":[],"product_brand":[],"product_cat":[551,550],"product_tag":[1108,1114],"class_list":{"0":"post-28518","1":"product","2":"type-product","3":"status-publish","4":"has-post-thumbnail","6":"product_cat-erkek-oyuncaklari","7":"product_cat-kiz-oyuncaklari","8":"product_tag-clementoni","9":"product_tag-minik-veteriner","11":"first","12":"outofstock","13":"shipping-taxable","14":"purchasable","15":"product-type-simple"},"_links":{"self":[{"href":"https:\/\/toysplusshop.com\/index.php?rest_route=\/wp\/v2\/product\/28518","targetHints":{"allow":["GET"]}}],"collection":[{"href":"https:\/\/toysplusshop.com\/index.php?rest_route=\/wp\/v2\/product"}],"about":[{"href":"https:\/\/toysplusshop.com\/index.php?rest_route=\/wp\/v2\/types\/product"}],"replies":[{"embeddable":true,"href":"https:\/\/toysplusshop.com\/index.php?rest_route=%2Fwp%2Fv2%2Fcomments&post=28518"}],"version-history":[{"count":1,"href":"https:\/\/toysplusshop.com\/index.php?rest_route=\/wp\/v2\/product\/28518\/revisions"}],"predecessor-version":[{"id":28524,"href":"https:\/\/toysplusshop.com\/index.php?rest_route=\/wp\/v2\/product\/28518\/revisions\/28524"}],"wp:featuredmedia":[{"embeddable":true,"href":"https:\/\/toysplusshop.com\/index.php?rest_route=\/wp\/v2\/media\/28519"}],"wp:attachment":[{"href":"https:\/\/toysplusshop.com\/index.php?rest_route=%2Fwp%2Fv2%2Fmedia&parent=28518"}],"wp:term":[{"taxonomy":"product_brand","embeddable":true,"href":"https:\/\/toysplusshop.com\/index.php?rest_route=%2Fwp%2Fv2%2Fproduct_brand&post=28518"},{"taxonomy":"product_cat","embeddable":true,"href":"https:\/\/toysplusshop.com\/index.php?rest_route=%2Fwp%2Fv2%2Fproduct_cat&post=28518"},{"taxonomy":"product_tag","embeddable":true,"href":"https:\/\/toysplusshop.com\/index.php?rest_route=%2Fwp%2Fv2%2Fproduct_tag&post=28518"}],"curies":[{"name":"wp","href":"https:\/\/api.w.org\/{rel}","templated":true}]}}