{"id":28600,"date":"2024-03-20T15:50:43","date_gmt":"2024-03-20T15:50:43","guid":{"rendered":"https:\/\/toysplusshop.com\/?post_type=product&#038;p=28600"},"modified":"2024-03-21T13:16:40","modified_gmt":"2024-03-21T13:16:40","slug":"clementoni-bilim-ve-oyun-kokulu-sabunlar-mini-set","status":"publish","type":"product","link":"https:\/\/toysplusshop.com\/?product=clementoni-bilim-ve-oyun-kokulu-sabunlar-mini-set","title":{"rendered":"CLEMENTONI B\u0130L\u0130M VE OYUN KOKULU SABUNLAR"},"content":{"rendered":"<p>Harika eserlere ve el yap\u0131m\u0131 sabunlara hayat veren kokulu bir bilim seti!<\/p>\n<p>Oyun, harika kokulu eserler yaratmak i\u00e7in ihtiyac\u0131n\u0131z olan her \u015feyi ve hammaddeleri i\u00e7erir.<\/p>\n<p>Resimli k\u0131lavuz, \u00e7ocuklar\u0131n tam bir g\u00fcvenlik i\u00e7inde yapacaklar\u0131 deneylerle sabun yap\u0131m\u0131 bilimini ke\u015ffetmelerine yard\u0131mc\u0131 olur!<\/p>\n","protected":false},"excerpt":{"rendered":"<p>Harika eserlere ve el yap\u0131m\u0131 sabunlara hayat veren kokulu bir bilim seti! Oyun, harika kokulu eserler yaratmak i\u00e7in ihtiyac\u0131n\u0131z olan her \u015feyi ve hammaddeleri i\u00e7erir. Resimli k\u0131lavuz, \u00e7ocuklar\u0131n tam bir g\u00fcvenlik i\u00e7inde yapacaklar\u0131 deneylerle sabun yap\u0131m\u0131 bilimini ke\u015ffetmelerine yard\u0131mc\u0131 olur!<\/p>\n","protected":false},"featured_media":28601,"comment_status":"open","ping_status":"closed","template":"","meta":[],"product_brand":[],"product_cat":[550],"product_tag":[1108,1126],"class_list":{"0":"post-28600","1":"product","2":"type-product","3":"status-publish","4":"has-post-thumbnail","6":"product_cat-kiz-oyuncaklari","7":"product_tag-clementoni","8":"product_tag-kokulu-sabunlar","10":"first","11":"instock","12":"shipping-taxable","13":"purchasable","14":"product-type-simple"},"_links":{"self":[{"href":"https:\/\/toysplusshop.com\/index.php?rest_route=\/wp\/v2\/product\/28600","targetHints":{"allow":["GET"]}}],"collection":[{"href":"https:\/\/toysplusshop.com\/index.php?rest_route=\/wp\/v2\/product"}],"about":[{"href":"https:\/\/toysplusshop.com\/index.php?rest_route=\/wp\/v2\/types\/product"}],"replies":[{"embeddable":true,"href":"https:\/\/toysplusshop.com\/index.php?rest_route=%2Fwp%2Fv2%2Fcomments&post=28600"}],"version-history":[{"count":2,"href":"https:\/\/toysplusshop.com\/index.php?rest_route=\/wp\/v2\/product\/28600\/revisions"}],"predecessor-version":[{"id":28823,"href":"https:\/\/toysplusshop.com\/index.php?rest_route=\/wp\/v2\/product\/28600\/revisions\/28823"}],"wp:featuredmedia":[{"embeddable":true,"href":"https:\/\/toysplusshop.com\/index.php?rest_route=\/wp\/v2\/media\/28601"}],"wp:attachment":[{"href":"https:\/\/toysplusshop.com\/index.php?rest_route=%2Fwp%2Fv2%2Fmedia&parent=28600"}],"wp:term":[{"taxonomy":"product_brand","embeddable":true,"href":"https:\/\/toysplusshop.com\/index.php?rest_route=%2Fwp%2Fv2%2Fproduct_brand&post=28600"},{"taxonomy":"product_cat","embeddable":true,"href":"https:\/\/toysplusshop.com\/index.php?rest_route=%2Fwp%2Fv2%2Fproduct_cat&post=28600"},{"taxonomy":"product_tag","embeddable":true,"href":"https:\/\/toysplusshop.com\/index.php?rest_route=%2Fwp%2Fv2%2Fproduct_tag&post=28600"}],"curies":[{"name":"wp","href":"https:\/\/api.w.org\/{rel}","templated":true}]}}