{"id":28621,"date":"2024-03-21T08:16:12","date_gmt":"2024-03-21T08:16:12","guid":{"rendered":"https:\/\/toysplusshop.com\/?post_type=product&#038;p=28621"},"modified":"2025-05-19T12:31:29","modified_gmt":"2025-05-19T12:31:29","slug":"clementoni-bilim-ve-oyun-minik-bilim-insani","status":"publish","type":"product","link":"https:\/\/toysplusshop.com\/?product=clementoni-bilim-ve-oyun-minik-bilim-insani","title":{"rendered":"CLEMENTONI B\u0130L\u0130M VE OYUN M\u0130N\u0130K B\u0130L\u0130M \u0130NSANI"},"content":{"rendered":"<p>Gelece\u011fin minik bilim insanlar\u0131 i\u00e7in e\u011fitici ve \u00f6\u011fretici deneyler i\u00e7eren oyun sizlerle!<\/p>\n<p>D\u00fcnyada ka\u00e7 renk vard\u0131r? Mesela&#8230; A\u011fa\u00e7 ye\u015fili ile brokoli ye\u015fili ayn\u0131 m\u0131d\u0131r? Ya da sonbahar yapraklar\u0131 ile balkaba\u011f\u0131n\u0131n turuncusu ayn\u0131 m\u0131d\u0131r?<\/p>\n<p>Haydi, renkleri kar\u0131\u015ft\u0131ral\u0131m ve ortaya hangi renk \u00e7\u0131kacak birlikte g\u00f6relim! Renklerin teorisini ke\u015ffetmek i\u00e7in renkleri kar\u0131\u015ft\u0131r\u0131nca nas\u0131l bir renk \u00e7\u0131kaca\u011f\u0131n\u0131 merak ediyorsan\u0131z e\u011fer bu set tam size g\u00f6re!<\/p>\n<p>Bilimle dolu oyunlar i\u00e7in kolay ve e\u011flenceli deneyler i\u00e7eren bu set \u00e7ocuklar\u0131n bilime olan merak\u0131n\u0131 art\u0131r\u0131r, ke\u015ffettik\u00e7e \u00f6\u011frenilen bilgiler ger\u00e7ek hayatta farkl\u0131 g\u00f6zlemler yapmalar\u0131na fayda sa\u011flar. \u00dcstelik kutu \u00fczerindeki QR kodu okutulunca oyuna y\u00f6nelik e\u011flenceli video e\u011fitimleri vard\u0131r.<\/p>\n<p>Bilim ve Oyun Serisi, olas\u0131 \u00e7\u00f6z\u00fcmler ve oyun senaryolar\u0131 olu\u015fturup icat ederken \u00e7ocuklar\u0131n e\u011flenmesi i\u00e7in harika bir oyun deneyimi sunar. Farkl\u0131 bile\u015fenlerin bir araya getirilmesiyle \u00e7ocuklar, kendi kurgular\u0131ndan hangi senaryolar\u0131n hayata ge\u00e7ebilece\u011fini somut olarak do\u011frular ve fikirleri kendi elleriyle \u015fekillendirir. Kutu i\u00e7erisinde<\/p>\n<p>Deneyler i\u00e7in \u00e7al\u0131\u015fma tezgah\u0131, terazi, t\u0131pal\u0131 deney t\u00fcpleri, renklendiriciler, \u00fc\u00e7 y\u00f6nl\u00fc y\u00f6nlendirici, ka\u015f\u0131k, \u015f\u0131r\u0131ngalar, \u015feffaf plastik t\u00fcp, dereceli deney kab\u0131, kar\u0131\u015ft\u0131r\u0131c\u0131, pipet ve resimli kullan\u0131m k\u0131lavuzu bulunmaktad\u0131r<\/p>\n","protected":false},"excerpt":{"rendered":"<p>Gelece\u011fin minik bilim insanlar\u0131 i\u00e7in e\u011fitici ve \u00f6\u011fretici deneyler i\u00e7eren oyun sizlerle! D\u00fcnyada ka\u00e7 renk vard\u0131r? Mesela&#8230; A\u011fa\u00e7 ye\u015fili ile brokoli ye\u015fili ayn\u0131 m\u0131d\u0131r? Ya da sonbahar yapraklar\u0131 ile balkaba\u011f\u0131n\u0131n turuncusu ayn\u0131 m\u0131d\u0131r? Haydi, renkleri kar\u0131\u015ft\u0131ral\u0131m ve ortaya hangi renk \u00e7\u0131kacak birlikte g\u00f6relim! Renklerin teorisini ke\u015ffetmek i\u00e7in renkleri kar\u0131\u015ft\u0131r\u0131nca nas\u0131l bir renk \u00e7\u0131kaca\u011f\u0131n\u0131 merak ediyorsan\u0131z e\u011fer bu set tam size g\u00f6re! Bilimle dolu oyunlar i\u00e7in kolay ve e\u011flenceli deneyler i\u00e7eren bu set \u00e7ocuklar\u0131n bilime olan merak\u0131n\u0131 art\u0131r\u0131r, ke\u015ffettik\u00e7e \u00f6\u011frenilen bilgiler ger\u00e7ek hayatta farkl\u0131 g\u00f6zlemler yapmalar\u0131na fayda sa\u011flar. \u00dcstelik kutu \u00fczerindeki QR kodu okutulunca oyuna y\u00f6nelik e\u011flenceli video e\u011fitimleri vard\u0131r. Bilim ve Oyun Serisi, olas\u0131 \u00e7\u00f6z\u00fcmler ve oyun senaryolar\u0131 olu\u015fturup icat ederken \u00e7ocuklar\u0131n e\u011flenmesi i\u00e7in harika bir oyun deneyimi sunar. Farkl\u0131 bile\u015fenlerin bir araya getirilmesiyle \u00e7ocuklar, kendi kurgular\u0131ndan hangi senaryolar\u0131n hayata ge\u00e7ebilece\u011fini somut olarak do\u011frular ve fikirleri kendi elleriyle \u015fekillendirir. Kutu i\u00e7erisinde Deneyler i\u00e7in \u00e7al\u0131\u015fma tezgah\u0131, terazi, t\u0131pal\u0131 deney t\u00fcpleri, renklendiriciler, \u00fc\u00e7 y\u00f6nl\u00fc y\u00f6nlendirici, ka\u015f\u0131k, \u015f\u0131r\u0131ngalar, \u015feffaf plastik t\u00fcp, dereceli deney kab\u0131, kar\u0131\u015ft\u0131r\u0131c\u0131, pipet ve resimli kullan\u0131m k\u0131lavuzu bulunmaktad\u0131r<\/p>\n","protected":false},"featured_media":28622,"comment_status":"open","ping_status":"closed","template":"","meta":[],"product_brand":[],"product_cat":[551,550],"product_tag":[1108,1129],"class_list":{"0":"post-28621","1":"product","2":"type-product","3":"status-publish","4":"has-post-thumbnail","6":"product_cat-erkek-oyuncaklari","7":"product_cat-kiz-oyuncaklari","8":"product_tag-clementoni","9":"product_tag-minik-bilim-insani","11":"first","12":"outofstock","13":"shipping-taxable","14":"purchasable","15":"product-type-simple"},"_links":{"self":[{"href":"https:\/\/toysplusshop.com\/index.php?rest_route=\/wp\/v2\/product\/28621","targetHints":{"allow":["GET"]}}],"collection":[{"href":"https:\/\/toysplusshop.com\/index.php?rest_route=\/wp\/v2\/product"}],"about":[{"href":"https:\/\/toysplusshop.com\/index.php?rest_route=\/wp\/v2\/types\/product"}],"replies":[{"embeddable":true,"href":"https:\/\/toysplusshop.com\/index.php?rest_route=%2Fwp%2Fv2%2Fcomments&post=28621"}],"version-history":[{"count":1,"href":"https:\/\/toysplusshop.com\/index.php?rest_route=\/wp\/v2\/product\/28621\/revisions"}],"predecessor-version":[{"id":28626,"href":"https:\/\/toysplusshop.com\/index.php?rest_route=\/wp\/v2\/product\/28621\/revisions\/28626"}],"wp:featuredmedia":[{"embeddable":true,"href":"https:\/\/toysplusshop.com\/index.php?rest_route=\/wp\/v2\/media\/28622"}],"wp:attachment":[{"href":"https:\/\/toysplusshop.com\/index.php?rest_route=%2Fwp%2Fv2%2Fmedia&parent=28621"}],"wp:term":[{"taxonomy":"product_brand","embeddable":true,"href":"https:\/\/toysplusshop.com\/index.php?rest_route=%2Fwp%2Fv2%2Fproduct_brand&post=28621"},{"taxonomy":"product_cat","embeddable":true,"href":"https:\/\/toysplusshop.com\/index.php?rest_route=%2Fwp%2Fv2%2Fproduct_cat&post=28621"},{"taxonomy":"product_tag","embeddable":true,"href":"https:\/\/toysplusshop.com\/index.php?rest_route=%2Fwp%2Fv2%2Fproduct_tag&post=28621"}],"curies":[{"name":"wp","href":"https:\/\/api.w.org\/{rel}","templated":true}]}}