{"id":28767,"date":"2024-03-21T10:53:53","date_gmt":"2024-03-21T10:53:53","guid":{"rendered":"https:\/\/toysplusshop.com\/?post_type=product&#038;p=28767"},"modified":"2025-05-19T12:31:29","modified_gmt":"2025-05-19T12:31:29","slug":"clemetoni-bilim-ve-oyun-gunes-sistemi","status":"publish","type":"product","link":"https:\/\/toysplusshop.com\/?product=clemetoni-bilim-ve-oyun-gunes-sistemi","title":{"rendered":"CLEMENTONI B\u0130L\u0130M VE OYUN &#8211; G\u00dcNE\u015e S\u0130STEM\u0130"},"content":{"rendered":"<p class=\"descrizione_1\">Uzay\u0131 ke\u015ffetmenin ve astronomi hakk\u0131nda her \u015feyi \u00f6\u011frenmenin m\u00fckemmel yolu!<\/p>\n<p class=\"descrizione_2\">G\u00fcne\u015f sisteminin, \u0131\u015f\u0131kl\u0131 ve \u00e7evresinde gezegenlerin d\u00f6nd\u00fc\u011f\u00fc G\u00fcne\u015f&#8217;i olan elektronik bir modeli!<\/p>\n<p class=\"descrizione_3\">Bu oyun seti, bilimsel bilgilerle ve ola\u011fan\u00fcst\u00fc kapsamla dolu uygulama ile birlikte kullan\u0131ld\u0131\u011f\u0131nda daha da e\u011flencelidir.<\/p>\n<p class=\"descrizione_4\">K\u0131lavuz, \u00e7ocuklara gezegenleri anlat\u0131rken ayn\u0131 zamanda da e\u011flenmelerini sa\u011flar.<\/p>\n","protected":false},"excerpt":{"rendered":"<p>Uzay\u0131 ke\u015ffetmenin ve astronomi hakk\u0131nda her \u015feyi \u00f6\u011frenmenin m\u00fckemmel yolu! G\u00fcne\u015f sisteminin, \u0131\u015f\u0131kl\u0131 ve \u00e7evresinde gezegenlerin d\u00f6nd\u00fc\u011f\u00fc G\u00fcne\u015f&#8217;i olan elektronik bir modeli! Bu oyun seti, bilimsel bilgilerle ve ola\u011fan\u00fcst\u00fc kapsamla dolu uygulama ile birlikte kullan\u0131ld\u0131\u011f\u0131nda daha da e\u011flencelidir. K\u0131lavuz, \u00e7ocuklara gezegenleri anlat\u0131rken ayn\u0131 zamanda da e\u011flenmelerini sa\u011flar.<\/p>\n","protected":false},"featured_media":28768,"comment_status":"open","ping_status":"closed","template":"","meta":[],"product_brand":[],"product_cat":[551,550],"product_tag":[1151,1150],"class_list":{"0":"post-28767","1":"product","2":"type-product","3":"status-publish","4":"has-post-thumbnail","6":"product_cat-erkek-oyuncaklari","7":"product_cat-kiz-oyuncaklari","8":"product_tag-clemetoni","9":"product_tag-gunes-sistemi","11":"first","12":"instock","13":"shipping-taxable","14":"purchasable","15":"product-type-simple"},"_links":{"self":[{"href":"https:\/\/toysplusshop.com\/index.php?rest_route=\/wp\/v2\/product\/28767","targetHints":{"allow":["GET"]}}],"collection":[{"href":"https:\/\/toysplusshop.com\/index.php?rest_route=\/wp\/v2\/product"}],"about":[{"href":"https:\/\/toysplusshop.com\/index.php?rest_route=\/wp\/v2\/types\/product"}],"replies":[{"embeddable":true,"href":"https:\/\/toysplusshop.com\/index.php?rest_route=%2Fwp%2Fv2%2Fcomments&post=28767"}],"version-history":[{"count":2,"href":"https:\/\/toysplusshop.com\/index.php?rest_route=\/wp\/v2\/product\/28767\/revisions"}],"predecessor-version":[{"id":36507,"href":"https:\/\/toysplusshop.com\/index.php?rest_route=\/wp\/v2\/product\/28767\/revisions\/36507"}],"wp:featuredmedia":[{"embeddable":true,"href":"https:\/\/toysplusshop.com\/index.php?rest_route=\/wp\/v2\/media\/28768"}],"wp:attachment":[{"href":"https:\/\/toysplusshop.com\/index.php?rest_route=%2Fwp%2Fv2%2Fmedia&parent=28767"}],"wp:term":[{"taxonomy":"product_brand","embeddable":true,"href":"https:\/\/toysplusshop.com\/index.php?rest_route=%2Fwp%2Fv2%2Fproduct_brand&post=28767"},{"taxonomy":"product_cat","embeddable":true,"href":"https:\/\/toysplusshop.com\/index.php?rest_route=%2Fwp%2Fv2%2Fproduct_cat&post=28767"},{"taxonomy":"product_tag","embeddable":true,"href":"https:\/\/toysplusshop.com\/index.php?rest_route=%2Fwp%2Fv2%2Fproduct_tag&post=28767"}],"curies":[{"name":"wp","href":"https:\/\/api.w.org\/{rel}","templated":true}]}}