{"id":29142,"date":"2024-03-22T14:26:58","date_gmt":"2024-03-22T14:26:58","guid":{"rendered":"https:\/\/toysplusshop.com\/?post_type=product&#038;p=29142"},"modified":"2025-06-13T07:27:09","modified_gmt":"2025-06-13T07:27:09","slug":"fisher-price-fhc92-renkli-halkalar","status":"publish","type":"product","link":"https:\/\/toysplusshop.com\/?product=fisher-price-fhc92-renkli-halkalar","title":{"rendered":"FISHER PRICE FHC92 RENKL\u0130 HALKALAR"},"content":{"rendered":"<p>Fisher-Price Renkli Halkalar bebe\u011finizin i\u00e7in e\u011flenceli bir klasik. K\u00fc\u00e7\u00fck bebekler be\u015f renkli halkay\u0131 kavramay\u0131, tutmay\u0131, sallamay\u0131 ve ke\u015ffetmeyi \u00e7ok sevecek. Hac\u0131yatmaz gibi sallanma \u00f6zelli\u011fi sayesinde bebe\u011finizi e\u011flendirir. \u00dcst \u00fcste dizmek el-g\u00f6z koordinasyonunu geli\u015ftirmeye yard\u0131mc\u0131 olurken halkalar\u0131 k\u00fc\u00e7\u00fckten b\u00fcy\u00fc\u011fe s\u0131ralamak boyut kavram\u0131n\u0131 tan\u0131t\u0131r!<br \/>\n\u00d6zellikler:<br \/>\nKavramak, sallamak ve \u00fcst \u00fcste dizmek i\u00e7in 5 adet renkli halka<br \/>\nVurulabilen ve sallanan taban<br \/>\n\u0130\u00e7inde \u00e7\u0131ng\u0131rakl\u0131 boncuklar bulunan, y\u00fczeyi parlak \u00fcst halka<br \/>\nBebe\u011fe boyut kavram\u0131n\u0131 ve \u00fcst \u00fcste dizmeyi tan\u0131t\u0131r. Zeka geli\u015fimini destekler.<br \/>\n12 ayl\u0131k ve daha b\u00fcy\u00fck bebekler i\u00e7in<\/p>\n","protected":false},"excerpt":{"rendered":"<p>Fisher-Price Renkli Halkalar bebe\u011finizin i\u00e7in e\u011flenceli bir klasik. K\u00fc\u00e7\u00fck bebekler be\u015f renkli halkay\u0131 kavramay\u0131, tutmay\u0131, sallamay\u0131 ve ke\u015ffetmeyi \u00e7ok sevecek. Hac\u0131yatmaz gibi sallanma \u00f6zelli\u011fi sayesinde bebe\u011finizi e\u011flendirir. \u00dcst \u00fcste dizmek el-g\u00f6z koordinasyonunu geli\u015ftirmeye yard\u0131mc\u0131 olurken halkalar\u0131 k\u00fc\u00e7\u00fckten b\u00fcy\u00fc\u011fe s\u0131ralamak boyut kavram\u0131n\u0131 tan\u0131t\u0131r! \u00d6zellikler: Kavramak, sallamak ve \u00fcst \u00fcste dizmek i\u00e7in 5 adet renkli halka Vurulabilen ve sallanan taban \u0130\u00e7inde \u00e7\u0131ng\u0131rakl\u0131 boncuklar bulunan, y\u00fczeyi parlak \u00fcst halka Bebe\u011fe boyut kavram\u0131n\u0131 ve \u00fcst \u00fcste dizmeyi tan\u0131t\u0131r. Zeka geli\u015fimini destekler. 12 ayl\u0131k ve daha b\u00fcy\u00fck bebekler i\u00e7in<\/p>\n","protected":false},"featured_media":29143,"comment_status":"open","ping_status":"closed","template":"","meta":[],"product_brand":[],"product_cat":[123],"product_tag":[1193],"class_list":{"0":"post-29142","1":"product","2":"type-product","3":"status-publish","4":"has-post-thumbnail","6":"product_cat-bebek-oyuncaklari","7":"product_tag-fisher-price-fhc92","9":"first","10":"outofstock","11":"shipping-taxable","12":"purchasable","13":"product-type-simple"},"_links":{"self":[{"href":"https:\/\/toysplusshop.com\/index.php?rest_route=\/wp\/v2\/product\/29142","targetHints":{"allow":["GET"]}}],"collection":[{"href":"https:\/\/toysplusshop.com\/index.php?rest_route=\/wp\/v2\/product"}],"about":[{"href":"https:\/\/toysplusshop.com\/index.php?rest_route=\/wp\/v2\/types\/product"}],"replies":[{"embeddable":true,"href":"https:\/\/toysplusshop.com\/index.php?rest_route=%2Fwp%2Fv2%2Fcomments&post=29142"}],"version-history":[{"count":1,"href":"https:\/\/toysplusshop.com\/index.php?rest_route=\/wp\/v2\/product\/29142\/revisions"}],"predecessor-version":[{"id":29149,"href":"https:\/\/toysplusshop.com\/index.php?rest_route=\/wp\/v2\/product\/29142\/revisions\/29149"}],"wp:featuredmedia":[{"embeddable":true,"href":"https:\/\/toysplusshop.com\/index.php?rest_route=\/wp\/v2\/media\/29143"}],"wp:attachment":[{"href":"https:\/\/toysplusshop.com\/index.php?rest_route=%2Fwp%2Fv2%2Fmedia&parent=29142"}],"wp:term":[{"taxonomy":"product_brand","embeddable":true,"href":"https:\/\/toysplusshop.com\/index.php?rest_route=%2Fwp%2Fv2%2Fproduct_brand&post=29142"},{"taxonomy":"product_cat","embeddable":true,"href":"https:\/\/toysplusshop.com\/index.php?rest_route=%2Fwp%2Fv2%2Fproduct_cat&post=29142"},{"taxonomy":"product_tag","embeddable":true,"href":"https:\/\/toysplusshop.com\/index.php?rest_route=%2Fwp%2Fv2%2Fproduct_tag&post=29142"}],"curies":[{"name":"wp","href":"https:\/\/api.w.org\/{rel}","templated":true}]}}