{"id":29181,"date":"2024-03-23T09:09:13","date_gmt":"2024-03-23T09:09:13","guid":{"rendered":"https:\/\/toysplusshop.com\/?post_type=product&#038;p=29181"},"modified":"2024-11-13T15:54:13","modified_gmt":"2024-11-13T15:54:13","slug":"hasbro-f5869-avengers-bend-and-flex-thanos-fire-mission","status":"publish","type":"product","link":"https:\/\/toysplusshop.com\/?product=hasbro-f5869-avengers-bend-and-flex-thanos-fire-mission","title":{"rendered":"AVENGERS BEND AND FLEX THANOS FIRE MISSION HASBRO F5869"},"content":{"rendered":"<p>B\u00fck\u00fcn! D\u00f6nd\u00fcr\u00fcn! G\u00fcc\u00fcn\u00fcze esneklik kazand\u0131r\u0131n! \u00c7ocuklar, Avengers Bend &amp; Flex Fig\u00fcrlerle sevdikleri kahramanlar\u0131 \u00e7ok \u00e7e\u015fitli, e\u011flenceli pozlara getirip aksiyon sahnelerini canland\u0131rabilecek ve e\u011flencenin tad\u0131n\u0131 doyas\u0131ya \u00e7\u0131karabilecek! Marvel Evreninden ilham alan karakterlerin hepsini toplay\u0131n (her biri ayr\u0131 sat\u0131l\u0131r). Thanos&#8217;un 15 cm boyundaki fig\u00fcr\u00fc, esnek kol ve bacaklar\u0131 sayesinde b\u00fck\u00fcl\u00fcp d\u00f6nd\u00fcr\u00fclebiliyor ve \u00e7ocuklar fig\u00fcrle hayallerindeki y\u00fczlerce pozu canland\u0131rabiliyor. Pakete dahil aksesuar, \u00e7ocuklar\u0131n yakalad\u0131klar\u0131 pozda fig\u00fcr\u00fc sergilemelerini ve en sevdikleri Marvel sahnelerini hayal etmelerini sa\u011fl\u0131yor. Nihayetinde iyi bir kahraman (veya k\u00f6t\u00fc adam), esnek olmal\u0131! \u0130\u00e7indekiler: fig\u00fcr ve aksesuar.<br \/>\nB\u00dcK\u00dcN:\u00a0\u015eekilden \u015fekle giren efsane bir e\u011flence! Bu 15 cm boyundaki Bend &amp; Flex Thanos fig\u00fcr\u00fcn\u00fcn b\u00fck\u00fclebilir kol ve bacaklar\u0131, tonlarca yarat\u0131c\u0131 poz olu\u015fturacak \u015fekilde k\u0131vr\u0131labiliyor ve esnetilebiliyor!<br \/>\nESNET\u0130N:\u00a0Hayal g\u00fcc\u00fcn\u00fcz\u00fc kullanarak bu fig\u00fcr\u00fc b\u00fckmek ve yeni macera pozlar\u0131na b\u00fcr\u00fcnd\u00fcrmek \u00e7ok e\u011flenceli. Konu aksiyon duru\u015flar\u0131 oldu\u011funda Bend &amp; Flex Fig\u00fcrleri ezber bozuyor.<br \/>\nDURU\u015eUNUZU SE\u00c7\u0130N:\u00a0O g\u00fc\u00e7l\u00fc pozu koruyun! T\u00fcm Bend &amp; Flex fig\u00fcrler, o muhte\u015fem pozu zenginle\u015ftirebilmek i\u00e7in bir Patlama aksesuar\u0131 ile birlikte sunuluyor. (Her biri ayr\u0131 sat\u0131l\u0131r.)<br \/>\nKLAS\u0130K MARVEL TASARIMI:\u00a0Marvel evreninden ilham alarak tasarlanan Thanos fig\u00fcr\u00fcyle m\u00fccadeleye kat\u0131ld\u0131\u011f\u0131n\u0131z\u0131 hayal edin.<br \/>\nD\u0130\u011eER BEND &amp; FLEX F\u0130G\u00dcRLER\u0130N\u0130 TOPLAYIN: Di\u011fer Avengers Bend &amp; Flex fig\u00fcrlerini toplayarak e\u011flencenize esneklik kat\u0131n!<\/p>\n","protected":false},"excerpt":{"rendered":"<p>B\u00fck\u00fcn! D\u00f6nd\u00fcr\u00fcn! G\u00fcc\u00fcn\u00fcze esneklik kazand\u0131r\u0131n! \u00c7ocuklar, Avengers Bend &amp; Flex Fig\u00fcrlerle sevdikleri kahramanlar\u0131 \u00e7ok \u00e7e\u015fitli, e\u011flenceli pozlara getirip aksiyon sahnelerini canland\u0131rabilecek ve e\u011flencenin tad\u0131n\u0131 doyas\u0131ya \u00e7\u0131karabilecek! Marvel Evreninden ilham alan karakterlerin hepsini toplay\u0131n (her biri ayr\u0131 sat\u0131l\u0131r). Thanos&#8217;un 15 cm boyundaki fig\u00fcr\u00fc, esnek kol ve bacaklar\u0131 sayesinde b\u00fck\u00fcl\u00fcp d\u00f6nd\u00fcr\u00fclebiliyor ve \u00e7ocuklar fig\u00fcrle hayallerindeki y\u00fczlerce pozu canland\u0131rabiliyor. Pakete dahil aksesuar, \u00e7ocuklar\u0131n yakalad\u0131klar\u0131 pozda fig\u00fcr\u00fc sergilemelerini ve en sevdikleri Marvel sahnelerini hayal etmelerini sa\u011fl\u0131yor. Nihayetinde iyi bir kahraman (veya k\u00f6t\u00fc adam), esnek olmal\u0131! \u0130\u00e7indekiler: fig\u00fcr ve aksesuar. B\u00dcK\u00dcN:\u00a0\u015eekilden \u015fekle giren efsane bir e\u011flence! Bu 15 cm boyundaki Bend &amp; Flex Thanos fig\u00fcr\u00fcn\u00fcn b\u00fck\u00fclebilir kol ve bacaklar\u0131, tonlarca yarat\u0131c\u0131 poz olu\u015fturacak \u015fekilde k\u0131vr\u0131labiliyor ve esnetilebiliyor! ESNET\u0130N:\u00a0Hayal g\u00fcc\u00fcn\u00fcz\u00fc kullanarak bu fig\u00fcr\u00fc b\u00fckmek ve yeni macera pozlar\u0131na b\u00fcr\u00fcnd\u00fcrmek \u00e7ok e\u011flenceli. Konu aksiyon duru\u015flar\u0131 oldu\u011funda Bend &amp; Flex Fig\u00fcrleri ezber bozuyor. DURU\u015eUNUZU SE\u00c7\u0130N:\u00a0O g\u00fc\u00e7l\u00fc pozu koruyun! T\u00fcm Bend &amp; Flex fig\u00fcrler, o muhte\u015fem pozu zenginle\u015ftirebilmek i\u00e7in bir Patlama aksesuar\u0131 ile birlikte sunuluyor. (Her biri ayr\u0131 sat\u0131l\u0131r.) KLAS\u0130K MARVEL TASARIMI:\u00a0Marvel evreninden ilham alarak tasarlanan Thanos fig\u00fcr\u00fcyle m\u00fccadeleye kat\u0131ld\u0131\u011f\u0131n\u0131z\u0131 hayal edin. D\u0130\u011eER BEND &amp; FLEX F\u0130G\u00dcRLER\u0130N\u0130 TOPLAYIN: Di\u011fer Avengers Bend &amp; Flex fig\u00fcrlerini toplayarak e\u011flencenize esneklik kat\u0131n!<\/p>\n","protected":false},"featured_media":29182,"comment_status":"open","ping_status":"closed","template":"","meta":[],"product_brand":[],"product_cat":[551],"product_tag":[1197],"class_list":{"0":"post-29181","1":"product","2":"type-product","3":"status-publish","4":"has-post-thumbnail","6":"product_cat-erkek-oyuncaklari","7":"product_tag-hasbro-f5869","9":"first","10":"instock","11":"sale","12":"shipping-taxable","13":"purchasable","14":"product-type-simple"},"_links":{"self":[{"href":"https:\/\/toysplusshop.com\/index.php?rest_route=\/wp\/v2\/product\/29181","targetHints":{"allow":["GET"]}}],"collection":[{"href":"https:\/\/toysplusshop.com\/index.php?rest_route=\/wp\/v2\/product"}],"about":[{"href":"https:\/\/toysplusshop.com\/index.php?rest_route=\/wp\/v2\/types\/product"}],"replies":[{"embeddable":true,"href":"https:\/\/toysplusshop.com\/index.php?rest_route=%2Fwp%2Fv2%2Fcomments&post=29181"}],"version-history":[{"count":2,"href":"https:\/\/toysplusshop.com\/index.php?rest_route=\/wp\/v2\/product\/29181\/revisions"}],"predecessor-version":[{"id":36866,"href":"https:\/\/toysplusshop.com\/index.php?rest_route=\/wp\/v2\/product\/29181\/revisions\/36866"}],"wp:featuredmedia":[{"embeddable":true,"href":"https:\/\/toysplusshop.com\/index.php?rest_route=\/wp\/v2\/media\/29182"}],"wp:attachment":[{"href":"https:\/\/toysplusshop.com\/index.php?rest_route=%2Fwp%2Fv2%2Fmedia&parent=29181"}],"wp:term":[{"taxonomy":"product_brand","embeddable":true,"href":"https:\/\/toysplusshop.com\/index.php?rest_route=%2Fwp%2Fv2%2Fproduct_brand&post=29181"},{"taxonomy":"product_cat","embeddable":true,"href":"https:\/\/toysplusshop.com\/index.php?rest_route=%2Fwp%2Fv2%2Fproduct_cat&post=29181"},{"taxonomy":"product_tag","embeddable":true,"href":"https:\/\/toysplusshop.com\/index.php?rest_route=%2Fwp%2Fv2%2Fproduct_tag&post=29181"}],"curies":[{"name":"wp","href":"https:\/\/api.w.org\/{rel}","templated":true}]}}