{"id":29465,"date":"2024-03-25T13:47:09","date_gmt":"2024-03-25T13:47:09","guid":{"rendered":"https:\/\/toysplusshop.com\/?post_type=product&#038;p=29465"},"modified":"2025-09-17T13:18:28","modified_gmt":"2025-09-17T13:18:28","slug":"ravensburger-bir-hikaye-anlat","status":"publish","type":"product","link":"https:\/\/toysplusshop.com\/?product=ravensburger-bir-hikaye-anlat","title":{"rendered":"RAVENSBURGER B\u0130R H\u0130KAYE ANLAT"},"content":{"rendered":"<p>Karakterinin be\u015f hikaye kart\u0131n\u0131 da toplayan ilk sen ol ve hayal g\u00fcc\u00fcnle heyecan verici bir hikaye yarat. Bu heyecan verici kovalamaca oyununa haz\u0131r olun. Herkesten \u00f6nce tavan aras\u0131na ula\u015fabilecek misin ? Evin \u00f6n kap\u0131s\u0131ndan ba\u015flayarak zarlar\u0131 at ve \u00e7e\u015fitli odalardan ge\u00e7erek tavan aras\u0131na ula\u015f. Her 6 att\u0131\u011f\u0131nda bir nesne kart\u0131 \u00e7ek, \u00f6ne do\u011fru b\u00fcy\u00fck bir atak yap ya da b\u00fcy\u00fck bir ad\u0131m geriye git!<\/p>\n<p>Bir Hikaye Anlat oyunu yarat\u0131c\u0131l\u0131\u011f\u0131 peki\u015ftirirken s\u0131ralama ve e\u015fleme olgular\u0131n\u0131 da \u00f6\u011fretmeyi ama\u00e7layan bir hikaye yaratma oyunudur.<\/p>\n<p>Her karakterin 5 farkl\u0131 kart\u0131 bulunuyor. Oyuncular hayal g\u00fc\u00e7lerini kullanarak kendi hikayelerini yarat\u0131yor.<\/p>\n<p>\u0130\u00e7indekiler:<\/p>\n<ul>\n<li>\u2022 10 Karakter Kart\u0131<\/li>\n<li>\u2022 50 Hikaye Kart\u0131<\/li>\n<li>\u2022 Kullan\u0131m K\u0131lavuzu<\/li>\n<\/ul>\n","protected":false},"excerpt":{"rendered":"<p>Karakterinin be\u015f hikaye kart\u0131n\u0131 da toplayan ilk sen ol ve hayal g\u00fcc\u00fcnle heyecan verici bir hikaye yarat. Bu heyecan verici kovalamaca oyununa haz\u0131r olun. Herkesten \u00f6nce tavan aras\u0131na ula\u015fabilecek misin ? Evin \u00f6n kap\u0131s\u0131ndan ba\u015flayarak zarlar\u0131 at ve \u00e7e\u015fitli odalardan ge\u00e7erek tavan aras\u0131na ula\u015f. Her 6 att\u0131\u011f\u0131nda bir nesne kart\u0131 \u00e7ek, \u00f6ne do\u011fru b\u00fcy\u00fck bir atak yap ya da b\u00fcy\u00fck bir ad\u0131m geriye git! Bir Hikaye Anlat oyunu yarat\u0131c\u0131l\u0131\u011f\u0131 peki\u015ftirirken s\u0131ralama ve e\u015fleme olgular\u0131n\u0131 da \u00f6\u011fretmeyi ama\u00e7layan bir hikaye yaratma oyunudur. Her karakterin 5 farkl\u0131 kart\u0131 bulunuyor. Oyuncular hayal g\u00fc\u00e7lerini kullanarak kendi hikayelerini yarat\u0131yor. \u0130\u00e7indekiler: \u2022 10 Karakter Kart\u0131 \u2022 50 Hikaye Kart\u0131 \u2022 Kullan\u0131m K\u0131lavuzu<\/p>\n","protected":false},"featured_media":29466,"comment_status":"open","ping_status":"closed","template":"","meta":[],"product_brand":[],"product_cat":[551,550,1055],"product_tag":[1243],"class_list":{"0":"post-29465","1":"product","2":"type-product","3":"status-publish","4":"has-post-thumbnail","6":"product_cat-erkek-oyuncaklari","7":"product_cat-kiz-oyuncaklari","8":"product_cat-kutu-oyunlari","9":"product_tag-ravensburger-bir-hikaye-anlat","11":"first","12":"instock","13":"shipping-taxable","14":"purchasable","15":"product-type-simple"},"_links":{"self":[{"href":"https:\/\/toysplusshop.com\/index.php?rest_route=\/wp\/v2\/product\/29465","targetHints":{"allow":["GET"]}}],"collection":[{"href":"https:\/\/toysplusshop.com\/index.php?rest_route=\/wp\/v2\/product"}],"about":[{"href":"https:\/\/toysplusshop.com\/index.php?rest_route=\/wp\/v2\/types\/product"}],"replies":[{"embeddable":true,"href":"https:\/\/toysplusshop.com\/index.php?rest_route=%2Fwp%2Fv2%2Fcomments&post=29465"}],"version-history":[{"count":1,"href":"https:\/\/toysplusshop.com\/index.php?rest_route=\/wp\/v2\/product\/29465\/revisions"}],"predecessor-version":[{"id":29468,"href":"https:\/\/toysplusshop.com\/index.php?rest_route=\/wp\/v2\/product\/29465\/revisions\/29468"}],"wp:featuredmedia":[{"embeddable":true,"href":"https:\/\/toysplusshop.com\/index.php?rest_route=\/wp\/v2\/media\/29466"}],"wp:attachment":[{"href":"https:\/\/toysplusshop.com\/index.php?rest_route=%2Fwp%2Fv2%2Fmedia&parent=29465"}],"wp:term":[{"taxonomy":"product_brand","embeddable":true,"href":"https:\/\/toysplusshop.com\/index.php?rest_route=%2Fwp%2Fv2%2Fproduct_brand&post=29465"},{"taxonomy":"product_cat","embeddable":true,"href":"https:\/\/toysplusshop.com\/index.php?rest_route=%2Fwp%2Fv2%2Fproduct_cat&post=29465"},{"taxonomy":"product_tag","embeddable":true,"href":"https:\/\/toysplusshop.com\/index.php?rest_route=%2Fwp%2Fv2%2Fproduct_tag&post=29465"}],"curies":[{"name":"wp","href":"https:\/\/api.w.org\/{rel}","templated":true}]}}