{"id":29469,"date":"2024-03-25T13:56:21","date_gmt":"2024-03-25T13:56:21","guid":{"rendered":"https:\/\/toysplusshop.com\/?post_type=product&#038;p=29469"},"modified":"2025-12-15T12:21:41","modified_gmt":"2025-12-15T12:21:41","slug":"ravensburger-canavar-avcilari","status":"publish","type":"product","link":"https:\/\/toysplusshop.com\/?product=ravensburger-canavar-avcilari","title":{"rendered":"RAVENSBURGER CANAVAR AVCILARI"},"content":{"rendered":"<p>Canavar \u015eehrinde Alarm Var.<\/p>\n<p>Yap\u0131\u015fkan Canavarlar Firarda.<\/p>\n<p>Yap\u0131\u015fkan canavarlar \u00e7etesi \u015fehri turluyor ve \u015fehir canavarlar\u0131n\u0131 v\u0131c\u0131k v\u0131c\u0131k yap\u0131\u015fkan elleri ile avl\u0131yor.<\/p>\n<p>Acaba en \u00e7ok canavar\u0131 kim yakalayacak ve merdivene ilk kim ula\u015facak?<\/p>\n<p>Kutu i\u00e7erisinde bulunan 4 adet yap\u0131\u015fkan el ile Canavar Avc\u0131lar\u0131 oyununu ke\u015ffetmeye haz\u0131r olun!<\/p>\n<p>\u00c7ocuklar\u0131n stratejik d\u00fc\u015f\u00fcnme yeteneklerini geli\u015ftirmesine, el becerilerine, neden-sonu\u00e7 ili\u015fkilerinin geli\u015fmesine, arkada\u015flar\u0131yla oyunlar oynayarak sosyalle\u015fmelerine ve hayal g\u00fc\u00e7lerinin geli\u015fmesine yard\u0131mc\u0131 olmaktad\u0131r.<\/p>\n","protected":false},"excerpt":{"rendered":"<p>Canavar \u015eehrinde Alarm Var. Yap\u0131\u015fkan Canavarlar Firarda. Yap\u0131\u015fkan canavarlar \u00e7etesi \u015fehri turluyor ve \u015fehir canavarlar\u0131n\u0131 v\u0131c\u0131k v\u0131c\u0131k yap\u0131\u015fkan elleri ile avl\u0131yor. Acaba en \u00e7ok canavar\u0131 kim yakalayacak ve merdivene ilk kim ula\u015facak? Kutu i\u00e7erisinde bulunan 4 adet yap\u0131\u015fkan el ile Canavar Avc\u0131lar\u0131 oyununu ke\u015ffetmeye haz\u0131r olun! \u00c7ocuklar\u0131n stratejik d\u00fc\u015f\u00fcnme yeteneklerini geli\u015ftirmesine, el becerilerine, neden-sonu\u00e7 ili\u015fkilerinin geli\u015fmesine, arkada\u015flar\u0131yla oyunlar oynayarak sosyalle\u015fmelerine ve hayal g\u00fc\u00e7lerinin geli\u015fmesine yard\u0131mc\u0131 olmaktad\u0131r.<\/p>\n","protected":false},"featured_media":29470,"comment_status":"open","ping_status":"closed","template":"","meta":[],"product_brand":[],"product_cat":[551,550,1055],"product_tag":[1244],"class_list":{"0":"post-29469","1":"product","2":"type-product","3":"status-publish","4":"has-post-thumbnail","6":"product_cat-erkek-oyuncaklari","7":"product_cat-kiz-oyuncaklari","8":"product_cat-kutu-oyunlari","9":"product_tag-ravensburger-canavar-avcilari","11":"first","12":"outofstock","13":"shipping-taxable","14":"purchasable","15":"product-type-simple"},"_links":{"self":[{"href":"https:\/\/toysplusshop.com\/index.php?rest_route=\/wp\/v2\/product\/29469","targetHints":{"allow":["GET"]}}],"collection":[{"href":"https:\/\/toysplusshop.com\/index.php?rest_route=\/wp\/v2\/product"}],"about":[{"href":"https:\/\/toysplusshop.com\/index.php?rest_route=\/wp\/v2\/types\/product"}],"replies":[{"embeddable":true,"href":"https:\/\/toysplusshop.com\/index.php?rest_route=%2Fwp%2Fv2%2Fcomments&post=29469"}],"version-history":[{"count":1,"href":"https:\/\/toysplusshop.com\/index.php?rest_route=\/wp\/v2\/product\/29469\/revisions"}],"predecessor-version":[{"id":29474,"href":"https:\/\/toysplusshop.com\/index.php?rest_route=\/wp\/v2\/product\/29469\/revisions\/29474"}],"wp:featuredmedia":[{"embeddable":true,"href":"https:\/\/toysplusshop.com\/index.php?rest_route=\/wp\/v2\/media\/29470"}],"wp:attachment":[{"href":"https:\/\/toysplusshop.com\/index.php?rest_route=%2Fwp%2Fv2%2Fmedia&parent=29469"}],"wp:term":[{"taxonomy":"product_brand","embeddable":true,"href":"https:\/\/toysplusshop.com\/index.php?rest_route=%2Fwp%2Fv2%2Fproduct_brand&post=29469"},{"taxonomy":"product_cat","embeddable":true,"href":"https:\/\/toysplusshop.com\/index.php?rest_route=%2Fwp%2Fv2%2Fproduct_cat&post=29469"},{"taxonomy":"product_tag","embeddable":true,"href":"https:\/\/toysplusshop.com\/index.php?rest_route=%2Fwp%2Fv2%2Fproduct_tag&post=29469"}],"curies":[{"name":"wp","href":"https:\/\/api.w.org\/{rel}","templated":true}]}}