{"id":29475,"date":"2024-03-25T14:09:33","date_gmt":"2024-03-25T14:09:33","guid":{"rendered":"https:\/\/toysplusshop.com\/?post_type=product&#038;p=29475"},"modified":"2025-01-10T14:41:28","modified_gmt":"2025-01-10T14:41:28","slug":"ravensburger-clue-master","status":"publish","type":"product","link":"https:\/\/toysplusshop.com\/?product=ravensburger-clue-master","title":{"rendered":"RAVENSBURGER CLUE MASTER"},"content":{"rendered":"<p><span lang=\"EN-US\">Bu oyuna ba\u015flarken size oyunu bitirdi\u011finiz zaman hangi pulun di\u011ferine g\u00f6re nerede durmas\u0131 gerekti\u011finin ipu\u00e7lar\u0131 verilir. Bu ipu\u00e7lar\u0131ndan yola \u00e7\u0131karak pullar\u0131n \u015fekillerini ve renklerini g\u00f6zetip tablada do\u011fru yerlere yerle\u015ftirmelisin. <\/span><span lang=\"EN-US\">Ne kadar \u00e7ok oynarsan\u0131z, verilen ipu\u00e7lar\u0131ndan \u00e7\u0131kartaca\u011f\u0131n\u0131z mant\u0131kla farkl\u0131 teknik ve stratejiler geli\u015ftireceksiniz!<\/span><\/p>\n<p style=\"text-align: left\" align=\"center\">Thinkfun Oyunlar\u0131n\u0131n Di\u011fer Kutu Oyunlar\u0131ndan Fark\u0131 Nedir?<\/p>\n<p>1. Thinkfun sizi e\u011flendirirken her zaman bir yetene\u011finizi de geli\u015ftirmeyi ama\u00e7lar. Clue Master ise &#8220;Problem \u00c7\u00f6zme&#8221; yetene\u011finizi geli\u015ftirmeye y\u00f6nelik bir zeka oyunudur. Thinkfun&#8217;\u0131n ayr\u0131ca yarat\u0131c\u0131 d\u00fc\u015f\u00fcnmeyi, g\u00f6rsel alg\u0131y\u0131, dil \u00f6\u011frenme ve say\u0131 sayma becerilerini geli\u015ftiren oyunlar\u0131 da bulunmaktad\u0131r.<\/p>\n<p>2. Thinkfun zeka oyunlar\u0131 tek ki\u015fi bile olsan\u0131z rahatl\u0131kla oynanabilir.<\/p>\n<p>3. Thinkfun oyunlar\u0131n\u0131n bir k\u0131sm\u0131 yer ve alan fark etmeksizin her yerde kolayl\u0131kla oynanabilir ve her yere ta\u015f\u0131nabilir. Clue Master yolculuklar\u0131n\u0131zda, i\u015f yerinizde veya okulunuzda elinizde bile oynayabilece\u011finiz bir oyun olacak.<\/p>\n<div>\n<div>ThinkFun \u00f6d\u00fcll\u00fc oyunlar\u0131n\u0131n beyin geli\u015fimini te\u015fvik etmeye yard\u0131mc\u0131 oldu\u011fu kan\u0131tlanm\u0131\u015ft\u0131r.<\/div>\n<\/div>\n","protected":false},"excerpt":{"rendered":"<p>Bu oyuna ba\u015flarken size oyunu bitirdi\u011finiz zaman hangi pulun di\u011ferine g\u00f6re nerede durmas\u0131 gerekti\u011finin ipu\u00e7lar\u0131 verilir. Bu ipu\u00e7lar\u0131ndan yola \u00e7\u0131karak pullar\u0131n \u015fekillerini ve renklerini g\u00f6zetip tablada do\u011fru yerlere yerle\u015ftirmelisin. Ne kadar \u00e7ok oynarsan\u0131z, verilen ipu\u00e7lar\u0131ndan \u00e7\u0131kartaca\u011f\u0131n\u0131z mant\u0131kla farkl\u0131 teknik ve stratejiler geli\u015ftireceksiniz! Thinkfun Oyunlar\u0131n\u0131n Di\u011fer Kutu Oyunlar\u0131ndan Fark\u0131 Nedir? 1. Thinkfun sizi e\u011flendirirken her zaman bir yetene\u011finizi de geli\u015ftirmeyi ama\u00e7lar. Clue Master ise &#8220;Problem \u00c7\u00f6zme&#8221; yetene\u011finizi geli\u015ftirmeye y\u00f6nelik bir zeka oyunudur. Thinkfun&#8217;\u0131n ayr\u0131ca yarat\u0131c\u0131 d\u00fc\u015f\u00fcnmeyi, g\u00f6rsel alg\u0131y\u0131, dil \u00f6\u011frenme ve say\u0131 sayma becerilerini geli\u015ftiren oyunlar\u0131 da bulunmaktad\u0131r. 2. Thinkfun zeka oyunlar\u0131 tek ki\u015fi bile olsan\u0131z rahatl\u0131kla oynanabilir. 3. Thinkfun oyunlar\u0131n\u0131n bir k\u0131sm\u0131 yer ve alan fark etmeksizin her yerde kolayl\u0131kla oynanabilir ve her yere ta\u015f\u0131nabilir. Clue Master yolculuklar\u0131n\u0131zda, i\u015f yerinizde veya okulunuzda elinizde bile oynayabilece\u011finiz bir oyun olacak. ThinkFun \u00f6d\u00fcll\u00fc oyunlar\u0131n\u0131n beyin geli\u015fimini te\u015fvik etmeye yard\u0131mc\u0131 oldu\u011fu kan\u0131tlanm\u0131\u015ft\u0131r.<\/p>\n","protected":false},"featured_media":29478,"comment_status":"open","ping_status":"closed","template":"","meta":[],"product_brand":[],"product_cat":[551,550,1055],"product_tag":[1245],"class_list":{"0":"post-29475","1":"product","2":"type-product","3":"status-publish","4":"has-post-thumbnail","6":"product_cat-erkek-oyuncaklari","7":"product_cat-kiz-oyuncaklari","8":"product_cat-kutu-oyunlari","9":"product_tag-ravensburger-clue-master","11":"first","12":"instock","13":"shipping-taxable","14":"purchasable","15":"product-type-simple"},"_links":{"self":[{"href":"https:\/\/toysplusshop.com\/index.php?rest_route=\/wp\/v2\/product\/29475","targetHints":{"allow":["GET"]}}],"collection":[{"href":"https:\/\/toysplusshop.com\/index.php?rest_route=\/wp\/v2\/product"}],"about":[{"href":"https:\/\/toysplusshop.com\/index.php?rest_route=\/wp\/v2\/types\/product"}],"replies":[{"embeddable":true,"href":"https:\/\/toysplusshop.com\/index.php?rest_route=%2Fwp%2Fv2%2Fcomments&post=29475"}],"version-history":[{"count":1,"href":"https:\/\/toysplusshop.com\/index.php?rest_route=\/wp\/v2\/product\/29475\/revisions"}],"predecessor-version":[{"id":29482,"href":"https:\/\/toysplusshop.com\/index.php?rest_route=\/wp\/v2\/product\/29475\/revisions\/29482"}],"wp:featuredmedia":[{"embeddable":true,"href":"https:\/\/toysplusshop.com\/index.php?rest_route=\/wp\/v2\/media\/29478"}],"wp:attachment":[{"href":"https:\/\/toysplusshop.com\/index.php?rest_route=%2Fwp%2Fv2%2Fmedia&parent=29475"}],"wp:term":[{"taxonomy":"product_brand","embeddable":true,"href":"https:\/\/toysplusshop.com\/index.php?rest_route=%2Fwp%2Fv2%2Fproduct_brand&post=29475"},{"taxonomy":"product_cat","embeddable":true,"href":"https:\/\/toysplusshop.com\/index.php?rest_route=%2Fwp%2Fv2%2Fproduct_cat&post=29475"},{"taxonomy":"product_tag","embeddable":true,"href":"https:\/\/toysplusshop.com\/index.php?rest_route=%2Fwp%2Fv2%2Fproduct_tag&post=29475"}],"curies":[{"name":"wp","href":"https:\/\/api.w.org\/{rel}","templated":true}]}}