{"id":29496,"date":"2024-03-25T14:28:30","date_gmt":"2024-03-25T14:28:30","guid":{"rendered":"https:\/\/toysplusshop.com\/?post_type=product&#038;p=29496"},"modified":"2025-09-17T13:18:29","modified_gmt":"2025-09-17T13:18:29","slug":"ravensburger-geveze-sincap","status":"publish","type":"product","link":"https:\/\/toysplusshop.com\/?product=ravensburger-geveze-sincap","title":{"rendered":"RAVENSBURGER GEVEZE S\u0130NCAP"},"content":{"rendered":"<p>Hey k\u00fct\u00fcklerimi kim ald\u0131?<\/p>\n<p>Ayn\u0131 anda dikkat, denge ve strateji gerektiren e\u011fitici ve e\u011flendirici bir oyunudur.<\/p>\n<p>\u00c7ocuklar nehrin \u00fczerindeki k\u00fct\u00fcklerden, yaramaz kunduz \u015fikayet etmeden farkl\u0131 renkte k\u00fct\u00fckler \u00e7\u0131karmaya \u00e7al\u0131\u015f\u0131rlar.<\/p>\n<p>En fazla k\u00fct\u00fc\u011f\u00fc toplayan oyunu kazan\u0131r.<\/p>\n<p>1 ve 4 ki\u015fiyle oynanan Ravensburger Geveze Sincap Oyunu ile arkada\u015flar\u0131n\u0131zla \u00e7ok e\u011flenceli zamanlar ge\u00e7ireceksiniz!<\/p>\n","protected":false},"excerpt":{"rendered":"<p>Hey k\u00fct\u00fcklerimi kim ald\u0131? Ayn\u0131 anda dikkat, denge ve strateji gerektiren e\u011fitici ve e\u011flendirici bir oyunudur. \u00c7ocuklar nehrin \u00fczerindeki k\u00fct\u00fcklerden, yaramaz kunduz \u015fikayet etmeden farkl\u0131 renkte k\u00fct\u00fckler \u00e7\u0131karmaya \u00e7al\u0131\u015f\u0131rlar. En fazla k\u00fct\u00fc\u011f\u00fc toplayan oyunu kazan\u0131r. 1 ve 4 ki\u015fiyle oynanan Ravensburger Geveze Sincap Oyunu ile arkada\u015flar\u0131n\u0131zla \u00e7ok e\u011flenceli zamanlar ge\u00e7ireceksiniz!<\/p>\n","protected":false},"featured_media":29497,"comment_status":"open","ping_status":"closed","template":"","meta":[],"product_brand":[],"product_cat":[551,550,1055],"product_tag":[1248],"class_list":{"0":"post-29496","1":"product","2":"type-product","3":"status-publish","4":"has-post-thumbnail","6":"product_cat-erkek-oyuncaklari","7":"product_cat-kiz-oyuncaklari","8":"product_cat-kutu-oyunlari","9":"product_tag-ravensburger-geveze-sincap","11":"first","12":"instock","13":"shipping-taxable","14":"purchasable","15":"product-type-simple"},"_links":{"self":[{"href":"https:\/\/toysplusshop.com\/index.php?rest_route=\/wp\/v2\/product\/29496","targetHints":{"allow":["GET"]}}],"collection":[{"href":"https:\/\/toysplusshop.com\/index.php?rest_route=\/wp\/v2\/product"}],"about":[{"href":"https:\/\/toysplusshop.com\/index.php?rest_route=\/wp\/v2\/types\/product"}],"replies":[{"embeddable":true,"href":"https:\/\/toysplusshop.com\/index.php?rest_route=%2Fwp%2Fv2%2Fcomments&post=29496"}],"version-history":[{"count":1,"href":"https:\/\/toysplusshop.com\/index.php?rest_route=\/wp\/v2\/product\/29496\/revisions"}],"predecessor-version":[{"id":29498,"href":"https:\/\/toysplusshop.com\/index.php?rest_route=\/wp\/v2\/product\/29496\/revisions\/29498"}],"wp:featuredmedia":[{"embeddable":true,"href":"https:\/\/toysplusshop.com\/index.php?rest_route=\/wp\/v2\/media\/29497"}],"wp:attachment":[{"href":"https:\/\/toysplusshop.com\/index.php?rest_route=%2Fwp%2Fv2%2Fmedia&parent=29496"}],"wp:term":[{"taxonomy":"product_brand","embeddable":true,"href":"https:\/\/toysplusshop.com\/index.php?rest_route=%2Fwp%2Fv2%2Fproduct_brand&post=29496"},{"taxonomy":"product_cat","embeddable":true,"href":"https:\/\/toysplusshop.com\/index.php?rest_route=%2Fwp%2Fv2%2Fproduct_cat&post=29496"},{"taxonomy":"product_tag","embeddable":true,"href":"https:\/\/toysplusshop.com\/index.php?rest_route=%2Fwp%2Fv2%2Fproduct_tag&post=29496"}],"curies":[{"name":"wp","href":"https:\/\/api.w.org\/{rel}","templated":true}]}}