{"id":29499,"date":"2024-03-25T14:49:43","date_gmt":"2024-03-25T14:49:43","guid":{"rendered":"https:\/\/toysplusshop.com\/?post_type=product&#038;p=29499"},"modified":"2025-01-10T14:41:29","modified_gmt":"2025-01-10T14:41:29","slug":"ravensburger-lazer-maze","status":"publish","type":"product","link":"https:\/\/toysplusshop.com\/?product=ravensburger-lazer-maze","title":{"rendered":"RAVENSBURGER LAZER MAZE"},"content":{"rendered":"<p>I\u015f\u0131klar ve aynalar bu oyunu bir sihirmi\u015f gibi hissettirebilir, ancak bu kesinlikle bilimdir<\/p>\n<p><span style=\"letter-spacing: 0px\">Bu zihin zorlay\u0131c\u0131 labirent serilerinin i\u00e7inden lazer \u0131\u015f\u0131n\u0131n\u0131 ge\u00e7irmek i\u00e7in uygun dozda beyin g\u00fcc\u00fc gereklidir.<\/span><\/p>\n<p>Tatmin edici bir zihinsel etkinli\u011fe haz\u0131rlan\u0131n \u00e7\u00fcnk\u00fc stratejik d\u00fc\u015f\u00fcnme kaslar\u0131n\u0131z\u0131 esnetirken hem hedefi hem de zihninizi ate\u015fleyeceksiniz<\/p>\n","protected":false},"excerpt":{"rendered":"<p>I\u015f\u0131klar ve aynalar bu oyunu bir sihirmi\u015f gibi hissettirebilir, ancak bu kesinlikle bilimdir Bu zihin zorlay\u0131c\u0131 labirent serilerinin i\u00e7inden lazer \u0131\u015f\u0131n\u0131n\u0131 ge\u00e7irmek i\u00e7in uygun dozda beyin g\u00fcc\u00fc gereklidir. Tatmin edici bir zihinsel etkinli\u011fe haz\u0131rlan\u0131n \u00e7\u00fcnk\u00fc stratejik d\u00fc\u015f\u00fcnme kaslar\u0131n\u0131z\u0131 esnetirken hem hedefi hem de zihninizi ate\u015fleyeceksiniz<\/p>\n","protected":false},"featured_media":29502,"comment_status":"open","ping_status":"closed","template":"","meta":[],"product_brand":[],"product_cat":[551,550,1055],"product_tag":[1249],"class_list":{"0":"post-29499","1":"product","2":"type-product","3":"status-publish","4":"has-post-thumbnail","6":"product_cat-erkek-oyuncaklari","7":"product_cat-kiz-oyuncaklari","8":"product_cat-kutu-oyunlari","9":"product_tag-ravensburger-lazer-maze","11":"first","12":"instock","13":"shipping-taxable","14":"purchasable","15":"product-type-simple"},"_links":{"self":[{"href":"https:\/\/toysplusshop.com\/index.php?rest_route=\/wp\/v2\/product\/29499","targetHints":{"allow":["GET"]}}],"collection":[{"href":"https:\/\/toysplusshop.com\/index.php?rest_route=\/wp\/v2\/product"}],"about":[{"href":"https:\/\/toysplusshop.com\/index.php?rest_route=\/wp\/v2\/types\/product"}],"replies":[{"embeddable":true,"href":"https:\/\/toysplusshop.com\/index.php?rest_route=%2Fwp%2Fv2%2Fcomments&post=29499"}],"version-history":[{"count":1,"href":"https:\/\/toysplusshop.com\/index.php?rest_route=\/wp\/v2\/product\/29499\/revisions"}],"predecessor-version":[{"id":29508,"href":"https:\/\/toysplusshop.com\/index.php?rest_route=\/wp\/v2\/product\/29499\/revisions\/29508"}],"wp:featuredmedia":[{"embeddable":true,"href":"https:\/\/toysplusshop.com\/index.php?rest_route=\/wp\/v2\/media\/29502"}],"wp:attachment":[{"href":"https:\/\/toysplusshop.com\/index.php?rest_route=%2Fwp%2Fv2%2Fmedia&parent=29499"}],"wp:term":[{"taxonomy":"product_brand","embeddable":true,"href":"https:\/\/toysplusshop.com\/index.php?rest_route=%2Fwp%2Fv2%2Fproduct_brand&post=29499"},{"taxonomy":"product_cat","embeddable":true,"href":"https:\/\/toysplusshop.com\/index.php?rest_route=%2Fwp%2Fv2%2Fproduct_cat&post=29499"},{"taxonomy":"product_tag","embeddable":true,"href":"https:\/\/toysplusshop.com\/index.php?rest_route=%2Fwp%2Fv2%2Fproduct_tag&post=29499"}],"curies":[{"name":"wp","href":"https:\/\/api.w.org\/{rel}","templated":true}]}}