{"id":29513,"date":"2024-03-25T15:00:20","date_gmt":"2024-03-25T15:00:20","guid":{"rendered":"https:\/\/toysplusshop.com\/?post_type=product&#038;p=29513"},"modified":"2025-09-17T13:18:29","modified_gmt":"2025-09-17T13:18:29","slug":"ravensburger-make-n-break-junior","status":"publish","type":"product","link":"https:\/\/toysplusshop.com\/?product=ravensburger-make-n-break-junior","title":{"rendered":"RAVENSBURGER MAKE N BREAK JUNIOR"},"content":{"rendered":"<p>Make&#8217;N&#8217;Break ailesinin en yeni \u00fcyesi\u2026 D\u00fcnyan\u0131n en pop\u00fcler aile kutu oyunlar\u0131ndan \u201cMake \u2018N\u2019 Break\u201d ve \u201cMake \u2018N\u2019 Break Extreme\u201d temel al\u0131narak yap\u0131lan Make &#8216;N&#8217; Break&#8217;in \u00e7ocuk versiyonu, miniklerinizin i\u00e7indeki Yap\u0131 Ustalar\u0131n\u0131 ortaya \u00e7\u0131karmaya geliyor.<\/p>\n<p>Make&#8217;n Break Junior ile arkada\u015flar\u0131n\u0131z ve ailenizle birlikte e\u011flenceli dakikalar ge\u00e7irin!<\/p>\n<p>D\u00fcnyan\u0131n en pop\u00fcler aile kutu oyunlar\u0131ndan Make&#8217;n Break ve Make&#8217;n Break Extreme temel al\u0131narak yap\u0131lan Make&#8217;n Break&#8217;in \u00e7ocuk versiyonu, miniklerinizin i\u00e7indeki \u2018Yap\u0131 Ustalar\u0131n\u0131\u2019 ortaya \u00e7\u0131karmaya geliyor!<\/p>\n<p>Make&#8217;n Break Junior Nas\u0131l Oynan\u0131r?<\/p>\n<p>Her oyuncu ayn\u0131 anda kendine ait bloklarla g\u00f6rev kart\u0131ndaki yap\u0131y\u0131 h\u0131zl\u0131 ve do\u011fru \u015fekilde in\u015fa etmeye \u00e7al\u0131\u015f\u0131r.<\/p>\n<p>Oyun sonunda en fazla puan ta\u015f\u0131 olan kazan\u0131r.<\/p>\n<p>Kutu i\u00e7erisinde; 5 farkl\u0131 renkte 27 adet yap\u0131 blo\u011fu, 50 adet g\u00f6rev kart\u0131, 48 puan ta\u015f\u0131, 1 kart tutucu ve kullan\u0131m k\u0131lavuzu yer almaktad\u0131r.<\/p>\n<p>Oyun k\u0131lavuzunda 2 ki\u015fi i\u00e7in ve gen\u00e7-yeti\u015fkin i\u00e7in farkl\u0131 oynama \u015fekilleri de bulunmaktad\u0131r.<\/p>\n<p>Oyuncu say\u0131s\u0131: 2-5<\/p>\n","protected":false},"excerpt":{"rendered":"<p>Make&#8217;N&#8217;Break ailesinin en yeni \u00fcyesi\u2026 D\u00fcnyan\u0131n en pop\u00fcler aile kutu oyunlar\u0131ndan \u201cMake \u2018N\u2019 Break\u201d ve \u201cMake \u2018N\u2019 Break Extreme\u201d temel al\u0131narak yap\u0131lan Make &#8216;N&#8217; Break&#8217;in \u00e7ocuk versiyonu, miniklerinizin i\u00e7indeki Yap\u0131 Ustalar\u0131n\u0131 ortaya \u00e7\u0131karmaya geliyor. Make&#8217;n Break Junior ile arkada\u015flar\u0131n\u0131z ve ailenizle birlikte e\u011flenceli dakikalar ge\u00e7irin! D\u00fcnyan\u0131n en pop\u00fcler aile kutu oyunlar\u0131ndan Make&#8217;n Break ve Make&#8217;n Break Extreme temel al\u0131narak yap\u0131lan Make&#8217;n Break&#8217;in \u00e7ocuk versiyonu, miniklerinizin i\u00e7indeki \u2018Yap\u0131 Ustalar\u0131n\u0131\u2019 ortaya \u00e7\u0131karmaya geliyor! Make&#8217;n Break Junior Nas\u0131l Oynan\u0131r? Her oyuncu ayn\u0131 anda kendine ait bloklarla g\u00f6rev kart\u0131ndaki yap\u0131y\u0131 h\u0131zl\u0131 ve do\u011fru \u015fekilde in\u015fa etmeye \u00e7al\u0131\u015f\u0131r. Oyun sonunda en fazla puan ta\u015f\u0131 olan kazan\u0131r. Kutu i\u00e7erisinde; 5 farkl\u0131 renkte 27 adet yap\u0131 blo\u011fu, 50 adet g\u00f6rev kart\u0131, 48 puan ta\u015f\u0131, 1 kart tutucu ve kullan\u0131m k\u0131lavuzu yer almaktad\u0131r. Oyun k\u0131lavuzunda 2 ki\u015fi i\u00e7in ve gen\u00e7-yeti\u015fkin i\u00e7in farkl\u0131 oynama \u015fekilleri de bulunmaktad\u0131r. Oyuncu say\u0131s\u0131: 2-5<\/p>\n","protected":false},"featured_media":29514,"comment_status":"open","ping_status":"closed","template":"","meta":[],"product_brand":[],"product_cat":[551,550,1055],"product_tag":[1251],"class_list":{"0":"post-29513","1":"product","2":"type-product","3":"status-publish","4":"has-post-thumbnail","6":"product_cat-erkek-oyuncaklari","7":"product_cat-kiz-oyuncaklari","8":"product_cat-kutu-oyunlari","9":"product_tag-ravensburger-make-n-break-junior","11":"first","12":"instock","13":"shipping-taxable","14":"purchasable","15":"product-type-simple"},"_links":{"self":[{"href":"https:\/\/toysplusshop.com\/index.php?rest_route=\/wp\/v2\/product\/29513","targetHints":{"allow":["GET"]}}],"collection":[{"href":"https:\/\/toysplusshop.com\/index.php?rest_route=\/wp\/v2\/product"}],"about":[{"href":"https:\/\/toysplusshop.com\/index.php?rest_route=\/wp\/v2\/types\/product"}],"replies":[{"embeddable":true,"href":"https:\/\/toysplusshop.com\/index.php?rest_route=%2Fwp%2Fv2%2Fcomments&post=29513"}],"version-history":[{"count":1,"href":"https:\/\/toysplusshop.com\/index.php?rest_route=\/wp\/v2\/product\/29513\/revisions"}],"predecessor-version":[{"id":29517,"href":"https:\/\/toysplusshop.com\/index.php?rest_route=\/wp\/v2\/product\/29513\/revisions\/29517"}],"wp:featuredmedia":[{"embeddable":true,"href":"https:\/\/toysplusshop.com\/index.php?rest_route=\/wp\/v2\/media\/29514"}],"wp:attachment":[{"href":"https:\/\/toysplusshop.com\/index.php?rest_route=%2Fwp%2Fv2%2Fmedia&parent=29513"}],"wp:term":[{"taxonomy":"product_brand","embeddable":true,"href":"https:\/\/toysplusshop.com\/index.php?rest_route=%2Fwp%2Fv2%2Fproduct_brand&post=29513"},{"taxonomy":"product_cat","embeddable":true,"href":"https:\/\/toysplusshop.com\/index.php?rest_route=%2Fwp%2Fv2%2Fproduct_cat&post=29513"},{"taxonomy":"product_tag","embeddable":true,"href":"https:\/\/toysplusshop.com\/index.php?rest_route=%2Fwp%2Fv2%2Fproduct_tag&post=29513"}],"curies":[{"name":"wp","href":"https:\/\/api.w.org\/{rel}","templated":true}]}}