{"id":29528,"date":"2024-03-25T15:19:04","date_gmt":"2024-03-25T15:19:04","guid":{"rendered":"https:\/\/toysplusshop.com\/?post_type=product&#038;p=29528"},"modified":"2025-09-17T13:18:29","modified_gmt":"2025-09-17T13:18:29","slug":"ravensburger-neseli-ahtapot","status":"publish","type":"product","link":"https:\/\/toysplusshop.com\/?product=ravensburger-neseli-ahtapot","title":{"rendered":"RAVENSBURGER NE\u015eEL\u0130 AHTAPOT"},"content":{"rendered":"<p>Ne\u015feli Ahtapot, ha ha ha, ne kadar da ne\u015feli!<\/p>\n<p>Yenge\u00e7ler, okyanustaki en yak\u0131n arkada\u015flar\u0131 Ne\u015feli\u2019yi bulmu\u015flar. Ne\u015feli ile oynamak \u00e7ok e\u011flenceli ama onu g\u0131d\u0131klamamaya dikkat etmek gerekiyor!<\/p>\n<p>Oyunun amac\u0131, Ne\u015feli&#8217;nin alt\u0131ndaki kayadan yenge\u00e7leri toplamaya \u00e7al\u0131\u015fmakt\u0131r.<\/p>\n<p>Oyunun temel kural\u0131 dikkatli olmak. Dikkat ve yetenek ile daha \u00e7ok yenge\u00e7 yakalayabilirsin. Yenge\u00e7leri toplarken Ne\u015feli\u2019nin kollar\u0131na dokunmamaya dikkat etmelisin.<\/p>\n<p>Oyuncu Say\u0131s\u0131: 2-5<\/p>\n<p>4 ya\u015f ve \u00fczeri \u00e7ocuklar\u0131n kullan\u0131ma uygundur.<\/p>\n<p>Kutu \u0130\u00e7erisinde; 1 adet oyun konsolu ( 8 kol ve 1 ba\u015f), 4 farkl\u0131 renkte toplam 20 adet yenge\u00e7 ve 1 adet ma\u015fa bulunmaktad\u0131r.<\/p>\n","protected":false},"excerpt":{"rendered":"<p>Ne\u015feli Ahtapot, ha ha ha, ne kadar da ne\u015feli! Yenge\u00e7ler, okyanustaki en yak\u0131n arkada\u015flar\u0131 Ne\u015feli\u2019yi bulmu\u015flar. Ne\u015feli ile oynamak \u00e7ok e\u011flenceli ama onu g\u0131d\u0131klamamaya dikkat etmek gerekiyor! Oyunun amac\u0131, Ne\u015feli&#8217;nin alt\u0131ndaki kayadan yenge\u00e7leri toplamaya \u00e7al\u0131\u015fmakt\u0131r. Oyunun temel kural\u0131 dikkatli olmak. Dikkat ve yetenek ile daha \u00e7ok yenge\u00e7 yakalayabilirsin. Yenge\u00e7leri toplarken Ne\u015feli\u2019nin kollar\u0131na dokunmamaya dikkat etmelisin. Oyuncu Say\u0131s\u0131: 2-5 4 ya\u015f ve \u00fczeri \u00e7ocuklar\u0131n kullan\u0131ma uygundur. Kutu \u0130\u00e7erisinde; 1 adet oyun konsolu ( 8 kol ve 1 ba\u015f), 4 farkl\u0131 renkte toplam 20 adet yenge\u00e7 ve 1 adet ma\u015fa bulunmaktad\u0131r.<\/p>\n","protected":false},"featured_media":29529,"comment_status":"open","ping_status":"closed","template":"","meta":[],"product_brand":[],"product_cat":[551,550,1055],"product_tag":[1254],"class_list":{"0":"post-29528","1":"product","2":"type-product","3":"status-publish","4":"has-post-thumbnail","6":"product_cat-erkek-oyuncaklari","7":"product_cat-kiz-oyuncaklari","8":"product_cat-kutu-oyunlari","9":"product_tag-ravensburger-neseli-ahtapot","11":"first","12":"instock","13":"shipping-taxable","14":"purchasable","15":"product-type-simple"},"_links":{"self":[{"href":"https:\/\/toysplusshop.com\/index.php?rest_route=\/wp\/v2\/product\/29528","targetHints":{"allow":["GET"]}}],"collection":[{"href":"https:\/\/toysplusshop.com\/index.php?rest_route=\/wp\/v2\/product"}],"about":[{"href":"https:\/\/toysplusshop.com\/index.php?rest_route=\/wp\/v2\/types\/product"}],"replies":[{"embeddable":true,"href":"https:\/\/toysplusshop.com\/index.php?rest_route=%2Fwp%2Fv2%2Fcomments&post=29528"}],"version-history":[{"count":1,"href":"https:\/\/toysplusshop.com\/index.php?rest_route=\/wp\/v2\/product\/29528\/revisions"}],"predecessor-version":[{"id":29534,"href":"https:\/\/toysplusshop.com\/index.php?rest_route=\/wp\/v2\/product\/29528\/revisions\/29534"}],"wp:featuredmedia":[{"embeddable":true,"href":"https:\/\/toysplusshop.com\/index.php?rest_route=\/wp\/v2\/media\/29529"}],"wp:attachment":[{"href":"https:\/\/toysplusshop.com\/index.php?rest_route=%2Fwp%2Fv2%2Fmedia&parent=29528"}],"wp:term":[{"taxonomy":"product_brand","embeddable":true,"href":"https:\/\/toysplusshop.com\/index.php?rest_route=%2Fwp%2Fv2%2Fproduct_brand&post=29528"},{"taxonomy":"product_cat","embeddable":true,"href":"https:\/\/toysplusshop.com\/index.php?rest_route=%2Fwp%2Fv2%2Fproduct_cat&post=29528"},{"taxonomy":"product_tag","embeddable":true,"href":"https:\/\/toysplusshop.com\/index.php?rest_route=%2Fwp%2Fv2%2Fproduct_tag&post=29528"}],"curies":[{"name":"wp","href":"https:\/\/api.w.org\/{rel}","templated":true}]}}