{"id":29594,"date":"2024-03-26T08:44:31","date_gmt":"2024-03-26T08:44:31","guid":{"rendered":"https:\/\/toysplusshop.com\/?post_type=product&#038;p=29594"},"modified":"2026-04-08T11:52:13","modified_gmt":"2026-04-08T11:52:13","slug":"sylvanian-families-4150-cikolata-kulakli-tavsan-ailesi","status":"publish","type":"product","link":"https:\/\/toysplusshop.com\/?product=sylvanian-families-4150-cikolata-kulakli-tavsan-ailesi","title":{"rendered":"SYLVANIAN FAMILIES 4150 \u00c7\u0130KOLATA KULAKLI TAV\u015eAN A\u0130LES\u0130"},"content":{"rendered":"<p>Do\u011fa i\u00e7erisinde keyifli vakit ge\u00e7iren t\u00fcm aile \u00fcyeleri Sylvanian Kasabas\u0131nda ya\u015f\u0131yor.<\/p>\n<p>\u00c7ocuklar\u0131 i\u00e7in ev dekore etme mobilya biriktirme k\u0131yafet \u00e7e\u015fitlili\u011fi ve yeme i\u00e7me \u00e7e\u015fitlili\u011fi bulunan bu sevimli \u00fcr\u00fcnler sizleri bekliyor<\/p>\n<p>\u00c7ocuklara sosyal becerilerini kazand\u0131rmak i\u00e7in yard\u0131m etmeyi ama\u00e7layan Sylvanian Families onlar\u0131n hayal g\u00fc\u00e7lerini ke\u015ffedebilmeleri ve payla\u015fmay\u0131 \u00f6\u011frenebilmeleri i\u00e7in do\u011fa aile ve sevgi olmak \u00fczere \u00fc\u00e7 kavram\u0131 temel alm\u0131\u015ft\u0131r<\/p>\n<p>Set tav\u015fan anne, baba, k\u0131z ve erkek \u00e7ocuklardan olu\u015fmaktad\u0131r.<\/p>\n","protected":false},"excerpt":{"rendered":"<p>Do\u011fa i\u00e7erisinde keyifli vakit ge\u00e7iren t\u00fcm aile \u00fcyeleri Sylvanian Kasabas\u0131nda ya\u015f\u0131yor. \u00c7ocuklar\u0131 i\u00e7in ev dekore etme mobilya biriktirme k\u0131yafet \u00e7e\u015fitlili\u011fi ve yeme i\u00e7me \u00e7e\u015fitlili\u011fi bulunan bu sevimli \u00fcr\u00fcnler sizleri bekliyor \u00c7ocuklara sosyal becerilerini kazand\u0131rmak i\u00e7in yard\u0131m etmeyi ama\u00e7layan Sylvanian Families onlar\u0131n hayal g\u00fc\u00e7lerini ke\u015ffedebilmeleri ve payla\u015fmay\u0131 \u00f6\u011frenebilmeleri i\u00e7in do\u011fa aile ve sevgi olmak \u00fczere \u00fc\u00e7 kavram\u0131 temel alm\u0131\u015ft\u0131r Set tav\u015fan anne, baba, k\u0131z ve erkek \u00e7ocuklardan olu\u015fmaktad\u0131r.<\/p>\n","protected":false},"featured_media":29595,"comment_status":"open","ping_status":"closed","template":"","meta":[],"product_brand":[],"product_cat":[550,3656],"product_tag":[1266,1265],"class_list":{"0":"post-29594","1":"product","2":"type-product","3":"status-publish","4":"has-post-thumbnail","6":"product_cat-kiz-oyuncaklari","7":"product_cat-sylvanian-families","8":"product_tag-cikolata-kulakli-tavsan-ailesi","9":"product_tag-sylvanian-families-4150","11":"first","12":"instock","13":"shipping-taxable","14":"purchasable","15":"product-type-simple"},"_links":{"self":[{"href":"https:\/\/toysplusshop.com\/index.php?rest_route=\/wp\/v2\/product\/29594","targetHints":{"allow":["GET"]}}],"collection":[{"href":"https:\/\/toysplusshop.com\/index.php?rest_route=\/wp\/v2\/product"}],"about":[{"href":"https:\/\/toysplusshop.com\/index.php?rest_route=\/wp\/v2\/types\/product"}],"replies":[{"embeddable":true,"href":"https:\/\/toysplusshop.com\/index.php?rest_route=%2Fwp%2Fv2%2Fcomments&post=29594"}],"version-history":[{"count":1,"href":"https:\/\/toysplusshop.com\/index.php?rest_route=\/wp\/v2\/product\/29594\/revisions"}],"predecessor-version":[{"id":29597,"href":"https:\/\/toysplusshop.com\/index.php?rest_route=\/wp\/v2\/product\/29594\/revisions\/29597"}],"wp:featuredmedia":[{"embeddable":true,"href":"https:\/\/toysplusshop.com\/index.php?rest_route=\/wp\/v2\/media\/29595"}],"wp:attachment":[{"href":"https:\/\/toysplusshop.com\/index.php?rest_route=%2Fwp%2Fv2%2Fmedia&parent=29594"}],"wp:term":[{"taxonomy":"product_brand","embeddable":true,"href":"https:\/\/toysplusshop.com\/index.php?rest_route=%2Fwp%2Fv2%2Fproduct_brand&post=29594"},{"taxonomy":"product_cat","embeddable":true,"href":"https:\/\/toysplusshop.com\/index.php?rest_route=%2Fwp%2Fv2%2Fproduct_cat&post=29594"},{"taxonomy":"product_tag","embeddable":true,"href":"https:\/\/toysplusshop.com\/index.php?rest_route=%2Fwp%2Fv2%2Fproduct_tag&post=29594"}],"curies":[{"name":"wp","href":"https:\/\/api.w.org\/{rel}","templated":true}]}}