{"id":29760,"date":"2024-03-26T12:00:30","date_gmt":"2024-03-26T12:00:30","guid":{"rendered":"https:\/\/toysplusshop.com\/?post_type=product&#038;p=29760"},"modified":"2026-02-16T12:41:08","modified_gmt":"2026-02-16T12:41:08","slug":"sylvanian-families-5259-toy-poodle-ailesi","status":"publish","type":"product","link":"https:\/\/toysplusshop.com\/?product=sylvanian-families-5259-toy-poodle-ailesi","title":{"rendered":"SYLVANIAN FAMILIES 5259 TOY POODLE A\u0130LES\u0130"},"content":{"rendered":"<p>Toy Poodle Ailesi ile tan\u0131\u015f\u0131n.<\/p>\n<p>Baba Frank, Anne Veronica, O\u011flan \u00c7ocuk Eric ve K\u0131z \u00c7ocuk Melinda Cakebread.<\/p>\n<p>Baba Frank \u00e7ok kibar ve sporda iyidir. \u00c7al\u0131\u015fmad\u0131\u011f\u0131 g\u00fcnlerde, futbol oynar ya da kasabadaki \u00e7ocuklarla yakalamaca oynar.<\/p>\n<p>Anne Veronica, Sylvanian Kasabas\u0131\u2019n\u0131n pastanesinin sahibidir. K\u00f6ydeki herkes m\u00fccevhere benzeyen g\u00fczel s\u00fcslemeleri olan keklerini sever.<\/p>\n<p>Eric, arkada\u015flar\u0131na derslerinde yard\u0131mc\u0131 olmakta iyi olan \u00e7ok zeki bir \u00f6\u011frencidir. Arkada\u015flar\u0131na her zaman anlayamad\u0131klar\u0131 konular\u0131 a\u00e7\u0131klar.<\/p>\n<p>Melinda utanga\u00e7t\u0131r. Annesinden kek yapmay\u0131 \u00f6\u011frenir, b\u00f6ylece yapt\u0131\u011f\u0131 keklerle \u00e7ay partisi d\u00fczenleyebilir.<\/p>\n","protected":false},"excerpt":{"rendered":"<p>Toy Poodle Ailesi ile tan\u0131\u015f\u0131n. Baba Frank, Anne Veronica, O\u011flan \u00c7ocuk Eric ve K\u0131z \u00c7ocuk Melinda Cakebread. Baba Frank \u00e7ok kibar ve sporda iyidir. \u00c7al\u0131\u015fmad\u0131\u011f\u0131 g\u00fcnlerde, futbol oynar ya da kasabadaki \u00e7ocuklarla yakalamaca oynar. Anne Veronica, Sylvanian Kasabas\u0131\u2019n\u0131n pastanesinin sahibidir. K\u00f6ydeki herkes m\u00fccevhere benzeyen g\u00fczel s\u00fcslemeleri olan keklerini sever. Eric, arkada\u015flar\u0131na derslerinde yard\u0131mc\u0131 olmakta iyi olan \u00e7ok zeki bir \u00f6\u011frencidir. Arkada\u015flar\u0131na her zaman anlayamad\u0131klar\u0131 konular\u0131 a\u00e7\u0131klar. Melinda utanga\u00e7t\u0131r. Annesinden kek yapmay\u0131 \u00f6\u011frenir, b\u00f6ylece yapt\u0131\u011f\u0131 keklerle \u00e7ay partisi d\u00fczenleyebilir.<\/p>\n","protected":false},"featured_media":29761,"comment_status":"open","ping_status":"closed","template":"","meta":[],"product_brand":[],"product_cat":[550,3656],"product_tag":[1299],"class_list":{"0":"post-29760","1":"product","2":"type-product","3":"status-publish","4":"has-post-thumbnail","6":"product_cat-kiz-oyuncaklari","7":"product_cat-sylvanian-families","8":"product_tag-sylvanian-families-5259-toy-poodle-ailesi","10":"first","11":"instock","12":"shipping-taxable","13":"purchasable","14":"product-type-simple"},"_links":{"self":[{"href":"https:\/\/toysplusshop.com\/index.php?rest_route=\/wp\/v2\/product\/29760","targetHints":{"allow":["GET"]}}],"collection":[{"href":"https:\/\/toysplusshop.com\/index.php?rest_route=\/wp\/v2\/product"}],"about":[{"href":"https:\/\/toysplusshop.com\/index.php?rest_route=\/wp\/v2\/types\/product"}],"replies":[{"embeddable":true,"href":"https:\/\/toysplusshop.com\/index.php?rest_route=%2Fwp%2Fv2%2Fcomments&post=29760"}],"version-history":[{"count":1,"href":"https:\/\/toysplusshop.com\/index.php?rest_route=\/wp\/v2\/product\/29760\/revisions"}],"predecessor-version":[{"id":29763,"href":"https:\/\/toysplusshop.com\/index.php?rest_route=\/wp\/v2\/product\/29760\/revisions\/29763"}],"wp:featuredmedia":[{"embeddable":true,"href":"https:\/\/toysplusshop.com\/index.php?rest_route=\/wp\/v2\/media\/29761"}],"wp:attachment":[{"href":"https:\/\/toysplusshop.com\/index.php?rest_route=%2Fwp%2Fv2%2Fmedia&parent=29760"}],"wp:term":[{"taxonomy":"product_brand","embeddable":true,"href":"https:\/\/toysplusshop.com\/index.php?rest_route=%2Fwp%2Fv2%2Fproduct_brand&post=29760"},{"taxonomy":"product_cat","embeddable":true,"href":"https:\/\/toysplusshop.com\/index.php?rest_route=%2Fwp%2Fv2%2Fproduct_cat&post=29760"},{"taxonomy":"product_tag","embeddable":true,"href":"https:\/\/toysplusshop.com\/index.php?rest_route=%2Fwp%2Fv2%2Fproduct_tag&post=29760"}],"curies":[{"name":"wp","href":"https:\/\/api.w.org\/{rel}","templated":true}]}}