{"id":29816,"date":"2024-03-26T12:54:21","date_gmt":"2024-03-26T12:54:21","guid":{"rendered":"https:\/\/toysplusshop.com\/?post_type=product&#038;p=29816"},"modified":"2026-01-14T08:28:43","modified_gmt":"2026-01-14T08:28:43","slug":"sylvanian-families-5045-karavan","status":"publish","type":"product","link":"https:\/\/toysplusshop.com\/?product=sylvanian-families-5045-karavan","title":{"rendered":"SYLVANIAN FAMILIES 5045 KARAVAN"},"content":{"rendered":"<p><span style=\"font-weight: 400\">Bu birle\u015ftirilebilir karavan ile seyahatlerin tad\u0131 bir ba\u015fka!<\/span><\/p>\n<p style=\"font-weight: 400\">Karavan i\u00e7erisinde mutfak, yatma yerleri, banyo ve oturma b\u00f6l\u00fcm\u00fc bulunmaktad\u0131r. Ayn\u0131 zamanda aksesuarlar\u0131n\u0131 i\u00e7ermektedir.<\/p>\n","protected":false},"excerpt":{"rendered":"<p>Bu birle\u015ftirilebilir karavan ile seyahatlerin tad\u0131 bir ba\u015fka! Karavan i\u00e7erisinde mutfak, yatma yerleri, banyo ve oturma b\u00f6l\u00fcm\u00fc bulunmaktad\u0131r. Ayn\u0131 zamanda aksesuarlar\u0131n\u0131 i\u00e7ermektedir.<\/p>\n","protected":false},"featured_media":29817,"comment_status":"open","ping_status":"closed","template":"","meta":[],"product_brand":[],"product_cat":[550,3656],"product_tag":[1310],"class_list":{"0":"post-29816","1":"product","2":"type-product","3":"status-publish","4":"has-post-thumbnail","6":"product_cat-kiz-oyuncaklari","7":"product_cat-sylvanian-families","8":"product_tag-sylvanian-families-5045-karavan","10":"first","11":"instock","12":"shipping-taxable","13":"purchasable","14":"product-type-simple"},"_links":{"self":[{"href":"https:\/\/toysplusshop.com\/index.php?rest_route=\/wp\/v2\/product\/29816","targetHints":{"allow":["GET"]}}],"collection":[{"href":"https:\/\/toysplusshop.com\/index.php?rest_route=\/wp\/v2\/product"}],"about":[{"href":"https:\/\/toysplusshop.com\/index.php?rest_route=\/wp\/v2\/types\/product"}],"replies":[{"embeddable":true,"href":"https:\/\/toysplusshop.com\/index.php?rest_route=%2Fwp%2Fv2%2Fcomments&post=29816"}],"version-history":[{"count":1,"href":"https:\/\/toysplusshop.com\/index.php?rest_route=\/wp\/v2\/product\/29816\/revisions"}],"predecessor-version":[{"id":29820,"href":"https:\/\/toysplusshop.com\/index.php?rest_route=\/wp\/v2\/product\/29816\/revisions\/29820"}],"wp:featuredmedia":[{"embeddable":true,"href":"https:\/\/toysplusshop.com\/index.php?rest_route=\/wp\/v2\/media\/29817"}],"wp:attachment":[{"href":"https:\/\/toysplusshop.com\/index.php?rest_route=%2Fwp%2Fv2%2Fmedia&parent=29816"}],"wp:term":[{"taxonomy":"product_brand","embeddable":true,"href":"https:\/\/toysplusshop.com\/index.php?rest_route=%2Fwp%2Fv2%2Fproduct_brand&post=29816"},{"taxonomy":"product_cat","embeddable":true,"href":"https:\/\/toysplusshop.com\/index.php?rest_route=%2Fwp%2Fv2%2Fproduct_cat&post=29816"},{"taxonomy":"product_tag","embeddable":true,"href":"https:\/\/toysplusshop.com\/index.php?rest_route=%2Fwp%2Fv2%2Fproduct_tag&post=29816"}],"curies":[{"name":"wp","href":"https:\/\/api.w.org\/{rel}","templated":true}]}}