{"id":30587,"date":"2024-04-06T12:43:59","date_gmt":"2024-04-06T12:43:59","guid":{"rendered":"https:\/\/toysplusshop.com\/?post_type=product&#038;p=30587"},"modified":"2025-01-10T14:22:12","modified_gmt":"2025-01-10T14:22:12","slug":"lego-10794-marvel-spidey-takimi-ag-orucu-karargahi","status":"publish","type":"product","link":"https:\/\/toysplusshop.com\/?product=lego-10794-marvel-spidey-takimi-ag-orucu-karargahi","title":{"rendered":"LEGO 10794 MARVEL SP\u0130DEY TAKIMI A\u011e \u00d6R\u00dcC\u00dc KARARGAHI"},"content":{"rendered":"<p>Disney+ Spidey ve \u0130nan\u0131lmaz Arkada\u015flar\u0131 dizisinin hayranlar\u0131, bu yap\u0131m oyunca\u011f\u0131ndaki karakterleri tan\u0131yacak ve sevecektir. LEGO\u00ae 4+ Spidey Tak\u0131m\u0131 A\u011f \u00d6r\u00fcc\u00fc Karargah\u0131 (10794) seti, 4 ya\u015f ve \u00fczeri erkek ve k\u0131z \u00e7ocuklar\u0131n kabiliyetlerine ve ilgi alanlar\u0131na g\u00f6re \u00f6zel olarak tasarlanm\u0131\u015ft\u0131r. Bu LEGO Marvel aksiyon kahraman\u0131 setinde Spidey, Iron Man, Miles \u201cSpin\u201d Morales, Ghost-Spider ve Zola minifig\u00fcrleri bulunur. Zola i\u00e7in bacaklar\u0131 ve pen\u00e7eleri hareketli, bir minifig\u00fcr\u00fc tutabilen b\u00fcy\u00fck bir robot ve d\u00f6nen pervanesi, a\u00e7\u0131labilen kokpiti ve b\u00fcy\u00fck, pembe bir a\u011f\u0131 olan bir plan\u00f6r var. Ana binan\u0131n i\u00e7indekiler, s\u00fcper kahramanlar\u0131n bilim, m\u00fczik ve resme olan ilgilerini yans\u0131tarak \u00e7ocuklar\u0131 rol yapma faaliyetlerine te\u015fvik eder. 4+ yap\u0131m oyuncaklar\u0131, yeti\u015fkinlerin e\u011flenceyi \u00e7ocuklarla payla\u015fmas\u0131n\u0131n m\u00fckemmel bir yoludur. B\u00fcy\u00fck bir Ba\u015flang\u0131\u00e7 Yap\u0131m Par\u00e7as\u0131 ve renkli resimli, hikayeli bir rehber \u015feklinde sezgisel talimatlar, model yap\u0131m\u0131n\u0131 ba\u015flatmaya yard\u0131mc\u0131 olur.;<\/p>\n<p>LEGO\u00ae Marvel aksiyon kahraman\u0131 seti \u2013 Disney+ Spidey ve \u0130nan\u0131lmaz Arkada\u015flar\u0131 dizisini seven 4 ya\u015f ve \u00fczeri erkek ve k\u0131z \u00e7ocuklar, Spidey Tak\u0131m\u0131 A\u011f \u00d6r\u00fcc\u00fc Karargah\u0131\u2019ndaki karakterler ve ara\u00e7larla oynayabilir;<\/p>\n<p>S\u00fcper kahraman oyun seti \u2013 Spidey, Iron Man, Miles \u201cSpin\u201d Morales, Ghost-Spider ve Zola\u2019n\u0131n LEGO\u00ae minifig\u00fcrlerini i\u00e7erir;<\/p>\n<p>Ara\u00e7 rol yapma faaliyeti \u2013 K\u00f6t\u00fc karakter Zola, hareketli bacaklar\u0131 ve minifig\u00fcr yakalayan pen\u00e7eleri olan bir robota s\u0131\u011far ve plan\u00f6r arac\u0131n d\u00f6nen pervaneleri, a\u00e7\u0131labilen kokpiti ve b\u00fcy\u00fck bir a\u011f\u0131 bulunur;<\/p>\n<p>Orijinal aksesuarlar \u2013 Ana binan\u0131n i\u00e7indekiler, s\u00fcper kahramanlar\u0131n bilim, m\u00fczik ve resme olan ilgilerini yans\u0131tarak \u00e7ocuklar\u0131n yarat\u0131c\u0131 oyunlar\u0131na ilham verir;<\/p>\n<p>\u00c7ocuklar i\u00e7in LEGO\u00ae \u00d6r\u00fcmcek Adam oyuncaklar\u0131 \u2013 BU kullan\u0131\u015fl\u0131 ara\u00e7 ve s\u00fcper kahraman rol yapma faaliyeti seti, minik model severler ve Marvel aksiyonu hayranlar\u0131 i\u00e7in do\u011fum g\u00fcn\u00fc ya da y\u0131lba\u015f\u0131 hediyesi fikridir;<\/p>\n<p>E\u011flenceyi geni\u015fletin \u2013 Uyumlu LEGO\u00ae 4+ oyuncaklar\u0131 ve LEGO Marvel oyun setlerinden olu\u015fan geni\u015f koleksiyona g\u00f6z at\u0131n;<\/p>\n<p>\u0130n\u015fa edilebilen okul \u00f6ncesi oyunca\u011f\u0131 \u2013 4 ya\u015f ve \u00fczeri i\u00e7in LEGO\u00ae setleri, \u00e7ocuklar\u0131 en sevdikleri filmlerin, televizyon karakterlerinin ve s\u0131radan kahramanlar\u0131n oldu\u011fu bir evrenle tan\u0131\u015ft\u0131r\u0131r;<\/p>\n<p>193 par\u00e7al\u0131 in\u015fa edilebilen oyuncak \u2013 Bu kullan\u0131\u015fl\u0131 s\u00fcper kahraman oyun setindeki robotun boyu 10 cm\u2019dir;<\/p>\n","protected":false},"excerpt":{"rendered":"<p>Disney+ Spidey ve \u0130nan\u0131lmaz Arkada\u015flar\u0131 dizisinin hayranlar\u0131, bu yap\u0131m oyunca\u011f\u0131ndaki karakterleri tan\u0131yacak ve sevecektir. LEGO\u00ae 4+ Spidey Tak\u0131m\u0131 A\u011f \u00d6r\u00fcc\u00fc Karargah\u0131 (10794) seti, 4 ya\u015f ve \u00fczeri erkek ve k\u0131z \u00e7ocuklar\u0131n kabiliyetlerine ve ilgi alanlar\u0131na g\u00f6re \u00f6zel olarak tasarlanm\u0131\u015ft\u0131r. Bu LEGO Marvel aksiyon kahraman\u0131 setinde Spidey, Iron Man, Miles \u201cSpin\u201d Morales, Ghost-Spider ve Zola minifig\u00fcrleri bulunur. Zola i\u00e7in bacaklar\u0131 ve pen\u00e7eleri hareketli, bir minifig\u00fcr\u00fc tutabilen b\u00fcy\u00fck bir robot ve d\u00f6nen pervanesi, a\u00e7\u0131labilen kokpiti ve b\u00fcy\u00fck, pembe bir a\u011f\u0131 olan bir plan\u00f6r var. Ana binan\u0131n i\u00e7indekiler, s\u00fcper kahramanlar\u0131n bilim, m\u00fczik ve resme olan ilgilerini yans\u0131tarak \u00e7ocuklar\u0131 rol yapma faaliyetlerine te\u015fvik eder. 4+ yap\u0131m oyuncaklar\u0131, yeti\u015fkinlerin e\u011flenceyi \u00e7ocuklarla payla\u015fmas\u0131n\u0131n m\u00fckemmel bir yoludur. B\u00fcy\u00fck bir Ba\u015flang\u0131\u00e7 Yap\u0131m Par\u00e7as\u0131 ve renkli resimli, hikayeli bir rehber \u015feklinde sezgisel talimatlar, model yap\u0131m\u0131n\u0131 ba\u015flatmaya yard\u0131mc\u0131 olur.; LEGO\u00ae Marvel aksiyon kahraman\u0131 seti \u2013 Disney+ Spidey ve \u0130nan\u0131lmaz Arkada\u015flar\u0131 dizisini seven 4 ya\u015f ve \u00fczeri erkek ve k\u0131z \u00e7ocuklar, Spidey Tak\u0131m\u0131 A\u011f \u00d6r\u00fcc\u00fc Karargah\u0131\u2019ndaki karakterler ve ara\u00e7larla oynayabilir; S\u00fcper kahraman oyun seti \u2013 Spidey, Iron Man, Miles \u201cSpin\u201d Morales, Ghost-Spider ve Zola\u2019n\u0131n LEGO\u00ae minifig\u00fcrlerini i\u00e7erir; Ara\u00e7 rol yapma faaliyeti \u2013 K\u00f6t\u00fc karakter Zola, hareketli bacaklar\u0131 ve minifig\u00fcr yakalayan pen\u00e7eleri olan bir robota s\u0131\u011far ve plan\u00f6r arac\u0131n d\u00f6nen pervaneleri, a\u00e7\u0131labilen kokpiti ve b\u00fcy\u00fck bir a\u011f\u0131 bulunur; Orijinal aksesuarlar \u2013 Ana binan\u0131n i\u00e7indekiler, s\u00fcper kahramanlar\u0131n bilim, m\u00fczik ve resme olan ilgilerini yans\u0131tarak \u00e7ocuklar\u0131n yarat\u0131c\u0131 oyunlar\u0131na ilham verir; \u00c7ocuklar i\u00e7in LEGO\u00ae \u00d6r\u00fcmcek Adam oyuncaklar\u0131 \u2013 BU kullan\u0131\u015fl\u0131 ara\u00e7 ve s\u00fcper kahraman rol yapma faaliyeti seti, minik model severler ve Marvel aksiyonu hayranlar\u0131 i\u00e7in do\u011fum g\u00fcn\u00fc ya da y\u0131lba\u015f\u0131 hediyesi fikridir; E\u011flenceyi geni\u015fletin \u2013 Uyumlu LEGO\u00ae 4+ oyuncaklar\u0131 ve LEGO Marvel oyun setlerinden olu\u015fan geni\u015f koleksiyona g\u00f6z at\u0131n; \u0130n\u015fa edilebilen okul \u00f6ncesi oyunca\u011f\u0131 \u2013 4 ya\u015f ve \u00fczeri i\u00e7in LEGO\u00ae setleri, \u00e7ocuklar\u0131 en sevdikleri filmlerin, televizyon karakterlerinin ve s\u0131radan kahramanlar\u0131n oldu\u011fu bir evrenle tan\u0131\u015ft\u0131r\u0131r; 193 par\u00e7al\u0131 in\u015fa edilebilen oyuncak \u2013 Bu kullan\u0131\u015fl\u0131 s\u00fcper kahraman oyun setindeki robotun boyu 10 cm\u2019dir;<\/p>\n","protected":false},"featured_media":30588,"comment_status":"open","ping_status":"closed","template":"","meta":[],"product_brand":[],"product_cat":[555,855],"product_tag":[864,1459,1395,1460],"class_list":{"0":"post-30587","1":"product","2":"type-product","3":"status-publish","4":"has-post-thumbnail","6":"product_cat-lego","7":"product_cat-marvel","8":"product_tag-lego","9":"product_tag-lego-10794","10":"product_tag-lego-spiderman","11":"product_tag-marvel-spidey-takimi-ag-orucu-karargahi","13":"first","14":"instock","15":"shipping-taxable","16":"purchasable","17":"product-type-simple"},"_links":{"self":[{"href":"https:\/\/toysplusshop.com\/index.php?rest_route=\/wp\/v2\/product\/30587","targetHints":{"allow":["GET"]}}],"collection":[{"href":"https:\/\/toysplusshop.com\/index.php?rest_route=\/wp\/v2\/product"}],"about":[{"href":"https:\/\/toysplusshop.com\/index.php?rest_route=\/wp\/v2\/types\/product"}],"replies":[{"embeddable":true,"href":"https:\/\/toysplusshop.com\/index.php?rest_route=%2Fwp%2Fv2%2Fcomments&post=30587"}],"version-history":[{"count":1,"href":"https:\/\/toysplusshop.com\/index.php?rest_route=\/wp\/v2\/product\/30587\/revisions"}],"predecessor-version":[{"id":30597,"href":"https:\/\/toysplusshop.com\/index.php?rest_route=\/wp\/v2\/product\/30587\/revisions\/30597"}],"wp:featuredmedia":[{"embeddable":true,"href":"https:\/\/toysplusshop.com\/index.php?rest_route=\/wp\/v2\/media\/30588"}],"wp:attachment":[{"href":"https:\/\/toysplusshop.com\/index.php?rest_route=%2Fwp%2Fv2%2Fmedia&parent=30587"}],"wp:term":[{"taxonomy":"product_brand","embeddable":true,"href":"https:\/\/toysplusshop.com\/index.php?rest_route=%2Fwp%2Fv2%2Fproduct_brand&post=30587"},{"taxonomy":"product_cat","embeddable":true,"href":"https:\/\/toysplusshop.com\/index.php?rest_route=%2Fwp%2Fv2%2Fproduct_cat&post=30587"},{"taxonomy":"product_tag","embeddable":true,"href":"https:\/\/toysplusshop.com\/index.php?rest_route=%2Fwp%2Fv2%2Fproduct_tag&post=30587"}],"curies":[{"name":"wp","href":"https:\/\/api.w.org\/{rel}","templated":true}]}}