{"id":31273,"date":"2024-04-08T15:42:18","date_gmt":"2024-04-08T15:42:18","guid":{"rendered":"https:\/\/toysplusshop.com\/?post_type=product&#038;p=31273"},"modified":"2026-03-28T15:25:38","modified_gmt":"2026-03-28T15:25:38","slug":"lego-71431-super-mario-bowserin-buyuk-arabasi-ek-macera-seti","status":"publish","type":"product","link":"https:\/\/toysplusshop.com\/?product=lego-71431-super-mario-bowserin-buyuk-arabasi-ek-macera-seti","title":{"rendered":"LEGO 71431 SUPER MARIO BOWSER&#8217;IN B\u00dcY\u00dcK ARABASI EK MACERA SET\u0130"},"content":{"rendered":"<p>Bowser\u2019\u0131n B\u00fcy\u00fck Arabas\u0131 Ek Macera Seti (71431) ile araba s\u00fcr\u00fcn ve rol yapma faaliyetlerinde bulunun. 8 ya\u015f ve \u00fczeri i\u00e7in bu LEGO\u00ae Super Mario\u2122 koleksiyonluk oyuncak araba, kaput s\u00fcs\u00fcn\u00fc hareket ettiren veya ba\u015fka numaralar\u0131 tetikleyen kald\u0131ra\u00e7 gibi pek \u00e7ok oyun \u00f6zelli\u011fine sahiptir. Sette ayr\u0131ca Super Mario\u2122 karakteri Bowser\u2019\u0131n Aksiyon Etiketli par\u00e7alarla in\u015fa edilen bir fig\u00fcr\u00fc bulunur. \u0130nteraktif oyunlar i\u00e7in bir LEGO\u00ae Super Mario Ba\u015flang\u0131\u00e7 Seti\u2019nden (71360, 71387 veya 71403 \u2013 her biri ayr\u0131 sat\u0131l\u0131r) LEGO\u00ae Mario\u2122, LEGO\u00ae Luigi\u2122 veya LEGO\u00ae Peach\u2122 fig\u00fcr\u00fcn\u00fc ekleyin. Korna \u00e7alma, \u00e7al\u0131\u015fan motor ve lastik cay\u0131rt\u0131s\u0131 ses efektlerini duymak ve dijital madeni paralar kazanmak i\u00e7in bu interaktif fig\u00fcrlerden birini s\u00fcr\u00fcc\u00fc koltu\u011funa oturtun. Oyuncular i\u00e7in e\u011flenceli bir hediye olan bu Bowser LEGO seti, LEGO Super Mario uygulamas\u0131 ile tamamlan\u0131r. Yap\u0131m talimatlar\u0131na, yarat\u0131c\u0131 oyun fikirlerine ve \u00e7ocuklar\u0131n eserlerini di\u011fer hayranlarla payla\u015fabilecekleri g\u00fcvenli bir foruma eri\u015fmek i\u00e7in uygulamay\u0131 indirin.;<\/p>\n<p>\u00c7ocuklar i\u00e7in Bowser\u2019\u0131n b\u00fcy\u00fck arabas\u0131 oyunca\u011f\u0131 \u2013 Bu LEGO\u00ae Super Mario\u2122 Ek Macera Seti ile araba s\u00fcrmeli, b\u00fcy\u00fck sava\u015fl\u0131 rol yapma e\u011flencesine haz\u0131rlan\u0131n;<\/p>\n<p>Par\u00e7alarla in\u015fa edilen bir Super Mario\u2122 karakteri i\u00e7erir \u2013 LEGO\u00ae Super Mario\u2122 Bowser fig\u00fcr\u00fc, interaktif oyunlar i\u00e7in bir Aksiyon Etiketine sahiptir;<\/p>\n<p>\u00c7ocuklarla ve ailece e\u011flence i\u00e7in koleksiyonluk oyuncak \u2013 Bowser\u2019\u0131 s\u00fcr\u00fcc\u00fc koltu\u011funa oturtun ve sar\u0131 kald\u0131rac\u0131 bir y\u00f6ne do\u011fru \u00e7ekerek kaput s\u00fcs\u00fcn\u00fc hareket ettirin, di\u011fer y\u00f6ne iterek ba\u015fka numaralar\u0131 tetikleyin;<\/p>\n<p>\u0130nteraktif oyun \u2013 Korna \u00e7alma, \u00e7al\u0131\u015fan motor ve lastik cay\u0131rt\u0131s\u0131 ses efektlerini duymak ve dijital madeni para kazanmak i\u00e7in arabay\u0131 LEGO\u00ae Mario\u2122, LEGO\u00ae Luigi\u2122 veya LEGO\u00ae Peach\u2122\u2019e (fig\u00fcrler dahil de\u011fildir) s\u00fcrd\u00fcr\u00fcn;<\/p>\n<p>8 ya\u015f ve \u00fczeri \u00e7ocuklar i\u00e7in hediye fikri \u2013 Bu 458 par\u00e7al\u0131 set, oyuncular i\u00e7in e\u011flenceli bir hediyedir; interaktif oyun i\u00e7in bir LEGO\u00ae Super Mario\u2122 Ba\u015flang\u0131\u00e7 Seti (71360, 71387 veya 71403) gereklidir;<\/p>\n<p>LEGO\u00ae Super Mario\u2122 uygulamas\u0131 \u2013 Bowser\u2019\u0131n arabas\u0131n\u0131 in\u015fa etmek i\u00e7in talimatlar\u0131, ilham verici fikirleri ve daha fazlas\u0131n\u0131 bulaca\u011f\u0131n\u0131z uygulamay\u0131 indirin; uyumlu Android ve iOS cihazlar\u0131n listesini LEGO.com\/devicecheck adresinde bulabilirsiniz;<\/p>\n<p>\u00c7ocuklar\u0131n yarat\u0131c\u0131l\u0131\u011f\u0131n\u0131 harekete ge\u00e7irin \u2013 Tek ba\u015f\u0131na ya da sosyal oyunlar i\u00e7in tasarlanan LEGO\u00ae Super Mario\u2122 oyun setleri, geni\u015fleterek ve yeniden yaparak rol yapma faaliyetleri, dijital madeni para toplama ve yarat\u0131c\u0131 engeller sunar;<\/p>\n<p>\u0130n\u015fa edilebilen oyuncak araba \u2013 Bowser\u2019\u0131n arabas\u0131n\u0131n y\u00fcksekli\u011fi 7 cm, uzunlu\u011fu 15 cm, geni\u015fli\u011fi 10 cm\u2019dir ve di\u011fer LEGO\u00ae Super Mario\u2122 setleriyle birlikte oynamaya uygundur;<\/p>\n","protected":false},"excerpt":{"rendered":"<p>Bowser\u2019\u0131n B\u00fcy\u00fck Arabas\u0131 Ek Macera Seti (71431) ile araba s\u00fcr\u00fcn ve rol yapma faaliyetlerinde bulunun. 8 ya\u015f ve \u00fczeri i\u00e7in bu LEGO\u00ae Super Mario\u2122 koleksiyonluk oyuncak araba, kaput s\u00fcs\u00fcn\u00fc hareket ettiren veya ba\u015fka numaralar\u0131 tetikleyen kald\u0131ra\u00e7 gibi pek \u00e7ok oyun \u00f6zelli\u011fine sahiptir. Sette ayr\u0131ca Super Mario\u2122 karakteri Bowser\u2019\u0131n Aksiyon Etiketli par\u00e7alarla in\u015fa edilen bir fig\u00fcr\u00fc bulunur. \u0130nteraktif oyunlar i\u00e7in bir LEGO\u00ae Super Mario Ba\u015flang\u0131\u00e7 Seti\u2019nden (71360, 71387 veya 71403 \u2013 her biri ayr\u0131 sat\u0131l\u0131r) LEGO\u00ae Mario\u2122, LEGO\u00ae Luigi\u2122 veya LEGO\u00ae Peach\u2122 fig\u00fcr\u00fcn\u00fc ekleyin. Korna \u00e7alma, \u00e7al\u0131\u015fan motor ve lastik cay\u0131rt\u0131s\u0131 ses efektlerini duymak ve dijital madeni paralar kazanmak i\u00e7in bu interaktif fig\u00fcrlerden birini s\u00fcr\u00fcc\u00fc koltu\u011funa oturtun. Oyuncular i\u00e7in e\u011flenceli bir hediye olan bu Bowser LEGO seti, LEGO Super Mario uygulamas\u0131 ile tamamlan\u0131r. Yap\u0131m talimatlar\u0131na, yarat\u0131c\u0131 oyun fikirlerine ve \u00e7ocuklar\u0131n eserlerini di\u011fer hayranlarla payla\u015fabilecekleri g\u00fcvenli bir foruma eri\u015fmek i\u00e7in uygulamay\u0131 indirin.; \u00c7ocuklar i\u00e7in Bowser\u2019\u0131n b\u00fcy\u00fck arabas\u0131 oyunca\u011f\u0131 \u2013 Bu LEGO\u00ae Super Mario\u2122 Ek Macera Seti ile araba s\u00fcrmeli, b\u00fcy\u00fck sava\u015fl\u0131 rol yapma e\u011flencesine haz\u0131rlan\u0131n; Par\u00e7alarla in\u015fa edilen bir Super Mario\u2122 karakteri i\u00e7erir \u2013 LEGO\u00ae Super Mario\u2122 Bowser fig\u00fcr\u00fc, interaktif oyunlar i\u00e7in bir Aksiyon Etiketine sahiptir; \u00c7ocuklarla ve ailece e\u011flence i\u00e7in koleksiyonluk oyuncak \u2013 Bowser\u2019\u0131 s\u00fcr\u00fcc\u00fc koltu\u011funa oturtun ve sar\u0131 kald\u0131rac\u0131 bir y\u00f6ne do\u011fru \u00e7ekerek kaput s\u00fcs\u00fcn\u00fc hareket ettirin, di\u011fer y\u00f6ne iterek ba\u015fka numaralar\u0131 tetikleyin; \u0130nteraktif oyun \u2013 Korna \u00e7alma, \u00e7al\u0131\u015fan motor ve lastik cay\u0131rt\u0131s\u0131 ses efektlerini duymak ve dijital madeni para kazanmak i\u00e7in arabay\u0131 LEGO\u00ae Mario\u2122, LEGO\u00ae Luigi\u2122 veya LEGO\u00ae Peach\u2122\u2019e (fig\u00fcrler dahil de\u011fildir) s\u00fcrd\u00fcr\u00fcn; 8 ya\u015f ve \u00fczeri \u00e7ocuklar i\u00e7in hediye fikri \u2013 Bu 458 par\u00e7al\u0131 set, oyuncular i\u00e7in e\u011flenceli bir hediyedir; interaktif oyun i\u00e7in bir LEGO\u00ae Super Mario\u2122 Ba\u015flang\u0131\u00e7 Seti (71360, 71387 veya 71403) gereklidir; LEGO\u00ae Super Mario\u2122 uygulamas\u0131 \u2013 Bowser\u2019\u0131n arabas\u0131n\u0131 in\u015fa etmek i\u00e7in talimatlar\u0131, ilham verici fikirleri ve daha fazlas\u0131n\u0131 bulaca\u011f\u0131n\u0131z uygulamay\u0131 indirin; uyumlu Android ve iOS cihazlar\u0131n listesini LEGO.com\/devicecheck adresinde bulabilirsiniz; \u00c7ocuklar\u0131n yarat\u0131c\u0131l\u0131\u011f\u0131n\u0131 harekete ge\u00e7irin \u2013 Tek ba\u015f\u0131na ya da sosyal oyunlar i\u00e7in tasarlanan LEGO\u00ae Super Mario\u2122 oyun setleri, geni\u015fleterek ve yeniden yaparak rol yapma faaliyetleri, dijital madeni para toplama ve yarat\u0131c\u0131 engeller sunar; \u0130n\u015fa edilebilen oyuncak araba \u2013 Bowser\u2019\u0131n arabas\u0131n\u0131n y\u00fcksekli\u011fi 7 cm, uzunlu\u011fu 15 cm, geni\u015fli\u011fi 10 cm\u2019dir ve di\u011fer LEGO\u00ae Super Mario\u2122 setleriyle birlikte oynamaya uygundur;<\/p>\n","protected":false},"featured_media":31274,"comment_status":"open","ping_status":"closed","template":"","meta":[],"product_brand":[],"product_cat":[555,850],"product_tag":[864,1584,1410,1585],"class_list":{"0":"post-31273","1":"product","2":"type-product","3":"status-publish","4":"has-post-thumbnail","6":"product_cat-lego","7":"product_cat-super-mario","8":"product_tag-lego","9":"product_tag-lego-71431","10":"product_tag-lego-super-mario","11":"product_tag-super-mario-bowserin-buyuk-arabasi-ek-macera-seti","13":"first","14":"instock","15":"shipping-taxable","16":"purchasable","17":"product-type-simple"},"_links":{"self":[{"href":"https:\/\/toysplusshop.com\/index.php?rest_route=\/wp\/v2\/product\/31273","targetHints":{"allow":["GET"]}}],"collection":[{"href":"https:\/\/toysplusshop.com\/index.php?rest_route=\/wp\/v2\/product"}],"about":[{"href":"https:\/\/toysplusshop.com\/index.php?rest_route=\/wp\/v2\/types\/product"}],"replies":[{"embeddable":true,"href":"https:\/\/toysplusshop.com\/index.php?rest_route=%2Fwp%2Fv2%2Fcomments&post=31273"}],"version-history":[{"count":1,"href":"https:\/\/toysplusshop.com\/index.php?rest_route=\/wp\/v2\/product\/31273\/revisions"}],"predecessor-version":[{"id":31282,"href":"https:\/\/toysplusshop.com\/index.php?rest_route=\/wp\/v2\/product\/31273\/revisions\/31282"}],"wp:featuredmedia":[{"embeddable":true,"href":"https:\/\/toysplusshop.com\/index.php?rest_route=\/wp\/v2\/media\/31274"}],"wp:attachment":[{"href":"https:\/\/toysplusshop.com\/index.php?rest_route=%2Fwp%2Fv2%2Fmedia&parent=31273"}],"wp:term":[{"taxonomy":"product_brand","embeddable":true,"href":"https:\/\/toysplusshop.com\/index.php?rest_route=%2Fwp%2Fv2%2Fproduct_brand&post=31273"},{"taxonomy":"product_cat","embeddable":true,"href":"https:\/\/toysplusshop.com\/index.php?rest_route=%2Fwp%2Fv2%2Fproduct_cat&post=31273"},{"taxonomy":"product_tag","embeddable":true,"href":"https:\/\/toysplusshop.com\/index.php?rest_route=%2Fwp%2Fv2%2Fproduct_tag&post=31273"}],"curies":[{"name":"wp","href":"https:\/\/api.w.org\/{rel}","templated":true}]}}