{"id":32240,"date":"2024-04-18T07:39:52","date_gmt":"2024-04-18T07:39:52","guid":{"rendered":"https:\/\/toysplusshop.com\/?post_type=product&#038;p=32240"},"modified":"2025-09-17T13:18:13","modified_gmt":"2025-09-17T13:18:13","slug":"aquaplay-baslangic-seti-daq01501","status":"publish","type":"product","link":"https:\/\/toysplusshop.com\/?product=aquaplay-baslangic-seti-daq01501","title":{"rendered":"AQUAPLAY BA\u015eLANGI\u00c7 SET\u0130 DAQ01501"},"content":{"rendered":"<p>\u0130\u015fte Aquaplay ba\u015flang\u0131\u00e7 seti !<\/p>\n<p>\u00c7ocu\u011funuz bu set ile saatler boyu keyifle oynas\u0131n.<\/p>\n<p>Hippo Wilma ile kanal sisteminde e\u011flenmeye haz\u0131r m\u0131s\u0131n ?<\/p>\n<p>Vin\u00e7 ile su \u00fczerindeki arac\u0131m\u0131za y\u00fckleme yapal\u0131m. Kanal boyunca pedal \u00e7evirerek ilerleyelim.<\/p>\n<p>Aquaplay, hem e\u011flenceli hem de e\u011fitici niteliktedir.<\/p>\n<p>Kanal sistemi \u00e7ocuklar\u0131n su nas\u0131l ilerlerler, hacim nedir ve nas\u0131l kar\u015f\u0131la\u015ft\u0131r\u0131l\u0131r gibi bilim konseptlerini \u00f6\u011frenmelerine yard\u0131mc\u0131 olur.<\/p>\n<p>Bununla birlikte suyu koymalar\u0131 , konteyn\u0131rlar\u0131 doldurmalar\u0131 gibi aktiviteler ile el g\u00f6z koordinasyonunu destekler.<\/p>\n<p>\u00d6zellikle dokunma duyusuna hitap ederek \u00e7ocuklar\u0131n uzun s\u00fcre oyunla oynamas\u0131n\u0131 sa\u011flar.<\/p>\n<p>Aquaplay&#8217;in \u00e7ocuklar \u00fczerinde sakinle\u015ftirici bir etkisi vard\u0131r.<\/p>\n<p>Bu oyun tablas\u0131 katlanarak el valizi olacak nitelikte tasarlanm\u0131\u015ft\u0131r.<\/p>\n<p>\u00d6l\u00e7\u00fcs\u00fc: 68 x 65 x 22 cm 3 ya\u015f ve \u00fczeri ya\u015f i\u00e7in uygundur.<\/p>\n","protected":false},"excerpt":{"rendered":"<p>\u0130\u015fte Aquaplay ba\u015flang\u0131\u00e7 seti ! \u00c7ocu\u011funuz bu set ile saatler boyu keyifle oynas\u0131n. Hippo Wilma ile kanal sisteminde e\u011flenmeye haz\u0131r m\u0131s\u0131n ? Vin\u00e7 ile su \u00fczerindeki arac\u0131m\u0131za y\u00fckleme yapal\u0131m. Kanal boyunca pedal \u00e7evirerek ilerleyelim. Aquaplay, hem e\u011flenceli hem de e\u011fitici niteliktedir. Kanal sistemi \u00e7ocuklar\u0131n su nas\u0131l ilerlerler, hacim nedir ve nas\u0131l kar\u015f\u0131la\u015ft\u0131r\u0131l\u0131r gibi bilim konseptlerini \u00f6\u011frenmelerine yard\u0131mc\u0131 olur. Bununla birlikte suyu koymalar\u0131 , konteyn\u0131rlar\u0131 doldurmalar\u0131 gibi aktiviteler ile el g\u00f6z koordinasyonunu destekler. \u00d6zellikle dokunma duyusuna hitap ederek \u00e7ocuklar\u0131n uzun s\u00fcre oyunla oynamas\u0131n\u0131 sa\u011flar. Aquaplay&#8217;in \u00e7ocuklar \u00fczerinde sakinle\u015ftirici bir etkisi vard\u0131r. Bu oyun tablas\u0131 katlanarak el valizi olacak nitelikte tasarlanm\u0131\u015ft\u0131r. \u00d6l\u00e7\u00fcs\u00fc: 68 x 65 x 22 cm 3 ya\u015f ve \u00fczeri ya\u015f i\u00e7in uygundur.<\/p>\n","protected":false},"featured_media":32241,"comment_status":"open","ping_status":"closed","template":"","meta":[],"product_brand":[],"product_cat":[551,550],"product_tag":[1893,1892,1894,1895],"class_list":{"0":"post-32240","1":"product","2":"type-product","3":"status-publish","4":"has-post-thumbnail","6":"product_cat-erkek-oyuncaklari","7":"product_cat-kiz-oyuncaklari","8":"product_tag-aquaplay","9":"product_tag-aquaplay-baslangic-seti-daq01501","10":"product_tag-aquaplay-daq01501","11":"product_tag-daq01501","13":"first","14":"instock","15":"shipping-taxable","16":"purchasable","17":"product-type-simple"},"_links":{"self":[{"href":"https:\/\/toysplusshop.com\/index.php?rest_route=\/wp\/v2\/product\/32240","targetHints":{"allow":["GET"]}}],"collection":[{"href":"https:\/\/toysplusshop.com\/index.php?rest_route=\/wp\/v2\/product"}],"about":[{"href":"https:\/\/toysplusshop.com\/index.php?rest_route=\/wp\/v2\/types\/product"}],"replies":[{"embeddable":true,"href":"https:\/\/toysplusshop.com\/index.php?rest_route=%2Fwp%2Fv2%2Fcomments&post=32240"}],"version-history":[{"count":1,"href":"https:\/\/toysplusshop.com\/index.php?rest_route=\/wp\/v2\/product\/32240\/revisions"}],"predecessor-version":[{"id":32249,"href":"https:\/\/toysplusshop.com\/index.php?rest_route=\/wp\/v2\/product\/32240\/revisions\/32249"}],"wp:featuredmedia":[{"embeddable":true,"href":"https:\/\/toysplusshop.com\/index.php?rest_route=\/wp\/v2\/media\/32241"}],"wp:attachment":[{"href":"https:\/\/toysplusshop.com\/index.php?rest_route=%2Fwp%2Fv2%2Fmedia&parent=32240"}],"wp:term":[{"taxonomy":"product_brand","embeddable":true,"href":"https:\/\/toysplusshop.com\/index.php?rest_route=%2Fwp%2Fv2%2Fproduct_brand&post=32240"},{"taxonomy":"product_cat","embeddable":true,"href":"https:\/\/toysplusshop.com\/index.php?rest_route=%2Fwp%2Fv2%2Fproduct_cat&post=32240"},{"taxonomy":"product_tag","embeddable":true,"href":"https:\/\/toysplusshop.com\/index.php?rest_route=%2Fwp%2Fv2%2Fproduct_tag&post=32240"}],"curies":[{"name":"wp","href":"https:\/\/api.w.org\/{rel}","templated":true}]}}