{"id":32250,"date":"2024-04-18T07:46:42","date_gmt":"2024-04-18T07:46:42","guid":{"rendered":"https:\/\/toysplusshop.com\/?post_type=product&#038;p=32250"},"modified":"2025-09-17T13:42:58","modified_gmt":"2025-09-17T13:42:58","slug":"aquaplay-portatif-set-daq01516","status":"publish","type":"product","link":"https:\/\/toysplusshop.com\/?product=aquaplay-portatif-set-daq01516","title":{"rendered":"AQUAPLAY PORTAT\u0130F SET DAQ01516"},"content":{"rendered":"<p>AquaPlay suyun nas\u0131l hareket etti\u011fini, havalanabildi\u011fini ve yukar\u0131ya do\u011fru t\u0131rmanabildi\u011fini \u00e7ocuklara g\u00f6stermenin e\u011flenceli bir yoludur.<\/p>\n<p>AquaPlay\u2019in en \u00e7ok satan \u00fcr\u00fcnlerinden olan ta\u015f\u0131nabilir Portatif Set ile tan\u0131\u015f\u0131n!<\/p>\n<p>Su ayg\u0131r\u0131 Wilma pompay\u0131 kullanarak bu e\u011flenceli parkurda konteyn\u0131r teknesini yolculu\u011fa \u00e7\u0131kar\u0131yor.<\/p>\n<p>Limandaki vin\u00e7, konteyneri amfibi kamyona y\u00fcklemeye yard\u0131mc\u0131 olacakt\u0131r.<\/p>\n<p>\u00c7ocu\u011funuz k\u00fcrek tekerle\u011fini \u00e7evirerek ise suyun kanallardan nas\u0131l akt\u0131\u011f\u0131n\u0131 ve hareket etti\u011fini e\u011flenerek kavrayacaklar.<\/p>\n<p>Bu oyun \u00e7ocu\u011funuza sonsuz e\u011flenceli oyun vakitleri sunacakt\u0131r.<\/p>\n<p>Seti katlay\u0131p \u00e7antaya koymak ve saklamak \u00e7ok kolayd\u0131r. Di\u011fer AquaPlay setleri veya aksesuarlar\u0131yla diledi\u011finiz gibi geni\u015fletebilirsiniz.<\/p>\n<p>-Ta\u015f\u0131ma \u00e7antas\u0131 ayn\u0131 zamanda su yoludur: 2\u2019si 1 arada &#8211;<\/p>\n<p>El pompas\u0131 ile hazne, vin\u00e7 ve konteyner ile liman havzas\u0131, b\u00fcy\u00fck raket alan\u0131 ile el vinci, k\u00fc\u00e7\u00fck k\u00f6pr\u00fc, araba rampas\u0131<\/p>\n<p>&#8211; Amfibi ara\u00e7, Wilma fig\u00fcr\u00fc ve kargosu bulunan konteyner tekne i\u00e7erir &#8211; Kolayca geni\u015fletilebilir ve birle\u015ftirilebilir.<\/p>\n<p>Di\u011fer setlerle birle\u015ftirilebilir.<\/p>\n<p>&#8211; Kurmas\u0131 \u00e7ok kolayd\u0131r.<\/p>\n<p>Kurulduktan sonraki \u00f6l\u00e7\u00fcleri: 85 x 65 x 22 cm<\/p>\n","protected":false},"excerpt":{"rendered":"<p>AquaPlay suyun nas\u0131l hareket etti\u011fini, havalanabildi\u011fini ve yukar\u0131ya do\u011fru t\u0131rmanabildi\u011fini \u00e7ocuklara g\u00f6stermenin e\u011flenceli bir yoludur. AquaPlay\u2019in en \u00e7ok satan \u00fcr\u00fcnlerinden olan ta\u015f\u0131nabilir Portatif Set ile tan\u0131\u015f\u0131n! Su ayg\u0131r\u0131 Wilma pompay\u0131 kullanarak bu e\u011flenceli parkurda konteyn\u0131r teknesini yolculu\u011fa \u00e7\u0131kar\u0131yor. Limandaki vin\u00e7, konteyneri amfibi kamyona y\u00fcklemeye yard\u0131mc\u0131 olacakt\u0131r. \u00c7ocu\u011funuz k\u00fcrek tekerle\u011fini \u00e7evirerek ise suyun kanallardan nas\u0131l akt\u0131\u011f\u0131n\u0131 ve hareket etti\u011fini e\u011flenerek kavrayacaklar. Bu oyun \u00e7ocu\u011funuza sonsuz e\u011flenceli oyun vakitleri sunacakt\u0131r. Seti katlay\u0131p \u00e7antaya koymak ve saklamak \u00e7ok kolayd\u0131r. Di\u011fer AquaPlay setleri veya aksesuarlar\u0131yla diledi\u011finiz gibi geni\u015fletebilirsiniz. -Ta\u015f\u0131ma \u00e7antas\u0131 ayn\u0131 zamanda su yoludur: 2\u2019si 1 arada &#8211; El pompas\u0131 ile hazne, vin\u00e7 ve konteyner ile liman havzas\u0131, b\u00fcy\u00fck raket alan\u0131 ile el vinci, k\u00fc\u00e7\u00fck k\u00f6pr\u00fc, araba rampas\u0131 &#8211; Amfibi ara\u00e7, Wilma fig\u00fcr\u00fc ve kargosu bulunan konteyner tekne i\u00e7erir &#8211; Kolayca geni\u015fletilebilir ve birle\u015ftirilebilir. Di\u011fer setlerle birle\u015ftirilebilir. &#8211; Kurmas\u0131 \u00e7ok kolayd\u0131r. Kurulduktan sonraki \u00f6l\u00e7\u00fcleri: 85 x 65 x 22 cm<\/p>\n","protected":false},"featured_media":32251,"comment_status":"open","ping_status":"closed","template":"","meta":[],"product_brand":[],"product_cat":[551,550],"product_tag":[1893,1897,1896,1898],"class_list":{"0":"post-32250","1":"product","2":"type-product","3":"status-publish","4":"has-post-thumbnail","6":"product_cat-erkek-oyuncaklari","7":"product_cat-kiz-oyuncaklari","8":"product_tag-aquaplay","9":"product_tag-aquaplay-daq01516","10":"product_tag-aquaplay-portatif-set-daq01516","11":"product_tag-daq01516","13":"first","14":"instock","15":"shipping-taxable","16":"purchasable","17":"product-type-simple"},"_links":{"self":[{"href":"https:\/\/toysplusshop.com\/index.php?rest_route=\/wp\/v2\/product\/32250","targetHints":{"allow":["GET"]}}],"collection":[{"href":"https:\/\/toysplusshop.com\/index.php?rest_route=\/wp\/v2\/product"}],"about":[{"href":"https:\/\/toysplusshop.com\/index.php?rest_route=\/wp\/v2\/types\/product"}],"replies":[{"embeddable":true,"href":"https:\/\/toysplusshop.com\/index.php?rest_route=%2Fwp%2Fv2%2Fcomments&post=32250"}],"version-history":[{"count":1,"href":"https:\/\/toysplusshop.com\/index.php?rest_route=\/wp\/v2\/product\/32250\/revisions"}],"predecessor-version":[{"id":32261,"href":"https:\/\/toysplusshop.com\/index.php?rest_route=\/wp\/v2\/product\/32250\/revisions\/32261"}],"wp:featuredmedia":[{"embeddable":true,"href":"https:\/\/toysplusshop.com\/index.php?rest_route=\/wp\/v2\/media\/32251"}],"wp:attachment":[{"href":"https:\/\/toysplusshop.com\/index.php?rest_route=%2Fwp%2Fv2%2Fmedia&parent=32250"}],"wp:term":[{"taxonomy":"product_brand","embeddable":true,"href":"https:\/\/toysplusshop.com\/index.php?rest_route=%2Fwp%2Fv2%2Fproduct_brand&post=32250"},{"taxonomy":"product_cat","embeddable":true,"href":"https:\/\/toysplusshop.com\/index.php?rest_route=%2Fwp%2Fv2%2Fproduct_cat&post=32250"},{"taxonomy":"product_tag","embeddable":true,"href":"https:\/\/toysplusshop.com\/index.php?rest_route=%2Fwp%2Fv2%2Fproduct_tag&post=32250"}],"curies":[{"name":"wp","href":"https:\/\/api.w.org\/{rel}","templated":true}]}}