{"id":33356,"date":"2024-05-06T09:43:15","date_gmt":"2024-05-06T09:43:15","guid":{"rendered":"https:\/\/toysplusshop.com\/?post_type=product&#038;p=33356"},"modified":"2026-03-04T12:13:40","modified_gmt":"2026-03-04T12:13:40","slug":"star-wars-darth-vader-pelerin-ve-maske","status":"publish","type":"product","link":"https:\/\/toysplusshop.com\/?product=star-wars-darth-vader-pelerin-ve-maske","title":{"rendered":"STAR WARS DARTH VADER PELER\u0130N VE MASKE"},"content":{"rendered":"<div>\n<p>Kaliteli Jarse Kuma\u015ftan \u0130mal Edilmi\u015f Pelerin (Ba\u011flama Aparatl\u0131)<\/p>\n<p>Maske Plastik malzemeden imal edilmli\u015ftir cams\u0131zd\u0131r<\/p>\n<table style=\"height: 140px\" width=\"1260\">\n<colgroup>\n<col span=\"2\" width=\"75\" \/><\/colgroup>\n<tbody>\n<tr>\n<td class=\"xl67\">YA\u015e<\/td>\n<td class=\"xl67\">BOY<\/td>\n<\/tr>\n<tr>\n<td class=\"xl66\">4-6 YA\u015e<\/td>\n<td class=\"xl65\">75 CM<\/td>\n<\/tr>\n<tr>\n<td class=\"xl65\">7-9 YA\u015e<\/td>\n<td class=\"xl65\">85 CM<\/td>\n<\/tr>\n<tr>\n<td class=\"xl65\"><\/td>\n<td class=\"xl65\"><\/td>\n<\/tr>\n<\/tbody>\n<\/table>\n<p>&nbsp;<\/p>\n<\/div>\n<div>Y\u0131kama :\u00a0\u00dcr\u00fcnlerimiz kaliteli yerli kuma\u015flardan imal edilmi\u015f olup kanserojen madde i\u00e7ermemektedir.<\/div>\n<div>Kost\u00fcmlerin maksimum 30 derecede ve elle y\u0131kanmas\u0131 \u00f6nerilir.<\/div>\n","protected":false},"excerpt":{"rendered":"<p>Kaliteli Jarse Kuma\u015ftan \u0130mal Edilmi\u015f Pelerin (Ba\u011flama Aparatl\u0131) Maske Plastik malzemeden imal edilmli\u015ftir cams\u0131zd\u0131r YA\u015e BOY 4-6 YA\u015e 75 CM 7-9 YA\u015e 85 CM &nbsp; Y\u0131kama :\u00a0\u00dcr\u00fcnlerimiz kaliteli yerli kuma\u015flardan imal edilmi\u015f olup kanserojen madde i\u00e7ermemektedir. Kost\u00fcmlerin maksimum 30 derecede ve elle y\u0131kanmas\u0131 \u00f6nerilir.<\/p>\n","protected":false},"featured_media":33357,"comment_status":"open","ping_status":"closed","template":"","meta":[],"product_brand":[],"product_cat":[549],"product_tag":[2213,2229,2228],"class_list":{"0":"post-33356","1":"product","2":"type-product","3":"status-publish","4":"has-post-thumbnail","6":"product_cat-kostum","7":"product_tag-cocuk-kostumu","8":"product_tag-cocuk-star-wars-darth-vader-pelerin-ve-maske","9":"product_tag-star-wars-darth-vader-pelerin-ve-maske","11":"first","12":"outofstock","13":"shipping-taxable","14":"purchasable","15":"product-type-simple"},"_links":{"self":[{"href":"https:\/\/toysplusshop.com\/index.php?rest_route=\/wp\/v2\/product\/33356","targetHints":{"allow":["GET"]}}],"collection":[{"href":"https:\/\/toysplusshop.com\/index.php?rest_route=\/wp\/v2\/product"}],"about":[{"href":"https:\/\/toysplusshop.com\/index.php?rest_route=\/wp\/v2\/types\/product"}],"replies":[{"embeddable":true,"href":"https:\/\/toysplusshop.com\/index.php?rest_route=%2Fwp%2Fv2%2Fcomments&post=33356"}],"version-history":[{"count":1,"href":"https:\/\/toysplusshop.com\/index.php?rest_route=\/wp\/v2\/product\/33356\/revisions"}],"predecessor-version":[{"id":33358,"href":"https:\/\/toysplusshop.com\/index.php?rest_route=\/wp\/v2\/product\/33356\/revisions\/33358"}],"wp:featuredmedia":[{"embeddable":true,"href":"https:\/\/toysplusshop.com\/index.php?rest_route=\/wp\/v2\/media\/33357"}],"wp:attachment":[{"href":"https:\/\/toysplusshop.com\/index.php?rest_route=%2Fwp%2Fv2%2Fmedia&parent=33356"}],"wp:term":[{"taxonomy":"product_brand","embeddable":true,"href":"https:\/\/toysplusshop.com\/index.php?rest_route=%2Fwp%2Fv2%2Fproduct_brand&post=33356"},{"taxonomy":"product_cat","embeddable":true,"href":"https:\/\/toysplusshop.com\/index.php?rest_route=%2Fwp%2Fv2%2Fproduct_cat&post=33356"},{"taxonomy":"product_tag","embeddable":true,"href":"https:\/\/toysplusshop.com\/index.php?rest_route=%2Fwp%2Fv2%2Fproduct_tag&post=33356"}],"curies":[{"name":"wp","href":"https:\/\/api.w.org\/{rel}","templated":true}]}}