{"id":33418,"date":"2024-05-06T14:57:57","date_gmt":"2024-05-06T14:57:57","guid":{"rendered":"https:\/\/toysplusshop.com\/?post_type=product&#038;p=33418"},"modified":"2024-12-13T16:14:38","modified_gmt":"2024-12-13T16:14:38","slug":"kaptan-amerika-kasli-lisansli-kostum","status":"publish","type":"product","link":"https:\/\/toysplusshop.com\/?product=kaptan-amerika-kasli-lisansli-kostum","title":{"rendered":"KAPTAN AMER\u0130KA KASLI L\u0130SANSLI KOST\u00dcM"},"content":{"rendered":"<div>Tulum \u015feklinde kost\u00fcm ve maske olarak iki par\u00e7adan olu\u015fmaktad\u0131r.<br \/>\n\u00c7izme g\u00f6r\u00fcn\u00fcm\u00fc verilmi\u015f, diz alt\u0131 tozluk kost\u00fcm ile ba\u011flant\u0131l\u0131d\u0131r.<br \/>\nResimde kullan\u0131lan ayakkab\u0131lar sat\u0131\u015f fiyat\u0131na dahil de\u011fildir.<\/div>\n<div>Captain America Kost\u00fcm\u00fc, Marvel Lisansl\u0131 \u00ae Orjinal \u00fcr\u00fcnd\u00fcr.<\/div>\n","protected":false},"excerpt":{"rendered":"<p>Tulum \u015feklinde kost\u00fcm ve maske olarak iki par\u00e7adan olu\u015fmaktad\u0131r. \u00c7izme g\u00f6r\u00fcn\u00fcm\u00fc verilmi\u015f, diz alt\u0131 tozluk kost\u00fcm ile ba\u011flant\u0131l\u0131d\u0131r. Resimde kullan\u0131lan ayakkab\u0131lar sat\u0131\u015f fiyat\u0131na dahil de\u011fildir. Captain America Kost\u00fcm\u00fc, Marvel Lisansl\u0131 \u00ae Orjinal \u00fcr\u00fcnd\u00fcr.<\/p>\n","protected":false},"featured_media":33419,"comment_status":"open","ping_status":"closed","template":"","meta":[],"product_brand":[],"product_cat":[549],"product_tag":[2271,2213,2270],"class_list":{"0":"post-33418","1":"product","2":"type-product","3":"status-publish","4":"has-post-thumbnail","6":"product_cat-kostum","7":"product_tag-cocuk-kaptan-amerika-kasli-lisansli-kostum","8":"product_tag-cocuk-kostumu","9":"product_tag-kaptan-amerika-kasli-lisansli-kostum","11":"first","12":"outofstock","13":"shipping-taxable","14":"purchasable","15":"product-type-simple"},"_links":{"self":[{"href":"https:\/\/toysplusshop.com\/index.php?rest_route=\/wp\/v2\/product\/33418","targetHints":{"allow":["GET"]}}],"collection":[{"href":"https:\/\/toysplusshop.com\/index.php?rest_route=\/wp\/v2\/product"}],"about":[{"href":"https:\/\/toysplusshop.com\/index.php?rest_route=\/wp\/v2\/types\/product"}],"replies":[{"embeddable":true,"href":"https:\/\/toysplusshop.com\/index.php?rest_route=%2Fwp%2Fv2%2Fcomments&post=33418"}],"version-history":[{"count":1,"href":"https:\/\/toysplusshop.com\/index.php?rest_route=\/wp\/v2\/product\/33418\/revisions"}],"predecessor-version":[{"id":33420,"href":"https:\/\/toysplusshop.com\/index.php?rest_route=\/wp\/v2\/product\/33418\/revisions\/33420"}],"wp:featuredmedia":[{"embeddable":true,"href":"https:\/\/toysplusshop.com\/index.php?rest_route=\/wp\/v2\/media\/33419"}],"wp:attachment":[{"href":"https:\/\/toysplusshop.com\/index.php?rest_route=%2Fwp%2Fv2%2Fmedia&parent=33418"}],"wp:term":[{"taxonomy":"product_brand","embeddable":true,"href":"https:\/\/toysplusshop.com\/index.php?rest_route=%2Fwp%2Fv2%2Fproduct_brand&post=33418"},{"taxonomy":"product_cat","embeddable":true,"href":"https:\/\/toysplusshop.com\/index.php?rest_route=%2Fwp%2Fv2%2Fproduct_cat&post=33418"},{"taxonomy":"product_tag","embeddable":true,"href":"https:\/\/toysplusshop.com\/index.php?rest_route=%2Fwp%2Fv2%2Fproduct_tag&post=33418"}],"curies":[{"name":"wp","href":"https:\/\/api.w.org\/{rel}","templated":true}]}}