{"id":33686,"date":"2024-05-30T10:04:27","date_gmt":"2024-05-30T10:04:27","guid":{"rendered":"https:\/\/toysplusshop.com\/?post_type=product&#038;p=33686"},"modified":"2024-05-30T10:18:14","modified_gmt":"2024-05-30T10:18:14","slug":"yuka-zihin-ve-aktivasyon-sistemi-3-yas","status":"publish","type":"product","link":"https:\/\/toysplusshop.com\/?product=yuka-zihin-ve-aktivasyon-sistemi-3-yas","title":{"rendered":"YUKA Z\u0130H\u0130N AKT\u0130VASYON S\u0130STEM\u0130 (3 YA\u015e)"},"content":{"rendered":"<div>Zeka, Dikkat, D\u00fc\u015f\u00fcnme ve \u00d6\u011frenme Becerileri Serisi<\/div>\n<div>Bu set beyindeki pasif n\u00f6ronlar\u0131 aktif hale getirerek zihinsel s\u00fcre\u00e7lerin geli\u015fmesini destekler. Ayr\u0131ca var olan zeka ve \u00f6\u011frenme potansiyelini ortaya \u00e7\u0131kararak en \u00fcst seviyede kullan\u0131lmas\u0131n\u0131 sa\u011flar. Setin i\u00e7eri\u011fi genel olarak bilgi de\u011fil, beceri kazand\u0131rmay\u0131 ama\u00e7lar. Kal\u0131c\u0131 ve kesintisiz \u00f6\u011frenme yolunda bireyin, okul ya\u015fam\u0131nda akranlar\u0131na oranla daha ba\u015far\u0131l\u0131 olmas\u0131na olanak verir.<\/div>\n<div>\u0130\u00e7erik<\/div>\n<div>10 kitap (Her kitap 24 sayfa)<\/div>\n<div>115 gr. ku\u015fe ka\u011f\u0131da renkli resimli bask\u0131<\/div>\n<div>6 adet kontrol k\u00fcp\u00fc<\/div>\n","protected":false},"excerpt":{"rendered":"<p>Zeka, Dikkat, D\u00fc\u015f\u00fcnme ve \u00d6\u011frenme Becerileri Serisi Bu set beyindeki pasif n\u00f6ronlar\u0131 aktif hale getirerek zihinsel s\u00fcre\u00e7lerin geli\u015fmesini destekler. Ayr\u0131ca var olan zeka ve \u00f6\u011frenme potansiyelini ortaya \u00e7\u0131kararak en \u00fcst seviyede kullan\u0131lmas\u0131n\u0131 sa\u011flar. Setin i\u00e7eri\u011fi genel olarak bilgi de\u011fil, beceri kazand\u0131rmay\u0131 ama\u00e7lar. Kal\u0131c\u0131 ve kesintisiz \u00f6\u011frenme yolunda bireyin, okul ya\u015fam\u0131nda akranlar\u0131na oranla daha ba\u015far\u0131l\u0131 olmas\u0131na olanak verir. \u0130\u00e7erik 10 kitap (Her kitap 24 sayfa) 115 gr. ku\u015fe ka\u011f\u0131da renkli resimli bask\u0131 6 adet kontrol k\u00fcp\u00fc<\/p>\n","protected":false},"featured_media":33687,"comment_status":"open","ping_status":"closed","template":"","meta":[],"product_brand":[],"product_cat":[553],"product_tag":[2357,2356],"class_list":{"0":"post-33686","1":"product","2":"type-product","3":"status-publish","4":"has-post-thumbnail","6":"product_cat-egitici-materyaller","7":"product_tag-yuka-zihin-ve-aktivasyon-sistemi-3-yas","8":"product_tag-zas-zihin-ve-aktivasyon-sistemi-3-yas","10":"first","11":"instock","12":"shipping-taxable","13":"purchasable","14":"product-type-simple"},"_links":{"self":[{"href":"https:\/\/toysplusshop.com\/index.php?rest_route=\/wp\/v2\/product\/33686","targetHints":{"allow":["GET"]}}],"collection":[{"href":"https:\/\/toysplusshop.com\/index.php?rest_route=\/wp\/v2\/product"}],"about":[{"href":"https:\/\/toysplusshop.com\/index.php?rest_route=\/wp\/v2\/types\/product"}],"replies":[{"embeddable":true,"href":"https:\/\/toysplusshop.com\/index.php?rest_route=%2Fwp%2Fv2%2Fcomments&post=33686"}],"version-history":[{"count":2,"href":"https:\/\/toysplusshop.com\/index.php?rest_route=\/wp\/v2\/product\/33686\/revisions"}],"predecessor-version":[{"id":33698,"href":"https:\/\/toysplusshop.com\/index.php?rest_route=\/wp\/v2\/product\/33686\/revisions\/33698"}],"wp:featuredmedia":[{"embeddable":true,"href":"https:\/\/toysplusshop.com\/index.php?rest_route=\/wp\/v2\/media\/33687"}],"wp:attachment":[{"href":"https:\/\/toysplusshop.com\/index.php?rest_route=%2Fwp%2Fv2%2Fmedia&parent=33686"}],"wp:term":[{"taxonomy":"product_brand","embeddable":true,"href":"https:\/\/toysplusshop.com\/index.php?rest_route=%2Fwp%2Fv2%2Fproduct_brand&post=33686"},{"taxonomy":"product_cat","embeddable":true,"href":"https:\/\/toysplusshop.com\/index.php?rest_route=%2Fwp%2Fv2%2Fproduct_cat&post=33686"},{"taxonomy":"product_tag","embeddable":true,"href":"https:\/\/toysplusshop.com\/index.php?rest_route=%2Fwp%2Fv2%2Fproduct_tag&post=33686"}],"curies":[{"name":"wp","href":"https:\/\/api.w.org\/{rel}","templated":true}]}}